{"id":9676,"date":"2022-04-12T11:30:36","date_gmt":"2022-04-12T09:30:36","guid":{"rendered":"https:\/\/diamantaire-paris.com\/?page_id=9676"},"modified":"2024-03-04T17:25:03","modified_gmt":"2024-03-04T16:25:03","slug":"quel-diamant-choisir","status":"publish","type":"page","link":"https:\/\/diamantaire-paris.com\/ru\/acheter-diamant\/quel-diamant-choisir\/","title":{"rendered":"\u041a\u0430\u043a\u043e\u0439 \u0431\u0440\u0438\u043b\u043b\u0438\u0430\u043d\u0442 \u0432\u044b\u0431\u0440\u0430\u0442\u044c?"},"content":{"rendered":"\t\t<div data-elementor-type=\"wp-page\" data-elementor-id=\"9676\" class=\"elementor elementor-9676\" data-elementor-post-type=\"page\">\n\t\t\t\t\t\t<section class=\"elementor-section elementor-top-section elementor-element elementor-element-fb1ba57 elementor-section-boxed elementor-section-height-default elementor-section-height-default\" data-id=\"fb1ba57\" data-element_type=\"section\" data-e-type=\"section\">\n\t\t\t\t\t\t<div class=\"elementor-container elementor-column-gap-default\">\n\t\t\t\t\t<div class=\"elementor-column elementor-col-100 elementor-top-column elementor-element elementor-element-f4b854e\" data-id=\"f4b854e\" data-element_type=\"column\" data-e-type=\"column\">\n\t\t\t<div class=\"elementor-widget-wrap elementor-element-populated\">\n\t\t\t\t\t\t<div class=\"elementor-element elementor-element-5aa8a4a elementor-widget elementor-widget-shortcode\" data-id=\"5aa8a4a\" data-element_type=\"widget\" data-e-type=\"widget\" data-widget_type=\"shortcode.default\">\n\t\t\t\t<div class=\"elementor-widget-container\">\n\t\t\t\t\t\t\t<div class=\"elementor-shortcode\"><nav aria-label=\"breadcrumbs\" class=\"rank-math-breadcrumb\"><p><span class=\"last\">Diamantaires Paris<\/span><\/p><\/nav>\n<\/div>\n\t\t\t\t\t\t<\/div>\n\t\t\t\t<\/div>\n\t\t\t\t<div class=\"elementor-element elementor-element-df76f92 elementor-widget elementor-widget-text-editor\" data-id=\"df76f92\" data-element_type=\"widget\" data-e-type=\"widget\" data-widget_type=\"text-editor.default\">\n\t\t\t\t<div class=\"elementor-widget-container\">\n\t\t\t\t\t\t\t\t\t<p><em>Vous souhaitez acheter un diamant, mais vous ne vous y connaissez pas beaucoup et vous ne savez pas comment choisir\u00a0? Suivez les conseils de nos experts gemmologues pour comprendre sur quels crit\u00e8res se baser pour r\u00e9ussir son achat de diamant. <\/em><\/p>\t\t\t\t\t\t\t\t<\/div>\n\t\t\t\t<\/div>\n\t\t\t\t<div class=\"elementor-element elementor-element-8c70e2c elementor-widget elementor-widget-image\" data-id=\"8c70e2c\" data-element_type=\"widget\" data-e-type=\"widget\" data-widget_type=\"image.default\">\n\t\t\t\t<div class=\"elementor-widget-container\">\n\t\t\t\t\t\t\t\t\t\t\t\t\t\t\t<img fetchpriority=\"high\" decoding=\"async\" width=\"800\" height=\"514\" src=\"https:\/\/diamantaire-paris.com\/wp-content\/uploads\/2022\/04\/Quel-diamant-choisir--1024x658.png\" class=\"attachment-large size-large wp-image-9682\" alt=\"Quel diamant choisir\" srcset=\"https:\/\/diamantaire-paris.com\/wp-content\/uploads\/2022\/04\/Quel-diamant-choisir--1024x658.png 1024w, https:\/\/diamantaire-paris.com\/wp-content\/uploads\/2022\/04\/Quel-diamant-choisir--300x193.png 300w, https:\/\/diamantaire-paris.com\/wp-content\/uploads\/2022\/04\/Quel-diamant-choisir--768x494.png 768w, https:\/\/diamantaire-paris.com\/wp-content\/uploads\/2022\/04\/Quel-diamant-choisir-.png 1400w\" sizes=\"(max-width: 800px) 100vw, 800px\" title=\"\">\t\t\t\t\t\t\t\t\t\t\t\t\t\t\t<\/div>\n\t\t\t\t<\/div>\n\t\t\t\t<div class=\"elementor-element elementor-element-18369e0 elementor-widget elementor-widget-heading\" data-id=\"18369e0\" data-element_type=\"widget\" data-e-type=\"widget\" data-widget_type=\"heading.default\">\n\t\t\t\t<div class=\"elementor-widget-container\">\n\t\t\t\t\t<h2 class=\"elementor-heading-title elementor-size-default\">Choisir un diamant au coup de c\u0153ur, \u00e7a marche ? <\/h2>\t\t\t\t<\/div>\n\t\t\t\t<\/div>\n\t\t\t\t<div class=\"elementor-element elementor-element-21355ae elementor-widget elementor-widget-text-editor\" data-id=\"21355ae\" data-element_type=\"widget\" data-e-type=\"widget\" data-widget_type=\"text-editor.default\">\n\t\t\t\t<div class=\"elementor-widget-container\">\n\t\t\t\t\t\t\t\t\t<p>Tout d\u2019abord, on dit souvent que pour acheter un diamant ou n\u2019importe quelle pierre ou bijou, il faut marcher au coup de c\u0153ur. C\u2019est vrai, mais le coup de c\u0153ur n\u2019est pas le seul crit\u00e8re \u00e0 consid\u00e9rer\u00a0! Il est aussi important de prendre en compte la qualit\u00e9 du diamant, surtout si vous envisagez de le revendre dans le futur. Le choix d\u2019un diamant a donc une part de subjectif (tout le monde n\u2019a pas la m\u00eame vision de ce qu\u2019est un \u00ab\u00a0beau\u00a0\u00bb diamant) mais demande quand m\u00eame un peu de r\u00e9flexion.<\/p>\t\t\t\t\t\t\t\t<\/div>\n\t\t\t\t<\/div>\n\t\t\t\t<div class=\"elementor-element elementor-element-d164658 elementor-cta--skin-classic elementor-animated-content elementor-bg-transform elementor-bg-transform-zoom-in elementor-widget elementor-widget-call-to-action\" data-id=\"d164658\" data-element_type=\"widget\" data-e-type=\"widget\" data-widget_type=\"call-to-action.default\">\n\t\t\t\t<div class=\"elementor-widget-container\">\n\t\t\t\t\t\t\t<a class=\"elementor-cta\" href=\"tel:0148878144\">\n\t\t\t\t\t\t\t<div class=\"elementor-cta__content\">\n\t\t\t\t\t\t\t\t\t<div class=\"elementor-content-item elementor-cta__content-item elementor-icon-wrapper elementor-cta__icon elementor-view-default\">\n\t\t\t\t\t\t<div class=\"elementor-icon\">\n\t\t\t\t\t\t\t<i aria-hidden=\"true\" class=\"fas fa-phone-alt\"><\/i>\t\t\t\t\t\t<\/div>\n\t\t\t\t\t<\/div>\n\t\t\t\t\n\t\t\t\t\t\t\t\t\t<div class=\"elementor-cta__title elementor-cta__content-item elementor-content-item\">\n\t\t\t\t\t\t01 48 87 81 44\t\t\t\t\t<\/div>\n\t\t\t\t\n\t\t\t\t\t\t\t\t\t<div class=\"elementor-cta__description elementor-cta__content-item elementor-content-item\">\n\t\t\t\t\t\tNotre service client\u00e8le se tient gratuitement \u00e0 votre disposition pour plus d'information sur notre m\u00e9tier de Diamantaire \u00e0 Paris.\t\t\t\t\t<\/div>\n\t\t\t\t\n\t\t\t\t\t\t\t<\/div>\n\t\t\t\t\t\t<\/a>\n\t\t\t\t\t\t<\/div>\n\t\t\t\t<\/div>\n\t\t\t\t<div class=\"elementor-element elementor-element-415a198 elementor-widget elementor-widget-heading\" data-id=\"415a198\" data-element_type=\"widget\" data-e-type=\"widget\" data-widget_type=\"heading.default\">\n\t\t\t\t<div class=\"elementor-widget-container\">\n\t\t\t\t\t<h2 class=\"elementor-heading-title elementor-size-default\">Bien choisir son diamant : quels sont les crit\u00e8res \u00e0 prendre en compte ?<\/h2>\t\t\t\t<\/div>\n\t\t\t\t<\/div>\n\t\t\t\t<div class=\"elementor-element elementor-element-f797fd7 elementor-widget elementor-widget-text-editor\" data-id=\"f797fd7\" data-element_type=\"widget\" data-e-type=\"widget\" data-widget_type=\"text-editor.default\">\n\t\t\t\t<div class=\"elementor-widget-container\">\n\t\t\t\t\t\t\t\t\t<p>La qualit\u00e9 d\u2019un diamant est principalement d\u00e9termin\u00e9e par ce que l\u2019on appelle les 4C\u00a0:<\/p><ul><li>Carat (le poids du diamant en carats)<\/li><li>Couleur (si le diamant tire plus vers le blanc ou vers le jaune)<\/li><li>Clart\u00e9 (le degr\u00e9 de puret\u00e9 du diamant)<\/li><li>Coupe (la qualit\u00e9 de la taille du diamant)<\/li><\/ul><p>Vous trouverez les notations du diamant sur ces 4 crit\u00e8res sur son certificat d\u2019authenticit\u00e9, g\u00e9n\u00e9ralement \u00e9tabli par l\u2019un des principaux laboratoires de gemmologie \u00e0 l\u2019\u00e9chelle mondiale\u00a0: <a href=\"https:\/\/diamantaire-paris.com\/estimer-un-diamant-gia\/igi\/\">IGI<\/a>, <a href=\"https:\/\/diamantaire-paris.com\/estimer-un-diamant-gia\/gia\/\">GIA<\/a>, <a href=\"https:\/\/diamantaire-paris.com\/estimer-un-diamant-gia\/hrd\/\">HRD<\/a>\u2026<\/p><p>G\u00e9n\u00e9ralement, on va choisir surtout en fonction du <a href=\"https:\/\/diamantaire-paris.com\/estimer-un-diamant-gia\/obtenir-poids-diamant\/\">poids du diamant<\/a>, car c\u2019est le facteur qui influence le plus le prix de vente de la pierre. Toutefois, le poids du diamant doit \u00eatre confront\u00e9 aux autres crit\u00e8res pour bien choisir son diamant. En effet, pour que le diamant soit \u00ab\u00a0beau\u00a0\u00bb, il doit briller de mani\u00e8re optimale. D\u2019autres crit\u00e8res que les 4C entrent en jeu\u00a0et d\u00e9terminent la mani\u00e8re dont le diamant brille\u00a0:<\/p><ul><li>La forme du diamant\u00a0: m\u00eame si le diamant le plus classique est le diamant rond brillant, il existe de multiples formes de diamants et chacun fera son choix en fonction de ses go\u00fbts et pr\u00e9f\u00e9rences\u00a0: coussin, princesse, ovale\u2026\u00a0;<\/li><li>La fluorescence\u00a0: un diamant fluorescent sera bleut\u00e9 \u00e0 la lumi\u00e8re des UV\u00a0;<\/li><li>La sym\u00e9trie\u00a0;<\/li><li>Le polissage.<\/li><\/ul>\t\t\t\t\t\t\t\t<\/div>\n\t\t\t\t<\/div>\n\t\t\t\t<div class=\"elementor-element elementor-element-3a43101 elementor-widget elementor-widget-heading\" data-id=\"3a43101\" data-element_type=\"widget\" data-e-type=\"widget\" data-widget_type=\"heading.default\">\n\t\t\t\t<div class=\"elementor-widget-container\">\n\t\t\t\t\t<h2 class=\"elementor-heading-title elementor-size-default\">Comment choisir un diamant beau et brillant avec un budget r\u00e9duit ?<\/h2>\t\t\t\t<\/div>\n\t\t\t\t<\/div>\n\t\t\t\t<div class=\"elementor-element elementor-element-9702807 elementor-widget elementor-widget-text-editor\" data-id=\"9702807\" data-element_type=\"widget\" data-e-type=\"widget\" data-widget_type=\"text-editor.default\">\n\t\t\t\t<div class=\"elementor-widget-container\">\n\t\t\t\t\t\t\t\t\t<p>Un diamant de bonne qualit\u00e9 et avec une brillance optimale r\u00e9pondra aux crit\u00e8res suivants\u00a0:<\/p><ul><li>Une taille Rond brillant\u00a0ou, pour un budget moindre, une taille Ovale ou Coussin\u00a0;<\/li><li>Une qualit\u00e9 de taille not\u00e9e Excellent ou Very Good\u00a0;<\/li><li>Une <a href=\"https:\/\/diamantaire-paris.com\/estimer-un-diamant-gia\/guide-couleur-diamant\/\">couleur<\/a> entre D et H (apr\u00e8s H, le diamant tirera sur le jaune)\u00a0;<\/li><li>Une <a href=\"https:\/\/diamantaire-paris.com\/estimer-un-diamant-gia\/guide-diamant-de-purete-vvs\/\">puret\u00e9<\/a> comprise entre SI1 et VS (ou, si vous avez le budget, <a href=\"https:\/\/diamantaire-paris.com\/estimer-un-diamant-gia\/guide-diamant-de-purete-vvs\/\">VVS<\/a> voire IF), ce qui garantit le minimum d\u2019inclusions visibles sur votre diamant. Attention, certaines formes de diamant comme la forme Princesse, exigent une puret\u00e9 not\u00e9e VS\u00a0 minimum car les inclusions auront tendance \u00e0 \u00eatre plus visibles ;<\/li><li>Une fluorescence faible ou nulle.<\/li><\/ul>\t\t\t\t\t\t\t\t<\/div>\n\t\t\t\t<\/div>\n\t\t\t\t<div class=\"elementor-element elementor-element-da8589f elementor-widget elementor-widget-text-editor\" data-id=\"da8589f\" data-element_type=\"widget\" data-e-type=\"widget\" data-widget_type=\"text-editor.default\">\n\t\t\t\t<div class=\"elementor-widget-container\">\n\t\t\t\t\t\t\t\t\t<p><em>Bien choisir son diamant n\u2019est pas facile, surtout lorsqu\u2019il s\u2019agit de son premier achat de diamant. Chez Diamantaires Paris OG, nous vous accompagnons dans le choix du meilleur diamant en fonction de votre budget. Nous ne proposons que des diamants de bonne qualit\u00e9, ce qui vous garantit de r\u00e9ussir votre achat et vous \u00e9vitera d\u2019avoir de mauvaises surprises \u00e0 la revente de votre diamant.<\/em><\/p>\t\t\t\t\t\t\t\t<\/div>\n\t\t\t\t<\/div>\n\t\t\t\t<div class=\"elementor-element elementor-element-2d882cb elementor-widget elementor-widget-text-editor\" data-id=\"2d882cb\" data-element_type=\"widget\" data-e-type=\"widget\" data-widget_type=\"text-editor.default\">\n\t\t\t\t<div class=\"elementor-widget-container\">\n\t\t\t\t\t\t\t\t\t<p>OBAGEM<br \/>43 RUE BEAUBOURG\u00a0<br \/>75003 PARIS<br \/>FRANCE<\/p>\t\t\t\t\t\t\t\t<\/div>\n\t\t\t\t<\/div>\n\t\t\t\t<div class=\"elementor-element elementor-element-ca5cb63 elementor-widget elementor-widget-google_maps\" data-id=\"ca5cb63\" data-element_type=\"widget\" data-e-type=\"widget\" data-widget_type=\"google_maps.default\">\n\t\t\t\t<div class=\"elementor-widget-container\">\n\t\t\t\t\t\t\t<div class=\"elementor-custom-embed\">\n\t\t\t<iframe loading=\"lazy\"\n\t\t\t\t\tsrc=\"https:\/\/maps.google.com\/maps?q=DIAMANTAIRE%20PARIS%20OG%20&#038;t=m&#038;z=13&#038;output=embed&#038;iwloc=near\"\n\t\t\t\t\ttitle=\"DIAMANTAIRE PARIS OG \"\n\t\t\t\t\taria-label=\"DIAMANTAIRE PARIS OG \"\n\t\t\t><\/iframe>\n\t\t<\/div>\n\t\t\t\t\t\t<\/div>\n\t\t\t\t<\/div>\n\t\t\t\t<div class=\"elementor-element elementor-element-7a8ca11 elementor-widget elementor-widget-accordion\" data-id=\"7a8ca11\" data-element_type=\"widget\" data-e-type=\"widget\" data-widget_type=\"accordion.default\">\n\t\t\t\t<div class=\"elementor-widget-container\">\n\t\t\t\t\t\t\t<div class=\"elementor-accordion\">\n\t\t\t\t\t\t\t<div class=\"elementor-accordion-item\">\n\t\t\t\t\t<div id=\"elementor-tab-title-1281\" class=\"elementor-tab-title\" data-tab=\"1\" role=\"button\" aria-controls=\"elementor-tab-content-1281\" aria-expanded=\"false\">\n\t\t\t\t\t\t\t\t\t\t\t\t\t<span class=\"elementor-accordion-icon elementor-accordion-icon-left\" aria-hidden=\"true\">\n\t\t\t\t\t\t\t\t\t\t\t\t\t\t\t<span class=\"elementor-accordion-icon-closed\"><i class=\"fas fa-plus\"><\/i><\/span>\n\t\t\t\t\t\t\t\t<span class=\"elementor-accordion-icon-opened\"><i class=\"fas fa-minus\"><\/i><\/span>\n\t\t\t\t\t\t\t\t\t\t\t\t\t\t<\/span>\n\t\t\t\t\t\t\t\t\t\t\t\t<a class=\"elementor-accordion-title\" tabindex=\"0\">Quelles sont les caract\u00e9ristiques de l'Alliance Am\u00e9ricaine Sertie de Diamants Taille \u00c9meraude 7 cts ?<\/a>\n\t\t\t\t\t<\/div>\n\t\t\t\t\t<div id=\"elementor-tab-content-1281\" class=\"elementor-tab-content elementor-clearfix\" data-tab=\"1\" role=\"region\" aria-labelledby=\"elementor-tab-title-1281\"><p>Cette alliance am\u00e9ricaine est sertie de diamants exceptionnels taille \u00e9meraude pour un total de 7 carats. Elle pr\u00e9sente un design \u00e9l\u00e9gant avec des diamants taill\u00e9s en forme de rectangle \u00e0 pans coup\u00e9s, offrant une allure vintage et sophistiqu\u00e9e.<\/p><\/div>\n\t\t\t\t<\/div>\n\t\t\t\t\t\t\t<div class=\"elementor-accordion-item\">\n\t\t\t\t\t<div id=\"elementor-tab-title-1282\" class=\"elementor-tab-title\" data-tab=\"2\" role=\"button\" aria-controls=\"elementor-tab-content-1282\" aria-expanded=\"false\">\n\t\t\t\t\t\t\t\t\t\t\t\t\t<span class=\"elementor-accordion-icon elementor-accordion-icon-left\" aria-hidden=\"true\">\n\t\t\t\t\t\t\t\t\t\t\t\t\t\t\t<span class=\"elementor-accordion-icon-closed\"><i class=\"fas fa-plus\"><\/i><\/span>\n\t\t\t\t\t\t\t\t<span class=\"elementor-accordion-icon-opened\"><i class=\"fas fa-minus\"><\/i><\/span>\n\t\t\t\t\t\t\t\t\t\t\t\t\t\t<\/span>\n\t\t\t\t\t\t\t\t\t\t\t\t<a class=\"elementor-accordion-title\" tabindex=\"0\">Quel est le prix de vente de l'Alliance Am\u00e9ricaine Sertie de Diamants Taille \u00c9meraude 7 cts ?<\/a>\n\t\t\t\t\t<\/div>\n\t\t\t\t\t<div id=\"elementor-tab-content-1282\" class=\"elementor-tab-content elementor-clearfix\" data-tab=\"2\" role=\"region\" aria-labelledby=\"elementor-tab-title-1282\"><p>L&rsquo;alliance am\u00e9ricaine avec diamants taille \u00e9meraude de 7 carats est propos\u00e9e \u00e0 la vente par Diamantaire Paris OG au prix de 8 400 \u20ac TTC.<\/p><\/div>\n\t\t\t\t<\/div>\n\t\t\t\t\t\t\t<div class=\"elementor-accordion-item\">\n\t\t\t\t\t<div id=\"elementor-tab-title-1283\" class=\"elementor-tab-title\" data-tab=\"3\" role=\"button\" aria-controls=\"elementor-tab-content-1283\" aria-expanded=\"false\">\n\t\t\t\t\t\t\t\t\t\t\t\t\t<span class=\"elementor-accordion-icon elementor-accordion-icon-left\" aria-hidden=\"true\">\n\t\t\t\t\t\t\t\t\t\t\t\t\t\t\t<span class=\"elementor-accordion-icon-closed\"><i class=\"fas fa-plus\"><\/i><\/span>\n\t\t\t\t\t\t\t\t<span class=\"elementor-accordion-icon-opened\"><i class=\"fas fa-minus\"><\/i><\/span>\n\t\t\t\t\t\t\t\t\t\t\t\t\t\t<\/span>\n\t\t\t\t\t\t\t\t\t\t\t\t<a class=\"elementor-accordion-title\" tabindex=\"0\">Pourquoi choisir une alliance am\u00e9ricaine avec des diamants taille \u00e9meraude ?<\/a>\n\t\t\t\t\t<\/div>\n\t\t\t\t\t<div id=\"elementor-tab-content-1283\" class=\"elementor-tab-content elementor-clearfix\" data-tab=\"3\" role=\"region\" aria-labelledby=\"elementor-tab-title-1283\"><p>Les diamants taille \u00e9meraude sont esth\u00e9tiques et \u00e9l\u00e9gants, offrant une allure vintage. Cette taille est souvent privil\u00e9gi\u00e9e pour les pierres de couleur et est id\u00e9ale pour ceux qui pr\u00e9f\u00e8rent les bijoux simples et discrets avec une touche de sophistication.<\/p><\/div>\n\t\t\t\t<\/div>\n\t\t\t\t\t\t\t<div class=\"elementor-accordion-item\">\n\t\t\t\t\t<div id=\"elementor-tab-title-1284\" class=\"elementor-tab-title\" data-tab=\"4\" role=\"button\" aria-controls=\"elementor-tab-content-1284\" aria-expanded=\"false\">\n\t\t\t\t\t\t\t\t\t\t\t\t\t<span class=\"elementor-accordion-icon elementor-accordion-icon-left\" aria-hidden=\"true\">\n\t\t\t\t\t\t\t\t\t\t\t\t\t\t\t<span class=\"elementor-accordion-icon-closed\"><i class=\"fas fa-plus\"><\/i><\/span>\n\t\t\t\t\t\t\t\t<span class=\"elementor-accordion-icon-opened\"><i class=\"fas fa-minus\"><\/i><\/span>\n\t\t\t\t\t\t\t\t\t\t\t\t\t\t<\/span>\n\t\t\t\t\t\t\t\t\t\t\t\t<a class=\"elementor-accordion-title\" tabindex=\"0\">Comment puis-je obtenir des renseignements sur cette alliance sp\u00e9cifique ?<\/a>\n\t\t\t\t\t<\/div>\n\t\t\t\t\t<div id=\"elementor-tab-content-1284\" class=\"elementor-tab-content elementor-clearfix\" data-tab=\"4\" role=\"region\" aria-labelledby=\"elementor-tab-title-1284\"><p>Pour des renseignements sur l&rsquo;Alliance Am\u00e9ricaine Sertie de Diamants Taille \u00c9meraude, vous pouvez contacter Diamantaire Paris OG au 01 48 87 81 44 ou visiter leur boutique au 43 rue Beaubourg, 75003 Paris.<\/p><\/div>\n\t\t\t\t<\/div>\n\t\t\t\t\t\t\t<div class=\"elementor-accordion-item\">\n\t\t\t\t\t<div id=\"elementor-tab-title-1285\" class=\"elementor-tab-title\" data-tab=\"5\" role=\"button\" aria-controls=\"elementor-tab-content-1285\" aria-expanded=\"false\">\n\t\t\t\t\t\t\t\t\t\t\t\t\t<span class=\"elementor-accordion-icon elementor-accordion-icon-left\" aria-hidden=\"true\">\n\t\t\t\t\t\t\t\t\t\t\t\t\t\t\t<span class=\"elementor-accordion-icon-closed\"><i class=\"fas fa-plus\"><\/i><\/span>\n\t\t\t\t\t\t\t\t<span class=\"elementor-accordion-icon-opened\"><i class=\"fas fa-minus\"><\/i><\/span>\n\t\t\t\t\t\t\t\t\t\t\t\t\t\t<\/span>\n\t\t\t\t\t\t\t\t\t\t\t\t<a class=\"elementor-accordion-title\" tabindex=\"0\">Pourquoi choisir Diamantaire Paris OG pour l'achat de bijoux de luxe ?<\/a>\n\t\t\t\t\t<\/div>\n\t\t\t\t\t<div id=\"elementor-tab-content-1285\" class=\"elementor-tab-content elementor-clearfix\" data-tab=\"5\" role=\"region\" aria-labelledby=\"elementor-tab-title-1285\"><p>Diamantaire Paris OG offre une expertise de plus de 30 ans dans la s\u00e9lection des meilleurs bijoux, y compris des pi\u00e8ces uniques comme cette alliance. Ils garantissent des bijoux de qualit\u00e9 sup\u00e9rieure et un service client exceptionnel, avec une s\u00e9lection vari\u00e9e pour tous les go\u00fbts.<\/p><\/div>\n\t\t\t\t<\/div>\n\t\t\t\t\t\t\t\t\t\t<script type=\"application\/ld+json\">{\"@context\":\"https:\\\/\\\/schema.org\",\"@type\":\"FAQPage\",\"mainEntity\":[{\"@type\":\"Question\",\"name\":\"Quelles sont les caract\\u00e9ristiques de l'Alliance Am\\u00e9ricaine Sertie de Diamants Taille \\u00c9meraude 7 cts ?\",\"acceptedAnswer\":{\"@type\":\"Answer\",\"text\":\"<p>Cette alliance am\\u00e9ricaine est sertie de diamants exceptionnels taille \\u00e9meraude pour un total de 7 carats. Elle pr\\u00e9sente un design \\u00e9l\\u00e9gant avec des diamants taill\\u00e9s en forme de rectangle \\u00e0 pans coup\\u00e9s, offrant une allure vintage et sophistiqu\\u00e9e.<\\\/p>\"}},{\"@type\":\"Question\",\"name\":\"Quel est le prix de vente de l'Alliance Am\\u00e9ricaine Sertie de Diamants Taille \\u00c9meraude 7 cts ?\",\"acceptedAnswer\":{\"@type\":\"Answer\",\"text\":\"<p>L&rsquo;alliance am\\u00e9ricaine avec diamants taille \\u00e9meraude de 7 carats est propos\\u00e9e \\u00e0 la vente par Diamantaire Paris OG au prix de 8 400 \\u20ac TTC.<\\\/p>\"}},{\"@type\":\"Question\",\"name\":\"Pourquoi choisir une alliance am\\u00e9ricaine avec des diamants taille \\u00e9meraude ?\",\"acceptedAnswer\":{\"@type\":\"Answer\",\"text\":\"<p>Les diamants taille \\u00e9meraude sont esth\\u00e9tiques et \\u00e9l\\u00e9gants, offrant une allure vintage. Cette taille est souvent privil\\u00e9gi\\u00e9e pour les pierres de couleur et est id\\u00e9ale pour ceux qui pr\\u00e9f\\u00e8rent les bijoux simples et discrets avec une touche de sophistication.<\\\/p>\"}},{\"@type\":\"Question\",\"name\":\"Comment puis-je obtenir des renseignements sur cette alliance sp\\u00e9cifique ?\",\"acceptedAnswer\":{\"@type\":\"Answer\",\"text\":\"<p>Pour des renseignements sur l&rsquo;Alliance Am\\u00e9ricaine Sertie de Diamants Taille \\u00c9meraude, vous pouvez contacter Diamantaire Paris OG au 01 48 87 81 44 ou visiter leur boutique au 43 rue Beaubourg, 75003 Paris.<\\\/p>\"}},{\"@type\":\"Question\",\"name\":\"Pourquoi choisir Diamantaire Paris OG pour l'achat de bijoux de luxe ?\",\"acceptedAnswer\":{\"@type\":\"Answer\",\"text\":\"<p>Diamantaire Paris OG offre une expertise de plus de 30 ans dans la s\\u00e9lection des meilleurs bijoux, y compris des pi\\u00e8ces uniques comme cette alliance. Ils garantissent des bijoux de qualit\\u00e9 sup\\u00e9rieure et un service client exceptionnel, avec une s\\u00e9lection vari\\u00e9e pour tous les go\\u00fbts.<\\\/p>\"}}]}<\/script>\n\t\t\t\t\t<\/div>\n\t\t\t\t\t\t<\/div>\n\t\t\t\t<\/div>\n\t\t\t\t<div class=\"elementor-element elementor-element-63dee8e elementor-widget elementor-widget-text-editor\" data-id=\"63dee8e\" data-element_type=\"widget\" data-e-type=\"widget\" data-widget_type=\"text-editor.default\">\n\t\t\t\t<div class=\"elementor-widget-container\">\n\t\t\t\t\t\t\t\t\t<p>Lorsqu&rsquo;il s&rsquo;agit de choisir le diamant parfait, la page <strong>Quel diamant choisir<\/strong> de Diamantaire Paris est une ressource inestimable. Elle offre des conseils d\u00e9taill\u00e9s et des informations essentielles pour vous aider \u00e0 prendre une d\u00e9cision \u00e9clair\u00e9e. Que vous recherchiez un diamant pour une occasion sp\u00e9ciale ou comme investissement, comprendre les nuances de ces pierres pr\u00e9cieuses est crucial.<\/p><p>Pour ceux qui s&rsquo;int\u00e9ressent \u00e0 l&rsquo;histoire et \u00e0 la valeur des bijoux anciens, notre section d\u00e9di\u00e9e aux <strong><a href=\"https:\/\/diamantaire-paris.com\/vendre-un-bien\/bijoux-anciens\/les-bijoux-napoleon-iii\/\" target=\"_new\">bijoux Napol\u00e9on III<\/a><\/strong> offre un aper\u00e7u fascinant de ces pi\u00e8ces exquises. De m\u00eame, notre collection de <strong><a href=\"https:\/\/diamantaire-paris.com\/vendre-un-bien\/bijoux-anciens\/les-bijoux-art-nouveau\/\" target=\"_new\">bijoux Art Nouveau<\/a><\/strong> est parfaite pour ceux qui cherchent \u00e0 vendre, estimer ou simplement admirer ces \u0153uvres d&rsquo;art uniques.<\/p><p>Si vous envisagez de vendre des bijoux, notamment des alliances en diamant, notre page <strong><a href=\"https:\/\/diamantaire-paris.com\/vendre-un-bien\/vendre-alliance-diamant\/\" target=\"_new\">Vendre une alliance en diamant<\/a><\/strong> peut vous guider \u00e0 travers le processus, en vous assurant d&rsquo;obtenir la meilleure valeur pour votre pi\u00e8ce pr\u00e9cieuse. De plus, pour ceux qui ont des pi\u00e8ces des <strong><a href=\"https:\/\/diamantaire-paris.com\/heritage\/diamants-annees-80\/\" target=\"_new\">ann\u00e9es 80<\/a><\/strong>, nous offrons des services sp\u00e9cialis\u00e9s pour \u00e9valuer et vendre ces diamants vintage.<\/p><p>Chez Diamantaire Paris, nous comprenons l&rsquo;importance de l&rsquo;authenticit\u00e9 et de la qualit\u00e9. C&rsquo;est pourquoi nous proposons des services d&rsquo;estimation pour les diamants certifi\u00e9s par des laboratoires r\u00e9put\u00e9s comme <strong><a href=\"https:\/\/diamantaire-paris.com\/estimer-un-diamant-gia\/egl\/\" target=\"_new\">EGL<\/a><\/strong> et <strong><a href=\"https:\/\/diamantaire-paris.com\/estimer-un-diamant-gia\/hrd\/\" target=\"_new\">HRD<\/a><\/strong>. Nos experts peuvent \u00e9valuer la valeur de vos diamants avec pr\u00e9cision et professionnalisme.<\/p><p>Pour ceux qui cherchent \u00e0 vendre des bijoux de haute joaillerie, comme ceux de <strong><a href=\"https:\/\/diamantaire-paris.com\/vendre-haute-joaillerie\/vendre-bijoux-chopard\/\" target=\"_new\">Chopard<\/a><\/strong>, notre \u00e9quipe offre une expertise in\u00e9gal\u00e9e. Nous fournissons des \u00e9valuations d\u00e9taill\u00e9es et des conseils pour vendre vos pi\u00e8ces au meilleur prix.<\/p><p>Enfin, notre <strong><a href=\"https:\/\/diamantaire-paris.com\/estimer-un-diamant-gia\/guide-forme-du-diamant\/\" target=\"_new\">guide sur la forme des diamants<\/a><\/strong> est une excellente ressource pour ceux qui cherchent \u00e0 comprendre comment la forme influence la beaut\u00e9 et la valeur d&rsquo;un diamant. Que vous soyez un acheteur novice ou un collectionneur exp\u00e9riment\u00e9, ce guide vous aidera \u00e0 choisir la forme parfaite pour votre prochain achat de diamant.<\/p>\t\t\t\t\t\t\t\t<\/div>\n\t\t\t\t<\/div>\n\t\t\t\t\t<\/div>\n\t\t<\/div>\n\t\t\t\t\t<\/div>\n\t\t<\/section>\n\t\t\t\t<\/div>\n\t\t","protected":false},"excerpt":{"rendered":"<p>Vous souhaitez acheter un diamant, mais vous ne vous y connaissez pas beaucoup et vous ne savez pas comment choisir\u00a0? Suivez les conseils de nos experts gemmologues pour comprendre sur quels crit\u00e8res se baser pour r\u00e9ussir son achat de diamant. Choisir un diamant au coup de c\u0153ur, \u00e7a marche ? Tout d\u2019abord, on dit souvent [&hellip;]<\/p>\n","protected":false},"author":2,"featured_media":9682,"parent":4128,"menu_order":0,"comment_status":"closed","ping_status":"closed","template":"elementor_header_footer","meta":{"content-type":"","footnotes":""},"class_list":["post-9676","page","type-page","status-publish","has-post-thumbnail","hentry"],"_links":{"self":[{"href":"https:\/\/diamantaire-paris.com\/ru\/wp-json\/wp\/v2\/pages\/9676","targetHints":{"allow":["GET"]}}],"collection":[{"href":"https:\/\/diamantaire-paris.com\/ru\/wp-json\/wp\/v2\/pages"}],"about":[{"href":"https:\/\/diamantaire-paris.com\/ru\/wp-json\/wp\/v2\/types\/page"}],"author":[{"embeddable":true,"href":"https:\/\/diamantaire-paris.com\/ru\/wp-json\/wp\/v2\/users\/2"}],"replies":[{"embeddable":true,"href":"https:\/\/diamantaire-paris.com\/ru\/wp-json\/wp\/v2\/comments?post=9676"}],"version-history":[{"count":10,"href":"https:\/\/diamantaire-paris.com\/ru\/wp-json\/wp\/v2\/pages\/9676\/revisions"}],"predecessor-version":[{"id":15336,"href":"https:\/\/diamantaire-paris.com\/ru\/wp-json\/wp\/v2\/pages\/9676\/revisions\/15336"}],"up":[{"embeddable":true,"href":"https:\/\/diamantaire-paris.com\/ru\/wp-json\/wp\/v2\/pages\/4128"}],"wp:featuredmedia":[{"embeddable":true,"href":"https:\/\/diamantaire-paris.com\/ru\/wp-json\/wp\/v2\/media\/9682"}],"wp:attachment":[{"href":"https:\/\/diamantaire-paris.com\/ru\/wp-json\/wp\/v2\/media?parent=9676"}],"curies":[{"name":"wp","href":"https:\/\/api.w.org\/{rel}","templated":true}]}}