{"id":4305,"date":"2019-08-30T17:37:19","date_gmt":"2019-08-30T15:37:19","guid":{"rendered":"https:\/\/diamantaire-paris.com\/?page_id=4305"},"modified":"2024-03-27T19:30:49","modified_gmt":"2024-03-27T18:30:49","slug":"saphir","status":"publish","type":"page","link":"https:\/\/diamantaire-paris.com\/ru\/vendre-un-bien\/saphir\/","title":{"rendered":"\u0421\u0430\u043f\u0444\u0438\u0440: \u043a\u0430\u043a \u0432\u044b \u0435\u0433\u043e \u0443\u0437\u043d\u0430\u0435\u0442\u0435?"},"content":{"rendered":"\t\t<div data-elementor-type=\"wp-page\" data-elementor-id=\"4305\" class=\"elementor elementor-4305\" data-elementor-post-type=\"page\">\n\t\t\t\t\t\t<section class=\"elementor-section elementor-top-section elementor-element elementor-element-7f65b5e7 elementor-section-boxed elementor-section-height-default elementor-section-height-default\" data-id=\"7f65b5e7\" data-element_type=\"section\" data-e-type=\"section\">\n\t\t\t\t\t\t<div class=\"elementor-container elementor-column-gap-default\">\n\t\t\t\t\t<div class=\"elementor-column elementor-col-100 elementor-top-column elementor-element elementor-element-4fd20145\" data-id=\"4fd20145\" data-element_type=\"column\" data-e-type=\"column\">\n\t\t\t<div class=\"elementor-widget-wrap elementor-element-populated\">\n\t\t\t\t\t\t<div class=\"elementor-element elementor-element-8741b90 elementor-widget elementor-widget-shortcode\" data-id=\"8741b90\" data-element_type=\"widget\" data-e-type=\"widget\" data-widget_type=\"shortcode.default\">\n\t\t\t\t<div class=\"elementor-widget-container\">\n\t\t\t\t\t\t\t<div class=\"elementor-shortcode\"><nav aria-label=\"breadcrumbs\" class=\"rank-math-breadcrumb\"><p><span class=\"last\">Diamantaires Paris<\/span><\/p><\/nav><\/div>\n\t\t\t\t\t\t<\/div>\n\t\t\t\t<\/div>\n\t\t\t\t<div class=\"elementor-element elementor-element-7c2fc24 elementor-blockquote--skin-boxed elementor-widget elementor-widget-blockquote\" data-id=\"7c2fc24\" data-element_type=\"widget\" data-e-type=\"widget\" data-widget_type=\"blockquote.default\">\n\t\t\t\t<div class=\"elementor-widget-container\">\n\t\t\t\t\t\t\t<blockquote class=\"elementor-blockquote\">\n\t\t\t<p class=\"elementor-blockquote__content\">\n\t\t\t\tNous garantissons les meilleurs prix votre Saphir, si vous d\u00e9tenez une offre de rachat direct de la part d\u2019un concurrent, non seulement nous nous alignons dessus et nous engageons \u00e0 vous offrir une surench\u00e8re.\t\t\t<\/p>\n\t\t\t\t\t<\/blockquote>\n\t\t\t\t\t\t<\/div>\n\t\t\t\t<\/div>\n\t\t\t\t<div class=\"elementor-element elementor-element-675c30f9 elementor-widget elementor-widget-text-editor\" data-id=\"675c30f9\" data-element_type=\"widget\" data-e-type=\"widget\" data-widget_type=\"text-editor.default\">\n\t\t\t\t<div class=\"elementor-widget-container\">\n\t\t\t\t\t\t\t\t\t<h2>Saphir de bonne qualit\u00e9\u00a0: comment le reconna\u00eetre\u00a0?<\/h2><p><em>Le saphir est la pierre la plus pure parmi les trois pierres pr\u00e9cieuses de couleur (saphir, rubis, \u00e9meraude). Toutefois, la qualit\u00e9 d\u2019un saphir va varier en fonction de diff\u00e9rents facteurs que vous devez conna\u00eetre si vous voulez faire le bon choix. Chez Diamantaires Paris, nous achetons des saphirs au-dessus de 3 cts et de pr\u00e9f\u00e9rence avec certificat de gemmologie, afin de garantir la qualit\u00e9 de nos saphirs. Vous pouvez reconna\u00eetre un saphir de qualit\u00e9 \u00e0 de nombreuses autres caract\u00e9ristiques : son origine, sa couleur, son poids ou encore son prix.<\/em><\/p><p><img fetchpriority=\"high\" decoding=\"async\" class=\"size-large wp-image-4312 aligncenter\" src=\"https:\/\/diamantaire-paris.com\/wp-content\/uploads\/2019\/08\/Bien-reconna\u00eetre-un-saphir--1024x522.jpg\" alt=\"Un guide complet sur les saphirs\" width=\"960\" height=\"489\" title=\"\" srcset=\"https:\/\/diamantaire-paris.com\/wp-content\/uploads\/2019\/08\/Bien-reconna\u00eetre-un-saphir--1024x522.jpg 1024w, https:\/\/diamantaire-paris.com\/wp-content\/uploads\/2019\/08\/Bien-reconna\u00eetre-un-saphir--300x153.jpg 300w, https:\/\/diamantaire-paris.com\/wp-content\/uploads\/2019\/08\/Bien-reconna\u00eetre-un-saphir--768x391.jpg 768w, https:\/\/diamantaire-paris.com\/wp-content\/uploads\/2019\/08\/Bien-reconna\u00eetre-un-saphir-.jpg 1600w\" sizes=\"(max-width: 960px) 100vw, 960px\" \/><\/p><h2>L\u2019origine du saphir<\/h2><p><em><strong>Les saphirs les plus recherch\u00e9s sont le Cachemire, le Birman et le Ceylan.<\/strong><\/em><\/p><p>Le Saphir du Cachemire est r\u00e9put\u00e9 pour \u00eatre le plus beau saphir du monde. Ces saphirs proviennent des mines de Cachemire, zone de tension entre l\u2019Inde et le Pakistan. Ouvertes en 1881, ces mines ont \u00e9t\u00e9 d\u00e9clar\u00e9es \u00e9puis\u00e9es par le\u00a0 maharadja du Cachemire en 1979 et sont d\u00e9sormais officiellement ferm\u00e9es. Certaines rumeurs disent que des gisements sont toutefois encore exploit\u00e9s aujourd\u2019hui. En plus d\u2019\u00eatre rare, le saphir du Cachemire est une pierre pr\u00e9cieuse magnifique avec son bleu profond et intense teint\u00e9 de violet.<\/p><p>Le saphir de Birmanie est assez semblable au saphir de Cachemire. Il est extr\u00eamement rare et donc tr\u00e8s recherch\u00e9 (un saphir de bonne qualit\u00e9 peut co\u00fbter plusieurs milliers d\u2019euros par carat\u00a0!).<\/p><p>Quant au saphir de Ceylan, provenant du Sri Lanka, il est \u00e9galement de plus en plus rare du fait de la diminution de la production de saphirs dans ce pays, bien qu\u2019il soit l\u2019un des plus connus. Aujourd\u2019hui, le saphir de Ceylan repr\u00e9sente plus de la moiti\u00e9 de la production mondiale. La plus grande partie des saphirs de Ceylan sont bleus (d\u2019un bleu lilas plus ou moins profond), mais on trouve aussi des saphirs orange avec une pointe de rose (dit saphirs \u00ab padparadscha\u00a0\u00bb).<\/p><h2>La couleur du saphir<\/h2><p>Il existe des saphirs de toutes les couleurs : le padparadscha (rose-orang\u00e9), le rose bonbon, le jaune canari, le vert bleut\u00e9, ou encore le violet intense. Toutefois, pour qu\u2019un saphir soit consid\u00e9r\u00e9 de bonne qualit\u00e9, sa couleur doit \u00eatre d&rsquo;un bleu soutenu, uniforme, limpide et sans traitement. Or, les saphirs n\u2019ayant subit aucun traitement sont de plus en plus rares puisque 90 % des saphirs sont aujourd\u2019hui trait\u00e9s pour intensifier leur couleur.<\/p><p>Les saphirs bleus peuvent avoir diff\u00e9rentes tonalit\u00e9s\u00a0: bleu clair, bleu vif, bleu profond, bleu intense ou bleu sombre. Ils peuvent \u00e9galement \u00eatre plus ou moins teint\u00e9s de violet.<\/p><h2>La puret\u00e9 du saphir<\/h2><p>On mesure la puret\u00e9 d\u2019un saphir par la qualit\u00e9 du passage de la lumi\u00e8re dans la pierre pr\u00e9cieuse. Si la lumi\u00e8re passe bien \u00e0 travers le saphir, c\u2019est qu\u2019il s\u2019agit d\u2019un saphir d\u2019origine naturelle. Les saphirs les plus purs seront ceux qui ne contiennent pas d\u2019inclusions ou de cristaux visibles \u00e0 l\u2019\u0153il nu. D\u2019une mani\u00e8re g\u00e9n\u00e9rale, moins il y a d\u2019inclusions, plus le saphir est pur. Nous classons nos saphirs en fonction de leur puret\u00e9 afin de vous guider dans l\u2019achat de votre pierre pr\u00e9cieuse.<\/p><h2>Le poids et le prix du saphir<\/h2><p>Le poids et le prix du saphir sont intimement li\u00e9s puisque le poids va d\u00e9terminer le prix. Le poids du saphir s\u2019exprime en carat\u00a0: plus les carats sont \u00e9lev\u00e9s, plus le saphir sera on\u00e9reux. La mesure de r\u00e9f\u00e9rence est la suivante\u00a0: 1 carat = 0,20 gramme. Un saphir de 3 carats co\u00fbtera ainsi entre 2000 euros (pour les saphirs de basse qualit\u00e9) et 10\u00a0000 euros (pour les saphirs de meilleure qualit\u00e9).<\/p><p><em>Pour choisir votre saphir, pr\u00e9f\u00e9rez les pierres de couleur franche et intense. Si vous ne pourrez pas reconna\u00eetre l\u2019origine de la pierre d\u2019un coup d\u2019\u0153il, mais Diamantaires Paris vous fournit toutes les informations pour conna\u00eetre son origine et ses conditions de production.<\/em><\/p><h2>Vendre un saphir<\/h2><p>Sur ce site vous pouvez vendre votre saphir en b\u00e9n\u00e9ficiant d&rsquo;une expertise gratuite sans engagement de votre part.<br \/>Vous pouvez aussi joindre notre assistance t\u00e9l\u00e9phonique qui saura vous assister dans la vente de votre saphir au <a class=\"fl r-i5DcUav7yp7c\" title=\"Appeler avec Hangouts\" href=\"tel:+33148872337\" data-number=\"+33148872337\" data-pstn-out-call-url=\"\" data-rtid=\"i5DcUav7yp7c\" data-ved=\"2ahUKEwiUxczJ-KrkAhVOKuwKHbIFDbkQkAgoADAGegQIARA_\">+33 1 48 87 23 37.<\/a><\/p><p>Notre \u00e9quipe d&rsquo;experts gemmologues est aussi \u00e0 votre service par mail sur <a href=\"mailto:achat@diamantaire-paris.com\">achat@diamantaire-paris.com<\/a>.<\/p>\t\t\t\t\t\t\t\t<\/div>\n\t\t\t\t<\/div>\n\t\t\t\t<div class=\"elementor-element elementor-element-0555e2b elementor-cta--skin-classic elementor-animated-content elementor-bg-transform elementor-bg-transform-zoom-in elementor-widget elementor-widget-call-to-action\" data-id=\"0555e2b\" data-element_type=\"widget\" data-e-type=\"widget\" data-widget_type=\"call-to-action.default\">\n\t\t\t\t<div class=\"elementor-widget-container\">\n\t\t\t\t\t\t\t<a class=\"elementor-cta\" href=\"tel:0148878144%20\">\n\t\t\t\t\t\t\t<div class=\"elementor-cta__content\">\n\t\t\t\t\t\t\t\t\t<div class=\"elementor-content-item elementor-cta__content-item elementor-icon-wrapper elementor-cta__icon elementor-view-default\">\n\t\t\t\t\t\t<div class=\"elementor-icon\">\n\t\t\t\t\t\t\t<i aria-hidden=\"true\" class=\"fas fa-phone-alt\"><\/i>\t\t\t\t\t\t<\/div>\n\t\t\t\t\t<\/div>\n\t\t\t\t\n\t\t\t\t\t\t\t\t\t<span class=\"elementor-cta__title elementor-cta__content-item elementor-content-item\">\n\t\t\t\t\t\tBesoin d'aide pour expertiser votre bijou ? \t\t\t\t\t<\/span>\n\t\t\t\t\n\t\t\t\t\t\t\t\t\t<div class=\"elementor-cta__description elementor-cta__content-item elementor-content-item\">\n\t\t\t\t\t\t01 48 87 81 44 <br>\n<b>D\u00e9placez vous avec ou sans rendez vous<\/b> <br>\n\ud83d\udccd 43 RUE BEAUBOURG 75003 PARIS \ud83d\udccd <br>\nM\u00e9tro Rambuteau\t\t\t\t\t<\/div>\n\t\t\t\t\n\t\t\t\t\t\t\t<\/div>\n\t\t\t\t\t\t<\/a>\n\t\t\t\t\t\t<\/div>\n\t\t\t\t<\/div>\n\t\t\t\t<div class=\"elementor-element elementor-element-8445490 elementor-widget elementor-widget-text-editor\" data-id=\"8445490\" data-element_type=\"widget\" data-e-type=\"widget\" data-widget_type=\"text-editor.default\">\n\t\t\t\t<div class=\"elementor-widget-container\">\n\t\t\t\t\t\t\t\t\t<p>Chez Diamantaires Paris OG, nous sommes sp\u00e9cialis\u00e9s dans l&rsquo;\u00e9valuation et la vente de saphirs, reconnaissant leur beaut\u00e9 et leur raret\u00e9. Les saphirs, avec leurs teintes bleues profondes et leur \u00e9clat remarquable, sont des pierres pr\u00e9cieuses tr\u00e8s pris\u00e9es. Si vous poss\u00e9dez un saphir et envisagez de le vendre, nous vous offrons une expertise professionnelle pour d\u00e9terminer sa valeur en suivant les crit\u00e8res de qualit\u00e9 les plus rigoureux.<\/p>\n<p>Pour ceux qui cherchent \u00e0 vendre d&rsquo;autres types de bijoux pr\u00e9cieux, notre service pour <b><a href=\"https:\/\/diamantaire-paris.com\/vendre-un-bien\/vendre-alliance-diamant\/\" target=\"_new\">vendre une alliance en diamant<\/a> <\/b>offre une \u00e9valuation experte et une vente avantageuse. Nous comprenons l&rsquo;importance de chaque pi\u00e8ce et nous nous engageons \u00e0 offrir le meilleur retour possible sur votre investissement.<\/p>\n<p>Si vous poss\u00e9dez des bijoux anciens et souhaitez les vendre ou les faire \u00e9valuer, notre expertise dans <a href=\"https:\/\/diamantaire-paris.com\/vendre-un-bien\/bijoux-anciens\/les-bijoux-napoleon-iii\/\" target=\"_new\"><b>les bijoux Napol\u00e9on III<\/b><\/a> et <a href=\"https:\/\/diamantaire-paris.com\/vendre-un-bien\/bijoux-anciens\/les-bijoux-art-nouveau\/\" target=\"_new\"><b>les bijoux Art Nouveau<\/b><\/a> vous fournira des conseils sp\u00e9cialis\u00e9s pour valoriser ces tr\u00e9sors.<\/p>\n<p>Pour ceux qui cherchent \u00e0 comprendre la valeur de leurs diamants, notre <a href=\"https:\/\/diamantaire-paris.com\/estimer-un-diamant-gia\/guide-diamant-de-purete-vvs\/\" target=\"_new\"><b>guide de puret\u00e9 des diamants via la r\u00e8gle des 4C<\/b><\/a> est une ressource pr\u00e9cieuse. Cette connaissance est essentielle pour \u00e9valuer correctement la valeur de votre bijou. De plus, notre page sur <strong><a href=\"https:\/\/diamantaire-paris.com\/estimer-un-diamant-gia\/obtenir-poids-diamant\/\" target=\"_new\">comment obtenir le poids d&rsquo;un diamant<\/a> <\/strong>offre des informations d\u00e9taill\u00e9es pour ceux qui cherchent \u00e0 comprendre le poids de leurs diamants.<\/p>\n<p>Chez Diamantaires Paris OG, chaque client est unique et chaque pierre pr\u00e9cieuse a sa propre histoire. Que vous cherchiez \u00e0 vendre un saphir ou \u00e0 investir dans une nouvelle pi\u00e8ce de joaillerie, notre engagement envers l&rsquo;excellence et la satisfaction du client est notre priorit\u00e9. Visitez notre boutique au c\u0153ur de Paris pour une exp\u00e9rience de vente inoubliable, o\u00f9 chaque pierre pr\u00e9cieuse est trait\u00e9e avec le respect et l&rsquo;expertise qu&rsquo;elle m\u00e9rite.<\/p>\t\t\t\t\t\t\t\t<\/div>\n\t\t\t\t<\/div>\n\t\t\t\t<div class=\"elementor-element elementor-element-432a5d7 elementor-cta--skin-classic elementor-animated-content elementor-bg-transform elementor-bg-transform-zoom-in elementor-widget elementor-widget-global elementor-global-5216 elementor-widget-call-to-action\" data-id=\"432a5d7\" data-element_type=\"widget\" data-e-type=\"widget\" data-widget_type=\"call-to-action.default\">\n\t\t\t\t<div class=\"elementor-widget-container\">\n\t\t\t\t\t\t\t<div class=\"elementor-cta\">\n\t\t\t\t\t\t\t<div class=\"elementor-cta__content\">\n\t\t\t\t\t\t\t\t\t<div class=\"elementor-content-item elementor-cta__content-item elementor-icon-wrapper elementor-cta__icon elementor-view-default\">\n\t\t\t\t\t\t<div class=\"elementor-icon\">\n\t\t\t\t\t\t\t<i aria-hidden=\"true\" class=\"fas fa-phone-alt\"><\/i>\t\t\t\t\t\t<\/div>\n\t\t\t\t\t<\/div>\n\t\t\t\t\n\t\t\t\t\t\t\t\t\t<div class=\"elementor-cta__title elementor-cta__content-item elementor-content-item\">\n\t\t\t\t\t\t<a href=\"tel:0148878144\">01 48 87 81 44<\/a>\t\t\t\t\t<\/div>\n\t\t\t\t\n\t\t\t\t\t\t\t\t\t<div class=\"elementor-cta__description elementor-cta__content-item elementor-content-item\">\n\t\t\t\t\t\tNotre service client\u00e8le se tient gratuitement \u00e0 votre disposition pour l'estimation de votre bijou.\t\t\t\t\t<\/div>\n\t\t\t\t\n\t\t\t\t\t\t\t<\/div>\n\t\t\t\t\t\t<\/div>\n\t\t\t\t\t\t<\/div>\n\t\t\t\t<\/div>\n\t\t\t\t<div class=\"elementor-element elementor-element-f73c39b elementor-widget elementor-widget-google_maps\" data-id=\"f73c39b\" data-element_type=\"widget\" data-e-type=\"widget\" data-widget_type=\"google_maps.default\">\n\t\t\t\t<div class=\"elementor-widget-container\">\n\t\t\t\t\t\t\t<div class=\"elementor-custom-embed\">\n\t\t\t<iframe loading=\"lazy\"\n\t\t\t\t\tsrc=\"https:\/\/maps.google.com\/maps?q=diamantaire%20paris%20og%2075003&#038;t=m&#038;z=13&#038;output=embed&#038;iwloc=near\"\n\t\t\t\t\ttitle=\"diamantaire paris og 75003\"\n\t\t\t\t\taria-label=\"diamantaire paris og 75003\"\n\t\t\t><\/iframe>\n\t\t<\/div>\n\t\t\t\t\t\t<\/div>\n\t\t\t\t<\/div>\n\t\t\t\t<div class=\"elementor-element elementor-element-14cd5cc elementor-widget elementor-widget-text-editor\" data-id=\"14cd5cc\" data-element_type=\"widget\" data-e-type=\"widget\" data-widget_type=\"text-editor.default\">\n\t\t\t\t<div class=\"elementor-widget-container\">\n\t\t\t\t\t\t\t\t\t<p><a href=\"https:\/\/diamantaire-paris.com\/vendre-un-bien\/taille-old-european\/\">Expertiser un diamant taill\u00e9 en Old European<\/a><br \/><a href=\"https:\/\/diamantaire-paris.com\/vendre-un-bien\/bagues-platine-diamants-de-plus-de-2-carats\/\">Expertiser une bague en platine<\/a><br \/><a href=\"https:\/\/diamantaire-paris.com\/vendre-un-bien\/bague-diamant\/\">Vendre une bague avec diamant<\/a><br \/><a href=\"https:\/\/diamantaire-paris.com\/vendre-un-bijou-en-ligne\/\">Evaluation en ligne<\/a><br \/><a href=\"https:\/\/diamantaire-paris.com\/vendre-un-bien\/vendre-rubis\/\">Expertiser un rubis<\/a><\/p>\t\t\t\t\t\t\t\t<\/div>\n\t\t\t\t<\/div>\n\t\t\t\t<div class=\"elementor-element elementor-element-4a85c6a elementor-widget elementor-widget-accordion\" data-id=\"4a85c6a\" data-element_type=\"widget\" data-e-type=\"widget\" data-widget_type=\"accordion.default\">\n\t\t\t\t<div class=\"elementor-widget-container\">\n\t\t\t\t\t\t\t<div class=\"elementor-accordion\">\n\t\t\t\t\t\t\t<div class=\"elementor-accordion-item\">\n\t\t\t\t\t<div id=\"elementor-tab-title-7811\" class=\"elementor-tab-title\" data-tab=\"1\" role=\"button\" aria-controls=\"elementor-tab-content-7811\" aria-expanded=\"false\">\n\t\t\t\t\t\t\t\t\t\t\t\t\t<span class=\"elementor-accordion-icon elementor-accordion-icon-left\" aria-hidden=\"true\">\n\t\t\t\t\t\t\t\t\t\t\t\t\t\t\t<span class=\"elementor-accordion-icon-closed\"><i class=\"fas fa-plus\"><\/i><\/span>\n\t\t\t\t\t\t\t\t<span class=\"elementor-accordion-icon-opened\"><i class=\"fas fa-minus\"><\/i><\/span>\n\t\t\t\t\t\t\t\t\t\t\t\t\t\t<\/span>\n\t\t\t\t\t\t\t\t\t\t\t\t<a class=\"elementor-accordion-title\" tabindex=\"0\">Quelles sont les caract\u00e9ristiques d'un saphir de bonne qualit\u00e9 ?<\/a>\n\t\t\t\t\t<\/div>\n\t\t\t\t\t<div id=\"elementor-tab-content-7811\" class=\"elementor-tab-content elementor-clearfix\" data-tab=\"1\" role=\"region\" aria-labelledby=\"elementor-tab-title-7811\"><p>Un saphir de bonne qualit\u00e9 se caract\u00e9rise par sa couleur intense et uniforme, sa puret\u00e9 (moins d&rsquo;inclusions visibles \u00e0 l&rsquo;\u0153il nu), et son origine (les plus recherch\u00e9s sont le Cachemire, le Birman et le Ceylan). Il est \u00e9galement important que le saphir soit naturel et sans traitement.<\/p><\/div>\n\t\t\t\t<\/div>\n\t\t\t\t\t\t\t<div class=\"elementor-accordion-item\">\n\t\t\t\t\t<div id=\"elementor-tab-title-7812\" class=\"elementor-tab-title\" data-tab=\"2\" role=\"button\" aria-controls=\"elementor-tab-content-7812\" aria-expanded=\"false\">\n\t\t\t\t\t\t\t\t\t\t\t\t\t<span class=\"elementor-accordion-icon elementor-accordion-icon-left\" aria-hidden=\"true\">\n\t\t\t\t\t\t\t\t\t\t\t\t\t\t\t<span class=\"elementor-accordion-icon-closed\"><i class=\"fas fa-plus\"><\/i><\/span>\n\t\t\t\t\t\t\t\t<span class=\"elementor-accordion-icon-opened\"><i class=\"fas fa-minus\"><\/i><\/span>\n\t\t\t\t\t\t\t\t\t\t\t\t\t\t<\/span>\n\t\t\t\t\t\t\t\t\t\t\t\t<a class=\"elementor-accordion-title\" tabindex=\"0\">Comment Diamantaire Paris \u00e9value-t-il les saphirs ?<\/a>\n\t\t\t\t\t<\/div>\n\t\t\t\t\t<div id=\"elementor-tab-content-7812\" class=\"elementor-tab-content elementor-clearfix\" data-tab=\"2\" role=\"region\" aria-labelledby=\"elementor-tab-title-7812\"><p>Diamantaire Paris ach\u00e8te des saphirs de plus de 3 carats, de pr\u00e9f\u00e9rence avec un certificat de gemmologie. Ils \u00e9valuent les saphirs en fonction de leur origine, couleur, puret\u00e9, poids et prix.<\/p><\/div>\n\t\t\t\t<\/div>\n\t\t\t\t\t\t\t<div class=\"elementor-accordion-item\">\n\t\t\t\t\t<div id=\"elementor-tab-title-7813\" class=\"elementor-tab-title\" data-tab=\"3\" role=\"button\" aria-controls=\"elementor-tab-content-7813\" aria-expanded=\"false\">\n\t\t\t\t\t\t\t\t\t\t\t\t\t<span class=\"elementor-accordion-icon elementor-accordion-icon-left\" aria-hidden=\"true\">\n\t\t\t\t\t\t\t\t\t\t\t\t\t\t\t<span class=\"elementor-accordion-icon-closed\"><i class=\"fas fa-plus\"><\/i><\/span>\n\t\t\t\t\t\t\t\t<span class=\"elementor-accordion-icon-opened\"><i class=\"fas fa-minus\"><\/i><\/span>\n\t\t\t\t\t\t\t\t\t\t\t\t\t\t<\/span>\n\t\t\t\t\t\t\t\t\t\t\t\t<a class=\"elementor-accordion-title\" tabindex=\"0\">Puis-je vendre mon saphir chez Diamantaire Paris ?<\/a>\n\t\t\t\t\t<\/div>\n\t\t\t\t\t<div id=\"elementor-tab-content-7813\" class=\"elementor-tab-content elementor-clearfix\" data-tab=\"3\" role=\"region\" aria-labelledby=\"elementor-tab-title-7813\"><p>Oui, vous pouvez vendre votre saphir chez Diamantaire Paris. Ils offrent une expertise gratuite sans engagement de votre part. Vous pouvez \u00e9galement contacter leur assistance t\u00e9l\u00e9phonique ou par email \u00e0 <a target=\"_new\">achat@diamantaire-paris.com<\/a> pour obtenir de l&rsquo;aide dans la vente de votre saphir.<\/p><\/div>\n\t\t\t\t<\/div>\n\t\t\t\t\t\t\t<div class=\"elementor-accordion-item\">\n\t\t\t\t\t<div id=\"elementor-tab-title-7814\" class=\"elementor-tab-title\" data-tab=\"4\" role=\"button\" aria-controls=\"elementor-tab-content-7814\" aria-expanded=\"false\">\n\t\t\t\t\t\t\t\t\t\t\t\t\t<span class=\"elementor-accordion-icon elementor-accordion-icon-left\" aria-hidden=\"true\">\n\t\t\t\t\t\t\t\t\t\t\t\t\t\t\t<span class=\"elementor-accordion-icon-closed\"><i class=\"fas fa-plus\"><\/i><\/span>\n\t\t\t\t\t\t\t\t<span class=\"elementor-accordion-icon-opened\"><i class=\"fas fa-minus\"><\/i><\/span>\n\t\t\t\t\t\t\t\t\t\t\t\t\t\t<\/span>\n\t\t\t\t\t\t\t\t\t\t\t\t<a class=\"elementor-accordion-title\" tabindex=\"0\">Est-il possible d'obtenir une expertise gratuite et confidentielle de mon bijou chez Diamantaire Paris ?<\/a>\n\t\t\t\t\t<\/div>\n\t\t\t\t\t<div id=\"elementor-tab-content-7814\" class=\"elementor-tab-content elementor-clearfix\" data-tab=\"4\" role=\"region\" aria-labelledby=\"elementor-tab-title-7814\"><p>Oui, Diamantaire Paris propose une expertise gratuite et confidentielle des bijoux. Vous pouvez \u00e9galement envoyer une pr\u00e9-expertise par email, mais il est conseill\u00e9 de se d\u00e9placer pour une \u00e9valuation plus pr\u00e9cise.<\/p><\/div>\n\t\t\t\t<\/div>\n\t\t\t\t\t\t\t<div class=\"elementor-accordion-item\">\n\t\t\t\t\t<div id=\"elementor-tab-title-7815\" class=\"elementor-tab-title\" data-tab=\"5\" role=\"button\" aria-controls=\"elementor-tab-content-7815\" aria-expanded=\"false\">\n\t\t\t\t\t\t\t\t\t\t\t\t\t<span class=\"elementor-accordion-icon elementor-accordion-icon-left\" aria-hidden=\"true\">\n\t\t\t\t\t\t\t\t\t\t\t\t\t\t\t<span class=\"elementor-accordion-icon-closed\"><i class=\"fas fa-plus\"><\/i><\/span>\n\t\t\t\t\t\t\t\t<span class=\"elementor-accordion-icon-opened\"><i class=\"fas fa-minus\"><\/i><\/span>\n\t\t\t\t\t\t\t\t\t\t\t\t\t\t<\/span>\n\t\t\t\t\t\t\t\t\t\t\t\t<a class=\"elementor-accordion-title\" tabindex=\"0\">O\u00f9 se situe Diamantaire Paris et est-il possible de s'y rendre sans rendez-vous ?<\/a>\n\t\t\t\t\t<\/div>\n\t\t\t\t\t<div id=\"elementor-tab-content-7815\" class=\"elementor-tab-content elementor-clearfix\" data-tab=\"5\" role=\"region\" aria-labelledby=\"elementor-tab-title-7815\"><p>Diamantaire Paris est situ\u00e9 au 43 rue Beaubourg, 75003 Paris, pr\u00e8s du m\u00e9tro R\u00e9aumur &#8211; S\u00e9bastopol. Vous pouvez vous y rendre sans rendez-vous ou prendre rendez-vous si vous le souhaitez.<\/p><\/div>\n\t\t\t\t<\/div>\n\t\t\t\t\t\t\t\t\t\t<script type=\"application\/ld+json\">{\"@context\":\"https:\\\/\\\/schema.org\",\"@type\":\"FAQPage\",\"mainEntity\":[{\"@type\":\"Question\",\"name\":\"Quelles sont les caract\\u00e9ristiques d'un saphir de bonne qualit\\u00e9 ?\",\"acceptedAnswer\":{\"@type\":\"Answer\",\"text\":\"<p>Un saphir de bonne qualit\\u00e9 se caract\\u00e9rise par sa couleur intense et uniforme, sa puret\\u00e9 (moins d&rsquo;inclusions visibles \\u00e0 l&rsquo;\\u0153il nu), et son origine (les plus recherch\\u00e9s sont le Cachemire, le Birman et le Ceylan). Il est \\u00e9galement important que le saphir soit naturel et sans traitement.<\\\/p>\"}},{\"@type\":\"Question\",\"name\":\"Comment Diamantaire Paris \\u00e9value-t-il les saphirs ?\",\"acceptedAnswer\":{\"@type\":\"Answer\",\"text\":\"<p>Diamantaire Paris ach\\u00e8te des saphirs de plus de 3 carats, de pr\\u00e9f\\u00e9rence avec un certificat de gemmologie. Ils \\u00e9valuent les saphirs en fonction de leur origine, couleur, puret\\u00e9, poids et prix.<\\\/p>\"}},{\"@type\":\"Question\",\"name\":\"Puis-je vendre mon saphir chez Diamantaire Paris ?\",\"acceptedAnswer\":{\"@type\":\"Answer\",\"text\":\"<p>Oui, vous pouvez vendre votre saphir chez Diamantaire Paris. Ils offrent une expertise gratuite sans engagement de votre part. Vous pouvez \\u00e9galement contacter leur assistance t\\u00e9l\\u00e9phonique ou par email \\u00e0 <a target=\\\"_new\\\">achat@diamantaire-paris.com<\\\/a> pour obtenir de l&rsquo;aide dans la vente de votre saphir.<\\\/p>\"}},{\"@type\":\"Question\",\"name\":\"Est-il possible d'obtenir une expertise gratuite et confidentielle de mon bijou chez Diamantaire Paris ?\",\"acceptedAnswer\":{\"@type\":\"Answer\",\"text\":\"<p>Oui, Diamantaire Paris propose une expertise gratuite et confidentielle des bijoux. Vous pouvez \\u00e9galement envoyer une pr\\u00e9-expertise par email, mais il est conseill\\u00e9 de se d\\u00e9placer pour une \\u00e9valuation plus pr\\u00e9cise.<\\\/p>\"}},{\"@type\":\"Question\",\"name\":\"O\\u00f9 se situe Diamantaire Paris et est-il possible de s'y rendre sans rendez-vous ?\",\"acceptedAnswer\":{\"@type\":\"Answer\",\"text\":\"<p>Diamantaire Paris est situ\\u00e9 au 43 rue Beaubourg, 75003 Paris, pr\\u00e8s du m\\u00e9tro R\\u00e9aumur &#8211; S\\u00e9bastopol. Vous pouvez vous y rendre sans rendez-vous ou prendre rendez-vous si vous le souhaitez.<\\\/p>\"}}]}<\/script>\n\t\t\t\t\t<\/div>\n\t\t\t\t\t\t<\/div>\n\t\t\t\t<\/div>\n\t\t\t\t\t<\/div>\n\t\t<\/div>\n\t\t\t\t\t<\/div>\n\t\t<\/section>\n\t\t\t\t<\/div>\n\t\t","protected":false},"excerpt":{"rendered":"<p>Nous garantissons les meilleurs prix votre Saphir, si vous d\u00e9tenez une offre de rachat direct de la part d\u2019un concurrent, non seulement nous nous alignons dessus et nous engageons \u00e0 vous offrir une surench\u00e8re. Saphir de bonne qualit\u00e9\u00a0: comment le reconna\u00eetre\u00a0? Le saphir est la pierre la plus pure parmi les trois pierres pr\u00e9cieuses de [&hellip;]<\/p>\n","protected":false},"author":2,"featured_media":3696,"parent":1525,"menu_order":0,"comment_status":"closed","ping_status":"closed","template":"elementor_header_footer","meta":{"content-type":"","footnotes":""},"class_list":["post-4305","page","type-page","status-publish","has-post-thumbnail","hentry"],"_links":{"self":[{"href":"https:\/\/diamantaire-paris.com\/ru\/wp-json\/wp\/v2\/pages\/4305","targetHints":{"allow":["GET"]}}],"collection":[{"href":"https:\/\/diamantaire-paris.com\/ru\/wp-json\/wp\/v2\/pages"}],"about":[{"href":"https:\/\/diamantaire-paris.com\/ru\/wp-json\/wp\/v2\/types\/page"}],"author":[{"embeddable":true,"href":"https:\/\/diamantaire-paris.com\/ru\/wp-json\/wp\/v2\/users\/2"}],"replies":[{"embeddable":true,"href":"https:\/\/diamantaire-paris.com\/ru\/wp-json\/wp\/v2\/comments?post=4305"}],"version-history":[{"count":10,"href":"https:\/\/diamantaire-paris.com\/ru\/wp-json\/wp\/v2\/pages\/4305\/revisions"}],"predecessor-version":[{"id":16890,"href":"https:\/\/diamantaire-paris.com\/ru\/wp-json\/wp\/v2\/pages\/4305\/revisions\/16890"}],"up":[{"embeddable":true,"href":"https:\/\/diamantaire-paris.com\/ru\/wp-json\/wp\/v2\/pages\/1525"}],"wp:featuredmedia":[{"embeddable":true,"href":"https:\/\/diamantaire-paris.com\/ru\/wp-json\/wp\/v2\/media\/3696"}],"wp:attachment":[{"href":"https:\/\/diamantaire-paris.com\/ru\/wp-json\/wp\/v2\/media?parent=4305"}],"curies":[{"name":"wp","href":"https:\/\/api.w.org\/{rel}","templated":true}]}}