{"id":3638,"date":"2018-12-06T13:24:04","date_gmt":"2018-12-06T12:24:04","guid":{"rendered":"https:\/\/diamantaire-paris.com\/?p=3638"},"modified":"2024-03-28T12:14:48","modified_gmt":"2024-03-28T11:14:48","slug":"nos-bureaux","status":"publish","type":"page","link":"https:\/\/diamantaire-paris.com\/ru\/contact\/nos-bureaux\/","title":{"rendered":"\u0411\u0440\u0438\u043b\u043b\u0438\u0430\u043d\u0442\u043e\u0432\u044b\u0435 \u043e\u0444\u0438\u0441\u044b"},"content":{"rendered":"\t\t<div data-elementor-type=\"wp-page\" data-elementor-id=\"3638\" class=\"elementor elementor-3638\" data-elementor-post-type=\"page\">\n\t\t\t\t\t\t<section class=\"elementor-section elementor-top-section elementor-element elementor-element-1650dfb2 elementor-section-boxed elementor-section-height-default elementor-section-height-default\" data-id=\"1650dfb2\" data-element_type=\"section\" data-e-type=\"section\">\n\t\t\t\t\t\t<div class=\"elementor-container elementor-column-gap-default\">\n\t\t\t\t\t<div class=\"elementor-column elementor-col-100 elementor-top-column elementor-element elementor-element-41238b7d\" data-id=\"41238b7d\" data-element_type=\"column\" data-e-type=\"column\">\n\t\t\t<div class=\"elementor-widget-wrap elementor-element-populated\">\n\t\t\t\t\t\t<div class=\"elementor-element elementor-element-966043c elementor-widget elementor-widget-shortcode\" data-id=\"966043c\" data-element_type=\"widget\" data-e-type=\"widget\" data-widget_type=\"shortcode.default\">\n\t\t\t\t<div class=\"elementor-widget-container\">\n\t\t\t\t\t\t\t<div class=\"elementor-shortcode\"><nav aria-label=\"breadcrumbs\" class=\"rank-math-breadcrumb\"><p><span class=\"last\">Diamantaires Paris<\/span><\/p><\/nav><\/div>\n\t\t\t\t\t\t<\/div>\n\t\t\t\t<\/div>\n\t\t\t\t<div class=\"elementor-element elementor-element-2232cf64 elementor-drop-cap-yes elementor-drop-cap-view-default elementor-widget elementor-widget-text-editor\" data-id=\"2232cf64\" data-element_type=\"widget\" data-e-type=\"widget\" data-settings=\"{&quot;drop_cap&quot;:&quot;yes&quot;}\" data-widget_type=\"text-editor.default\">\n\t\t\t\t<div class=\"elementor-widget-container\">\n\t\t\t\t\t\t\t\t\t<p><img fetchpriority=\"high\" decoding=\"async\" class=\"size-medium wp-image-3639 alignleft\" src=\"https:\/\/diamantaire-paris.com\/wp-content\/uploads\/2018\/12\/Diamantaires-og-paris-300x300.jpg\" alt=\"Diamantaire Paris\" width=\"300\" height=\"300\" title=\"\" srcset=\"https:\/\/diamantaire-paris.com\/wp-content\/uploads\/2018\/12\/Diamantaires-og-paris-300x300.jpg 300w, https:\/\/diamantaire-paris.com\/wp-content\/uploads\/2018\/12\/Diamantaires-og-paris-1024x1024.jpg 1024w, https:\/\/diamantaire-paris.com\/wp-content\/uploads\/2018\/12\/Diamantaires-og-paris-150x150.jpg 150w, https:\/\/diamantaire-paris.com\/wp-content\/uploads\/2018\/12\/Diamantaires-og-paris-768x768.jpg 768w, https:\/\/diamantaire-paris.com\/wp-content\/uploads\/2018\/12\/Diamantaires-og-paris-400x400.jpg 400w, https:\/\/diamantaire-paris.com\/wp-content\/uploads\/2018\/12\/Diamantaires-og-paris.jpg 1080w\" sizes=\"(max-width: 300px) 100vw, 300px\" \/><\/p><p>Situ\u00e9s entre le 3eme et le 4eme arrondissement de Paris et au coeur de Paris, l\u2019\u00e9quipe de\u00a0<strong>Diamantaires Paris OG<\/strong> est \u00e0 votre disposition pour vous recevoir dans leurs bureaux au 43 rue Beaubourg <em><strong>avec ou sans rendez vous.<\/strong><\/em><\/p><p>La soci\u00e9t\u00e9 Obagem, sp\u00e9cialiste du <i>rachat<\/i>\u00a0de pierres pr\u00e9cieuses et de bijoux anciens, Obagem estime gratuitement vos <i>bijoux sur place et sans rendez vous.\u00a0<\/i><\/p><p>Retrouvez nous maintenant sur <a href=\"https:\/\/www.pinterest.fr\/diamantairesparis\/pins\/\" target=\"_blank\" rel=\"noopener\">Printerest<\/a>\u00a0, nous posterons y r\u00e9guli\u00e8rement des informations utiles.<\/p><p>Nous proposons aussi un catalogue de <a href=\"https:\/\/diamantaire-paris.com\/acheter-diamant\/\">diamant taill\u00e9 \u00e0 vendre<\/a> sur notre site internet.\u00a0<br \/>Ainsi vous pouvez<a href=\"https:\/\/diamantaire-paris.com\/contact\/\"> \u00e9galement nous contacter<\/a> pour demander l&rsquo;estimation de votre bijou en ligne sur notre formulaire de vente.<\/p><p>Nous vous invitons \u00e0 lire les articles suivants :<br \/><br \/><\/p><ol><li><a href=\"https:\/\/diamantaire-paris.com\/estimer-un-diamant-gia\/criteres-privilegier-achat-diamant\/\">Le m\u00e9tier de diamantaire<\/a><\/li><li><a href=\"https:\/\/diamantaire-paris.com\/contact\/paris\/\">O\u00f9 vendre ses bijoux \u00e0 Paris\u00a0<\/a><\/li><\/ol>\t\t\t\t\t\t\t\t<\/div>\n\t\t\t\t<\/div>\n\t\t\t\t<div class=\"elementor-element elementor-element-90602b1 elementor-cta--skin-classic elementor-animated-content elementor-bg-transform elementor-bg-transform-zoom-in elementor-widget elementor-widget-call-to-action\" data-id=\"90602b1\" data-element_type=\"widget\" data-e-type=\"widget\" data-widget_type=\"call-to-action.default\">\n\t\t\t\t<div class=\"elementor-widget-container\">\n\t\t\t\t\t\t\t<a class=\"elementor-cta\" href=\"tel:0148878144%20\">\n\t\t\t\t\t\t\t<div class=\"elementor-cta__content\">\n\t\t\t\t\t\t\t\t\t<div class=\"elementor-content-item elementor-cta__content-item elementor-icon-wrapper elementor-cta__icon elementor-view-default\">\n\t\t\t\t\t\t<div class=\"elementor-icon\">\n\t\t\t\t\t\t\t<i aria-hidden=\"true\" class=\"fas fa-phone-alt\"><\/i>\t\t\t\t\t\t<\/div>\n\t\t\t\t\t<\/div>\n\t\t\t\t\n\t\t\t\t\t\t\t\t\t<span class=\"elementor-cta__title elementor-cta__content-item elementor-content-item\">\n\t\t\t\t\t\tBesoin d'aide pour expertiser votre bijou ? \t\t\t\t\t<\/span>\n\t\t\t\t\n\t\t\t\t\t\t\t\t\t<div class=\"elementor-cta__description elementor-cta__content-item elementor-content-item\">\n\t\t\t\t\t\t01 48 87 81 44 <br>\n<b>D\u00e9placez vous avec ou sans rendez vous<\/b> <br>\n\ud83d\udccd 43 RUE BEAUBOURG 75003 PARIS \ud83d\udccd <br>\nM\u00e9tro Rambuteau\t\t\t\t\t<\/div>\n\t\t\t\t\n\t\t\t\t\t\t\t<\/div>\n\t\t\t\t\t\t<\/a>\n\t\t\t\t\t\t<\/div>\n\t\t\t\t<\/div>\n\t\t\t\t<div class=\"elementor-element elementor-element-7dc0749 elementor-widget elementor-widget-image\" data-id=\"7dc0749\" data-element_type=\"widget\" data-e-type=\"widget\" data-widget_type=\"image.default\">\n\t\t\t\t<div class=\"elementor-widget-container\">\n\t\t\t\t\t\t\t\t\t\t\t\t\t\t\t<img decoding=\"async\" width=\"480\" height=\"272\" src=\"https:\/\/diamantaire-paris.com\/wp-content\/uploads\/2018\/09\/vlcsnap-2018-09-13-16h45m17s419.png\" class=\"attachment-large size-large wp-image-3280\" alt=\"Expertise achat bijoux Paris , \u00e9valuation valeur d&#039;un bijou\" srcset=\"https:\/\/diamantaire-paris.com\/wp-content\/uploads\/2018\/09\/vlcsnap-2018-09-13-16h45m17s419.png 480w, https:\/\/diamantaire-paris.com\/wp-content\/uploads\/2018\/09\/vlcsnap-2018-09-13-16h45m17s419-300x170.png 300w\" sizes=\"(max-width: 480px) 100vw, 480px\" title=\"\">\t\t\t\t\t\t\t\t\t\t\t\t\t\t\t<\/div>\n\t\t\t\t<\/div>\n\t\t\t\t<div class=\"elementor-element elementor-element-9e27f3d elementor-cta--skin-classic elementor-animated-content elementor-bg-transform elementor-bg-transform-zoom-in elementor-widget elementor-widget-call-to-action\" data-id=\"9e27f3d\" data-element_type=\"widget\" data-e-type=\"widget\" data-widget_type=\"call-to-action.default\">\n\t\t\t\t<div class=\"elementor-widget-container\">\n\t\t\t\t\t\t\t<a class=\"elementor-cta\" href=\"tel:0148878144\">\n\t\t\t\t\t\t\t<div class=\"elementor-cta__content\">\n\t\t\t\t\t\t\t\t\t<div class=\"elementor-content-item elementor-cta__content-item elementor-icon-wrapper elementor-cta__icon elementor-view-default\">\n\t\t\t\t\t\t<div class=\"elementor-icon\">\n\t\t\t\t\t\t\t<i aria-hidden=\"true\" class=\"fas fa-phone-alt\"><\/i>\t\t\t\t\t\t<\/div>\n\t\t\t\t\t<\/div>\n\t\t\t\t\n\t\t\t\t\t\t\t\t\t<div class=\"elementor-cta__title elementor-cta__content-item elementor-content-item\">\n\t\t\t\t\t\t01 48 87 81 44\t\t\t\t\t<\/div>\n\t\t\t\t\n\t\t\t\t\t\t\t\t\t<div class=\"elementor-cta__description elementor-cta__content-item elementor-content-item\">\n\t\t\t\t\t\tNotre service client\u00e8le se tient gratuitement \u00e0 votre disposition pour l'achat et la vente de votre diamant.\t\t\t\t\t<\/div>\n\t\t\t\t\n\t\t\t\t\t\t\t<\/div>\n\t\t\t\t\t\t<\/a>\n\t\t\t\t\t\t<\/div>\n\t\t\t\t<\/div>\n\t\t\t\t<div class=\"elementor-element elementor-element-17e1a2d elementor-widget elementor-widget-accordion\" data-id=\"17e1a2d\" data-element_type=\"widget\" data-e-type=\"widget\" data-widget_type=\"accordion.default\">\n\t\t\t\t<div class=\"elementor-widget-container\">\n\t\t\t\t\t\t\t<div class=\"elementor-accordion\">\n\t\t\t\t\t\t\t<div class=\"elementor-accordion-item\">\n\t\t\t\t\t<div id=\"elementor-tab-title-2501\" class=\"elementor-tab-title\" data-tab=\"1\" role=\"button\" aria-controls=\"elementor-tab-content-2501\" aria-expanded=\"false\">\n\t\t\t\t\t\t\t\t\t\t\t\t\t<span class=\"elementor-accordion-icon elementor-accordion-icon-left\" aria-hidden=\"true\">\n\t\t\t\t\t\t\t\t\t\t\t\t\t\t\t<span class=\"elementor-accordion-icon-closed\"><i class=\"fas fa-plus\"><\/i><\/span>\n\t\t\t\t\t\t\t\t<span class=\"elementor-accordion-icon-opened\"><i class=\"fas fa-minus\"><\/i><\/span>\n\t\t\t\t\t\t\t\t\t\t\t\t\t\t<\/span>\n\t\t\t\t\t\t\t\t\t\t\t\t<a class=\"elementor-accordion-title\" tabindex=\"0\">O\u00f9 se situent les bureaux de Diamantaire Paris ?<\/a>\n\t\t\t\t\t<\/div>\n\t\t\t\t\t<div id=\"elementor-tab-content-2501\" class=\"elementor-tab-content elementor-clearfix\" data-tab=\"1\" role=\"region\" aria-labelledby=\"elementor-tab-title-2501\"><p>Les bureaux de Diamantaire Paris se trouvent au 43 rue Beaubourg, entre le 3\u00e8me et le 4\u00e8me arrondissement de Paris.<\/p><\/div>\n\t\t\t\t<\/div>\n\t\t\t\t\t\t\t<div class=\"elementor-accordion-item\">\n\t\t\t\t\t<div id=\"elementor-tab-title-2502\" class=\"elementor-tab-title\" data-tab=\"2\" role=\"button\" aria-controls=\"elementor-tab-content-2502\" aria-expanded=\"false\">\n\t\t\t\t\t\t\t\t\t\t\t\t\t<span class=\"elementor-accordion-icon elementor-accordion-icon-left\" aria-hidden=\"true\">\n\t\t\t\t\t\t\t\t\t\t\t\t\t\t\t<span class=\"elementor-accordion-icon-closed\"><i class=\"fas fa-plus\"><\/i><\/span>\n\t\t\t\t\t\t\t\t<span class=\"elementor-accordion-icon-opened\"><i class=\"fas fa-minus\"><\/i><\/span>\n\t\t\t\t\t\t\t\t\t\t\t\t\t\t<\/span>\n\t\t\t\t\t\t\t\t\t\t\t\t<a class=\"elementor-accordion-title\" tabindex=\"0\">Est-il n\u00e9cessaire de prendre rendez-vous pour une expertise de bijoux chez Diamantaire Paris ?<\/a>\n\t\t\t\t\t<\/div>\n\t\t\t\t\t<div id=\"elementor-tab-content-2502\" class=\"elementor-tab-content elementor-clearfix\" data-tab=\"2\" role=\"region\" aria-labelledby=\"elementor-tab-title-2502\"><p>Non, il n&rsquo;est pas n\u00e9cessaire de prendre rendez-vous. Diamantaire Paris accueille ses clients avec ou sans rendez-vous pour l&rsquo;expertise gratuite et confidentielle de bijoux.<\/p><\/div>\n\t\t\t\t<\/div>\n\t\t\t\t\t\t\t<div class=\"elementor-accordion-item\">\n\t\t\t\t\t<div id=\"elementor-tab-title-2503\" class=\"elementor-tab-title\" data-tab=\"3\" role=\"button\" aria-controls=\"elementor-tab-content-2503\" aria-expanded=\"false\">\n\t\t\t\t\t\t\t\t\t\t\t\t\t<span class=\"elementor-accordion-icon elementor-accordion-icon-left\" aria-hidden=\"true\">\n\t\t\t\t\t\t\t\t\t\t\t\t\t\t\t<span class=\"elementor-accordion-icon-closed\"><i class=\"fas fa-plus\"><\/i><\/span>\n\t\t\t\t\t\t\t\t<span class=\"elementor-accordion-icon-opened\"><i class=\"fas fa-minus\"><\/i><\/span>\n\t\t\t\t\t\t\t\t\t\t\t\t\t\t<\/span>\n\t\t\t\t\t\t\t\t\t\t\t\t<a class=\"elementor-accordion-title\" tabindex=\"0\">Diamantaire Paris propose-t-il une pr\u00e9-expertise par email ?<\/a>\n\t\t\t\t\t<\/div>\n\t\t\t\t\t<div id=\"elementor-tab-content-2503\" class=\"elementor-tab-content elementor-clearfix\" data-tab=\"3\" role=\"region\" aria-labelledby=\"elementor-tab-title-2503\"><p>Oui, vous pouvez envoyer une pr\u00e9-expertise par email \u00e0 <a target=\"_new\">achat@diamantaire-paris.com<\/a>, bien qu&rsquo;une visite en personne soit recommand\u00e9e pour une \u00e9valuation plus pr\u00e9cise.<\/p><\/div>\n\t\t\t\t<\/div>\n\t\t\t\t\t\t\t<div class=\"elementor-accordion-item\">\n\t\t\t\t\t<div id=\"elementor-tab-title-2504\" class=\"elementor-tab-title\" data-tab=\"4\" role=\"button\" aria-controls=\"elementor-tab-content-2504\" aria-expanded=\"false\">\n\t\t\t\t\t\t\t\t\t\t\t\t\t<span class=\"elementor-accordion-icon elementor-accordion-icon-left\" aria-hidden=\"true\">\n\t\t\t\t\t\t\t\t\t\t\t\t\t\t\t<span class=\"elementor-accordion-icon-closed\"><i class=\"fas fa-plus\"><\/i><\/span>\n\t\t\t\t\t\t\t\t<span class=\"elementor-accordion-icon-opened\"><i class=\"fas fa-minus\"><\/i><\/span>\n\t\t\t\t\t\t\t\t\t\t\t\t\t\t<\/span>\n\t\t\t\t\t\t\t\t\t\t\t\t<a class=\"elementor-accordion-title\" tabindex=\"0\">Quels types de bijoux et de pierres pr\u00e9cieuses Diamantaire Paris ach\u00e8te-t-il ?<\/a>\n\t\t\t\t\t<\/div>\n\t\t\t\t\t<div id=\"elementor-tab-content-2504\" class=\"elementor-tab-content elementor-clearfix\" data-tab=\"4\" role=\"region\" aria-labelledby=\"elementor-tab-title-2504\"><ol><li><p>Diamantaire Paris est sp\u00e9cialis\u00e9 dans le rachat de pierres pr\u00e9cieuses et de bijoux anciens, y compris des marques renomm\u00e9es comme Boucheron, Van Cleef &amp; Arpels, Bulgari, et Repossi. Ils traitent \u00e9galement des bijoux Art D\u00e9co et d&rsquo;autres pi\u00e8ces rares.<\/p><\/li><li>\u00a0<\/li><\/ol><\/div>\n\t\t\t\t<\/div>\n\t\t\t\t\t\t\t<div class=\"elementor-accordion-item\">\n\t\t\t\t\t<div id=\"elementor-tab-title-2505\" class=\"elementor-tab-title\" data-tab=\"5\" role=\"button\" aria-controls=\"elementor-tab-content-2505\" aria-expanded=\"false\">\n\t\t\t\t\t\t\t\t\t\t\t\t\t<span class=\"elementor-accordion-icon elementor-accordion-icon-left\" aria-hidden=\"true\">\n\t\t\t\t\t\t\t\t\t\t\t\t\t\t\t<span class=\"elementor-accordion-icon-closed\"><i class=\"fas fa-plus\"><\/i><\/span>\n\t\t\t\t\t\t\t\t<span class=\"elementor-accordion-icon-opened\"><i class=\"fas fa-minus\"><\/i><\/span>\n\t\t\t\t\t\t\t\t\t\t\t\t\t\t<\/span>\n\t\t\t\t\t\t\t\t\t\t\t\t<a class=\"elementor-accordion-title\" tabindex=\"0\">Quelles sont les heures d'ouverture pour l'achat de bijoux chez Diamantaire Paris ?<\/a>\n\t\t\t\t\t<\/div>\n\t\t\t\t\t<div id=\"elementor-tab-content-2505\" class=\"elementor-tab-content elementor-clearfix\" data-tab=\"5\" role=\"region\" aria-labelledby=\"elementor-tab-title-2505\"><p>Le service d&rsquo;achat de bijoux est ouvert du lundi au vendredi de 10h \u00e0 13h et de 14h \u00e0 19h.<\/p><\/div>\n\t\t\t\t<\/div>\n\t\t\t\t\t\t\t\t\t\t<script type=\"application\/ld+json\">{\"@context\":\"https:\\\/\\\/schema.org\",\"@type\":\"FAQPage\",\"mainEntity\":[{\"@type\":\"Question\",\"name\":\"O\\u00f9 se situent les bureaux de Diamantaire Paris ?\",\"acceptedAnswer\":{\"@type\":\"Answer\",\"text\":\"<p>Les bureaux de Diamantaire Paris se trouvent au 43 rue Beaubourg, entre le 3\\u00e8me et le 4\\u00e8me arrondissement de Paris.<\\\/p>\"}},{\"@type\":\"Question\",\"name\":\"Est-il n\\u00e9cessaire de prendre rendez-vous pour une expertise de bijoux chez Diamantaire Paris ?\",\"acceptedAnswer\":{\"@type\":\"Answer\",\"text\":\"<p>Non, il n&rsquo;est pas n\\u00e9cessaire de prendre rendez-vous. Diamantaire Paris accueille ses clients avec ou sans rendez-vous pour l&rsquo;expertise gratuite et confidentielle de bijoux.<\\\/p>\"}},{\"@type\":\"Question\",\"name\":\"Diamantaire Paris propose-t-il une pr\\u00e9-expertise par email ?\",\"acceptedAnswer\":{\"@type\":\"Answer\",\"text\":\"<p>Oui, vous pouvez envoyer une pr\\u00e9-expertise par email \\u00e0 <a target=\\\"_new\\\">achat@diamantaire-paris.com<\\\/a>, bien qu&rsquo;une visite en personne soit recommand\\u00e9e pour une \\u00e9valuation plus pr\\u00e9cise.<\\\/p>\"}},{\"@type\":\"Question\",\"name\":\"Quels types de bijoux et de pierres pr\\u00e9cieuses Diamantaire Paris ach\\u00e8te-t-il ?\",\"acceptedAnswer\":{\"@type\":\"Answer\",\"text\":\"<ol><li><p>Diamantaire Paris est sp\\u00e9cialis\\u00e9 dans le rachat de pierres pr\\u00e9cieuses et de bijoux anciens, y compris des marques renomm\\u00e9es comme Boucheron, Van Cleef &amp; Arpels, Bulgari, et Repossi. Ils traitent \\u00e9galement des bijoux Art D\\u00e9co et d&rsquo;autres pi\\u00e8ces rares.<\\\/p><\\\/li><li>\\u00a0<\\\/li><\\\/ol>\"}},{\"@type\":\"Question\",\"name\":\"Quelles sont les heures d'ouverture pour l'achat de bijoux chez Diamantaire Paris ?\",\"acceptedAnswer\":{\"@type\":\"Answer\",\"text\":\"<p>Le service d&rsquo;achat de bijoux est ouvert du lundi au vendredi de 10h \\u00e0 13h et de 14h \\u00e0 19h.<\\\/p>\"}}]}<\/script>\n\t\t\t\t\t<\/div>\n\t\t\t\t\t\t<\/div>\n\t\t\t\t<\/div>\n\t\t\t\t<div class=\"elementor-element elementor-element-f060029 elementor-drop-cap-yes elementor-drop-cap-view-default elementor-widget elementor-widget-text-editor\" data-id=\"f060029\" data-element_type=\"widget\" data-e-type=\"widget\" data-settings=\"{&quot;drop_cap&quot;:&quot;yes&quot;}\" data-widget_type=\"text-editor.default\">\n\t\t\t\t<div class=\"elementor-widget-container\">\n\t\t\t\t\t\t\t\t\t<p>Chez Diamantaire Paris, situ\u00e9s au c\u0153ur de la capitale fran\u00e7aise, nous sommes fiers de notre h\u00e9ritage et de notre expertise dans le domaine des bijoux et des diamants. Notre bureau, facilement accessible, est un havre pour ceux qui cherchent \u00e0 <strong><a href=\"https:\/\/diamantaire-paris.com\/vendre-un-bien\/bijoux-anciens\/\" target=\"_new\">vendre ou estimer des bijoux anciens<\/a><\/strong>, notamment des pi\u00e8ces rares comme les <strong><a href=\"https:\/\/diamantaire-paris.com\/vendre-un-bien\/bijoux-anciens\/les-bijoux-art-deco\/\" target=\"_new\">bijoux Art D\u00e9co<\/a><\/strong>. Nous offrons une \u00e9valuation experte et un service personnalis\u00e9 pour chaque client, qu&rsquo;il s&rsquo;agisse de vendre une pi\u00e8ce h\u00e9rit\u00e9e ou d&rsquo;investir dans un nouveau tr\u00e9sor.<\/p>\n<p>Notre gamme de services s&rsquo;\u00e9tend \u00e0 la haute joaillerie, avec une sp\u00e9cialisation dans des marques renomm\u00e9es telles que <strong><a href=\"https:\/\/diamantaire-paris.com\/vendre-haute-joaillerie\/maison-boucheron\/\" target=\"_new\">Boucheron<\/a><\/strong>, <strong><a href=\"https:\/\/diamantaire-paris.com\/vendre-haute-joaillerie\/van-cleef-arpels\/\" target=\"_new\">Van Cleef &amp; Arpels<\/a><\/strong>, <strong><a href=\"https:\/\/diamantaire-paris.com\/vendre-haute-joaillerie\/vendre-bijoux-bulgari\/\" target=\"_new\">Bulgari<\/a><\/strong>, et <strong><a href=\"https:\/\/diamantaire-paris.com\/vendre-haute-joaillerie\/vendre-bijoux-repossi\/\" target=\"_new\">Repossi<\/a><\/strong>. Notre \u00e9quipe d&rsquo;experts est d\u00e9di\u00e9e \u00e0 fournir des conseils d&rsquo;experts pour <strong><a href=\"https:\/\/diamantaire-paris.com\/vendre-haute-joaillerie\/vendre-bijoux-fred\/\" target=\"_new\">vendre ou estimer ces bijoux de luxe<\/a><\/strong>, assurant que chaque pi\u00e8ce re\u00e7oit l&rsquo;attention et la valeur qu&rsquo;elle m\u00e9rite.<\/p>\n<p>Pour ceux qui cherchent \u00e0 investir dans des diamants, nous offrons un guide complet sur <strong><a href=\"https:\/\/diamantaire-paris.com\/acheter-diamant\/quel-diamant-choisir\/\" target=\"_new\">comment choisir le bon diamant<\/a><\/strong>, en mettant l&rsquo;accent sur l&rsquo;importance des 4C (Couleur, Clart\u00e9, Coupe et Carat). Notre <strong><a href=\"https:\/\/diamantaire-paris.com\/estimer-un-diamant-gia\/guide-diamant-de-purete-vvs\/\" target=\"_new\">guide de puret\u00e9 des diamants VVS<\/a><\/strong> et notre <strong><a href=\"https:\/\/diamantaire-paris.com\/estimer-un-diamant-gia\/guide-prix-diamant\/\" target=\"_new\">guide du prix des diamants<\/a><\/strong> sont des ressources pr\u00e9cieuses pour ceux qui souhaitent comprendre la valeur de leur investissement.<\/p>\n<p>Nous sommes \u00e9galement sp\u00e9cialis\u00e9s dans l&rsquo;\u00e9valuation et la vente de diamants certifi\u00e9s, y compris ceux certifi\u00e9s par <strong><a href=\"https:\/\/diamantaire-paris.com\/estimer-un-diamant-gia\/gia\/\" target=\"_new\">GIA<\/a><\/strong> et <strong><a href=\"https:\/\/diamantaire-paris.com\/estimer-un-diamant-gia\/igi\/\" target=\"_new\">IGI<\/a><\/strong>. Que vous cherchiez \u00e0 <strong><a href=\"https:\/\/diamantaire-paris.com\/vendre-diamant\/\" target=\"_new\">vendre un diamant GIA<\/a><\/strong> ou \u00e0 obtenir une \u00e9valuation pour un diamant sans certificat, notre \u00e9quipe est l\u00e0 pour vous aider \u00e0 chaque \u00e9tape.<\/p>\n<p>Enfin, pour ceux qui cherchent \u00e0 vendre des pi\u00e8ces sp\u00e9cifiques, nous offrons des services pour <strong><a href=\"https:\/\/diamantaire-paris.com\/vendre-diamant\/ou-vendre-bague-diamant\/\" target=\"_new\">vendre des bagues diamant<\/a><\/strong>, des bracelets, et d&rsquo;autres bijoux pr\u00e9cieux. Notre expertise couvre une large gamme de p\u00e9riodes et de styles, y compris les <strong><a href=\"https:\/\/diamantaire-paris.com\/vendre-un-bien\/bijoux-anciens\/les-bijoux-cartier\/\" target=\"_new\">bijoux Cartier<\/a><\/strong> et les pi\u00e8ces anciennes. Chez Diamantaire Paris, nous nous engageons \u00e0 offrir un service exceptionnel et \u00e0 garantir que chaque transaction est trait\u00e9e avec le plus grand professionnalisme et confidentialit\u00e9.<\/p>\t\t\t\t\t\t\t\t<\/div>\n\t\t\t\t<\/div>\n\t\t\t\t<div class=\"elementor-element elementor-element-fc03351 elementor-widget elementor-widget-text-editor\" data-id=\"fc03351\" data-element_type=\"widget\" data-e-type=\"widget\" data-widget_type=\"text-editor.default\">\n\t\t\t\t<div class=\"elementor-widget-container\">\n\t\t\t\t\t\t\t\t\t<ol>\n \t<li><a href=\"https:\/\/diamantaire-paris.com\/vendre-un-bien\/union-de-diamantaires\/\">Partenariat avec l&rsquo;Union des Diamantaires<\/a><\/li>\n \t<li><a href=\"https:\/\/diamantaire-paris.com\/vendre-un-bien\/vendre-un-pendentif-diamant\/\">Options pour vendre un pendentif en diamant<\/a><\/li>\n \t<li><a href=\"https:\/\/diamantaire-paris.com\/estimer-un-diamant-gia\/cibjo-et-scan\/\">Conseils d&rsquo;expertise diamant &#8211; CIBJO et scan<\/a><\/li>\n \t<li><a href=\"https:\/\/diamantaire-paris.com\/vendre-un-bijou-en-ligne\/\">Service de vente de bijoux en ligne<\/a><\/li>\n<\/ol>\t\t\t\t\t\t\t\t<\/div>\n\t\t\t\t<\/div>\n\t\t\t\t\t<\/div>\n\t\t<\/div>\n\t\t\t\t\t<\/div>\n\t\t<\/section>\n\t\t\t\t<\/div>\n\t\t","protected":false},"excerpt":{"rendered":"<p>Situ\u00e9s entre le 3eme et le 4eme arrondissement de Paris et au coeur de Paris, l\u2019\u00e9quipe de\u00a0Diamantaires Paris OG est \u00e0 votre disposition pour vous recevoir dans leurs bureaux au 43 rue Beaubourg avec ou sans rendez vous. La soci\u00e9t\u00e9 Obagem, sp\u00e9cialiste du rachat\u00a0de pierres pr\u00e9cieuses et de bijoux anciens, Obagem estime gratuitement vos bijoux [&hellip;]<\/p>\n","protected":false},"author":1,"featured_media":3639,"parent":1629,"menu_order":0,"comment_status":"open","ping_status":"open","template":"elementor_header_footer","meta":{"content-type":"","footnotes":""},"class_list":["post-3638","page","type-page","status-publish","has-post-thumbnail","hentry"],"_links":{"self":[{"href":"https:\/\/diamantaire-paris.com\/ru\/wp-json\/wp\/v2\/pages\/3638","targetHints":{"allow":["GET"]}}],"collection":[{"href":"https:\/\/diamantaire-paris.com\/ru\/wp-json\/wp\/v2\/pages"}],"about":[{"href":"https:\/\/diamantaire-paris.com\/ru\/wp-json\/wp\/v2\/types\/page"}],"author":[{"embeddable":true,"href":"https:\/\/diamantaire-paris.com\/ru\/wp-json\/wp\/v2\/users\/1"}],"replies":[{"embeddable":true,"href":"https:\/\/diamantaire-paris.com\/ru\/wp-json\/wp\/v2\/comments?post=3638"}],"version-history":[{"count":10,"href":"https:\/\/diamantaire-paris.com\/ru\/wp-json\/wp\/v2\/pages\/3638\/revisions"}],"predecessor-version":[{"id":16908,"href":"https:\/\/diamantaire-paris.com\/ru\/wp-json\/wp\/v2\/pages\/3638\/revisions\/16908"}],"up":[{"embeddable":true,"href":"https:\/\/diamantaire-paris.com\/ru\/wp-json\/wp\/v2\/pages\/1629"}],"wp:featuredmedia":[{"embeddable":true,"href":"https:\/\/diamantaire-paris.com\/ru\/wp-json\/wp\/v2\/media\/3639"}],"wp:attachment":[{"href":"https:\/\/diamantaire-paris.com\/ru\/wp-json\/wp\/v2\/media?parent=3638"}],"curies":[{"name":"wp","href":"https:\/\/api.w.org\/{rel}","templated":true}]}}