{"id":1629,"date":"2013-12-24T04:31:24","date_gmt":"2013-12-24T04:31:24","guid":{"rendered":"http:\/\/themes.goodlayers2.com\/flawless\/?page_id=1629"},"modified":"2024-03-07T13:12:00","modified_gmt":"2024-03-07T12:12:00","slug":"contact","status":"publish","type":"page","link":"https:\/\/diamantaire-paris.com\/pl\/contact\/","title":{"rendered":"Contactez Diamantaires OG &#8211; OBAGEM"},"content":{"rendered":"\t\t<div data-elementor-type=\"wp-page\" data-elementor-id=\"1629\" class=\"elementor elementor-1629\" data-elementor-post-type=\"page\">\n\t\t\t\t\t\t<section class=\"elementor-section elementor-top-section elementor-element elementor-element-c97dd0d elementor-section-boxed elementor-section-height-default elementor-section-height-default\" data-id=\"c97dd0d\" data-element_type=\"section\" data-e-type=\"section\">\n\t\t\t\t\t\t<div class=\"elementor-container elementor-column-gap-default\">\n\t\t\t\t\t<div class=\"elementor-column elementor-col-100 elementor-top-column elementor-element elementor-element-b46fe1e\" data-id=\"b46fe1e\" data-element_type=\"column\" data-e-type=\"column\">\n\t\t\t<div class=\"elementor-widget-wrap elementor-element-populated\">\n\t\t\t\t\t\t<div class=\"elementor-element elementor-element-4956026 elementor-widget elementor-widget-text-editor\" data-id=\"4956026\" data-element_type=\"widget\" data-e-type=\"widget\" data-widget_type=\"text-editor.default\">\n\t\t\t\t<div class=\"elementor-widget-container\">\n\t\t\t\t\t\t\t\t\t<p>Pour la <a href=\"https:\/\/diamantaire-paris.com\/vendre-un-bien\/\">vente d&rsquo;un bijou, nous vous recommandons de passer directement par le formulaire de vente.<\/a><\/p><p>Vous pouvez \u00e9galement contacter <a href=\"https:\/\/obagem.fr\/\" target=\"_blank\" rel=\"noopener\">la soci\u00e9t\u00e9 Obagem sur le site.<\/a><\/p><ol><li><a href=\"https:\/\/diamantaire-paris.com\/contact\/politique-de-confidentialite\/\">Lire notre politique de confidentialit\u00e9<\/a><\/li><li><a href=\"https:\/\/diamantaire-paris.com\/contact\/mentions-legales\/\">Lire nos mentions l\u00e9gales<\/a><\/li><\/ol>\t\t\t\t\t\t\t\t<\/div>\n\t\t\t\t<\/div>\n\t\t\t\t<div class=\"elementor-element elementor-element-4d7639d elementor-widget elementor-widget-accordion\" data-id=\"4d7639d\" data-element_type=\"widget\" data-e-type=\"widget\" data-widget_type=\"accordion.default\">\n\t\t\t\t<div class=\"elementor-widget-container\">\n\t\t\t\t\t\t\t<div class=\"elementor-accordion\">\n\t\t\t\t\t\t\t<div class=\"elementor-accordion-item\">\n\t\t\t\t\t<div id=\"elementor-tab-title-8121\" class=\"elementor-tab-title\" data-tab=\"1\" role=\"button\" aria-controls=\"elementor-tab-content-8121\" aria-expanded=\"false\">\n\t\t\t\t\t\t\t\t\t\t\t\t\t<span class=\"elementor-accordion-icon elementor-accordion-icon-left\" aria-hidden=\"true\">\n\t\t\t\t\t\t\t\t\t\t\t\t\t\t\t<span class=\"elementor-accordion-icon-closed\"><i class=\"fas fa-plus\"><\/i><\/span>\n\t\t\t\t\t\t\t\t<span class=\"elementor-accordion-icon-opened\"><i class=\"fas fa-minus\"><\/i><\/span>\n\t\t\t\t\t\t\t\t\t\t\t\t\t\t<\/span>\n\t\t\t\t\t\t\t\t\t\t\t\t<a class=\"elementor-accordion-title\" tabindex=\"0\">Comment puis-je contacter Diamantaire Paris pour une expertise de bijoux ?<\/a>\n\t\t\t\t\t<\/div>\n\t\t\t\t\t<div id=\"elementor-tab-content-8121\" class=\"elementor-tab-content elementor-clearfix\" data-tab=\"1\" role=\"region\" aria-labelledby=\"elementor-tab-title-8121\"><p>Vous pouvez contacter Diamantaire Paris par t\u00e9l\u00e9phone au +33 1 48 87 23 37 ou par email \u00e0 <a target=\"_new\">achat@diamantaire-paris.com<\/a>. Il est \u00e9galement possible de prendre rendez-vous pour une rencontre en personne.<\/p><\/div>\n\t\t\t\t<\/div>\n\t\t\t\t\t\t\t<div class=\"elementor-accordion-item\">\n\t\t\t\t\t<div id=\"elementor-tab-title-8122\" class=\"elementor-tab-title\" data-tab=\"2\" role=\"button\" aria-controls=\"elementor-tab-content-8122\" aria-expanded=\"false\">\n\t\t\t\t\t\t\t\t\t\t\t\t\t<span class=\"elementor-accordion-icon elementor-accordion-icon-left\" aria-hidden=\"true\">\n\t\t\t\t\t\t\t\t\t\t\t\t\t\t\t<span class=\"elementor-accordion-icon-closed\"><i class=\"fas fa-plus\"><\/i><\/span>\n\t\t\t\t\t\t\t\t<span class=\"elementor-accordion-icon-opened\"><i class=\"fas fa-minus\"><\/i><\/span>\n\t\t\t\t\t\t\t\t\t\t\t\t\t\t<\/span>\n\t\t\t\t\t\t\t\t\t\t\t\t<a class=\"elementor-accordion-title\" tabindex=\"0\">O\u00f9 se trouve Diamantaire Paris et est-il possible de s'y rendre sans rendez-vous ?<\/a>\n\t\t\t\t\t<\/div>\n\t\t\t\t\t<div id=\"elementor-tab-content-8122\" class=\"elementor-tab-content elementor-clearfix\" data-tab=\"2\" role=\"region\" aria-labelledby=\"elementor-tab-title-8122\"><p>Diamantaire Paris est situ\u00e9 au 43 rue Beaubourg 75003 Paris, pr\u00e8s du m\u00e9tro R\u00e9aumur &#8211; S\u00e9bastopol. Vous pouvez vous y rendre avec ou sans rendez-vous.<\/p><\/div>\n\t\t\t\t<\/div>\n\t\t\t\t\t\t\t<div class=\"elementor-accordion-item\">\n\t\t\t\t\t<div id=\"elementor-tab-title-8123\" class=\"elementor-tab-title\" data-tab=\"3\" role=\"button\" aria-controls=\"elementor-tab-content-8123\" aria-expanded=\"false\">\n\t\t\t\t\t\t\t\t\t\t\t\t\t<span class=\"elementor-accordion-icon elementor-accordion-icon-left\" aria-hidden=\"true\">\n\t\t\t\t\t\t\t\t\t\t\t\t\t\t\t<span class=\"elementor-accordion-icon-closed\"><i class=\"fas fa-plus\"><\/i><\/span>\n\t\t\t\t\t\t\t\t<span class=\"elementor-accordion-icon-opened\"><i class=\"fas fa-minus\"><\/i><\/span>\n\t\t\t\t\t\t\t\t\t\t\t\t\t\t<\/span>\n\t\t\t\t\t\t\t\t\t\t\t\t<a class=\"elementor-accordion-title\" tabindex=\"0\">Diamantaire Paris propose-t-il des estimations gratuites et confidentielles ?<\/a>\n\t\t\t\t\t<\/div>\n\t\t\t\t\t<div id=\"elementor-tab-content-8123\" class=\"elementor-tab-content elementor-clearfix\" data-tab=\"3\" role=\"region\" aria-labelledby=\"elementor-tab-title-8123\"><p>Oui, Diamantaire Paris offre des expertises gratuites et confidentielles de bijoux. Il est recommand\u00e9 de prendre rendez-vous pour une \u00e9valuation en personne.<\/p><\/div>\n\t\t\t\t<\/div>\n\t\t\t\t\t\t\t<div class=\"elementor-accordion-item\">\n\t\t\t\t\t<div id=\"elementor-tab-title-8124\" class=\"elementor-tab-title\" data-tab=\"4\" role=\"button\" aria-controls=\"elementor-tab-content-8124\" aria-expanded=\"false\">\n\t\t\t\t\t\t\t\t\t\t\t\t\t<span class=\"elementor-accordion-icon elementor-accordion-icon-left\" aria-hidden=\"true\">\n\t\t\t\t\t\t\t\t\t\t\t\t\t\t\t<span class=\"elementor-accordion-icon-closed\"><i class=\"fas fa-plus\"><\/i><\/span>\n\t\t\t\t\t\t\t\t<span class=\"elementor-accordion-icon-opened\"><i class=\"fas fa-minus\"><\/i><\/span>\n\t\t\t\t\t\t\t\t\t\t\t\t\t\t<\/span>\n\t\t\t\t\t\t\t\t\t\t\t\t<a class=\"elementor-accordion-title\" tabindex=\"0\">Quelle est la politique de rachat de bijoux chez Diamantaire Paris ?<\/a>\n\t\t\t\t\t<\/div>\n\t\t\t\t\t<div id=\"elementor-tab-content-8124\" class=\"elementor-tab-content elementor-clearfix\" data-tab=\"4\" role=\"region\" aria-labelledby=\"elementor-tab-title-8124\"><p>Diamantaire Paris propose les meilleures offres de rachat du march\u00e9. Si vous avez une meilleure offre ailleurs, ils s&rsquo;engagent \u00e0 faire une offre encore meilleure.<\/p><\/div>\n\t\t\t\t<\/div>\n\t\t\t\t\t\t\t<div class=\"elementor-accordion-item\">\n\t\t\t\t\t<div id=\"elementor-tab-title-8125\" class=\"elementor-tab-title\" data-tab=\"5\" role=\"button\" aria-controls=\"elementor-tab-content-8125\" aria-expanded=\"false\">\n\t\t\t\t\t\t\t\t\t\t\t\t\t<span class=\"elementor-accordion-icon elementor-accordion-icon-left\" aria-hidden=\"true\">\n\t\t\t\t\t\t\t\t\t\t\t\t\t\t\t<span class=\"elementor-accordion-icon-closed\"><i class=\"fas fa-plus\"><\/i><\/span>\n\t\t\t\t\t\t\t\t<span class=\"elementor-accordion-icon-opened\"><i class=\"fas fa-minus\"><\/i><\/span>\n\t\t\t\t\t\t\t\t\t\t\t\t\t\t<\/span>\n\t\t\t\t\t\t\t\t\t\t\t\t<a class=\"elementor-accordion-title\" tabindex=\"0\"> Quels types de bijoux puis-je vendre ou acheter chez Diamantaire Paris ?<\/a>\n\t\t\t\t\t<\/div>\n\t\t\t\t\t<div id=\"elementor-tab-content-8125\" class=\"elementor-tab-content elementor-clearfix\" data-tab=\"5\" role=\"region\" aria-labelledby=\"elementor-tab-title-8125\"><p>Vous pouvez vendre ou acheter une vari\u00e9t\u00e9 de bijoux, y compris des bijoux anciens, des diamants, et des pi\u00e8ces exclusives comme des parures Van Cleef &amp; Arpels vintage. Ils offrent \u00e9galement des services de rachat de diamants et de certification de diamant.<\/p><\/div>\n\t\t\t\t<\/div>\n\t\t\t\t\t\t\t\t\t\t<script type=\"application\/ld+json\">{\"@context\":\"https:\\\/\\\/schema.org\",\"@type\":\"FAQPage\",\"mainEntity\":[{\"@type\":\"Question\",\"name\":\"Comment puis-je contacter Diamantaire Paris pour une expertise de bijoux ?\",\"acceptedAnswer\":{\"@type\":\"Answer\",\"text\":\"<p>Vous pouvez contacter Diamantaire Paris par t\\u00e9l\\u00e9phone au +33 1 48 87 23 37 ou par email \\u00e0 <a target=\\\"_new\\\">achat@diamantaire-paris.com<\\\/a>. Il est \\u00e9galement possible de prendre rendez-vous pour une rencontre en personne.<\\\/p>\"}},{\"@type\":\"Question\",\"name\":\"O\\u00f9 se trouve Diamantaire Paris et est-il possible de s'y rendre sans rendez-vous ?\",\"acceptedAnswer\":{\"@type\":\"Answer\",\"text\":\"<p>Diamantaire Paris est situ\\u00e9 au 43 rue Beaubourg 75003 Paris, pr\\u00e8s du m\\u00e9tro R\\u00e9aumur &#8211; S\\u00e9bastopol. Vous pouvez vous y rendre avec ou sans rendez-vous.<\\\/p>\"}},{\"@type\":\"Question\",\"name\":\"Diamantaire Paris propose-t-il des estimations gratuites et confidentielles ?\",\"acceptedAnswer\":{\"@type\":\"Answer\",\"text\":\"<p>Oui, Diamantaire Paris offre des expertises gratuites et confidentielles de bijoux. Il est recommand\\u00e9 de prendre rendez-vous pour une \\u00e9valuation en personne.<\\\/p>\"}},{\"@type\":\"Question\",\"name\":\"Quelle est la politique de rachat de bijoux chez Diamantaire Paris ?\",\"acceptedAnswer\":{\"@type\":\"Answer\",\"text\":\"<p>Diamantaire Paris propose les meilleures offres de rachat du march\\u00e9. Si vous avez une meilleure offre ailleurs, ils s&rsquo;engagent \\u00e0 faire une offre encore meilleure.<\\\/p>\"}},{\"@type\":\"Question\",\"name\":\"Quels types de bijoux puis-je vendre ou acheter chez Diamantaire Paris ?\",\"acceptedAnswer\":{\"@type\":\"Answer\",\"text\":\"<p>Vous pouvez vendre ou acheter une vari\\u00e9t\\u00e9 de bijoux, y compris des bijoux anciens, des diamants, et des pi\\u00e8ces exclusives comme des parures Van Cleef &amp; Arpels vintage. Ils offrent \\u00e9galement des services de rachat de diamants et de certification de diamant.<\\\/p>\"}}]}<\/script>\n\t\t\t\t\t<\/div>\n\t\t\t\t\t\t<\/div>\n\t\t\t\t<\/div>\n\t\t\t\t<div class=\"elementor-element elementor-element-b3996ac elementor-widget elementor-widget-text-editor\" data-id=\"b3996ac\" data-element_type=\"widget\" data-e-type=\"widget\" data-widget_type=\"text-editor.default\">\n\t\t\t\t<div class=\"elementor-widget-container\">\n\t\t\t\t\t\t\t\t\t<p>Chez Diamantaire Paris, nous sommes d\u00e9di\u00e9s \u00e0 fournir une exp\u00e9rience exceptionnelle \u00e0 chaque client qui franchit les portes de notre <strong><a href=\"https:\/\/diamantaire-paris.com\/heritage\/bijouterie-paris\/\" target=\"_new\">bijouterie \u00e0 Paris<\/a><\/strong>. Notre \u00e9quipe d&rsquo;experts est toujours pr\u00eate \u00e0 vous guider dans le processus d&rsquo;achat ou de vente de bijoux pr\u00e9cieux, en vous assurant que chaque transaction se d\u00e9roule avec la plus grande transparence et satisfaction. Si vous cherchez \u00e0 <strong><a href=\"https:\/\/diamantaire-paris.com\/vendre-un-bien\/vendre-un-bracelet\/\" target=\"_new\">vendre un bracelet<\/a><\/strong> ou tout autre bijou de valeur, notre \u00e9quipe d&rsquo;\u00e9valuation professionnelle vous fournira une <strong><a href=\"https:\/\/diamantaire-paris.com\/vendre-un-bien\/estimation-bijoux\/\" target=\"_new\">estimation gratuite de bijou<\/a><\/strong>, garantissant que vous recevez une offre juste et pr\u00e9cise.<\/p><p>Nous comprenons que choisir le bon diamant peut \u00eatre une d\u00e9cision complexe. C&rsquo;est pourquoi nos experts sont l\u00e0 pour vous aider \u00e0 <strong><a href=\"https:\/\/diamantaire-paris.com\/acheter-diamant\/quel-diamant-choisir\/\" target=\"_new\">choisir quel diamant acheter<\/a><\/strong>, en vous guidant \u00e0 travers les nuances des <strong><a href=\"https:\/\/diamantaire-paris.com\/estimer-un-diamant-gia\/gia\/contenu-certificat-gia\/\" target=\"_new\">certificats GIA<\/a><\/strong> et en vous expliquant l&rsquo;importance des <strong><a href=\"https:\/\/diamantaire-paris.com\/estimer-un-diamant-gia\/guide-prix-diamant\/prix-diamant-2-carats\/\" target=\"_new\">4C du diamant<\/a><\/strong>. Notre collection comprend \u00e9galement des pi\u00e8ces exclusives, comme une <strong><a href=\"https:\/\/diamantaire-paris.com\/acheter-diamant\/parure-van-cleef-arpels-vintage\/\" target=\"_new\">parure Van Cleef &amp; Arpels vintage<\/a><\/strong>, chaque pi\u00e8ce \u00e9tant s\u00e9lectionn\u00e9e pour sa beaut\u00e9 et son caract\u00e8re unique.<\/p><p>Pour ceux qui cherchent \u00e0 vendre, nous offrons des alternatives attrayantes aux maisons de vente traditionnelles. Que vous envisagiez notre <strong><a href=\"https:\/\/diamantaire-paris.com\/vendre-un-bien\/alternative-a-sothebys\/\" target=\"_new\">alternative \u00e0 Sotheby&rsquo;s pour vendre un bijou<\/a><\/strong> ou que vous souhaitiez <strong><a href=\"https:\/\/diamantaire-paris.com\/vendre-un-bien\/achat-de-diamants-ferstenberg\/\" target=\"_new\">vendre un diamant certifi\u00e9 Ferstenberg<\/a><\/strong>, nous nous engageons \u00e0 fournir une exp\u00e9rience de vente transparente et avantageuse.<\/p><p>Notre engagement envers l&rsquo;excellence ne s&rsquo;arr\u00eate pas l\u00e0. Nous offrons \u00e9galement des services de <strong><a href=\"https:\/\/diamantaire-paris.com\/heritage\/rachat-diamants\/\" target=\"_new\">rachat de diamants<\/a><\/strong>, vous permettant de vendre vos pierres pr\u00e9cieuses en toute confiance. De plus, notre service de <strong><a href=\"https:\/\/diamantaire-paris.com\/estimer-un-diamant-gia\/certifier-diamant\/\" target=\"_new\">certification de diamant<\/a><\/strong> garantit que chaque pierre que nous vendons ou achetons r\u00e9pond aux normes les plus \u00e9lev\u00e9es de l&rsquo;industrie.<\/p><p>Chez Diamantaire Paris, chaque client est pr\u00e9cieux. Que vous cherchiez \u00e0 acheter, \u00e0 vendre ou simplement \u00e0 explorer vos options, notre \u00e9quipe est l\u00e0 pour vous fournir des conseils d&rsquo;experts et un service personnalis\u00e9. <strong>Contactez-nous<\/strong> d\u00e8s aujourd&rsquo;hui pour d\u00e9couvrir comment nous pouvons vous aider \u00e0 r\u00e9aliser vos r\u00eaves de bijoux.<\/p>\t\t\t\t\t\t\t\t<\/div>\n\t\t\t\t<\/div>\n\t\t\t\t\t<\/div>\n\t\t<\/div>\n\t\t\t\t\t<\/div>\n\t\t<\/section>\n\t\t\t\t<\/div>\n\t\t","protected":false},"excerpt":{"rendered":"<p>Pour la vente d&rsquo;un bijou, nous vous recommandons de passer directement par le formulaire de vente. Vous pouvez \u00e9galement contacter la soci\u00e9t\u00e9 Obagem sur le site. Lire notre politique de confidentialit\u00e9 Lire nos mentions l\u00e9gales Comment puis-je contacter Diamantaire Paris pour une expertise de bijoux ? Vous pouvez contacter Diamantaire Paris par t\u00e9l\u00e9phone au +33 [&hellip;]<\/p>\n","protected":false},"author":1,"featured_media":0,"parent":0,"menu_order":0,"comment_status":"closed","ping_status":"open","template":"","meta":{"content-type":"","footnotes":""},"class_list":["post-1629","page","type-page","status-publish","hentry"],"_links":{"self":[{"href":"https:\/\/diamantaire-paris.com\/pl\/wp-json\/wp\/v2\/pages\/1629","targetHints":{"allow":["GET"]}}],"collection":[{"href":"https:\/\/diamantaire-paris.com\/pl\/wp-json\/wp\/v2\/pages"}],"about":[{"href":"https:\/\/diamantaire-paris.com\/pl\/wp-json\/wp\/v2\/types\/page"}],"author":[{"embeddable":true,"href":"https:\/\/diamantaire-paris.com\/pl\/wp-json\/wp\/v2\/users\/1"}],"replies":[{"embeddable":true,"href":"https:\/\/diamantaire-paris.com\/pl\/wp-json\/wp\/v2\/comments?post=1629"}],"version-history":[{"count":10,"href":"https:\/\/diamantaire-paris.com\/pl\/wp-json\/wp\/v2\/pages\/1629\/revisions"}],"predecessor-version":[{"id":15579,"href":"https:\/\/diamantaire-paris.com\/pl\/wp-json\/wp\/v2\/pages\/1629\/revisions\/15579"}],"wp:attachment":[{"href":"https:\/\/diamantaire-paris.com\/pl\/wp-json\/wp\/v2\/media?parent=1629"}],"curies":[{"name":"wp","href":"https:\/\/api.w.org\/{rel}","templated":true}]}}