{"id":10879,"date":"2022-11-13T17:20:35","date_gmt":"2022-11-13T16:20:35","guid":{"rendered":"https:\/\/diamantaire-paris.com\/?page_id=10879"},"modified":"2024-03-07T12:02:26","modified_gmt":"2024-03-07T11:02:26","slug":"gem-a","status":"publish","type":"page","link":"https:\/\/diamantaire-paris.com\/pl\/estimer-un-diamant-gia\/certificat-gia\/4c\/gem-a\/","title":{"rendered":"Stowarzyszenie Gemmoligiczne Wielkiej Brytanii (Gem-A)"},"content":{"rendered":"\t\t<div data-elementor-type=\"wp-page\" data-elementor-id=\"10879\" class=\"elementor elementor-10879\" data-elementor-post-type=\"page\">\n\t\t\t\t\t\t<section class=\"elementor-section elementor-top-section elementor-element elementor-element-6bc3903 elementor-section-boxed elementor-section-height-default elementor-section-height-default\" data-id=\"6bc3903\" data-element_type=\"section\" data-e-type=\"section\">\n\t\t\t\t\t\t<div class=\"elementor-container elementor-column-gap-default\">\n\t\t\t\t\t<div class=\"elementor-column elementor-col-100 elementor-top-column elementor-element elementor-element-47273cdf\" data-id=\"47273cdf\" data-element_type=\"column\" data-e-type=\"column\">\n\t\t\t<div class=\"elementor-widget-wrap elementor-element-populated\">\n\t\t\t\t\t\t<div class=\"elementor-element elementor-element-ae68994 elementor-widget elementor-widget-shortcode\" data-id=\"ae68994\" data-element_type=\"widget\" data-e-type=\"widget\" data-widget_type=\"shortcode.default\">\n\t\t\t\t<div class=\"elementor-widget-container\">\n\t\t\t\t\t\t\t<div class=\"elementor-shortcode\"><nav aria-label=\"breadcrumbs\" class=\"rank-math-breadcrumb\"><p><span class=\"last\">Diamantaires Paris<\/span><\/p><\/nav><\/div>\n\t\t\t\t\t\t<\/div>\n\t\t\t\t<\/div>\n\t\t\t\t<div class=\"elementor-element elementor-element-eef6a6e elementor-widget elementor-widget-heading\" data-id=\"eef6a6e\" data-element_type=\"widget\" data-e-type=\"widget\" data-widget_type=\"heading.default\">\n\t\t\t\t<div class=\"elementor-widget-container\">\n\t\t\t\t\t<h2 class=\"elementor-heading-title elementor-size-default\">La Gemmoligical Assocation of Great Britain (Gem-A)<\/h2>\t\t\t\t<\/div>\n\t\t\t\t<\/div>\n\t\t\t\t<div class=\"elementor-element elementor-element-1255fdaf elementor-widget elementor-widget-text-editor\" data-id=\"1255fdaf\" data-element_type=\"widget\" data-e-type=\"widget\" data-widget_type=\"text-editor.default\">\n\t\t\t\t<div class=\"elementor-widget-container\">\n\t\t\t\t\t\t\t\t\t<p><em>La Gem-A est un organisme de formation britannique qui permet d\u2019obtenir, apr\u00e8s avoir suivi des cours en pr\u00e9sentiel ou en ligne, un dipl\u00f4me en pierres pr\u00e9cieuses ou en diamants. D\u00e9couvrez l\u2019histoire de la Gem-A et les cours qu\u2019elle propose.<\/em><\/p>\t\t\t\t\t\t\t\t<\/div>\n\t\t\t\t<\/div>\n\t\t\t\t<div class=\"elementor-element elementor-element-07886e8 elementor-widget elementor-widget-heading\" data-id=\"07886e8\" data-element_type=\"widget\" data-e-type=\"widget\" data-widget_type=\"heading.default\">\n\t\t\t\t<div class=\"elementor-widget-container\">\n\t\t\t\t\t<h2 class=\"elementor-heading-title elementor-size-default\">Qu\u2019est-ce que la Gem-A ?<\/h2>\t\t\t\t<\/div>\n\t\t\t\t<\/div>\n\t\t\t\t<div class=\"elementor-element elementor-element-3180640 elementor-widget elementor-widget-text-editor\" data-id=\"3180640\" data-element_type=\"widget\" data-e-type=\"widget\" data-widget_type=\"text-editor.default\">\n\t\t\t\t<div class=\"elementor-widget-container\">\n\t\t\t\t\t\t\t\t\t<p>La Gem-A (Gemmoligical Assocation of Great Britain) est un organisme de formation et de qualification en gemmologie qui est bas\u00e9 au Royaume-Uni. Cet organisme a \u00e9t\u00e9 cr\u00e9\u00e9 pour \u00e9duquer sur les pierres pr\u00e9cieuses et les diamants, notamment dans un contexte de multiplication des pierres de synth\u00e8se et des perles de culture.<\/p>\t\t\t\t\t\t\t\t<\/div>\n\t\t\t\t<\/div>\n\t\t\t\t<div class=\"elementor-element elementor-element-5c5e752 elementor-widget elementor-widget-heading\" data-id=\"5c5e752\" data-element_type=\"widget\" data-e-type=\"widget\" data-widget_type=\"heading.default\">\n\t\t\t\t<div class=\"elementor-widget-container\">\n\t\t\t\t\t<h2 class=\"elementor-heading-title elementor-size-default\">L\u2019histoire de la Gem-A <\/h2>\t\t\t\t<\/div>\n\t\t\t\t<\/div>\n\t\t\t\t<div class=\"elementor-element elementor-element-74a8693 elementor-widget elementor-widget-text-editor\" data-id=\"74a8693\" data-element_type=\"widget\" data-e-type=\"widget\" data-widget_type=\"text-editor.default\">\n\t\t\t\t<div class=\"elementor-widget-container\">\n\t\t\t\t\t\t\t\t\t<p>En 1908, un comit\u00e9 de gemmologie a \u00e9t\u00e9 cr\u00e9\u00e9 par la National Association of Goldsmiths (NAG) pour repr\u00e9senter les int\u00e9r\u00eats des bijoutiers dans un contexte de r\u00e9volution industrielle. L\u2019objectif \u00e9tait aussi de mettre en place des qualifications gemmologiques reconnues pour le commerce des pierres pr\u00e9cieuses et des bijoux au Royaume-Uni. Des cours d\u2019\u00e9tude des pierres pr\u00e9cieuses et des examens ont \u00e9t\u00e9 mis en place rapidement.<\/p><p>En 1931, le comit\u00e9 est devenu la Gemmological Association of Great Britain, une branche distincte de la NAG. Dans les ann\u00e9es qui suivirent, la Gem-A a tiss\u00e9 de nombreux liens avec d\u2019autres associations de gemmologie, notamment aux Etats-Unis, en Asie ou en Australie. Son autonomie et son ind\u00e9pendance lui ont permis de devenir une organisation ind\u00e9pendante dans les ann\u00e9es 90.<\/p><p>Aujourd\u2019hui, la Gem-A est une association caritative britannique pour l\u2019\u00e9ducation\u00a0; elle donne des cours de gemmologie et de diamant dans 25 pays du monde\u00a0!<\/p><p>Gem-A propose des cours de gemmologie et de diamant, ainsi qu&rsquo;un large \u00e9ventail de cours de courte dur\u00e9e, de cours en laboratoire et d&rsquo;ateliers d&rsquo;une journ\u00e9e, destin\u00e9s aux d\u00e9butants comme aux experts en la mati\u00e8re.<\/p><p>La Gem-A publie 7 fois par an le magazine <em>Gems and Jewellery<\/em>, qui traite de tous les aspects des pierres pr\u00e9cieuses et des bijoux, ainsi que le magazine trimestriel <em>The Journal of Gemmology<\/em>, e collaboration avec l&rsquo;Institut suisse de gemmologie <a href=\"https:\/\/www.obagem.fr\/vendre-diamant-ssef\/\" target=\"_blank\" rel=\"noopener\">SSEF<\/a>.<\/p>\t\t\t\t\t\t\t\t<\/div>\n\t\t\t\t<\/div>\n\t\t\t\t<div class=\"elementor-element elementor-element-76f4ab8 elementor-widget elementor-widget-heading\" data-id=\"76f4ab8\" data-element_type=\"widget\" data-e-type=\"widget\" data-widget_type=\"heading.default\">\n\t\t\t\t<div class=\"elementor-widget-container\">\n\t\t\t\t\t<h2 class=\"elementor-heading-title elementor-size-default\">Les cours de la Gem-A<\/h2>\t\t\t\t<\/div>\n\t\t\t\t<\/div>\n\t\t\t\t<div class=\"elementor-element elementor-element-4d834e0 elementor-widget elementor-widget-text-editor\" data-id=\"4d834e0\" data-element_type=\"widget\" data-e-type=\"widget\" data-widget_type=\"text-editor.default\">\n\t\t\t\t<div class=\"elementor-widget-container\">\n\t\t\t\t\t\t\t\t\t<p>La Gem-A propose des cours de base en gemmologie qui permettent d\u2019obtenir une certification, ainsi que des cours de dipl\u00f4me en gemmologie de FGA. Des cours plus sp\u00e9cialis\u00e9s sur le diamant permettent \u00e9galement d\u2019obtenir un dipl\u00f4me en diamant et une adh\u00e9sion \u00e9ventuelle au DGA. Tous les cours peuvent \u00eatre suivis au si\u00e8ge de l\u2019association \u00e0 Londres, en journ\u00e9e ou en cours du soir, ou dans l\u2019un\u00a0 des centres d&rsquo;enseignement accr\u00e9dit\u00e9s internationaux de Gem-A. On peut \u00e9galement suivre des cours en ligne.<\/p>\t\t\t\t\t\t\t\t<\/div>\n\t\t\t\t<\/div>\n\t\t\t\t<div class=\"elementor-element elementor-element-bfb9d7e elementor-widget elementor-widget-button\" data-id=\"bfb9d7e\" data-element_type=\"widget\" data-e-type=\"widget\" data-widget_type=\"button.default\">\n\t\t\t\t<div class=\"elementor-widget-container\">\n\t\t\t\t\t\t\t\t\t<div class=\"elementor-button-wrapper\">\n\t\t\t\t\t<a class=\"elementor-button elementor-button-link elementor-size-sm\" href=\"https:\/\/www.obagem.fr\/vendre-diamant-gem-a\/\" target=\"_blank\" rel=\"noopener\">\n\t\t\t\t\t\t<span class=\"elementor-button-content-wrapper\">\n\t\t\t\t\t\t\t\t\t<span class=\"elementor-button-text\">Plus d'infos sur le GEM A<\/span>\n\t\t\t\t\t<\/span>\n\t\t\t\t\t<\/a>\n\t\t\t\t<\/div>\n\t\t\t\t\t\t\t\t<\/div>\n\t\t\t\t<\/div>\n\t\t\t\t<div class=\"elementor-element elementor-element-2d74636 elementor-widget elementor-widget-accordion\" data-id=\"2d74636\" data-element_type=\"widget\" data-e-type=\"widget\" data-widget_type=\"accordion.default\">\n\t\t\t\t<div class=\"elementor-widget-container\">\n\t\t\t\t\t\t\t<div class=\"elementor-accordion\">\n\t\t\t\t\t\t\t<div class=\"elementor-accordion-item\">\n\t\t\t\t\t<div id=\"elementor-tab-title-4761\" class=\"elementor-tab-title\" data-tab=\"1\" role=\"button\" aria-controls=\"elementor-tab-content-4761\" aria-expanded=\"false\">\n\t\t\t\t\t\t\t\t\t\t\t\t\t<span class=\"elementor-accordion-icon elementor-accordion-icon-left\" aria-hidden=\"true\">\n\t\t\t\t\t\t\t\t\t\t\t\t\t\t\t<span class=\"elementor-accordion-icon-closed\"><i class=\"fas fa-plus\"><\/i><\/span>\n\t\t\t\t\t\t\t\t<span class=\"elementor-accordion-icon-opened\"><i class=\"fas fa-minus\"><\/i><\/span>\n\t\t\t\t\t\t\t\t\t\t\t\t\t\t<\/span>\n\t\t\t\t\t\t\t\t\t\t\t\t<a class=\"elementor-accordion-title\" tabindex=\"0\">Qu'est-ce que la Gem-A ?<\/a>\n\t\t\t\t\t<\/div>\n\t\t\t\t\t<div id=\"elementor-tab-content-4761\" class=\"elementor-tab-content elementor-clearfix\" data-tab=\"1\" role=\"region\" aria-labelledby=\"elementor-tab-title-4761\"><p>La Gem-A (Gemmoligical Association of Great Britain) est un organisme de formation britannique sp\u00e9cialis\u00e9 en gemmologie. Ils offrent des cours en pr\u00e9sentiel ou en ligne pour obtenir des dipl\u00f4mes en pierres pr\u00e9cieuses ou en diamants.<\/p><\/div>\n\t\t\t\t<\/div>\n\t\t\t\t\t\t\t<div class=\"elementor-accordion-item\">\n\t\t\t\t\t<div id=\"elementor-tab-title-4762\" class=\"elementor-tab-title\" data-tab=\"2\" role=\"button\" aria-controls=\"elementor-tab-content-4762\" aria-expanded=\"false\">\n\t\t\t\t\t\t\t\t\t\t\t\t\t<span class=\"elementor-accordion-icon elementor-accordion-icon-left\" aria-hidden=\"true\">\n\t\t\t\t\t\t\t\t\t\t\t\t\t\t\t<span class=\"elementor-accordion-icon-closed\"><i class=\"fas fa-plus\"><\/i><\/span>\n\t\t\t\t\t\t\t\t<span class=\"elementor-accordion-icon-opened\"><i class=\"fas fa-minus\"><\/i><\/span>\n\t\t\t\t\t\t\t\t\t\t\t\t\t\t<\/span>\n\t\t\t\t\t\t\t\t\t\t\t\t<a class=\"elementor-accordion-title\" tabindex=\"0\">Quels types de cours propose la Gem-A ?<\/a>\n\t\t\t\t\t<\/div>\n\t\t\t\t\t<div id=\"elementor-tab-content-4762\" class=\"elementor-tab-content elementor-clearfix\" data-tab=\"2\" role=\"region\" aria-labelledby=\"elementor-tab-title-4762\"><p>La Gem-A propose des cours de base en gemmologie, des cours de dipl\u00f4me en gemmologie (FGA), et des cours sp\u00e9cialis\u00e9s sur le diamant. Ces cours sont disponibles \u00e0 Londres, dans des centres d\u2019enseignement internationaux accr\u00e9dit\u00e9s, ou en ligne.<\/p><\/div>\n\t\t\t\t<\/div>\n\t\t\t\t\t\t\t<div class=\"elementor-accordion-item\">\n\t\t\t\t\t<div id=\"elementor-tab-title-4763\" class=\"elementor-tab-title\" data-tab=\"3\" role=\"button\" aria-controls=\"elementor-tab-content-4763\" aria-expanded=\"false\">\n\t\t\t\t\t\t\t\t\t\t\t\t\t<span class=\"elementor-accordion-icon elementor-accordion-icon-left\" aria-hidden=\"true\">\n\t\t\t\t\t\t\t\t\t\t\t\t\t\t\t<span class=\"elementor-accordion-icon-closed\"><i class=\"fas fa-plus\"><\/i><\/span>\n\t\t\t\t\t\t\t\t<span class=\"elementor-accordion-icon-opened\"><i class=\"fas fa-minus\"><\/i><\/span>\n\t\t\t\t\t\t\t\t\t\t\t\t\t\t<\/span>\n\t\t\t\t\t\t\t\t\t\t\t\t<a class=\"elementor-accordion-title\" tabindex=\"0\">Comment Diamantaire Paris utilise-t-il les connaissances de la Gem-A ?<\/a>\n\t\t\t\t\t<\/div>\n\t\t\t\t\t<div id=\"elementor-tab-content-4763\" class=\"elementor-tab-content elementor-clearfix\" data-tab=\"3\" role=\"region\" aria-labelledby=\"elementor-tab-title-4763\"><p>Diamantaire Paris se distingue par son expertise dans le domaine des pierres pr\u00e9cieuses et des bijoux, en utilisant des connaissances approfondies comme celles enseign\u00e9es par la Gem-A pour l&rsquo;\u00e9valuation et la vente de bijoux et de diamants.<\/p><\/div>\n\t\t\t\t<\/div>\n\t\t\t\t\t\t\t<div class=\"elementor-accordion-item\">\n\t\t\t\t\t<div id=\"elementor-tab-title-4764\" class=\"elementor-tab-title\" data-tab=\"4\" role=\"button\" aria-controls=\"elementor-tab-content-4764\" aria-expanded=\"false\">\n\t\t\t\t\t\t\t\t\t\t\t\t\t<span class=\"elementor-accordion-icon elementor-accordion-icon-left\" aria-hidden=\"true\">\n\t\t\t\t\t\t\t\t\t\t\t\t\t\t\t<span class=\"elementor-accordion-icon-closed\"><i class=\"fas fa-plus\"><\/i><\/span>\n\t\t\t\t\t\t\t\t<span class=\"elementor-accordion-icon-opened\"><i class=\"fas fa-minus\"><\/i><\/span>\n\t\t\t\t\t\t\t\t\t\t\t\t\t\t<\/span>\n\t\t\t\t\t\t\t\t\t\t\t\t<a class=\"elementor-accordion-title\" tabindex=\"0\">Quels services Diamantaire Paris offre-t-il en lien avec les diamants GIA ?<\/a>\n\t\t\t\t\t<\/div>\n\t\t\t\t\t<div id=\"elementor-tab-content-4764\" class=\"elementor-tab-content elementor-clearfix\" data-tab=\"4\" role=\"region\" aria-labelledby=\"elementor-tab-title-4764\"><p>Diamantaire Paris offre des services d&rsquo;\u00e9valuation d\u00e9taill\u00e9e des diamants GIA, examinant minutieusement chaque aspect des 4C du diamant pour garantir une \u00e9valuation pr\u00e9cise et transparente.<\/p><\/div>\n\t\t\t\t<\/div>\n\t\t\t\t\t\t\t<div class=\"elementor-accordion-item\">\n\t\t\t\t\t<div id=\"elementor-tab-title-4765\" class=\"elementor-tab-title\" data-tab=\"5\" role=\"button\" aria-controls=\"elementor-tab-content-4765\" aria-expanded=\"false\">\n\t\t\t\t\t\t\t\t\t\t\t\t\t<span class=\"elementor-accordion-icon elementor-accordion-icon-left\" aria-hidden=\"true\">\n\t\t\t\t\t\t\t\t\t\t\t\t\t\t\t<span class=\"elementor-accordion-icon-closed\"><i class=\"fas fa-plus\"><\/i><\/span>\n\t\t\t\t\t\t\t\t<span class=\"elementor-accordion-icon-opened\"><i class=\"fas fa-minus\"><\/i><\/span>\n\t\t\t\t\t\t\t\t\t\t\t\t\t\t<\/span>\n\t\t\t\t\t\t\t\t\t\t\t\t<a class=\"elementor-accordion-title\" tabindex=\"0\">O\u00f9 se trouve Diamantaire Paris et comment les contacter ?<\/a>\n\t\t\t\t\t<\/div>\n\t\t\t\t\t<div id=\"elementor-tab-content-4765\" class=\"elementor-tab-content elementor-clearfix\" data-tab=\"5\" role=\"region\" aria-labelledby=\"elementor-tab-title-4765\"><p>Diamantaire Paris est situ\u00e9 au 43 rue Beaubourg, 75003 Paris, pr\u00e8s du m\u00e9tro R\u00e9aumur &#8211; S\u00e9bastopol. Ils sont joignables par t\u00e9l\u00e9phone au 01 48 87 23 37 ou par email \u00e0 <a target=\"_new\">achat@diamantaire-paris.com<\/a>. Ils proposent des expertises gratuites et confidentielles, et il est possible de se d\u00e9placer pour une \u00e9valuation ou d&rsquo;envoyer une pr\u00e9-expertise par email.<\/p><\/div>\n\t\t\t\t<\/div>\n\t\t\t\t\t\t\t\t\t\t<script type=\"application\/ld+json\">{\"@context\":\"https:\\\/\\\/schema.org\",\"@type\":\"FAQPage\",\"mainEntity\":[{\"@type\":\"Question\",\"name\":\"Qu'est-ce que la Gem-A ?\",\"acceptedAnswer\":{\"@type\":\"Answer\",\"text\":\"<p>La Gem-A (Gemmoligical Association of Great Britain) est un organisme de formation britannique sp\\u00e9cialis\\u00e9 en gemmologie. Ils offrent des cours en pr\\u00e9sentiel ou en ligne pour obtenir des dipl\\u00f4mes en pierres pr\\u00e9cieuses ou en diamants.<\\\/p>\"}},{\"@type\":\"Question\",\"name\":\"Quels types de cours propose la Gem-A ?\",\"acceptedAnswer\":{\"@type\":\"Answer\",\"text\":\"<p>La Gem-A propose des cours de base en gemmologie, des cours de dipl\\u00f4me en gemmologie (FGA), et des cours sp\\u00e9cialis\\u00e9s sur le diamant. Ces cours sont disponibles \\u00e0 Londres, dans des centres d\\u2019enseignement internationaux accr\\u00e9dit\\u00e9s, ou en ligne.<\\\/p>\"}},{\"@type\":\"Question\",\"name\":\"Comment Diamantaire Paris utilise-t-il les connaissances de la Gem-A ?\",\"acceptedAnswer\":{\"@type\":\"Answer\",\"text\":\"<p>Diamantaire Paris se distingue par son expertise dans le domaine des pierres pr\\u00e9cieuses et des bijoux, en utilisant des connaissances approfondies comme celles enseign\\u00e9es par la Gem-A pour l&rsquo;\\u00e9valuation et la vente de bijoux et de diamants.<\\\/p>\"}},{\"@type\":\"Question\",\"name\":\"Quels services Diamantaire Paris offre-t-il en lien avec les diamants GIA ?\",\"acceptedAnswer\":{\"@type\":\"Answer\",\"text\":\"<p>Diamantaire Paris offre des services d&rsquo;\\u00e9valuation d\\u00e9taill\\u00e9e des diamants GIA, examinant minutieusement chaque aspect des 4C du diamant pour garantir une \\u00e9valuation pr\\u00e9cise et transparente.<\\\/p>\"}},{\"@type\":\"Question\",\"name\":\"O\\u00f9 se trouve Diamantaire Paris et comment les contacter ?\",\"acceptedAnswer\":{\"@type\":\"Answer\",\"text\":\"<p>Diamantaire Paris est situ\\u00e9 au 43 rue Beaubourg, 75003 Paris, pr\\u00e8s du m\\u00e9tro R\\u00e9aumur &#8211; S\\u00e9bastopol. Ils sont joignables par t\\u00e9l\\u00e9phone au 01 48 87 23 37 ou par email \\u00e0 <a target=\\\"_new\\\">achat@diamantaire-paris.com<\\\/a>. Ils proposent des expertises gratuites et confidentielles, et il est possible de se d\\u00e9placer pour une \\u00e9valuation ou d&rsquo;envoyer une pr\\u00e9-expertise par email.<\\\/p>\"}}]}<\/script>\n\t\t\t\t\t<\/div>\n\t\t\t\t\t\t<\/div>\n\t\t\t\t<\/div>\n\t\t\t\t<div class=\"elementor-element elementor-element-241af9e elementor-widget elementor-widget-text-editor\" data-id=\"241af9e\" data-element_type=\"widget\" data-e-type=\"widget\" data-widget_type=\"text-editor.default\">\n\t\t\t\t<div class=\"elementor-widget-container\">\n\t\t\t\t\t\t\t\t\t<p>Diamantaire Paris se distingue par son expertise in\u00e9gal\u00e9e dans le domaine des pierres pr\u00e9cieuses et des bijoux, offrant des services d&rsquo;\u00e9valuation et de vente haut de gamme. Notre engagement envers l&rsquo;excellence se refl\u00e8te dans notre approche d\u00e9taill\u00e9e de l&rsquo;<strong><a href=\"https:\/\/diamantaire-paris.com\/estimer-un-diamant-gia\/gia\/\" target=\"_new\">estimation des diamants GIA<\/a><\/strong>, o\u00f9 chaque aspect des <strong>4C du diamant<\/strong> est minutieusement examin\u00e9 pour garantir que nos clients re\u00e7oivent une \u00e9valuation pr\u00e9cise et transparente.<\/p><p>Nous comprenons l&rsquo;importance sentimentale et financi\u00e8re des h\u00e9ritages familiaux, c&rsquo;est pourquoi nous offrons des conseils sp\u00e9cialis\u00e9s sur <strong><a href=\"https:\/\/diamantaire-paris.com\/heritage\/que-faire-des-bijoux-de-famille\/\" target=\"_new\">que faire des bijoux h\u00e9rit\u00e9s<\/a><\/strong>, en veillant \u00e0 ce que chaque pi\u00e8ce soit trait\u00e9e avec le respect et l&rsquo;attention qu&rsquo;elle m\u00e9rite. Notre <strong><a href=\"https:\/\/diamantaire-paris.com\/heritage\/rachat-diamants\/vendome-expertise\/\" target=\"_new\">expertise de bijou issue de la place Vend\u00f4me<\/a><\/strong> est reconnue pour son excellence, offrant \u00e0 nos clients une tranquillit\u00e9 d&rsquo;esprit et une assurance de qualit\u00e9.<\/p><p>Pour ceux qui cherchent \u00e0 vendre des bijoux de haute joaillerie, nous proposons une gamme de services sp\u00e9cialis\u00e9s, notamment la vente de <strong><a href=\"https:\/\/diamantaire-paris.com\/vendre-haute-joaillerie\/van-cleef-arpels\/couture\/\" target=\"_new\">bijoux Van Cleef &amp; Arpels<\/a><\/strong>, o\u00f9 chaque pi\u00e8ce est \u00e9valu\u00e9e pour sa beaut\u00e9 unique et sa valeur intrins\u00e8que. Nous offrons \u00e9galement des alternatives attrayantes aux maisons de vente traditionnelles, comme notre <strong><a href=\"https:\/\/diamantaire-paris.com\/vendre-un-bien\/alternative-a-sothebys\/\" target=\"_new\">alternative \u00e0 Sotheby&rsquo;s pour vendre un bijou<\/a><\/strong>, garantissant \u00e0 nos clients une exp\u00e9rience de vente plus personnalis\u00e9e et avantageuse.<\/p><p>Chez Diamantaire Paris, nous sommes \u00e9galement sp\u00e9cialis\u00e9s dans la vente de pi\u00e8ces historiques et uniques. Notre service d&rsquo;<strong><a href=\"https:\/\/diamantaire-paris.com\/vendre-un-bien\/evaluation-bague-19e-siecle\/\" target=\"_new\">\u00e9valuation de bijoux du 19\u00e8me si\u00e8cle<\/a><\/strong> est con\u00e7u pour ceux qui cherchent \u00e0 vendre des pi\u00e8ces charg\u00e9es d&rsquo;histoire, assurant que chaque bijou est \u00e9valu\u00e9 avec pr\u00e9cision et expertise. De plus, notre <strong><a href=\"https:\/\/diamantaire-paris.com\/vendre-un-bien\/estimation-bijoux\/\" target=\"_new\">service d&rsquo;estimation gratuite de bijoux<\/a><\/strong> offre \u00e0 nos clients une \u00e9valuation transparente et sans engagement, leur permettant de comprendre la valeur r\u00e9elle de leurs pr\u00e9cieuses pi\u00e8ces.<\/p><p>Diamantaire Paris est votre partenaire de confiance pour toutes vos besoins en mati\u00e8re de diamants et de bijoux, offrant expertise, discr\u00e9tion et un service personnalis\u00e9 \u00e0 chaque \u00e9tape.<\/p>\t\t\t\t\t\t\t\t<\/div>\n\t\t\t\t<\/div>\n\t\t\t\t\t<\/div>\n\t\t<\/div>\n\t\t\t\t\t<\/div>\n\t\t<\/section>\n\t\t\t\t<\/div>\n\t\t","protected":false},"excerpt":{"rendered":"<p>La Gemmoligical Assocation of Great Britain (Gem-A) La Gem-A est un organisme de formation britannique qui permet d\u2019obtenir, apr\u00e8s avoir suivi des cours en pr\u00e9sentiel ou en ligne, un dipl\u00f4me en pierres pr\u00e9cieuses ou en diamants. D\u00e9couvrez l\u2019histoire de la Gem-A et les cours qu\u2019elle propose. Qu\u2019est-ce que la Gem-A ? La Gem-A (Gemmoligical Assocation [&hellip;]<\/p>\n","protected":false},"author":1,"featured_media":0,"parent":3691,"menu_order":0,"comment_status":"closed","ping_status":"closed","template":"elementor_header_footer","meta":{"content-type":"","footnotes":""},"class_list":["post-10879","page","type-page","status-publish","hentry"],"_links":{"self":[{"href":"https:\/\/diamantaire-paris.com\/pl\/wp-json\/wp\/v2\/pages\/10879","targetHints":{"allow":["GET"]}}],"collection":[{"href":"https:\/\/diamantaire-paris.com\/pl\/wp-json\/wp\/v2\/pages"}],"about":[{"href":"https:\/\/diamantaire-paris.com\/pl\/wp-json\/wp\/v2\/types\/page"}],"author":[{"embeddable":true,"href":"https:\/\/diamantaire-paris.com\/pl\/wp-json\/wp\/v2\/users\/1"}],"replies":[{"embeddable":true,"href":"https:\/\/diamantaire-paris.com\/pl\/wp-json\/wp\/v2\/comments?post=10879"}],"version-history":[{"count":10,"href":"https:\/\/diamantaire-paris.com\/pl\/wp-json\/wp\/v2\/pages\/10879\/revisions"}],"predecessor-version":[{"id":15569,"href":"https:\/\/diamantaire-paris.com\/pl\/wp-json\/wp\/v2\/pages\/10879\/revisions\/15569"}],"up":[{"embeddable":true,"href":"https:\/\/diamantaire-paris.com\/pl\/wp-json\/wp\/v2\/pages\/3691"}],"wp:attachment":[{"href":"https:\/\/diamantaire-paris.com\/pl\/wp-json\/wp\/v2\/media?parent=10879"}],"curies":[{"name":"wp","href":"https:\/\/api.w.org\/{rel}","templated":true}]}}