{"id":4343,"date":"2019-09-13T12:39:38","date_gmt":"2019-09-13T10:39:38","guid":{"rendered":"https:\/\/diamantaire-paris.com\/?page_id=4343"},"modified":"2024-03-27T09:15:31","modified_gmt":"2024-03-27T08:15:31","slug":"notre-metier","status":"publish","type":"page","link":"https:\/\/diamantaire-paris.com\/ja\/heritage\/notre-metier\/","title":{"rendered":"\u30c0\u30a4\u30e4\u30e2\u30f3\u30c9\u53d6\u5f15"},"content":{"rendered":"\t\t<div data-elementor-type=\"wp-page\" data-elementor-id=\"4343\" class=\"elementor elementor-4343\" data-elementor-post-type=\"page\">\n\t\t\t\t\t\t<section class=\"elementor-section elementor-top-section elementor-element elementor-element-7718604f elementor-section-boxed elementor-section-height-default elementor-section-height-default\" data-id=\"7718604f\" data-element_type=\"section\" data-e-type=\"section\">\n\t\t\t\t\t\t<div class=\"elementor-container elementor-column-gap-default\">\n\t\t\t\t\t<div class=\"elementor-column elementor-col-100 elementor-top-column elementor-element elementor-element-4a6c7ad7\" data-id=\"4a6c7ad7\" data-element_type=\"column\" data-e-type=\"column\">\n\t\t\t<div class=\"elementor-widget-wrap elementor-element-populated\">\n\t\t\t\t\t\t<div class=\"elementor-element elementor-element-8bcd5b8 elementor-widget elementor-widget-shortcode\" data-id=\"8bcd5b8\" data-element_type=\"widget\" data-e-type=\"widget\" data-widget_type=\"shortcode.default\">\n\t\t\t\t<div class=\"elementor-widget-container\">\n\t\t\t\t\t\t\t<div class=\"elementor-shortcode\"><nav aria-label=\"breadcrumbs\" class=\"rank-math-breadcrumb\"><p><span class=\"last\">Diamantaires Paris<\/span><\/p><\/nav>\n<\/div>\n\t\t\t\t\t\t<\/div>\n\t\t\t\t<\/div>\n\t\t\t\t<div class=\"elementor-element elementor-element-75c9e6f6 elementor-widget elementor-widget-text-editor\" data-id=\"75c9e6f6\" data-element_type=\"widget\" data-e-type=\"widget\" data-widget_type=\"text-editor.default\">\n\t\t\t\t<div class=\"elementor-widget-container\">\n\t\t\t\t\t\t\t\t\t<p><em><a href=\"https:\/\/diamantaire-paris.com\/estimer-un-diamant-gia\/guide-prix-diamant\/\">Guide \u2013 Prix Diamant<\/a><br \/>Depuis plus de 30 ans, Diamantaires Paris OG propose son expertise de diamants et pierres pr\u00e9cieuses aupr\u00e8s des professionnels mais aussi des particuliers. Vous cherchez \u00e0 <a href=\"https:\/\/diamantaire-paris.com\/acheter-diamant\/\">acqu\u00e9rir un diamant<\/a> sur Paris\u00a0? Vous poss\u00e9dez d\u00e9j\u00e0 un diamant et vous souhaitez le faire expertiser\u00a0? Faites confiance \u00e0 nos sp\u00e9cialistes\u00a0!<\/em><\/p><figure id=\"attachment_4347\" aria-describedby=\"caption-attachment-4347\" style=\"width: 480px\" class=\"wp-caption aligncenter\"><img fetchpriority=\"high\" decoding=\"async\" class=\"wp-image-4347 size-full\" src=\"https:\/\/diamantaire-paris.com\/wp-content\/uploads\/2019\/09\/Diamantaire-\u00e0-Paris.png\" alt=\"Les diamantaires de Paris \" width=\"480\" height=\"272\" title=\"\" srcset=\"https:\/\/diamantaire-paris.com\/wp-content\/uploads\/2019\/09\/Diamantaire-\u00e0-Paris.png 480w, https:\/\/diamantaire-paris.com\/wp-content\/uploads\/2019\/09\/Diamantaire-\u00e0-Paris-300x170.png 300w\" sizes=\"(max-width: 480px) 100vw, 480px\" \/><figcaption id=\"caption-attachment-4347\" class=\"wp-caption-text\">Photo de Diamantaires OG pendant l&rsquo;\u00e9valuation d&rsquo;un diamant<\/figcaption><\/figure><h2>Notre m\u00e9tier de diamantaire \u00e0 Paris<\/h2><p>L\u2019activit\u00e9 de diamantaire consiste principalement \u00e0 vendre des diamants. Le diamantaire peut intervenir en amont de la vente, en taillant la pierre de la mani\u00e8re la plus adapt\u00e9e au diamant brut afin d\u2019en r\u00e9v\u00e9ler la beaut\u00e9. Qu\u2019elle soit ronde, carr\u00e9e, ovale, en coussin ou encore en radiant, la taille de la pierre est d\u00e9terminante dans la fa\u00e7on dont le diamant va r\u00e9fl\u00e9chir la lumi\u00e8re. En plus de la taille, le diamantaire peut s\u2019occuper du polissage, c\u2019est-\u00e0-dire de polir le diamant pour \u00e9liminer les impuret\u00e9s qui peuvent se trouver sur le diamant brut.<\/p><p>Le travail du diamantaire est donc crucial pour garantir la qualit\u00e9 de la pierre. C\u2019est \u00e9galement le diamantaire qui va vendre le diamant et fixer son prix en sa qualit\u00e9 de sp\u00e9cialiste.<\/p><p>Le diamantaire peut \u00e9galement pratiquer l\u2019expertise de diamants et les racheter pour ensuite les revendre.<\/p><h2>Achat \/ vente de diamants \u00e0 Paris<\/h2><p>Notre soci\u00e9t\u00e9 de diamantaires Diamantaires Paris OG a \u00e9t\u00e9 fond\u00e9e en 1985. Notre mission est principalement l\u2019expertise et le n\u00e9goce des diamants pour les professionnels, ainsi que l\u2019expertise et la vente de pierres pr\u00e9cieuses et bijoux d\u2019occasion aux particuliers.<\/p><p>Dans nos bureaux situ\u00e9s au 43 rue Beaubourg, 75003 Paris, vous pourrez rencontrer nos experts pour faire expertiser votre diamant ou vous faire conseiller sur l\u2019achat d\u2019une pierre pr\u00e9cieuse. Nos diamants sont tous certifi\u00e9s par les grands laboratoires mondiaux afin de vous aider et de vous dans votre choix.<\/p><p>Nos n\u00e9gociants gemmologues experts exercent <a href=\"https:\/\/diamantaire-paris.com\/heritage\/diamants-annees-80\/\">depuis la crise diamantaires des ann\u00e9es 80<\/a> \u00e0 Paris et nous avons acquis au fil des ann\u00e9es une exp\u00e9rience et une expertise unique en mati\u00e8re de joaillerie internationale.<\/p><p>Egalement, nous disposons d&rsquo;une <a href=\"https:\/\/diamantaire-paris.com\/heritage\/bijouterie-paris\/\">bijouterie \u00e0 Paris.<\/a>\u00a0<\/p><p>Ainsi vous pouvez nous joindre par mail achat@diamantaire-paris.com ou par t\u00e9l\u00e9phone <a href=\"tel:0148872337\">+33 1 48 87 23 37.\u00a0\u00a0<\/a><\/p>\t\t\t\t\t\t\t\t<\/div>\n\t\t\t\t<\/div>\n\t\t\t\t<div class=\"elementor-element elementor-element-6707fc5 elementor-cta--skin-classic elementor-animated-content elementor-bg-transform elementor-bg-transform-zoom-in elementor-widget elementor-widget-call-to-action\" data-id=\"6707fc5\" data-element_type=\"widget\" data-e-type=\"widget\" data-widget_type=\"call-to-action.default\">\n\t\t\t\t<div class=\"elementor-widget-container\">\n\t\t\t\t\t\t\t<a class=\"elementor-cta\" href=\"tel:0148878144\">\n\t\t\t\t\t\t\t<div class=\"elementor-cta__content\">\n\t\t\t\t\t\t\t\t\t<div class=\"elementor-content-item elementor-cta__content-item elementor-icon-wrapper elementor-cta__icon elementor-view-default\">\n\t\t\t\t\t\t<div class=\"elementor-icon\">\n\t\t\t\t\t\t\t<i aria-hidden=\"true\" class=\"fas fa-phone-alt\"><\/i>\t\t\t\t\t\t<\/div>\n\t\t\t\t\t<\/div>\n\t\t\t\t\n\t\t\t\t\t\t\t\t\t<div class=\"elementor-cta__title elementor-cta__content-item elementor-content-item\">\n\t\t\t\t\t\t01 48 87 81 44\t\t\t\t\t<\/div>\n\t\t\t\t\n\t\t\t\t\t\t\t\t\t<div class=\"elementor-cta__description elementor-cta__content-item elementor-content-item\">\n\t\t\t\t\t\tNotre service client\u00e8le se tient gratuitement \u00e0 votre disposition pour plus d'information sur notre m\u00e9tier de Diamantaire \u00e0 Paris.\t\t\t\t\t<\/div>\n\t\t\t\t\n\t\t\t\t\t\t\t<\/div>\n\t\t\t\t\t\t<\/a>\n\t\t\t\t\t\t<\/div>\n\t\t\t\t<\/div>\n\t\t\t\t<div class=\"elementor-element elementor-element-9c8e229 elementor-widget elementor-widget-accordion\" data-id=\"9c8e229\" data-element_type=\"widget\" data-e-type=\"widget\" data-widget_type=\"accordion.default\">\n\t\t\t\t<div class=\"elementor-widget-container\">\n\t\t\t\t\t\t\t<div class=\"elementor-accordion\">\n\t\t\t\t\t\t\t<div class=\"elementor-accordion-item\">\n\t\t\t\t\t<div id=\"elementor-tab-title-1641\" class=\"elementor-tab-title\" data-tab=\"1\" role=\"button\" aria-controls=\"elementor-tab-content-1641\" aria-expanded=\"false\">\n\t\t\t\t\t\t\t\t\t\t\t\t\t<span class=\"elementor-accordion-icon elementor-accordion-icon-left\" aria-hidden=\"true\">\n\t\t\t\t\t\t\t\t\t\t\t\t\t\t\t<span class=\"elementor-accordion-icon-closed\"><i class=\"fas fa-plus\"><\/i><\/span>\n\t\t\t\t\t\t\t\t<span class=\"elementor-accordion-icon-opened\"><i class=\"fas fa-minus\"><\/i><\/span>\n\t\t\t\t\t\t\t\t\t\t\t\t\t\t<\/span>\n\t\t\t\t\t\t\t\t\t\t\t\t<a class=\"elementor-accordion-title\" tabindex=\"0\">Quel est le m\u00e9tier principal de Diamantaire Paris OG ?<\/a>\n\t\t\t\t\t<\/div>\n\t\t\t\t\t<div id=\"elementor-tab-content-1641\" class=\"elementor-tab-content elementor-clearfix\" data-tab=\"1\" role=\"region\" aria-labelledby=\"elementor-tab-title-1641\"><p>Diamantaire Paris OG se sp\u00e9cialise dans l&rsquo;expertise et le n\u00e9goce des diamants et pierres pr\u00e9cieuses, tant pour les professionnels que pour les particuliers. Leur activit\u00e9 principale consiste \u00e0 vendre des diamants, en s&rsquo;occupant de la taille et du polissage pour r\u00e9v\u00e9ler la beaut\u00e9 de chaque pierre.<\/p><\/div>\n\t\t\t\t<\/div>\n\t\t\t\t\t\t\t<div class=\"elementor-accordion-item\">\n\t\t\t\t\t<div id=\"elementor-tab-title-1642\" class=\"elementor-tab-title\" data-tab=\"2\" role=\"button\" aria-controls=\"elementor-tab-content-1642\" aria-expanded=\"false\">\n\t\t\t\t\t\t\t\t\t\t\t\t\t<span class=\"elementor-accordion-icon elementor-accordion-icon-left\" aria-hidden=\"true\">\n\t\t\t\t\t\t\t\t\t\t\t\t\t\t\t<span class=\"elementor-accordion-icon-closed\"><i class=\"fas fa-plus\"><\/i><\/span>\n\t\t\t\t\t\t\t\t<span class=\"elementor-accordion-icon-opened\"><i class=\"fas fa-minus\"><\/i><\/span>\n\t\t\t\t\t\t\t\t\t\t\t\t\t\t<\/span>\n\t\t\t\t\t\t\t\t\t\t\t\t<a class=\"elementor-accordion-title\" tabindex=\"0\">Quels services sp\u00e9cifiques offre Diamantaire Paris OG ?<\/a>\n\t\t\t\t\t<\/div>\n\t\t\t\t\t<div id=\"elementor-tab-content-1642\" class=\"elementor-tab-content elementor-clearfix\" data-tab=\"2\" role=\"region\" aria-labelledby=\"elementor-tab-title-1642\"><p>Outre la vente de diamants, Diamantaire Paris OG propose l&rsquo;expertise et la vente de pierres pr\u00e9cieuses et de bijoux d&rsquo;occasion. Ils offrent \u00e9galement des services d&rsquo;\u00e9valuation pour des bijoux anciens et modernes, y compris des alliances en diamant et des bijoux Napol\u00e9on III.<\/p><\/div>\n\t\t\t\t<\/div>\n\t\t\t\t\t\t\t<div class=\"elementor-accordion-item\">\n\t\t\t\t\t<div id=\"elementor-tab-title-1643\" class=\"elementor-tab-title\" data-tab=\"3\" role=\"button\" aria-controls=\"elementor-tab-content-1643\" aria-expanded=\"false\">\n\t\t\t\t\t\t\t\t\t\t\t\t\t<span class=\"elementor-accordion-icon elementor-accordion-icon-left\" aria-hidden=\"true\">\n\t\t\t\t\t\t\t\t\t\t\t\t\t\t\t<span class=\"elementor-accordion-icon-closed\"><i class=\"fas fa-plus\"><\/i><\/span>\n\t\t\t\t\t\t\t\t<span class=\"elementor-accordion-icon-opened\"><i class=\"fas fa-minus\"><\/i><\/span>\n\t\t\t\t\t\t\t\t\t\t\t\t\t\t<\/span>\n\t\t\t\t\t\t\t\t\t\t\t\t<a class=\"elementor-accordion-title\" tabindex=\"0\">Comment Diamantaire Paris OG assure-t-il la qualit\u00e9 de ses diamants ?<\/a>\n\t\t\t\t\t<\/div>\n\t\t\t\t\t<div id=\"elementor-tab-content-1643\" class=\"elementor-tab-content elementor-clearfix\" data-tab=\"3\" role=\"region\" aria-labelledby=\"elementor-tab-title-1643\"><p>Tous les diamants vendus par Diamantaire Paris OG sont certifi\u00e9s par des laboratoires mondiaux reconnus, garantissant ainsi leur qualit\u00e9 et authenticit\u00e9. Leur expertise s&rsquo;\u00e9tend \u00e0 divers aspects de la joaillerie internationale.<\/p><\/div>\n\t\t\t\t<\/div>\n\t\t\t\t\t\t\t<div class=\"elementor-accordion-item\">\n\t\t\t\t\t<div id=\"elementor-tab-title-1644\" class=\"elementor-tab-title\" data-tab=\"4\" role=\"button\" aria-controls=\"elementor-tab-content-1644\" aria-expanded=\"false\">\n\t\t\t\t\t\t\t\t\t\t\t\t\t<span class=\"elementor-accordion-icon elementor-accordion-icon-left\" aria-hidden=\"true\">\n\t\t\t\t\t\t\t\t\t\t\t\t\t\t\t<span class=\"elementor-accordion-icon-closed\"><i class=\"fas fa-plus\"><\/i><\/span>\n\t\t\t\t\t\t\t\t<span class=\"elementor-accordion-icon-opened\"><i class=\"fas fa-minus\"><\/i><\/span>\n\t\t\t\t\t\t\t\t\t\t\t\t\t\t<\/span>\n\t\t\t\t\t\t\t\t\t\t\t\t<a class=\"elementor-accordion-title\" tabindex=\"0\">Quelle est l'exp\u00e9rience de Diamantaire Paris OG dans le domaine de la joaillerie ?<\/a>\n\t\t\t\t\t<\/div>\n\t\t\t\t\t<div id=\"elementor-tab-content-1644\" class=\"elementor-tab-content elementor-clearfix\" data-tab=\"4\" role=\"region\" aria-labelledby=\"elementor-tab-title-1644\"><p>Fond\u00e9e en 1985, Diamantaire Paris OG poss\u00e8de une exp\u00e9rience et une expertise unique acquises depuis la crise diamantaire des ann\u00e9es 80. Leur \u00e9quipe de n\u00e9gociants gemmologues experts offre des conseils personnalis\u00e9s et un service client\u00e8le exceptionnel.<\/p><\/div>\n\t\t\t\t<\/div>\n\t\t\t\t\t\t\t<div class=\"elementor-accordion-item\">\n\t\t\t\t\t<div id=\"elementor-tab-title-1645\" class=\"elementor-tab-title\" data-tab=\"5\" role=\"button\" aria-controls=\"elementor-tab-content-1645\" aria-expanded=\"false\">\n\t\t\t\t\t\t\t\t\t\t\t\t\t<span class=\"elementor-accordion-icon elementor-accordion-icon-left\" aria-hidden=\"true\">\n\t\t\t\t\t\t\t\t\t\t\t\t\t\t\t<span class=\"elementor-accordion-icon-closed\"><i class=\"fas fa-plus\"><\/i><\/span>\n\t\t\t\t\t\t\t\t<span class=\"elementor-accordion-icon-opened\"><i class=\"fas fa-minus\"><\/i><\/span>\n\t\t\t\t\t\t\t\t\t\t\t\t\t\t<\/span>\n\t\t\t\t\t\t\t\t\t\t\t\t<a class=\"elementor-accordion-title\" tabindex=\"0\">Comment contacter Diamantaire Paris OG pour une expertise ou une vente ?<\/a>\n\t\t\t\t\t<\/div>\n\t\t\t\t\t<div id=\"elementor-tab-content-1645\" class=\"elementor-tab-content elementor-clearfix\" data-tab=\"5\" role=\"region\" aria-labelledby=\"elementor-tab-title-1645\"><p>Vous pouvez contacter Diamantaire Paris OG par t\u00e9l\u00e9phone au 01 48 87 23 37 ou par email \u00e0 <a target=\"_new\">achat@diamantaire-paris.com<\/a>. Leur service d&rsquo;achat de bijoux est ouvert du lundi au vendredi de 10h \u00e0 13h et de 14h \u00e0 19h, situ\u00e9 au 43 Rue Beaubourg, 75003 Paris.<\/p><\/div>\n\t\t\t\t<\/div>\n\t\t\t\t\t\t\t\t\t\t<script type=\"application\/ld+json\">{\"@context\":\"https:\\\/\\\/schema.org\",\"@type\":\"FAQPage\",\"mainEntity\":[{\"@type\":\"Question\",\"name\":\"Quel est le m\\u00e9tier principal de Diamantaire Paris OG ?\",\"acceptedAnswer\":{\"@type\":\"Answer\",\"text\":\"<p>Diamantaire Paris OG se sp\\u00e9cialise dans l&rsquo;expertise et le n\\u00e9goce des diamants et pierres pr\\u00e9cieuses, tant pour les professionnels que pour les particuliers. Leur activit\\u00e9 principale consiste \\u00e0 vendre des diamants, en s&rsquo;occupant de la taille et du polissage pour r\\u00e9v\\u00e9ler la beaut\\u00e9 de chaque pierre.<\\\/p>\"}},{\"@type\":\"Question\",\"name\":\"Quels services sp\\u00e9cifiques offre Diamantaire Paris OG ?\",\"acceptedAnswer\":{\"@type\":\"Answer\",\"text\":\"<p>Outre la vente de diamants, Diamantaire Paris OG propose l&rsquo;expertise et la vente de pierres pr\\u00e9cieuses et de bijoux d&rsquo;occasion. Ils offrent \\u00e9galement des services d&rsquo;\\u00e9valuation pour des bijoux anciens et modernes, y compris des alliances en diamant et des bijoux Napol\\u00e9on III.<\\\/p>\"}},{\"@type\":\"Question\",\"name\":\"Comment Diamantaire Paris OG assure-t-il la qualit\\u00e9 de ses diamants ?\",\"acceptedAnswer\":{\"@type\":\"Answer\",\"text\":\"<p>Tous les diamants vendus par Diamantaire Paris OG sont certifi\\u00e9s par des laboratoires mondiaux reconnus, garantissant ainsi leur qualit\\u00e9 et authenticit\\u00e9. Leur expertise s&rsquo;\\u00e9tend \\u00e0 divers aspects de la joaillerie internationale.<\\\/p>\"}},{\"@type\":\"Question\",\"name\":\"Quelle est l'exp\\u00e9rience de Diamantaire Paris OG dans le domaine de la joaillerie ?\",\"acceptedAnswer\":{\"@type\":\"Answer\",\"text\":\"<p>Fond\\u00e9e en 1985, Diamantaire Paris OG poss\\u00e8de une exp\\u00e9rience et une expertise unique acquises depuis la crise diamantaire des ann\\u00e9es 80. Leur \\u00e9quipe de n\\u00e9gociants gemmologues experts offre des conseils personnalis\\u00e9s et un service client\\u00e8le exceptionnel.<\\\/p>\"}},{\"@type\":\"Question\",\"name\":\"Comment contacter Diamantaire Paris OG pour une expertise ou une vente ?\",\"acceptedAnswer\":{\"@type\":\"Answer\",\"text\":\"<p>Vous pouvez contacter Diamantaire Paris OG par t\\u00e9l\\u00e9phone au 01 48 87 23 37 ou par email \\u00e0 <a target=\\\"_new\\\">achat@diamantaire-paris.com<\\\/a>. Leur service d&rsquo;achat de bijoux est ouvert du lundi au vendredi de 10h \\u00e0 13h et de 14h \\u00e0 19h, situ\\u00e9 au 43 Rue Beaubourg, 75003 Paris.<\\\/p>\"}}]}<\/script>\n\t\t\t\t\t<\/div>\n\t\t\t\t\t\t<\/div>\n\t\t\t\t<\/div>\n\t\t\t\t<div class=\"elementor-element elementor-element-1a9f1e1 elementor-widget elementor-widget-text-editor\" data-id=\"1a9f1e1\" data-element_type=\"widget\" data-e-type=\"widget\" data-widget_type=\"text-editor.default\">\n\t\t\t\t<div class=\"elementor-widget-container\">\n\t\t\t\t\t\t\t\t\t<p>Chez Diamantaire Paris, notre m\u00e9tier est bien plus qu&rsquo;une simple transaction, c&rsquo;est une passion pour la beaut\u00e9 \u00e9ternelle des pierres pr\u00e9cieuses et le raffinement de la haute joaillerie. Notre expertise s&rsquo;\u00e9tend \u00e0 divers aspects, notamment l&rsquo;\u00e9valuation pr\u00e9cise et la vente de bijoux anciens et modernes. Si vous cherchez \u00e0 <strong><a href=\"https:\/\/diamantaire-paris.com\/vendre-un-bien\/vendre-alliance-diamant\/\" target=\"_new\">vendre une alliance en diamant<\/a><\/strong> ou \u00e0 obtenir une \u00e9valuation pour un <strong><a href=\"https:\/\/diamantaire-paris.com\/vendre-un-bien\/bijoux-anciens\/les-bijoux-napoleon-iii\/\" target=\"_new\">bijou Napol\u00e9on III<\/a><\/strong>, notre \u00e9quipe d&rsquo;experts est \u00e0 votre service pour vous fournir une estimation pr\u00e9cise et juste.<\/p><p>Nous comprenons l&rsquo;importance de chaque pi\u00e8ce, qu&rsquo;il s&rsquo;agisse d&rsquo;un h\u00e9ritage familial ou d&rsquo;un investissement pr\u00e9cieux. C&rsquo;est pourquoi nous offrons \u00e9galement des services sp\u00e9cialis\u00e9s pour ceux qui cherchent \u00e0 <strong><a href=\"https:\/\/diamantaire-paris.com\/heritage\/diamants-annees-80\/\" target=\"_new\">vendre des diamants des ann\u00e9es 80<\/a><\/strong> ou \u00e0 <strong><a href=\"https:\/\/diamantaire-paris.com\/estimer-un-diamant-gia\/egl\/\" target=\"_new\">estimer un diamant EGL<\/a><\/strong>. Notre engagement envers l&rsquo;excellence nous pousse \u00e0 offrir des conseils personnalis\u00e9s et \u00e0 nous assurer que chaque client re\u00e7oit l&rsquo;attention et le respect qu&rsquo;il m\u00e9rite.<\/p><p>Notre expertise ne se limite pas \u00e0 l&rsquo;\u00e9valuation, nous offrons \u00e9galement des conseils pratiques sur des aspects techniques, comme <strong><a href=\"https:\/\/diamantaire-paris.com\/estimer-un-diamant-gia\/obtenir-poids-diamant\/\" target=\"_new\">comment obtenir le poids d&rsquo;un diamant<\/a><\/strong>, et nous vous guidons \u00e0 travers le processus complexe de vente. Pour ceux qui cherchent des alternatives aux m\u00e9thodes traditionnelles de vente, nous proposons des solutions innovantes pour <strong><a href=\"https:\/\/diamantaire-paris.com\/heritage\/commissaire-priseur\/\" target=\"_new\">comparer notre solution de rachat de bijoux avec celle des commissaires priseurs<\/a><\/strong>.<\/p><p>Chez Diamantaire Paris, chaque bijou est trait\u00e9 avec le respect et l&rsquo;attention qu&rsquo;il m\u00e9rite, qu&rsquo;il s&rsquo;agisse d&rsquo;un <strong><a href=\"https:\/\/diamantaire-paris.com\/vendre-un-bien\/bijoux-anciens\/les-bijoux-art-nouveau\/\" target=\"_new\">bijou Art Nouveau<\/a><\/strong> ou d&rsquo;une pi\u00e8ce contemporaine. Notre objectif est de vous assurer que vous recevez la meilleure valeur pour vos pr\u00e9cieux bijoux, tout en b\u00e9n\u00e9ficiant d&rsquo;un service client\u00e8le exceptionnel. Visitez notre page d&rsquo;accueil pour en savoir plus sur nos services et pour commencer votre voyage avec Diamantaire Paris, o\u00f9 chaque bijou a une histoire \u00e0 raconter.<br \/><a href=\"https:\/\/diamantaire-paris.com\/contact\/nos-bureaux\/\">&#8211;&gt; Notre m\u00e9tier<\/a><br \/><a href=\"https:\/\/diamantaire-paris.com\/video\/video-diamant\/\">&#8211;&gt; Vid\u00e9o d&rsquo;un diamant<\/a><br \/><a href=\"https:\/\/diamantaire-paris.com\/vendre-un-bien\/taille-old-european\/\">&#8211;&gt; Comprendre les diamants de taille Old European<\/a><\/p>\t\t\t\t\t\t\t\t<\/div>\n\t\t\t\t<\/div>\n\t\t\t\t<div class=\"elementor-element elementor-element-db544e3 elementor-widget elementor-widget-text-editor\" data-id=\"db544e3\" data-element_type=\"widget\" data-e-type=\"widget\" data-widget_type=\"text-editor.default\">\n\t\t\t\t<div class=\"elementor-widget-container\">\n\t\t\t\t\t\t\t\t\t<p>Le m\u00e9tier de diamantaire chez Diamantaires Paris OG s&rsquo;\u00e9tend bien au-del\u00e0 de la simple transaction. Fond\u00e9e en 1985, cette entreprise se sp\u00e9cialise dans l&rsquo;expertise et le n\u00e9goce des diamants pour les professionnels, ainsi que dans l&rsquo;expertise et la vente de pierres pr\u00e9cieuses et de bijoux d&rsquo;occasion pour les particuliers. Situ\u00e9s au 43 rue Beaubourg \u00e0 Paris, leurs experts offrent des conseils personnalis\u00e9s pour l&rsquo;achat ou l&rsquo;expertise de diamants, garantissant des pierres certifi\u00e9es par les principaux laboratoires mondiaux.<\/p><p>Leur expertise unique, acquise depuis la crise diamantaire des ann\u00e9es 80, englobe non seulement l&rsquo;\u00e9valuation de bijoux anciens et modernes mais aussi la vente de ceux-ci. Que vous cherchiez \u00e0 vendre une alliance en diamant ou \u00e0 obtenir une \u00e9valuation pour un bijou Napol\u00e9on III, l&rsquo;\u00e9quipe de Diamantaire Paris vous fournira une estimation pr\u00e9cise et juste. Ils comprennent l&rsquo;importance de chaque pi\u00e8ce, qu&rsquo;il s&rsquo;agisse d&rsquo;un h\u00e9ritage familial ou d&rsquo;un investissement pr\u00e9cieux, et offrent des services sp\u00e9cialis\u00e9s pour ceux qui cherchent \u00e0 vendre des diamants des ann\u00e9es 80 ou \u00e0 estimer un diamant EGL.<\/p><p>Leur approche respectueuse envers chaque bijou, qu&rsquo;il soit Art Nouveau ou contemporain, assure que vous recevrez la meilleure valeur pour vos pr\u00e9cieux bijoux. Pour plus d&rsquo;informations, visitez leur <strong><a href=\"https:\/\/diamantaire-paris.com\/\" target=\"_new\">page d\u2019accueil <\/a><\/strong>et d\u00e9couvrez comment Diamantaire Paris peut vous accompagner dans votre voyage, que ce soit pour une expertise ou une vente.<\/p><p>Pour ceux int\u00e9ress\u00e9s par une \u00e9valuation pr\u00e9cise de leur bijou, explorez les <strong><a href=\"https:\/\/diamantaire-paris.com\/estimer-un-diamant-gia\/guide-prix-diamant\/prix-diamant-1-carat\/\" target=\"_new\">services d&rsquo;estimation<\/a><\/strong> propos\u00e9s. Si vous souhaitez vendre un bijou sp\u00e9cifique comme un saphir, consultez la page d\u00e9di\u00e9e \u00e0 la<strong> <a href=\"https:\/\/diamantaire-paris.com\/vendre-un-bien\/saphir\/\" target=\"_new\">vente de saphirs<\/a><\/strong>. Enfin, pour ceux qui cherchent \u00e0 vendre des bijoux de haute joaillerie, Diamantaire Paris offre \u00e9galement une expertise pour <strong><a href=\"https:\/\/diamantaire-paris.com\/vendre-haute-joaillerie\/vendre-bijoux-dior-joaillerie\/\" target=\"_new\">vendre des bijoux Dior<\/a>.<\/strong><\/p>\t\t\t\t\t\t\t\t<\/div>\n\t\t\t\t<\/div>\n\t\t\t\t\t<\/div>\n\t\t<\/div>\n\t\t\t\t\t<\/div>\n\t\t<\/section>\n\t\t\t\t<\/div>\n\t\t","protected":false},"excerpt":{"rendered":"<p>Guide \u2013 Prix DiamantDepuis plus de 30 ans, Diamantaires Paris OG propose son expertise de diamants et pierres pr\u00e9cieuses aupr\u00e8s des professionnels mais aussi des particuliers. Vous cherchez \u00e0 acqu\u00e9rir un diamant sur Paris\u00a0? Vous poss\u00e9dez d\u00e9j\u00e0 un diamant et vous souhaitez le faire expertiser\u00a0? Faites confiance \u00e0 nos sp\u00e9cialistes\u00a0! Notre m\u00e9tier de diamantaire \u00e0 Paris L\u2019activit\u00e9 de diamantaire consiste principalement \u00e0 vendre des diamants. Le diamantaire peut intervenir en amont de la vente, en taillant la pierre de la mani\u00e8re la plus adapt\u00e9e au diamant brut afin d\u2019en r\u00e9v\u00e9ler la beaut\u00e9. Qu\u2019elle soit ronde, carr\u00e9e, ovale, en coussin ou encore en radiant, la taille de la pierre est d\u00e9terminante [&hellip;]<\/p>\n","protected":false},"author":2,"featured_media":4347,"parent":4552,"menu_order":0,"comment_status":"closed","ping_status":"closed","template":"elementor_header_footer","meta":{"content-type":"","footnotes":""},"class_list":["post-4343","page","type-page","status-publish","has-post-thumbnail","hentry"],"_links":{"self":[{"href":"https:\/\/diamantaire-paris.com\/ja\/wp-json\/wp\/v2\/pages\/4343","targetHints":{"allow":["GET"]}}],"collection":[{"href":"https:\/\/diamantaire-paris.com\/ja\/wp-json\/wp\/v2\/pages"}],"about":[{"href":"https:\/\/diamantaire-paris.com\/ja\/wp-json\/wp\/v2\/types\/page"}],"author":[{"embeddable":true,"href":"https:\/\/diamantaire-paris.com\/ja\/wp-json\/wp\/v2\/users\/2"}],"replies":[{"embeddable":true,"href":"https:\/\/diamantaire-paris.com\/ja\/wp-json\/wp\/v2\/comments?post=4343"}],"version-history":[{"count":10,"href":"https:\/\/diamantaire-paris.com\/ja\/wp-json\/wp\/v2\/pages\/4343\/revisions"}],"predecessor-version":[{"id":16581,"href":"https:\/\/diamantaire-paris.com\/ja\/wp-json\/wp\/v2\/pages\/4343\/revisions\/16581"}],"up":[{"embeddable":true,"href":"https:\/\/diamantaire-paris.com\/ja\/wp-json\/wp\/v2\/pages\/4552"}],"wp:featuredmedia":[{"embeddable":true,"href":"https:\/\/diamantaire-paris.com\/ja\/wp-json\/wp\/v2\/media\/4347"}],"wp:attachment":[{"href":"https:\/\/diamantaire-paris.com\/ja\/wp-json\/wp\/v2\/media?parent=4343"}],"curies":[{"name":"wp","href":"https:\/\/api.w.org\/{rel}","templated":true}]}}