{"id":3851,"date":"2019-04-03T10:18:55","date_gmt":"2019-04-03T08:18:55","guid":{"rendered":"https:\/\/diamantaire-paris.com\/?p=3851"},"modified":"2024-03-28T13:01:49","modified_gmt":"2024-03-28T12:01:49","slug":"video-diamant","status":"publish","type":"page","link":"https:\/\/diamantaire-paris.com\/ja\/video\/video-diamant\/","title":{"rendered":"Vid\u00e9o d&rsquo;un diamant"},"content":{"rendered":"\t\t<div data-elementor-type=\"wp-page\" data-elementor-id=\"3851\" class=\"elementor elementor-3851\" data-elementor-post-type=\"page\">\n\t\t\t\t\t\t<section class=\"elementor-section elementor-top-section elementor-element elementor-element-232355f8 elementor-section-boxed elementor-section-height-default elementor-section-height-default\" data-id=\"232355f8\" data-element_type=\"section\" data-e-type=\"section\">\n\t\t\t\t\t\t<div class=\"elementor-container elementor-column-gap-default\">\n\t\t\t\t\t<div class=\"elementor-column elementor-col-100 elementor-top-column elementor-element elementor-element-53360ede\" data-id=\"53360ede\" data-element_type=\"column\" data-e-type=\"column\">\n\t\t\t<div class=\"elementor-widget-wrap elementor-element-populated\">\n\t\t\t\t\t\t<div class=\"elementor-element elementor-element-ab21f5a elementor-widget elementor-widget-shortcode\" data-id=\"ab21f5a\" data-element_type=\"widget\" data-e-type=\"widget\" data-widget_type=\"shortcode.default\">\n\t\t\t\t<div class=\"elementor-widget-container\">\n\t\t\t\t\t\t\t<div class=\"elementor-shortcode\"><nav aria-label=\"breadcrumbs\" class=\"rank-math-breadcrumb\"><p><span class=\"last\">Diamantaires Paris<\/span><\/p><\/nav><\/div>\n\t\t\t\t\t\t<\/div>\n\t\t\t\t<\/div>\n\t\t\t\t<div class=\"elementor-element elementor-element-798f77a9 elementor-widget elementor-widget-text-editor\" data-id=\"798f77a9\" data-element_type=\"widget\" data-e-type=\"widget\" data-widget_type=\"text-editor.default\">\n\t\t\t\t<div class=\"elementor-widget-container\">\n\t\t\t\t\t\t\t\t\t<p><div style=\"width: 600px;\" class=\"wp-video\"><video class=\"wp-video-shortcode\" id=\"video-3851-1\" width=\"600\" height=\"600\" preload=\"metadata\" controls=\"controls\"><source type=\"video\/mp4\" src=\"https:\/\/diamantaire-paris.com\/wp-content\/uploads\/2019\/04\/vid\u00e9o-dun-diamant.mp4?_=1\" \/><a href=\"https:\/\/diamantaire-paris.com\/wp-content\/uploads\/2019\/04\/vid\u00e9o-dun-diamant.mp4\">https:\/\/diamantaire-paris.com\/wp-content\/uploads\/2019\/04\/vid\u00e9o-dun-diamant.mp4<\/a><\/video><\/div><\/p>\n<p>Vid\u00e9o prise dans les bureaux de Diamantaires Paris apr\u00e8s une expertise.<br>Pour demander la vente ou l&rsquo;expertise de votre diamant vous pouvez remplir notre formulaire de<a href=\"https:\/\/diamantaire-paris.com\/vendre-un-bien\/\"> <b>vente de bijoux<\/b><\/a><b>&nbsp;.<\/b><br>Diamantaires OG propose un service de rachat de pierres pr\u00e9cieuses \u00e0 Paris. Nous expertisons vos diamants \u00e0 partir de 0.5 carat.<br>Vous pouvez d\u00e9couvrir plus d&rsquo;infos sur nos <a href=\"https:\/\/diamantaire-paris.com\/estimer-un-diamant-gia\/\"><b>proc\u00e9d\u00e9s d&rsquo;identification d&rsquo;un diamant<\/b><\/a> dans cette page.<\/p>\n<p>Ainsi vous pouvez demander une expertise gratuite de votre diamant chez Diamantaires Paris OG.<br>Nous estimons votre diamant dans les meilleures conditions et vous donnons notre prix de rachat de celui ci.<\/p>\n<p>Vous trouverez d&rsquo;autres vid\u00e9os similaires sur notre page <b><a href=\"https:\/\/www.youtube.com\/watch?v=Gldv1KNsPT8\" target=\"_blank\" rel=\"noopener\">Youtube<\/a>.<\/b><\/p>\t\t\t\t\t\t\t\t<\/div>\n\t\t\t\t<\/div>\n\t\t\t\t<div class=\"elementor-element elementor-element-9e5becd elementor-cta--skin-classic elementor-animated-content elementor-bg-transform elementor-bg-transform-zoom-in elementor-widget elementor-widget-call-to-action\" data-id=\"9e5becd\" data-element_type=\"widget\" data-e-type=\"widget\" data-widget_type=\"call-to-action.default\">\n\t\t\t\t<div class=\"elementor-widget-container\">\n\t\t\t\t\t\t\t<a class=\"elementor-cta\" href=\"tel:0148878144%20\">\n\t\t\t\t\t\t\t<div class=\"elementor-cta__content\">\n\t\t\t\t\t\t\t\t\t<div class=\"elementor-content-item elementor-cta__content-item elementor-icon-wrapper elementor-cta__icon elementor-view-default\">\n\t\t\t\t\t\t<div class=\"elementor-icon\">\n\t\t\t\t\t\t\t<i aria-hidden=\"true\" class=\"fas fa-phone-alt\"><\/i>\t\t\t\t\t\t<\/div>\n\t\t\t\t\t<\/div>\n\t\t\t\t\n\t\t\t\t\t\t\t\t\t<span class=\"elementor-cta__title elementor-cta__content-item elementor-content-item\">\n\t\t\t\t\t\tBesoin d'aide pour expertiser votre bijou ? \t\t\t\t\t<\/span>\n\t\t\t\t\n\t\t\t\t\t\t\t\t\t<div class=\"elementor-cta__description elementor-cta__content-item elementor-content-item\">\n\t\t\t\t\t\t01 48 87 81 44 <br>\n<b>D\u00e9placez vous avec ou sans rendez vous<\/b> <br>\n\ud83d\udccd 43 RUE BEAUBOURG 75003 PARIS \ud83d\udccd <br>\nM\u00e9tro Rambuteau\t\t\t\t\t<\/div>\n\t\t\t\t\n\t\t\t\t\t\t\t<\/div>\n\t\t\t\t\t\t<\/a>\n\t\t\t\t\t\t<\/div>\n\t\t\t\t<\/div>\n\t\t\t\t<div class=\"elementor-element elementor-element-8236b92 elementor-widget elementor-widget-text-editor\" data-id=\"8236b92\" data-element_type=\"widget\" data-e-type=\"widget\" data-widget_type=\"text-editor.default\">\n\t\t\t\t<div class=\"elementor-widget-container\">\n\t\t\t\t\t\t\t\t\t<p><a href=\"https:\/\/diamantaire-paris.com\/vendre-un-bien\/diamant-bleu\/\">Expertiser un diamant de couleur bleu<\/a><br \/><a href=\"https:\/\/diamantaire-paris.com\/vendre-un-bien\/diamants-verts\/\">Expertiser un diamant de couleur vert<\/a><br \/><a href=\"https:\/\/diamantaire-paris.com\/vendre-un-bien\/expertiser-bague-1900\/\">Expertiser une bague des ann\u00e9es 1900<\/a><br \/><a href=\"https:\/\/diamantaire-paris.com\/vendre-un-bien\/vendre-un-pendentif-diamant\/\">Expertiser un pendentif\u00a0<\/a><\/p>\t\t\t\t\t\t\t\t<\/div>\n\t\t\t\t<\/div>\n\t\t\t\t<div class=\"elementor-element elementor-element-9fdc1a4 elementor-widget elementor-widget-text-editor\" data-id=\"9fdc1a4\" data-element_type=\"widget\" data-e-type=\"widget\" data-widget_type=\"text-editor.default\">\n\t\t\t\t<div class=\"elementor-widget-container\">\n\t\t\t\t\t\t\t\t\t<p>Diamantaire Paris, avec sa r\u00e9putation in\u00e9gal\u00e9e dans le monde des bijoux et des diamants, offre une gamme compl\u00e8te de services pour les amateurs de bijoux et de pierres pr\u00e9cieuses. Si vous poss\u00e9dez des pi\u00e8ces d&rsquo;\u00e9poque et souhaitez conna\u00eetre leur valeur, notre service d&rsquo;<a href=\"https:\/\/diamantaire-paris.com\/vendre-un-bien\/bijoux-anciens\/les-bijoux-art-deco\/\" target=\"_new\"><b>estimation de bijoux Art D\u00e9co<\/b><\/a> est parfait pour vous. Nous comprenons la valeur historique et artistique de ces pi\u00e8ces et offrons une \u00e9valuation experte pour maximiser leur valeur sur le march\u00e9.<\/p><p>Pour ceux qui cherchent \u00e0 vendre des bijoux de haute joaillerie, nous proposons des services sp\u00e9cialis\u00e9s pour des marques renomm\u00e9es telles que <b><a href=\"https:\/\/diamantaire-paris.com\/vendre-haute-joaillerie\/vendre-bijoux-repossi\/\" target=\"_new\">Repossi<\/a>, <a href=\"https:\/\/diamantaire-paris.com\/vendre-haute-joaillerie\/vendre-bijoux-bulgari\/\" target=\"_new\">Bulgari<\/a>, <a href=\"https:\/\/diamantaire-paris.com\/vendre-haute-joaillerie\/vendre-bijoux-fred\/\" target=\"_new\">Fred<\/a><\/b>, et <a href=\"https:\/\/diamantaire-paris.com\/vendre-haute-joaillerie\/maison-boucheron\/\" target=\"_new\"><b>Boucheron<\/b><\/a>. Notre expertise dans ces marques de luxe garantit que vous recevrez une \u00e9valuation pr\u00e9cise et un service de vente de qualit\u00e9.<\/p><p>Pour ceux qui cherchent \u00e0 comprendre la valeur de leurs diamants, notre <a href=\"https:\/\/diamantaire-paris.com\/estimer-un-diamant-gia\/guide-diamant-de-purete-vvs\/\" target=\"_new\"><b>guide de puret\u00e9 des diamants via la r\u00e8gle des 4C<\/b><\/a> et notre <a href=\"https:\/\/diamantaire-paris.com\/estimer-un-diamant-gia\/guide-prix-diamant\/\" target=\"_new\"><b>guide du prix des diamants<\/b><\/a> sont des ressources inestimables. Ces guides vous aideront \u00e0 comprendre les facteurs qui influencent la valeur de vos diamants.<\/p><p>Pour ceux qui envisagent d&rsquo;<a href=\"https:\/\/diamantaire-paris.com\/investir-diamants-gia\/\" target=\"_new\"><b>investir dans un diamant GIA<\/b><\/a>, nous offrons des conseils d&rsquo;experts et des options d&rsquo;investissement fiables. De plus, si vous cherchez \u00e0 <a href=\"https:\/\/diamantaire-paris.com\/vendre-diamant\/ou-vendre-bague-diamant\/\" target=\"_new\"><b>vendre une bague diamant<\/b><\/a>, notre \u00e9quipe vous fournira une \u00e9valuation experte et des options de vente avantageuses.<\/p><p>Enfin, pour ceux qui poss\u00e8dent des bijoux de marques prestigieuses comme Cartier ou Van Cleef &amp; Arpels, nous offrons des services sp\u00e9cialis\u00e9s pour <b><a href=\"https:\/\/diamantaire-paris.com\/vendre-un-bien\/bijoux-anciens\/les-bijoux-cartier\/\" target=\"_new\">estimer ou vendre des bijoux Cartier<\/a> et <a href=\"https:\/\/diamantaire-paris.com\/vendre-haute-joaillerie\/van-cleef-arpels\/\" target=\"_new\">Van Cleef &amp; Arpels<\/a><\/b>. Notre expertise garantit que vous recevrez la meilleure valeur pour vos bijoux de luxe.<\/p><p>Chez Diamantaire Paris, nous nous engageons \u00e0 offrir un service exceptionnel, que vous cherchiez \u00e0 vendre, \u00e0 estimer ou \u00e0 investir dans des bijoux et des diamants de qualit\u00e9.<\/p>\t\t\t\t\t\t\t\t<\/div>\n\t\t\t\t<\/div>\n\t\t\t\t<div class=\"elementor-element elementor-element-941a43d elementor-widget elementor-widget-text-editor\" data-id=\"941a43d\" data-element_type=\"widget\" data-e-type=\"widget\" data-widget_type=\"text-editor.default\">\n\t\t\t\t<div class=\"elementor-widget-container\">\n\t\t\t\t\t\t\t\t\t<ol><li><a href=\"https:\/\/diamantaire-paris.com\/vendre-un-bien\/diamant-de-taille-princesse\/\" target=\"_new\">Vente de diamants de taille princesse<\/a><\/li><li><a href=\"https:\/\/diamantaire-paris.com\/vendre-un-bien\/diamant-radiant\/\" target=\"_new\">Cession de diamants taille radiant<\/a><\/li><li><a href=\"https:\/\/diamantaire-paris.com\/vendre-un-bien\/diamant-taille-trilliant\/\" target=\"_new\">Transaction de diamants taill\u00e9s en trilliant<\/a><\/li><li><a href=\"https:\/\/diamantaire-paris.com\/vendre-un-bien\/expertiser-bague-1900\/\" target=\"_new\">Expertise de bagues des ann\u00e9es 1900<\/a><\/li><li><a href=\"https:\/\/diamantaire-paris.com\/vendre-un-bien\/vendre-un-diamant-des-annees-70\/\" target=\"_new\">Commercialisation de diamants des ann\u00e9es 70<\/a><\/li><li><a href=\"https:\/\/diamantaire-paris.com\/vendre-un-bien\/colliers-en-diamants\/\" target=\"_new\">Vente de colliers sertis de diamants<\/a><\/li><li><a href=\"https:\/\/diamantaire-paris.com\/vendre-un-bien\/bague-diamant\/\" target=\"_new\">Conseils pour vendre une bague diamant<\/a><\/li><\/ol>\t\t\t\t\t\t\t\t<\/div>\n\t\t\t\t<\/div>\n\t\t\t\t<div class=\"elementor-element elementor-element-37b4a2d elementor-widget elementor-widget-heading\" data-id=\"37b4a2d\" data-element_type=\"widget\" data-e-type=\"widget\" data-widget_type=\"heading.default\">\n\t\t\t\t<div class=\"elementor-widget-container\">\n\t\t\t\t\t<h2 class=\"elementor-heading-title elementor-size-default\">FAQs<\/h2>\t\t\t\t<\/div>\n\t\t\t\t<\/div>\n\t\t\t\t<div class=\"elementor-element elementor-element-7e07829 elementor-widget elementor-widget-accordion\" data-id=\"7e07829\" data-element_type=\"widget\" data-e-type=\"widget\" data-widget_type=\"accordion.default\">\n\t\t\t\t<div class=\"elementor-widget-container\">\n\t\t\t\t\t\t\t<div class=\"elementor-accordion\">\n\t\t\t\t\t\t\t<div class=\"elementor-accordion-item\">\n\t\t\t\t\t<div id=\"elementor-tab-title-1321\" class=\"elementor-tab-title\" data-tab=\"1\" role=\"button\" aria-controls=\"elementor-tab-content-1321\" aria-expanded=\"false\">\n\t\t\t\t\t\t\t\t\t\t\t\t\t<span class=\"elementor-accordion-icon elementor-accordion-icon-left\" aria-hidden=\"true\">\n\t\t\t\t\t\t\t\t\t\t\t\t\t\t\t<span class=\"elementor-accordion-icon-closed\"><i class=\"fas fa-plus\"><\/i><\/span>\n\t\t\t\t\t\t\t\t<span class=\"elementor-accordion-icon-opened\"><i class=\"fas fa-minus\"><\/i><\/span>\n\t\t\t\t\t\t\t\t\t\t\t\t\t\t<\/span>\n\t\t\t\t\t\t\t\t\t\t\t\t<a class=\"elementor-accordion-title\" tabindex=\"0\">Quels services offre Diamantaires Paris pour les diamants ?<\/a>\n\t\t\t\t\t<\/div>\n\t\t\t\t\t<div id=\"elementor-tab-content-1321\" class=\"elementor-tab-content elementor-clearfix\" data-tab=\"1\" role=\"region\" aria-labelledby=\"elementor-tab-title-1321\"><p>Diamantaires Paris propose l&rsquo;expertise et le rachat de pierres pr\u00e9cieuses, y compris les diamants \u00e0 partir de 0.5 carat. Ils offrent une expertise gratuite et confidentielle des diamants.<\/p><\/div>\n\t\t\t\t<\/div>\n\t\t\t\t\t\t\t<div class=\"elementor-accordion-item\">\n\t\t\t\t\t<div id=\"elementor-tab-title-1322\" class=\"elementor-tab-title\" data-tab=\"2\" role=\"button\" aria-controls=\"elementor-tab-content-1322\" aria-expanded=\"false\">\n\t\t\t\t\t\t\t\t\t\t\t\t\t<span class=\"elementor-accordion-icon elementor-accordion-icon-left\" aria-hidden=\"true\">\n\t\t\t\t\t\t\t\t\t\t\t\t\t\t\t<span class=\"elementor-accordion-icon-closed\"><i class=\"fas fa-plus\"><\/i><\/span>\n\t\t\t\t\t\t\t\t<span class=\"elementor-accordion-icon-opened\"><i class=\"fas fa-minus\"><\/i><\/span>\n\t\t\t\t\t\t\t\t\t\t\t\t\t\t<\/span>\n\t\t\t\t\t\t\t\t\t\t\t\t<a class=\"elementor-accordion-title\" tabindex=\"0\">Comment puis-je obtenir une expertise de mon diamant chez Diamantaires Paris ?<\/a>\n\t\t\t\t\t<\/div>\n\t\t\t\t\t<div id=\"elementor-tab-content-1322\" class=\"elementor-tab-content elementor-clearfix\" data-tab=\"2\" role=\"region\" aria-labelledby=\"elementor-tab-title-1322\"><p>Vous pouvez demander une expertise gratuite de votre diamant en contactant Diamantaires Paris. Il est conseill\u00e9 de se d\u00e9placer pour une expertise plus pr\u00e9cise, mais vous pouvez \u00e9galement envoyer une pr\u00e9-expertise par email \u00e0 <a target=\"_new\">achat@diamantaire-paris.com<\/a>.<\/p><\/div>\n\t\t\t\t<\/div>\n\t\t\t\t\t\t\t<div class=\"elementor-accordion-item\">\n\t\t\t\t\t<div id=\"elementor-tab-title-1323\" class=\"elementor-tab-title\" data-tab=\"3\" role=\"button\" aria-controls=\"elementor-tab-content-1323\" aria-expanded=\"false\">\n\t\t\t\t\t\t\t\t\t\t\t\t\t<span class=\"elementor-accordion-icon elementor-accordion-icon-left\" aria-hidden=\"true\">\n\t\t\t\t\t\t\t\t\t\t\t\t\t\t\t<span class=\"elementor-accordion-icon-closed\"><i class=\"fas fa-plus\"><\/i><\/span>\n\t\t\t\t\t\t\t\t<span class=\"elementor-accordion-icon-opened\"><i class=\"fas fa-minus\"><\/i><\/span>\n\t\t\t\t\t\t\t\t\t\t\t\t\t\t<\/span>\n\t\t\t\t\t\t\t\t\t\t\t\t<a class=\"elementor-accordion-title\" tabindex=\"0\">O\u00f9 se trouve Diamantaires Paris et comment puis-je les contacter ?<\/a>\n\t\t\t\t\t<\/div>\n\t\t\t\t\t<div id=\"elementor-tab-content-1323\" class=\"elementor-tab-content elementor-clearfix\" data-tab=\"3\" role=\"region\" aria-labelledby=\"elementor-tab-title-1323\"><p>Diamantaires Paris est situ\u00e9 au 43 rue Beaubourg, 75003 Paris, pr\u00e8s du m\u00e9tro R\u00e9aumur &#8211; S\u00e9bastopol. Vous pouvez les contacter par t\u00e9l\u00e9phone au 01 48 87 23 37 ou par email \u00e0 <a target=\"_new\">achat@diamantaire-paris.com<\/a>.<\/p><\/div>\n\t\t\t\t<\/div>\n\t\t\t\t\t\t\t<div class=\"elementor-accordion-item\">\n\t\t\t\t\t<div id=\"elementor-tab-title-1324\" class=\"elementor-tab-title\" data-tab=\"4\" role=\"button\" aria-controls=\"elementor-tab-content-1324\" aria-expanded=\"false\">\n\t\t\t\t\t\t\t\t\t\t\t\t\t<span class=\"elementor-accordion-icon elementor-accordion-icon-left\" aria-hidden=\"true\">\n\t\t\t\t\t\t\t\t\t\t\t\t\t\t\t<span class=\"elementor-accordion-icon-closed\"><i class=\"fas fa-plus\"><\/i><\/span>\n\t\t\t\t\t\t\t\t<span class=\"elementor-accordion-icon-opened\"><i class=\"fas fa-minus\"><\/i><\/span>\n\t\t\t\t\t\t\t\t\t\t\t\t\t\t<\/span>\n\t\t\t\t\t\t\t\t\t\t\t\t<a class=\"elementor-accordion-title\" tabindex=\"0\">Quelle est la politique de rachat de bijoux chez Diamantaires Paris ?<\/a>\n\t\t\t\t\t<\/div>\n\t\t\t\t\t<div id=\"elementor-tab-content-1324\" class=\"elementor-tab-content elementor-clearfix\" data-tab=\"4\" role=\"region\" aria-labelledby=\"elementor-tab-title-1324\"><p>Diamantaires Paris propose des offres de rachat de bijoux parmi les meilleures du march\u00e9. Si vous avez une meilleure offre ailleurs, ils s&rsquo;engagent \u00e0 faire une meilleure offre.<\/p><\/div>\n\t\t\t\t<\/div>\n\t\t\t\t\t\t\t<div class=\"elementor-accordion-item\">\n\t\t\t\t\t<div id=\"elementor-tab-title-1325\" class=\"elementor-tab-title\" data-tab=\"5\" role=\"button\" aria-controls=\"elementor-tab-content-1325\" aria-expanded=\"false\">\n\t\t\t\t\t\t\t\t\t\t\t\t\t<span class=\"elementor-accordion-icon elementor-accordion-icon-left\" aria-hidden=\"true\">\n\t\t\t\t\t\t\t\t\t\t\t\t\t\t\t<span class=\"elementor-accordion-icon-closed\"><i class=\"fas fa-plus\"><\/i><\/span>\n\t\t\t\t\t\t\t\t<span class=\"elementor-accordion-icon-opened\"><i class=\"fas fa-minus\"><\/i><\/span>\n\t\t\t\t\t\t\t\t\t\t\t\t\t\t<\/span>\n\t\t\t\t\t\t\t\t\t\t\t\t<a class=\"elementor-accordion-title\" tabindex=\"0\">Diamantaires Paris vend-il \u00e9galement des bijoux anciens ?<\/a>\n\t\t\t\t\t<\/div>\n\t\t\t\t\t<div id=\"elementor-tab-content-1325\" class=\"elementor-tab-content elementor-clearfix\" data-tab=\"5\" role=\"region\" aria-labelledby=\"elementor-tab-title-1325\"><p>Oui, Diamantaires Paris dispose \u00e9galement d&rsquo;un catalogue de bijoux anciens de diamants \u00e0 vendre.<\/p><\/div>\n\t\t\t\t<\/div>\n\t\t\t\t\t\t\t\t\t\t<script type=\"application\/ld+json\">{\"@context\":\"https:\\\/\\\/schema.org\",\"@type\":\"FAQPage\",\"mainEntity\":[{\"@type\":\"Question\",\"name\":\"Quels services offre Diamantaires Paris pour les diamants ?\",\"acceptedAnswer\":{\"@type\":\"Answer\",\"text\":\"<p>Diamantaires Paris propose l&rsquo;expertise et le rachat de pierres pr\\u00e9cieuses, y compris les diamants \\u00e0 partir de 0.5 carat. Ils offrent une expertise gratuite et confidentielle des diamants.<\\\/p>\"}},{\"@type\":\"Question\",\"name\":\"Comment puis-je obtenir une expertise de mon diamant chez Diamantaires Paris ?\",\"acceptedAnswer\":{\"@type\":\"Answer\",\"text\":\"<p>Vous pouvez demander une expertise gratuite de votre diamant en contactant Diamantaires Paris. Il est conseill\\u00e9 de se d\\u00e9placer pour une expertise plus pr\\u00e9cise, mais vous pouvez \\u00e9galement envoyer une pr\\u00e9-expertise par email \\u00e0 <a target=\\\"_new\\\">achat@diamantaire-paris.com<\\\/a>.<\\\/p>\"}},{\"@type\":\"Question\",\"name\":\"O\\u00f9 se trouve Diamantaires Paris et comment puis-je les contacter ?\",\"acceptedAnswer\":{\"@type\":\"Answer\",\"text\":\"<p>Diamantaires Paris est situ\\u00e9 au 43 rue Beaubourg, 75003 Paris, pr\\u00e8s du m\\u00e9tro R\\u00e9aumur &#8211; S\\u00e9bastopol. Vous pouvez les contacter par t\\u00e9l\\u00e9phone au 01 48 87 23 37 ou par email \\u00e0 <a target=\\\"_new\\\">achat@diamantaire-paris.com<\\\/a>.<\\\/p>\"}},{\"@type\":\"Question\",\"name\":\"Quelle est la politique de rachat de bijoux chez Diamantaires Paris ?\",\"acceptedAnswer\":{\"@type\":\"Answer\",\"text\":\"<p>Diamantaires Paris propose des offres de rachat de bijoux parmi les meilleures du march\\u00e9. Si vous avez une meilleure offre ailleurs, ils s&rsquo;engagent \\u00e0 faire une meilleure offre.<\\\/p>\"}},{\"@type\":\"Question\",\"name\":\"Diamantaires Paris vend-il \\u00e9galement des bijoux anciens ?\",\"acceptedAnswer\":{\"@type\":\"Answer\",\"text\":\"<p>Oui, Diamantaires Paris dispose \\u00e9galement d&rsquo;un catalogue de bijoux anciens de diamants \\u00e0 vendre.<\\\/p>\"}}]}<\/script>\n\t\t\t\t\t<\/div>\n\t\t\t\t\t\t<\/div>\n\t\t\t\t<\/div>\n\t\t\t\t<div class=\"elementor-element elementor-element-1dbb245 elementor-cta--skin-classic elementor-animated-content elementor-bg-transform elementor-bg-transform-zoom-in elementor-widget elementor-widget-global elementor-global-5229 elementor-widget-call-to-action\" data-id=\"1dbb245\" data-element_type=\"widget\" data-e-type=\"widget\" data-widget_type=\"call-to-action.default\">\n\t\t\t\t<div class=\"elementor-widget-container\">\n\t\t\t\t\t\t\t<a class=\"elementor-cta\" href=\"tel:0148878144\">\n\t\t\t\t\t\t\t<div class=\"elementor-cta__content\">\n\t\t\t\t\t\t\t\t\t<div class=\"elementor-content-item elementor-cta__content-item elementor-icon-wrapper elementor-cta__icon elementor-view-default\">\n\t\t\t\t\t\t<div class=\"elementor-icon\">\n\t\t\t\t\t\t\t<i aria-hidden=\"true\" class=\"fas fa-phone-alt\"><\/i>\t\t\t\t\t\t<\/div>\n\t\t\t\t\t<\/div>\n\t\t\t\t\n\t\t\t\t\t\t\t\t\t<div class=\"elementor-cta__title elementor-cta__content-item elementor-content-item\">\n\t\t\t\t\t\t01 48 87 81 44\t\t\t\t\t<\/div>\n\t\t\t\t\n\t\t\t\t\t\t\t\t\t<div class=\"elementor-cta__description elementor-cta__content-item elementor-content-item\">\n\t\t\t\t\t\tNotre service client\u00e8le se tient gratuitement \u00e0 votre disposition pour plus d'information sur notre m\u00e9tier de Diamantaire \u00e0 Paris.\t\t\t\t\t<\/div>\n\t\t\t\t\n\t\t\t\t\t\t\t<\/div>\n\t\t\t\t\t\t<\/a>\n\t\t\t\t\t\t<\/div>\n\t\t\t\t<\/div>\n\t\t\t\t\t<\/div>\n\t\t<\/div>\n\t\t\t\t\t<\/div>\n\t\t<\/section>\n\t\t\t\t<\/div>\n\t\t","protected":false},"excerpt":{"rendered":"<p>Vid\u00e9o prise dans les bureaux de Diamantaires Paris apr\u00e8s une expertise.Pour demander la vente ou l&rsquo;expertise de votre diamant vous pouvez remplir notre formulaire de vente de bijoux&nbsp;.Diamantaires OG propose un service de rachat de pierres pr\u00e9cieuses \u00e0 Paris. Nous expertisons vos diamants \u00e0 partir de 0.5 carat.Vous pouvez d\u00e9couvrir plus d&rsquo;infos sur nos proc\u00e9d\u00e9s d&rsquo;identification d&rsquo;un diamant dans cette page. Ainsi vous pouvez demander une expertise gratuite de votre diamant chez Diamantaires Paris OG.Nous estimons votre diamant dans les meilleures conditions et vous donnons notre prix de rachat de celui ci. Vous trouverez d&rsquo;autres vid\u00e9os similaires sur notre page Youtube. Besoin d&rsquo;aide pour expertiser votre bijou ? 01 48 [&hellip;]<\/p>\n","protected":false},"author":2,"featured_media":3853,"parent":797,"menu_order":0,"comment_status":"open","ping_status":"open","template":"","meta":{"content-type":"","footnotes":""},"class_list":["post-3851","page","type-page","status-publish","has-post-thumbnail","hentry"],"_links":{"self":[{"href":"https:\/\/diamantaire-paris.com\/ja\/wp-json\/wp\/v2\/pages\/3851","targetHints":{"allow":["GET"]}}],"collection":[{"href":"https:\/\/diamantaire-paris.com\/ja\/wp-json\/wp\/v2\/pages"}],"about":[{"href":"https:\/\/diamantaire-paris.com\/ja\/wp-json\/wp\/v2\/types\/page"}],"author":[{"embeddable":true,"href":"https:\/\/diamantaire-paris.com\/ja\/wp-json\/wp\/v2\/users\/2"}],"replies":[{"embeddable":true,"href":"https:\/\/diamantaire-paris.com\/ja\/wp-json\/wp\/v2\/comments?post=3851"}],"version-history":[{"count":10,"href":"https:\/\/diamantaire-paris.com\/ja\/wp-json\/wp\/v2\/pages\/3851\/revisions"}],"predecessor-version":[{"id":16992,"href":"https:\/\/diamantaire-paris.com\/ja\/wp-json\/wp\/v2\/pages\/3851\/revisions\/16992"}],"up":[{"embeddable":true,"href":"https:\/\/diamantaire-paris.com\/ja\/wp-json\/wp\/v2\/pages\/797"}],"wp:featuredmedia":[{"embeddable":true,"href":"https:\/\/diamantaire-paris.com\/ja\/wp-json\/wp\/v2\/media\/3853"}],"wp:attachment":[{"href":"https:\/\/diamantaire-paris.com\/ja\/wp-json\/wp\/v2\/media?parent=3851"}],"curies":[{"name":"wp","href":"https:\/\/api.w.org\/{rel}","templated":true}]}}