{"id":17927,"date":"2024-05-24T11:55:20","date_gmt":"2024-05-24T09:55:20","guid":{"rendered":"https:\/\/diamantaire-paris.com\/?page_id=17927"},"modified":"2024-05-24T17:58:12","modified_gmt":"2024-05-24T15:58:12","slug":"succession-bijoux","status":"publish","type":"page","link":"https:\/\/diamantaire-paris.com\/hu\/heritage\/succession-bijoux\/","title":{"rendered":"Succession bijoux"},"content":{"rendered":"\t\t<div data-elementor-type=\"wp-page\" data-elementor-id=\"17927\" class=\"elementor elementor-17927\" data-elementor-post-type=\"page\">\n\t\t\t\t\t\t<section class=\"elementor-section elementor-top-section elementor-element elementor-element-da02917 elementor-section-boxed elementor-section-height-default elementor-section-height-default\" data-id=\"da02917\" data-element_type=\"section\" data-e-type=\"section\">\n\t\t\t\t\t\t<div class=\"elementor-container elementor-column-gap-default\">\n\t\t\t\t\t<div class=\"elementor-column elementor-col-100 elementor-top-column elementor-element elementor-element-26d9cd6\" data-id=\"26d9cd6\" data-element_type=\"column\" data-e-type=\"column\">\n\t\t\t<div class=\"elementor-widget-wrap elementor-element-populated\">\n\t\t\t\t\t\t<div class=\"elementor-element elementor-element-13d7a99 elementor-widget elementor-widget-shortcode\" data-id=\"13d7a99\" data-element_type=\"widget\" data-e-type=\"widget\" data-widget_type=\"shortcode.default\">\n\t\t\t\t<div class=\"elementor-widget-container\">\n\t\t\t\t\t\t\t<div class=\"elementor-shortcode\"><nav aria-label=\"breadcrumbs\" class=\"rank-math-breadcrumb\"><p><span class=\"last\">Diamantaires Paris<\/span><\/p><\/nav><\/div>\n\t\t\t\t\t\t<\/div>\n\t\t\t\t<\/div>\n\t\t\t\t\t<\/div>\n\t\t<\/div>\n\t\t\t\t\t<\/div>\n\t\t<\/section>\n\t\t\t\t<section class=\"elementor-section elementor-top-section elementor-element elementor-element-7c88436 elementor-section-boxed elementor-section-height-default elementor-section-height-default\" data-id=\"7c88436\" data-element_type=\"section\" data-e-type=\"section\">\n\t\t\t\t\t\t<div class=\"elementor-container elementor-column-gap-default\">\n\t\t\t\t\t<div class=\"elementor-column elementor-col-100 elementor-top-column elementor-element elementor-element-c293723\" data-id=\"c293723\" data-element_type=\"column\" data-e-type=\"column\">\n\t\t\t<div class=\"elementor-widget-wrap elementor-element-populated\">\n\t\t\t\t\t\t<div class=\"elementor-element elementor-element-36a2d51 elementor-widget elementor-widget-image\" data-id=\"36a2d51\" data-element_type=\"widget\" data-e-type=\"widget\" data-widget_type=\"image.default\">\n\t\t\t\t<div class=\"elementor-widget-container\">\n\t\t\t\t\t\t\t\t\t\t\t\t\t\t\t<img fetchpriority=\"high\" decoding=\"async\" width=\"800\" height=\"400\" src=\"https:\/\/diamantaire-paris.com\/wp-content\/uploads\/2024\/05\/Succession-bijoux-1024x512.jpg\" class=\"attachment-large size-large wp-image-17928\" alt=\"Succession bijoux\" srcset=\"https:\/\/diamantaire-paris.com\/wp-content\/uploads\/2024\/05\/Succession-bijoux-1024x512.jpg 1024w, https:\/\/diamantaire-paris.com\/wp-content\/uploads\/2024\/05\/Succession-bijoux-300x150.jpg 300w, https:\/\/diamantaire-paris.com\/wp-content\/uploads\/2024\/05\/Succession-bijoux-768x384.jpg 768w, https:\/\/diamantaire-paris.com\/wp-content\/uploads\/2024\/05\/Succession-bijoux.jpg 1200w\" sizes=\"(max-width: 800px) 100vw, 800px\" title=\"\">\t\t\t\t\t\t\t\t\t\t\t\t\t\t\t<\/div>\n\t\t\t\t<\/div>\n\t\t\t\t<div class=\"elementor-element elementor-element-9c7b50b elementor-widget elementor-widget-text-editor\" data-id=\"9c7b50b\" data-element_type=\"widget\" data-e-type=\"widget\" data-widget_type=\"text-editor.default\">\n\t\t\t\t<div class=\"elementor-widget-container\">\n\t\t\t\t\t\t\t\t\t<p><i><span style=\"font-weight: 400;\">Vous avez h\u00e9rit\u00e9 des bijoux d\u2019un membre de votre famille suite \u00e0 son d\u00e9c\u00e8s\u00a0? Vous ne savez pas s\u2019il est utile ou non de les faire estimer\u00a0? Vous h\u00e9sitez \u00e0 les vendre\u00a0? D\u00e9couvrez que faire de bijoux h\u00e9rit\u00e9s dans le cadre d\u2019une succession, et o\u00f9 les faire estimer si vous souhaitez les vendre.<\/span><\/i><\/p>\t\t\t\t\t\t\t\t<\/div>\n\t\t\t\t<\/div>\n\t\t\t\t<div class=\"elementor-element elementor-element-41f020e elementor-blockquote--skin-boxed elementor-widget elementor-widget-global elementor-global-8384 elementor-widget-blockquote\" data-id=\"41f020e\" data-element_type=\"widget\" data-e-type=\"widget\" data-widget_type=\"blockquote.default\">\n\t\t\t\t<div class=\"elementor-widget-container\">\n\t\t\t\t\t\t\t<blockquote class=\"elementor-blockquote\">\n\t\t\t<p class=\"elementor-blockquote__content\">\n\t\t\t\tNous garantissons les meilleurs prix, si vous d\u00e9tenez une offre de rachat direct de la part d\u2019un concurrent, non seulement nous nous alignons dessus et nous engageons \u00e0 vous offrir une surench\u00e8re.\t\t\t<\/p>\n\t\t\t\t\t<\/blockquote>\n\t\t\t\t\t\t<\/div>\n\t\t\t\t<\/div>\n\t\t\t\t<div class=\"elementor-element elementor-element-e6ca8e2 elementor-widget elementor-widget-heading\" data-id=\"e6ca8e2\" data-element_type=\"widget\" data-e-type=\"widget\" data-widget_type=\"heading.default\">\n\t\t\t\t<div class=\"elementor-widget-container\">\n\t\t\t\t\t<h2 class=\"elementor-heading-title elementor-size-default\">Succession : que faire des bijoux de famille ?\n<\/h2>\t\t\t\t<\/div>\n\t\t\t\t<\/div>\n\t\t\t\t<div class=\"elementor-element elementor-element-c7bce99 elementor-widget elementor-widget-text-editor\" data-id=\"c7bce99\" data-element_type=\"widget\" data-e-type=\"widget\" data-widget_type=\"text-editor.default\">\n\t\t\t\t<div class=\"elementor-widget-container\">\n\t\t\t\t\t\t\t\t\t<p><span style=\"font-weight: 400;\">Si vous avez h\u00e9rit\u00e9 de bijoux suite au d\u00e9c\u00e8s d\u2019un membre de votre famille, plusieurs options s\u2019offrent \u00e0 vous\u00a0:<\/span><\/p><ul><li style=\"font-weight: 400;\" aria-level=\"1\"><span style=\"font-weight: 400;\">Conserver les bijoux\u00a0: vous pourrez alors les utiliser comme vous le souhaitez, c\u2019est-\u00e0-dire les porter ou les garder quelque part dans l\u2019optique de les transmettre \u00e0 votre tour \u00e0 votre descendance<\/span><\/li><li style=\"font-weight: 400;\" aria-level=\"1\"><span style=\"font-weight: 400;\">Vendre les bijoux\u00a0: dans ce cas, il faudra d\u2019abord les faire expertiser pour en conna\u00eetre la valeur et les vendre \u00e0 leur juste prix.<\/span><\/li><\/ul>\t\t\t\t\t\t\t\t<\/div>\n\t\t\t\t<\/div>\n\t\t\t\t<div class=\"elementor-element elementor-element-4f31da3 elementor-position-inline-start elementor-view-default elementor-mobile-position-block-start elementor-widget elementor-widget-global elementor-global-6974 elementor-widget-icon-box\" data-id=\"4f31da3\" data-element_type=\"widget\" data-e-type=\"widget\" data-widget_type=\"icon-box.default\">\n\t\t\t\t<div class=\"elementor-widget-container\">\n\t\t\t\t\t\t\t<div class=\"elementor-icon-box-wrapper\">\n\n\t\t\t\t\t\t<div class=\"elementor-icon-box-icon\">\n\t\t\t\t<span  class=\"elementor-icon\">\n\t\t\t\t<i aria-hidden=\"true\" class=\"fas fa-info-circle\"><\/i>\t\t\t\t<\/span>\n\t\t\t<\/div>\n\t\t\t\n\t\t\t\t\t\t<div class=\"elementor-icon-box-content\">\n\n\t\t\t\t\t\t\t\t\t<h3 class=\"elementor-icon-box-title\">\n\t\t\t\t\t\t<span  >\n\t\t\t\t\t\t\tDiamantaire Paris propose une alternative de rachat imm\u00e9diat de bijoux sans vendre aux ench\u00e8res.\t\t\t\t\t\t<\/span>\n\t\t\t\t\t<\/h3>\n\t\t\t\t\n\t\t\t\t\t\t\t\t\t<p class=\"elementor-icon-box-description\">\n\t\t\t\t\t\tPlus d'infos sans rendez vous au 43 rue Beaubourg 75003 Paris, ou par t\u00e9l\u00e9phone : +33 1 48 87 23 37 \t\t\t\t\t<\/p>\n\t\t\t\t\n\t\t\t<\/div>\n\t\t\t\n\t\t<\/div>\n\t\t\t\t\t\t<\/div>\n\t\t\t\t<\/div>\n\t\t\t\t<div class=\"elementor-element elementor-element-8b40086 elementor-cta--skin-classic elementor-animated-content elementor-bg-transform elementor-bg-transform-zoom-in elementor-widget elementor-widget-global elementor-global-5216 elementor-widget-call-to-action\" data-id=\"8b40086\" data-element_type=\"widget\" data-e-type=\"widget\" data-widget_type=\"call-to-action.default\">\n\t\t\t\t<div class=\"elementor-widget-container\">\n\t\t\t\t\t\t\t<div class=\"elementor-cta\">\n\t\t\t\t\t\t\t<div class=\"elementor-cta__content\">\n\t\t\t\t\t\t\t\t\t<div class=\"elementor-content-item elementor-cta__content-item elementor-icon-wrapper elementor-cta__icon elementor-view-default\">\n\t\t\t\t\t\t<div class=\"elementor-icon\">\n\t\t\t\t\t\t\t<i aria-hidden=\"true\" class=\"fas fa-phone-alt\"><\/i>\t\t\t\t\t\t<\/div>\n\t\t\t\t\t<\/div>\n\t\t\t\t\n\t\t\t\t\t\t\t\t\t<div class=\"elementor-cta__title elementor-cta__content-item elementor-content-item\">\n\t\t\t\t\t\t<a href=\"tel:0148878144\">01 48 87 81 44<\/a>\t\t\t\t\t<\/div>\n\t\t\t\t\n\t\t\t\t\t\t\t\t\t<div class=\"elementor-cta__description elementor-cta__content-item elementor-content-item\">\n\t\t\t\t\t\tNotre service client\u00e8le se tient gratuitement \u00e0 votre disposition pour l'estimation de votre bijou.\t\t\t\t\t<\/div>\n\t\t\t\t\n\t\t\t\t\t\t\t<\/div>\n\t\t\t\t\t\t<\/div>\n\t\t\t\t\t\t<\/div>\n\t\t\t\t<\/div>\n\t\t\t\t<div class=\"elementor-element elementor-element-ef57b7d elementor-widget elementor-widget-heading\" data-id=\"ef57b7d\" data-element_type=\"widget\" data-e-type=\"widget\" data-widget_type=\"heading.default\">\n\t\t\t\t<div class=\"elementor-widget-container\">\n\t\t\t\t\t<h2 class=\"elementor-heading-title elementor-size-default\">La fiscalit\u00e9 des bijoux issus d\u2019une succession\n<\/h2>\t\t\t\t<\/div>\n\t\t\t\t<\/div>\n\t\t\t\t<div class=\"elementor-element elementor-element-41d8d44 elementor-widget elementor-widget-text-editor\" data-id=\"41d8d44\" data-element_type=\"widget\" data-e-type=\"widget\" data-widget_type=\"text-editor.default\">\n\t\t\t\t<div class=\"elementor-widget-container\">\n\t\t\t\t\t\t\t\t\t<p><span style=\"font-weight: 400;\">Lors d\u2019une succession, les ayant-droits peuvent faire appel \u00e0 un commissaire-priseur pour qu\u2019il \u00e9tablisse un inventaire des biens mobiliers et estime leur valeur. Cette \u00e9tape est appel\u00e9e la pris\u00e9e. Il est possible de ne pas faire de pris\u00e9e\u00a0: le patrimoine mobilier sera alors \u00e9valu\u00e9 sur la base d\u2019un forfait, \u00e0 savoir 5 % du patrimoine global du d\u00e9funt.\u00a0<\/span><\/p><p><span style=\"font-weight: 400;\">Si vous avez choisi de r\u00e9aliser une pris\u00e9e et que les bijoux re\u00e7us en h\u00e9ritage font partie des biens \u00e9valu\u00e9s par le commissaire-priseur, alors les taxes sur les bijoux seront d\u00e9j\u00e0 pay\u00e9es lors avec les droits de succession. S\u2019il y a vente par la suite, aucune taxe ne sera appliqu\u00e9e, \u00e0 condition que vous en ayez bien gard\u00e9 les preuves.<\/span><\/p><p><span style=\"font-weight: 400;\">Toutefois, le plus souvent, les bijoux sont transmis avant le d\u00e9c\u00e8s de la personne, ils ne rentreront pas dans le mobilier estim\u00e9 lors de la pris\u00e9e. Il faudra alors s\u2019acquitter d\u2019une taxe que l\u2019on appelle la Taxe Forfaitaire Sur les Objets Pr\u00e9cieux. Cette taxe est \u00e0 payer d\u00e8s qu\u2019il y a vente d\u2019objets pr\u00e9cieux, c\u2019est-\u00e0-dire des bijoux mais aussi des \u0153uvres d\u2019art ou des antiquit\u00e9s.<\/span><\/p><p><span style=\"font-weight: 400;\">Le taux appliqu\u00e9 d\u00e9pend de la nature de l\u2019objet vendu. S\u2019il s\u2019agit de lingots d\u2019or ou de pi\u00e8ces de monnaie, le taux d\u2019imposition s\u2019\u00e9l\u00e8ve \u00e0 11,5 % \u00e0 partir du premier euro. S\u2019il s\u2019agit de bijoux, d\u2019objets d\u2019art ou d\u2019antiquit\u00e9 en revanche, le taux d\u2019imposition est de 6,5 %, seulement si l\u2019objet a \u00e9t\u00e9 vendu \u00e0 plus de 5 000 \u20ac unitairement.<\/span><\/p><p><span style=\"font-weight: 400;\">Autrement dit, les bijoux re\u00e7us dans le cadre d\u2019une succession ne sont soumis \u00e0 aucune taxe si le prix de vente ne d\u00e9passe pas 5\u00a0000 \u20ac par bijou.<\/span><\/p>\t\t\t\t\t\t\t\t<\/div>\n\t\t\t\t<\/div>\n\t\t\t\t<div class=\"elementor-element elementor-element-0891ce3 elementor-widget elementor-widget-heading\" data-id=\"0891ce3\" data-element_type=\"widget\" data-e-type=\"widget\" data-widget_type=\"heading.default\">\n\t\t\t\t<div class=\"elementor-widget-container\">\n\t\t\t\t\t<h2 class=\"elementor-heading-title elementor-size-default\">Faire estimer ses bijoux de famille dans le cadre d\u2019une succession\n<\/h2>\t\t\t\t<\/div>\n\t\t\t\t<\/div>\n\t\t\t\t<div class=\"elementor-element elementor-element-ae9e75a elementor-widget elementor-widget-text-editor\" data-id=\"ae9e75a\" data-element_type=\"widget\" data-e-type=\"widget\" data-widget_type=\"text-editor.default\">\n\t\t\t\t<div class=\"elementor-widget-container\">\n\t\t\t\t\t\t\t\t\t<p><span style=\"font-weight: 400;\">Nous vous conseillons de faire expertiser les bijoux re\u00e7us lors d\u2019une succession, m\u00eame si vous ne souhaitez pas les vendre, surtout si ces bijoux sont sertis de pierres pr\u00e9cieuses.\u00a0<\/span><\/p><p><span style=\"font-weight: 400;\">Pour faire estimer ses bijoux pr\u00e9cieux, il est n\u00e9cessaire de s\u2019adresser \u00e0 des experts comme un diamantaire ou un gemmologue. Si votre bijou est serti d\u2019un diamant ou de toute autre pierre pr\u00e9cieuse, sa valeur va d\u00e9pendre avant tout des crit\u00e8res de qualit\u00e9 de la pierre. La valeur d\u2019un diamant est estim\u00e9e \u00e0 partir de<a href=\"https:\/\/diamantaire-paris.com\/estimer-un-diamant-gia\/guide-prix-diamant\/\"> 4 crit\u00e8res (les 4C)<\/a>\u00a0: <a href=\"https:\/\/diamantaire-paris.com\/estimer-un-diamant-gia\/guide-couleur-diamant\/\">couleur<\/a>, taille, puret\u00e9 et poids en carats.\u00a0\u00a0<\/span><\/p><p><span style=\"font-weight: 400;\">Si vous comptez vendre vos bijoux, l\u2019estimation vous permettra de fixer un prix de vente juste. Si vous ne comptez pas les vendre, vous obtiendrez un certificat d\u2019authenticit\u00e9 qui s\u2019av\u00e9rera utile pour vos h\u00e9ritiers ou en cas de vol du bijou lors d\u2019un cambriolage, par exemple. C\u2019est un document indispensable pour tout propri\u00e9taire d\u2019un bijou pr\u00e9cieux.\u00a0\u00a0<\/span><\/p><p><span style=\"font-weight: 400;\">Pour estimer vos bijoux, vous pouvez vous tourner vers Diamantaires Paris OG. Nos experts vous proposent une premi\u00e8re estimation gratuite ainsi qu\u2019une valeur de rachat pour vos bijoux re\u00e7us en h\u00e9ritage. Vous \u00eates ensuite libre d\u2019accepter ou non notre proposition.\u00a0\u00a0<\/span><\/p>\t\t\t\t\t\t\t\t<\/div>\n\t\t\t\t<\/div>\n\t\t\t\t<div class=\"elementor-element elementor-element-404166b elementor-widget elementor-widget-heading\" data-id=\"404166b\" data-element_type=\"widget\" data-e-type=\"widget\" data-widget_type=\"heading.default\">\n\t\t\t\t<div class=\"elementor-widget-container\">\n\t\t\t\t\t<h2 class=\"elementor-heading-title elementor-size-default\">Vendre ses bijoux de famille issus d\u2019une succession\n<\/h2>\t\t\t\t<\/div>\n\t\t\t\t<\/div>\n\t\t\t\t<div class=\"elementor-element elementor-element-a0f28ec elementor-widget elementor-widget-text-editor\" data-id=\"a0f28ec\" data-element_type=\"widget\" data-e-type=\"widget\" data-widget_type=\"text-editor.default\">\n\t\t\t\t<div class=\"elementor-widget-container\">\n\t\t\t\t\t\t\t\t\t<p><span style=\"font-weight: 400;\">Pour vendre vos <a href=\"https:\/\/diamantaire-paris.com\/heritage\/\">bijoux h\u00e9rit\u00e9s<\/a> suite au d\u00e9c\u00e8s d\u2019un membre de votre famille, l\u2019\u00e9tape de l\u2019expertise est indispensable. R\u00e9aliser une estimation de la valeur de vos bijoux vous permettra d\u2019en connaitre la raret\u00e9 et donc le prix auquel vous pouvez les vendre. Il n\u2019est pas possible de se baser sur le prix d\u2019achat du bijou \u00e0 l\u2019\u00e9poque (s\u2019il vous a \u00e9t\u00e9 communiqu\u00e9 par votre proche avant son d\u00e9c\u00e8s) car la valeur des m\u00e9taux nobles et des pierres pr\u00e9cieuses fluctue \u00e9norm\u00e9ment au cours des ann\u00e9es.\u00a0<\/span><\/p><p><span style=\"font-weight: 400;\">De plus, s\u2019il s\u2019agit d\u2019un bijou ancien, sachez que les bijoux fabriqu\u00e9s autrefois ne r\u00e9pondent plus aux standards actuels. Un <a href=\"https:\/\/diamantaire-paris.com\/vendre-un-bien\/bijoux-anciens\/\">bijou ancien vendu<\/a> sera donc g\u00e9n\u00e9ralement retaill\u00e9 ou refondu avant d\u2019\u00eatre revendu ou port\u00e9.<\/span><\/p><p><span style=\"font-weight: 400;\">Une fois que vous avez r\u00e9alis\u00e9 l\u2019estimation de la valeur de vos bijoux, plusieurs options s\u2019offrent \u00e0 vous pour leur vente. Vous pouvez le proposer en vente aux ench\u00e8res ou le faire racheter par un bijoutier ou un diamantaire, comme Diamantaires Paris OG.<\/span><\/p>\t\t\t\t\t\t\t\t<\/div>\n\t\t\t\t<\/div>\n\t\t\t\t<div class=\"elementor-element elementor-element-8ac7c3f elementor-widget elementor-widget-heading\" data-id=\"8ac7c3f\" data-element_type=\"widget\" data-e-type=\"widget\" data-widget_type=\"heading.default\">\n\t\t\t\t<div class=\"elementor-widget-container\">\n\t\t\t\t\t<h2 class=\"elementor-heading-title elementor-size-default\">Succession : Diamantaires Paris OG rach\u00e8te vos bijoux de famille\n<\/h2>\t\t\t\t<\/div>\n\t\t\t\t<\/div>\n\t\t\t\t<div class=\"elementor-element elementor-element-4c1c8df elementor-widget elementor-widget-text-editor\" data-id=\"4c1c8df\" data-element_type=\"widget\" data-e-type=\"widget\" data-widget_type=\"text-editor.default\">\n\t\t\t\t<div class=\"elementor-widget-container\">\n\t\t\t\t\t\t\t\t\t<p><span style=\"font-weight: 400;\">Nos experts diamantaires rach\u00e8tent vos bijoux anciens, sertis de diamants ou non. Nous vous accueillons avec ou sans rendez-vous dans le 3<\/span><span style=\"font-weight: 400;\">\u00e8me<\/span><span style=\"font-weight: 400;\"> arrondissement de Paris pour une estimation confidentielle et gratuite de votre bijou. Une fois votre bijou expertis\u00e9, nous vous proposons une offre de rachat sans d\u00e9lai. Si cette offre vous convient, nous proc\u00e9dons imm\u00e9diatement au paiement par virement bancaire ou ch\u00e8que.<\/span><\/p><p><span style=\"font-weight: 400;\">Nous garantissons les meilleurs prix d&rsquo;achat. Si vous d\u00e9tenez une offre de rachat direct de la part d\u2019un concurrent, non seulement nous nous alignons dessus, mais en plus, nous nous engageons \u00e0 vous offrir une surench\u00e8re.<\/span><\/p><p><span style=\"font-weight: 400;\">Contactez-nous d\u00e8s maintenant pour plus d\u2019informations sur le rachat de vos bijoux h\u00e9rit\u00e9s dans le cadre d\u2019une succession.\u00a0<\/span><\/p>\t\t\t\t\t\t\t\t<\/div>\n\t\t\t\t<\/div>\n\t\t\t\t<div class=\"elementor-element elementor-element-da83175 elementor-button-align-stretch elementor-widget elementor-widget-form\" data-id=\"da83175\" data-element_type=\"widget\" data-e-type=\"widget\" data-settings=\"{&quot;step_next_label&quot;:&quot;Suivant&quot;,&quot;step_previous_label&quot;:&quot;Pr\\u00e9c\\u00e9dent&quot;,&quot;button_width&quot;:&quot;100&quot;,&quot;step_type&quot;:&quot;number_text&quot;,&quot;step_icon_shape&quot;:&quot;circle&quot;}\" data-widget_type=\"form.default\">\n\t\t\t\t<div class=\"elementor-widget-container\">\n\t\t\t\t\t\t\t<form class=\"elementor-form\" method=\"post\" name=\"Nouveau formulaire\" aria-label=\"Nouveau formulaire\">\n\t\t\t<input type=\"hidden\" name=\"post_id\" value=\"17927\"\/>\n\t\t\t<input type=\"hidden\" name=\"form_id\" value=\"da83175\"\/>\n\t\t\t<input type=\"hidden\" name=\"referer_title\" value=\"Succession bijoux : fiscalit\u00e9 et service d&#039;estimation\" \/>\n\n\t\t\t\t\t\t\t<input type=\"hidden\" name=\"queried_id\" value=\"17927\"\/>\n\t\t\t\n\t\t\t<div class=\"elementor-form-fields-wrapper elementor-labels-above\">\n\t\t\t\t\t\t\t\t<div class=\"elementor-field-type-text elementor-field-group elementor-column elementor-field-group-name elementor-col-50 elementor-field-required elementor-mark-required\">\n\t\t\t\t\t\t\t\t\t\t\t\t<label for=\"form-field-name\" class=\"elementor-field-label\">\n\t\t\t\t\t\t\t\tNom\t\t\t\t\t\t\t<\/label>\n\t\t\t\t\t\t\t\t\t\t\t\t\t\t<input size=\"1\" type=\"text\" name=\"form_fields[name]\" id=\"form-field-name\" class=\"elementor-field elementor-size-sm  elementor-field-textual\" placeholder=\"Nom\" required=\"required\">\n\t\t\t\t\t\t\t\t\t\t\t<\/div>\n\t\t\t\t\t\t\t\t<div class=\"elementor-field-type-text elementor-field-group elementor-column elementor-field-group-field_ffa63ad elementor-col-50 elementor-field-required elementor-mark-required\">\n\t\t\t\t\t\t\t\t\t\t\t\t<label for=\"form-field-field_ffa63ad\" class=\"elementor-field-label\">\n\t\t\t\t\t\t\t\tPr\u00e9nom\t\t\t\t\t\t\t<\/label>\n\t\t\t\t\t\t\t\t\t\t\t\t\t\t<input size=\"1\" type=\"text\" name=\"form_fields[field_ffa63ad]\" id=\"form-field-field_ffa63ad\" class=\"elementor-field elementor-size-sm  elementor-field-textual\" placeholder=\"Pr\u00e9nom\" required=\"required\">\n\t\t\t\t\t\t\t\t\t\t\t<\/div>\n\t\t\t\t\t\t\t\t<div class=\"elementor-field-type-email elementor-field-group elementor-column elementor-field-group-email elementor-col-50 elementor-field-required elementor-mark-required\">\n\t\t\t\t\t\t\t\t\t\t\t\t<label for=\"form-field-email\" class=\"elementor-field-label\">\n\t\t\t\t\t\t\t\tE-mail\t\t\t\t\t\t\t<\/label>\n\t\t\t\t\t\t\t\t\t\t\t\t\t\t<input size=\"1\" type=\"email\" name=\"form_fields[email]\" id=\"form-field-email\" class=\"elementor-field elementor-size-sm  elementor-field-textual\" placeholder=\"E-mail\" required=\"required\">\n\t\t\t\t\t\t\t\t\t\t\t<\/div>\n\t\t\t\t\t\t\t\t<div class=\"elementor-field-type-tel elementor-field-group elementor-column elementor-field-group-field_e990a88 elementor-col-50\">\n\t\t\t\t\t\t\t\t\t\t\t\t<label for=\"form-field-field_e990a88\" class=\"elementor-field-label\">\n\t\t\t\t\t\t\t\tT\u00e9l\u00e9phone\t\t\t\t\t\t\t<\/label>\n\t\t\t\t\t\t\t\t<input size=\"1\" type=\"tel\" name=\"form_fields[field_e990a88]\" id=\"form-field-field_e990a88\" class=\"elementor-field elementor-size-sm  elementor-field-textual\" placeholder=\"T\u00e9l\u00e9phone\" pattern=\"[0-9()#&amp;+*-=.]+\" title=\"Seuls les caract\u00e8res de num\u00e9ros de t\u00e9l\u00e9phone (#, -, *, etc.) sont accept\u00e9s.\">\n\n\t\t\t\t\t\t<\/div>\n\t\t\t\t\t\t\t\t<div class=\"elementor-field-type-textarea elementor-field-group elementor-column elementor-field-group-message elementor-col-100\">\n\t\t\t\t\t\t\t\t\t\t\t\t<label for=\"form-field-message\" class=\"elementor-field-label\">\n\t\t\t\t\t\t\t\tDescriptif du diamant \u00e0 expertiser \t\t\t\t\t\t\t<\/label>\n\t\t\t\t\t\t<textarea class=\"elementor-field-textual elementor-field  elementor-size-sm\" name=\"form_fields[message]\" id=\"form-field-message\" rows=\"4\" placeholder=\"D\u00e9crivez votre bijou ...\"><\/textarea>\t\t\t\t<\/div>\n\t\t\t\t\t\t\t\t<div class=\"elementor-field-type-upload elementor-field-group elementor-column elementor-field-group-field_e06af6f elementor-col-100\">\n\t\t\t\t\t\t\t\t\t\t\t\t<label for=\"form-field-field_e06af6f\" class=\"elementor-field-label\">\n\t\t\t\t\t\t\t\tPhotos de votre bijou (non obligatoire)\t\t\t\t\t\t\t<\/label>\n\t\t\t\t\t\t\t\t<input type=\"file\" name=\"form_fields[field_e06af6f][]\" id=\"form-field-field_e06af6f\" class=\"elementor-field elementor-size-sm  elementor-upload-field\" multiple=\"multiple\" data-maxsize=\"5\" data-maxsize-message=\"Ce fichier d\u00e9passe la taille maximale autoris\u00e9e.\">\n\n\t\t\t\t\t\t<\/div>\n\t\t\t\t\t\t\t\t<div class=\"elementor-field-group elementor-column elementor-field-type-submit elementor-col-100 e-form__buttons\">\n\t\t\t\t\t<button class=\"elementor-button elementor-size-sm elementor-animation-shrink\" type=\"submit\">\n\t\t\t\t\t\t<span class=\"elementor-button-content-wrapper\">\n\t\t\t\t\t\t\t\t\t\t\t\t\t\t\t<span class=\"elementor-button-icon\">\n\t\t\t\t\t\t\t\t\t<i aria-hidden=\"true\" class=\"fas fa-file-signature\"><\/i>\t\t\t\t\t\t\t\t\t\t\t\t\t\t\t\t\t<\/span>\n\t\t\t\t\t\t\t\t\t\t\t\t\t\t\t\t\t\t\t\t\t\t<span class=\"elementor-button-text\">Demander expertise gratuite<\/span>\n\t\t\t\t\t\t\t\t\t\t\t\t\t<\/span>\n\t\t\t\t\t<\/button>\n\t\t\t\t<\/div>\n\t\t\t<\/div>\n\t\t<\/form>\n\t\t\t\t\t\t<\/div>\n\t\t\t\t<\/div>\n\t\t\t\t\t<\/div>\n\t\t<\/div>\n\t\t\t\t\t<\/div>\n\t\t<\/section>\n\t\t\t\t<\/div>\n\t\t","protected":false},"excerpt":{"rendered":"<p>Vous avez h\u00e9rit\u00e9 des bijoux d\u2019un membre de votre famille suite \u00e0 son d\u00e9c\u00e8s\u00a0? Vous ne savez pas s\u2019il est utile ou non de les faire estimer\u00a0? Vous h\u00e9sitez \u00e0 les vendre\u00a0? D\u00e9couvrez que faire de bijoux h\u00e9rit\u00e9s dans le cadre d\u2019une succession, et o\u00f9 les faire estimer si vous souhaitez les vendre. Nous garantissons [&hellip;]<\/p>\n","protected":false},"author":1,"featured_media":17928,"parent":4552,"menu_order":0,"comment_status":"closed","ping_status":"closed","template":"elementor_header_footer","meta":{"content-type":"","footnotes":""},"class_list":["post-17927","page","type-page","status-publish","has-post-thumbnail","hentry"],"_links":{"self":[{"href":"https:\/\/diamantaire-paris.com\/hu\/wp-json\/wp\/v2\/pages\/17927","targetHints":{"allow":["GET"]}}],"collection":[{"href":"https:\/\/diamantaire-paris.com\/hu\/wp-json\/wp\/v2\/pages"}],"about":[{"href":"https:\/\/diamantaire-paris.com\/hu\/wp-json\/wp\/v2\/types\/page"}],"author":[{"embeddable":true,"href":"https:\/\/diamantaire-paris.com\/hu\/wp-json\/wp\/v2\/users\/1"}],"replies":[{"embeddable":true,"href":"https:\/\/diamantaire-paris.com\/hu\/wp-json\/wp\/v2\/comments?post=17927"}],"version-history":[{"count":11,"href":"https:\/\/diamantaire-paris.com\/hu\/wp-json\/wp\/v2\/pages\/17927\/revisions"}],"predecessor-version":[{"id":17958,"href":"https:\/\/diamantaire-paris.com\/hu\/wp-json\/wp\/v2\/pages\/17927\/revisions\/17958"}],"up":[{"embeddable":true,"href":"https:\/\/diamantaire-paris.com\/hu\/wp-json\/wp\/v2\/pages\/4552"}],"wp:featuredmedia":[{"embeddable":true,"href":"https:\/\/diamantaire-paris.com\/hu\/wp-json\/wp\/v2\/media\/17928"}],"wp:attachment":[{"href":"https:\/\/diamantaire-paris.com\/hu\/wp-json\/wp\/v2\/media?parent=17927"}],"curies":[{"name":"wp","href":"https:\/\/api.w.org\/{rel}","templated":true}]}}