{"id":933,"date":"2013-12-04T11:52:49","date_gmt":"2013-12-04T10:52:49","guid":{"rendered":"http:\/\/themes.goodlayers2.com\/flawless\/?post_type=portfolio&#038;p=933"},"modified":"2024-03-27T12:14:20","modified_gmt":"2024-03-27T11:14:20","slug":"bracelet","status":"publish","type":"page","link":"https:\/\/diamantaire-paris.com\/hi\/vendre-un-bien\/bijoux-anciens\/les-bijoux-des-annees-40-et-50\/bracelet\/","title":{"rendered":"Bracelet"},"content":{"rendered":"\t\t<div data-elementor-type=\"wp-page\" data-elementor-id=\"933\" class=\"elementor elementor-933\" data-elementor-post-type=\"page\">\n\t\t\t\t\t\t<section class=\"elementor-section elementor-top-section elementor-element elementor-element-6cc51893 elementor-section-boxed elementor-section-height-default elementor-section-height-default\" data-id=\"6cc51893\" data-element_type=\"section\" data-e-type=\"section\">\n\t\t\t\t\t\t<div class=\"elementor-container elementor-column-gap-default\">\n\t\t\t\t\t<div class=\"elementor-column elementor-col-100 elementor-top-column elementor-element elementor-element-3dd3efc5\" data-id=\"3dd3efc5\" data-element_type=\"column\" data-e-type=\"column\">\n\t\t\t<div class=\"elementor-widget-wrap elementor-element-populated\">\n\t\t\t\t\t\t<div class=\"elementor-element elementor-element-9d14f78 elementor-widget elementor-widget-shortcode\" data-id=\"9d14f78\" data-element_type=\"widget\" data-e-type=\"widget\" data-widget_type=\"shortcode.default\">\n\t\t\t\t<div class=\"elementor-widget-container\">\n\t\t\t\t\t\t\t<div class=\"elementor-shortcode\"><nav aria-label=\"breadcrumbs\" class=\"rank-math-breadcrumb\"><p><span class=\"last\">Diamantaires Paris<\/span><\/p><\/nav><\/div>\n\t\t\t\t\t\t<\/div>\n\t\t\t\t<\/div>\n\t\t\t\t<div class=\"elementor-element elementor-element-5487b9c0 elementor-widget elementor-widget-text-editor\" data-id=\"5487b9c0\" data-element_type=\"widget\" data-e-type=\"widget\" data-widget_type=\"text-editor.default\">\n\t\t\t\t<div class=\"elementor-widget-container\">\n\t\t\t\t\t\t\t\t\t<p>Un bijou vendu par un particulier avec Diamantaires Paris, nous achetons les bijoux d&rsquo;occasion dans nos locaux parisiens.<\/p><p>Vous trouverez plus d&rsquo;informations sur les <a href=\"https:\/\/diamantaire-paris.com\/vendre-un-bien\/bijoux-anciens\/les-bijoux-des-annees-40-et-50\/\">bijoux des ann\u00e9es 40 &#8211; 50<\/a> sur cet article.<\/p>\t\t\t\t\t\t\t\t<\/div>\n\t\t\t\t<\/div>\n\t\t\t\t<div class=\"elementor-element elementor-element-1e852b3 elementor-widget elementor-widget-image\" data-id=\"1e852b3\" data-element_type=\"widget\" data-e-type=\"widget\" data-widget_type=\"image.default\">\n\t\t\t\t<div class=\"elementor-widget-container\">\n\t\t\t\t\t\t\t\t\t\t\t\t\t\t\t<img fetchpriority=\"high\" decoding=\"async\" width=\"276\" height=\"276\" src=\"https:\/\/diamantaire-paris.com\/wp-content\/uploads\/2013\/12\/501386tn.jpg\" class=\"attachment-large size-large wp-image-3318\" alt=\"Bracelet bijou\" srcset=\"https:\/\/diamantaire-paris.com\/wp-content\/uploads\/2013\/12\/501386tn.jpg 276w, https:\/\/diamantaire-paris.com\/wp-content\/uploads\/2013\/12\/501386tn-150x150.jpg 150w, https:\/\/diamantaire-paris.com\/wp-content\/uploads\/2013\/12\/501386tn-100x100.jpg 100w\" sizes=\"(max-width: 276px) 100vw, 276px\" title=\"\">\t\t\t\t\t\t\t\t\t\t\t\t\t\t\t<\/div>\n\t\t\t\t<\/div>\n\t\t\t\t<div class=\"elementor-element elementor-element-a5bf2a8 elementor-widget elementor-widget-text-editor\" data-id=\"a5bf2a8\" data-element_type=\"widget\" data-e-type=\"widget\" data-widget_type=\"text-editor.default\">\n\t\t\t\t<div class=\"elementor-widget-container\">\n\t\t\t\t\t\t\t\t\t<p>Les bracelets des ann\u00e9es 40 et 50, avec leur charme unique et leur style distinctif, sont des pi\u00e8ces de collection tr\u00e8s recherch\u00e9es. Chez Diamantaire Paris, nous sommes sp\u00e9cialis\u00e9s dans l&rsquo;achat et la vente de ces bijoux vintage, offrant une expertise et un service de qualit\u00e9 sup\u00e9rieure pour ceux qui cherchent \u00e0 vendre ou \u00e0 acqu\u00e9rir de telles pi\u00e8ces.<\/p>\n<p>Si vous poss\u00e9dez un bracelet de cette \u00e9poque et envisagez de le vendre, notre \u00e9quipe d&rsquo;experts est pr\u00eate \u00e0 vous offrir une <a href=\"https:\/\/diamantaire-paris.com\/vendre-un-bien\/estimation-bijoux\/\" target=\"_new\"><b>estimation gratuite et confidentielle<\/b><\/a>. Nous comprenons la valeur historique et artistique de ces bijoux et nous nous engageons \u00e0 offrir les meilleurs prix du march\u00e9. Vous pouvez visiter notre boutique situ\u00e9e au 43 rue Beaubourg, 75003 Paris, pour une expertise directe ou nous contacter par email pour une pr\u00e9-expertise.<\/p>\n<p>En plus des bracelets, notre expertise s&rsquo;\u00e9tend \u00e0 une vari\u00e9t\u00e9 de bijoux anciens, y compris les <a href=\"https:\/\/diamantaire-paris.com\/vendre-un-bien\/bijoux-anciens\/les-bijoux-napoleon-iii\/\" target=\"_new\"><b>bijoux Napol\u00e9on III<\/b><\/a>, qui sont connus pour leur \u00e9l\u00e9gance et leur raffinement. Nous offrons \u00e9galement des services pour ceux qui cherchent \u00e0 <b><a href=\"https:\/\/diamantaire-paris.com\/vendre-un-bien\/vendre-alliance-diamant\/\" target=\"_new\">vendre une alliance en diamant<\/a>,<\/b> garantissant une \u00e9valuation pr\u00e9cise et juste de ces pi\u00e8ces pr\u00e9cieuses.<\/p>\n<p>Pour ceux qui sont int\u00e9ress\u00e9s par l&rsquo;investissement dans les diamants, nous proposons des conseils sur <b><a href=\"https:\/\/diamantaire-paris.com\/estimer-un-diamant-gia\/obtenir-poids-diamant\/\" target=\"_new\" style=\"\">comment obtenir le poids d&rsquo;un diamant<\/a> <\/b>et sur les crit\u00e8res \u00e0 privil\u00e9gier lors de l&rsquo;achat. Notre expertise en mati\u00e8re de diamants est soutenue par des ann\u00e9es d&rsquo;exp\u00e9rience et une connaissance approfondie du march\u00e9.<\/p>\n<p>Chez Diamantaire Paris, nous sommes fiers de notre h\u00e9ritage et de notre r\u00e9putation en tant que leaders dans le domaine des bijoux anciens et des diamants. Que vous cherchiez \u00e0 vendre un bijou pr\u00e9cieux ou \u00e0 enrichir votre collection, nous sommes l\u00e0 pour vous accompagner \u00e0 chaque \u00e9tape. Visitez notre boutique ou contactez-nous pour d\u00e9couvrir comment nous pouvons vous aider avec vos besoins en bijoux et diamants.<\/p>\t\t\t\t\t\t\t\t<\/div>\n\t\t\t\t<\/div>\n\t\t\t\t<div class=\"elementor-element elementor-element-34b4e72 elementor-widget elementor-widget-accordion\" data-id=\"34b4e72\" data-element_type=\"widget\" data-e-type=\"widget\" data-widget_type=\"accordion.default\">\n\t\t\t\t<div class=\"elementor-widget-container\">\n\t\t\t\t\t\t\t<div class=\"elementor-accordion\">\n\t\t\t\t\t\t\t<div class=\"elementor-accordion-item\">\n\t\t\t\t\t<div id=\"elementor-tab-title-5521\" class=\"elementor-tab-title\" data-tab=\"1\" role=\"button\" aria-controls=\"elementor-tab-content-5521\" aria-expanded=\"false\">\n\t\t\t\t\t\t\t\t\t\t\t\t\t<span class=\"elementor-accordion-icon elementor-accordion-icon-left\" aria-hidden=\"true\">\n\t\t\t\t\t\t\t\t\t\t\t\t\t\t\t<span class=\"elementor-accordion-icon-closed\"><i class=\"fas fa-plus\"><\/i><\/span>\n\t\t\t\t\t\t\t\t<span class=\"elementor-accordion-icon-opened\"><i class=\"fas fa-minus\"><\/i><\/span>\n\t\t\t\t\t\t\t\t\t\t\t\t\t\t<\/span>\n\t\t\t\t\t\t\t\t\t\t\t\t<a class=\"elementor-accordion-title\" tabindex=\"0\">Quels types de bracelets des ann\u00e9es 40 et 50 sont achet\u00e9s par Diamantaire Paris ?<\/a>\n\t\t\t\t\t<\/div>\n\t\t\t\t\t<div id=\"elementor-tab-content-5521\" class=\"elementor-tab-content elementor-clearfix\" data-tab=\"1\" role=\"region\" aria-labelledby=\"elementor-tab-title-5521\"><p>Diamantaire Paris ach\u00e8te des bijoux d&rsquo;occasion, y compris des bracelets vintage des ann\u00e9es 40 et 50. Ils sont sp\u00e9cialis\u00e9s dans l&rsquo;expertise et le n\u00e9goce de bijoux d&rsquo;occasion.<\/p><\/div>\n\t\t\t\t<\/div>\n\t\t\t\t\t\t\t<div class=\"elementor-accordion-item\">\n\t\t\t\t\t<div id=\"elementor-tab-title-5522\" class=\"elementor-tab-title\" data-tab=\"2\" role=\"button\" aria-controls=\"elementor-tab-content-5522\" aria-expanded=\"false\">\n\t\t\t\t\t\t\t\t\t\t\t\t\t<span class=\"elementor-accordion-icon elementor-accordion-icon-left\" aria-hidden=\"true\">\n\t\t\t\t\t\t\t\t\t\t\t\t\t\t\t<span class=\"elementor-accordion-icon-closed\"><i class=\"fas fa-plus\"><\/i><\/span>\n\t\t\t\t\t\t\t\t<span class=\"elementor-accordion-icon-opened\"><i class=\"fas fa-minus\"><\/i><\/span>\n\t\t\t\t\t\t\t\t\t\t\t\t\t\t<\/span>\n\t\t\t\t\t\t\t\t\t\t\t\t<a class=\"elementor-accordion-title\" tabindex=\"0\">Comment puis-je vendre mon bracelet des ann\u00e9es 40 ou 50 \u00e0 Diamantaire Paris ?<\/a>\n\t\t\t\t\t<\/div>\n\t\t\t\t\t<div id=\"elementor-tab-content-5522\" class=\"elementor-tab-content elementor-clearfix\" data-tab=\"2\" role=\"region\" aria-labelledby=\"elementor-tab-title-5522\"><p>Vous pouvez vendre votre bracelet en vous rendant directement \u00e0 leur boutique situ\u00e9e au 43 rue Beaubourg, 75003 Paris. Il est possible de se d\u00e9placer sans rendez-vous, mais il est conseill\u00e9 de prendre rendez-vous pour une expertise.<\/p><\/div>\n\t\t\t\t<\/div>\n\t\t\t\t\t\t\t<div class=\"elementor-accordion-item\">\n\t\t\t\t\t<div id=\"elementor-tab-title-5523\" class=\"elementor-tab-title\" data-tab=\"3\" role=\"button\" aria-controls=\"elementor-tab-content-5523\" aria-expanded=\"false\">\n\t\t\t\t\t\t\t\t\t\t\t\t\t<span class=\"elementor-accordion-icon elementor-accordion-icon-left\" aria-hidden=\"true\">\n\t\t\t\t\t\t\t\t\t\t\t\t\t\t\t<span class=\"elementor-accordion-icon-closed\"><i class=\"fas fa-plus\"><\/i><\/span>\n\t\t\t\t\t\t\t\t<span class=\"elementor-accordion-icon-opened\"><i class=\"fas fa-minus\"><\/i><\/span>\n\t\t\t\t\t\t\t\t\t\t\t\t\t\t<\/span>\n\t\t\t\t\t\t\t\t\t\t\t\t<a class=\"elementor-accordion-title\" tabindex=\"0\">Diamantaire Paris offre-t-il des expertises gratuites pour les bracelets anciens ?<\/a>\n\t\t\t\t\t<\/div>\n\t\t\t\t\t<div id=\"elementor-tab-content-5523\" class=\"elementor-tab-content elementor-clearfix\" data-tab=\"3\" role=\"region\" aria-labelledby=\"elementor-tab-title-5523\"><p>Oui, Diamantaire Paris propose des expertises gratuites et confidentielles pour les bijoux, y compris les bracelets des ann\u00e9es 40 et 50. Vous pouvez \u00e9galement envoyer une pr\u00e9-expertise par email \u00e0 <a target=\"_new\">achat@diamantaire-paris.com<\/a>.<\/p><\/div>\n\t\t\t\t<\/div>\n\t\t\t\t\t\t\t<div class=\"elementor-accordion-item\">\n\t\t\t\t\t<div id=\"elementor-tab-title-5524\" class=\"elementor-tab-title\" data-tab=\"4\" role=\"button\" aria-controls=\"elementor-tab-content-5524\" aria-expanded=\"false\">\n\t\t\t\t\t\t\t\t\t\t\t\t\t<span class=\"elementor-accordion-icon elementor-accordion-icon-left\" aria-hidden=\"true\">\n\t\t\t\t\t\t\t\t\t\t\t\t\t\t\t<span class=\"elementor-accordion-icon-closed\"><i class=\"fas fa-plus\"><\/i><\/span>\n\t\t\t\t\t\t\t\t<span class=\"elementor-accordion-icon-opened\"><i class=\"fas fa-minus\"><\/i><\/span>\n\t\t\t\t\t\t\t\t\t\t\t\t\t\t<\/span>\n\t\t\t\t\t\t\t\t\t\t\t\t<a class=\"elementor-accordion-title\" tabindex=\"0\">Quelle est la politique de rachat de bijoux chez Diamantaire Paris pour les bracelets anciens ?<\/a>\n\t\t\t\t\t<\/div>\n\t\t\t\t\t<div id=\"elementor-tab-content-5524\" class=\"elementor-tab-content elementor-clearfix\" data-tab=\"4\" role=\"region\" aria-labelledby=\"elementor-tab-title-5524\"><p>Diamantaire Paris s&rsquo;engage \u00e0 offrir les meilleurs prix du march\u00e9 pour le rachat de bijoux. Si vous avez une meilleure offre ailleurs, ils s&rsquo;engagent \u00e0 faire une offre plus avantageuse.<\/p><\/div>\n\t\t\t\t<\/div>\n\t\t\t\t\t\t\t<div class=\"elementor-accordion-item\">\n\t\t\t\t\t<div id=\"elementor-tab-title-5525\" class=\"elementor-tab-title\" data-tab=\"5\" role=\"button\" aria-controls=\"elementor-tab-content-5525\" aria-expanded=\"false\">\n\t\t\t\t\t\t\t\t\t\t\t\t\t<span class=\"elementor-accordion-icon elementor-accordion-icon-left\" aria-hidden=\"true\">\n\t\t\t\t\t\t\t\t\t\t\t\t\t\t\t<span class=\"elementor-accordion-icon-closed\"><i class=\"fas fa-plus\"><\/i><\/span>\n\t\t\t\t\t\t\t\t<span class=\"elementor-accordion-icon-opened\"><i class=\"fas fa-minus\"><\/i><\/span>\n\t\t\t\t\t\t\t\t\t\t\t\t\t\t<\/span>\n\t\t\t\t\t\t\t\t\t\t\t\t<a class=\"elementor-accordion-title\" tabindex=\"0\">Diamantaire Paris vend-il \u00e9galement des bijoux anciens, y compris des bracelets des ann\u00e9es 40 et 50 ?<\/a>\n\t\t\t\t\t<\/div>\n\t\t\t\t\t<div id=\"elementor-tab-content-5525\" class=\"elementor-tab-content elementor-clearfix\" data-tab=\"5\" role=\"region\" aria-labelledby=\"elementor-tab-title-5525\"><p>Oui, en plus de l&rsquo;achat, Diamantaire Paris dispose d&rsquo;un catalogue de bijoux anciens, y compris des diamants, \u00e0 vendre. Vous pouvez visiter leur boutique pour d\u00e9couvrir leur collection.<\/p><\/div>\n\t\t\t\t<\/div>\n\t\t\t\t\t\t\t\t\t\t<script type=\"application\/ld+json\">{\"@context\":\"https:\\\/\\\/schema.org\",\"@type\":\"FAQPage\",\"mainEntity\":[{\"@type\":\"Question\",\"name\":\"Quels types de bracelets des ann\\u00e9es 40 et 50 sont achet\\u00e9s par Diamantaire Paris ?\",\"acceptedAnswer\":{\"@type\":\"Answer\",\"text\":\"<p>Diamantaire Paris ach\\u00e8te des bijoux d&rsquo;occasion, y compris des bracelets vintage des ann\\u00e9es 40 et 50. Ils sont sp\\u00e9cialis\\u00e9s dans l&rsquo;expertise et le n\\u00e9goce de bijoux d&rsquo;occasion.<\\\/p>\"}},{\"@type\":\"Question\",\"name\":\"Comment puis-je vendre mon bracelet des ann\\u00e9es 40 ou 50 \\u00e0 Diamantaire Paris ?\",\"acceptedAnswer\":{\"@type\":\"Answer\",\"text\":\"<p>Vous pouvez vendre votre bracelet en vous rendant directement \\u00e0 leur boutique situ\\u00e9e au 43 rue Beaubourg, 75003 Paris. Il est possible de se d\\u00e9placer sans rendez-vous, mais il est conseill\\u00e9 de prendre rendez-vous pour une expertise.<\\\/p>\"}},{\"@type\":\"Question\",\"name\":\"Diamantaire Paris offre-t-il des expertises gratuites pour les bracelets anciens ?\",\"acceptedAnswer\":{\"@type\":\"Answer\",\"text\":\"<p>Oui, Diamantaire Paris propose des expertises gratuites et confidentielles pour les bijoux, y compris les bracelets des ann\\u00e9es 40 et 50. Vous pouvez \\u00e9galement envoyer une pr\\u00e9-expertise par email \\u00e0 <a target=\\\"_new\\\">achat@diamantaire-paris.com<\\\/a>.<\\\/p>\"}},{\"@type\":\"Question\",\"name\":\"Quelle est la politique de rachat de bijoux chez Diamantaire Paris pour les bracelets anciens ?\",\"acceptedAnswer\":{\"@type\":\"Answer\",\"text\":\"<p>Diamantaire Paris s&rsquo;engage \\u00e0 offrir les meilleurs prix du march\\u00e9 pour le rachat de bijoux. Si vous avez une meilleure offre ailleurs, ils s&rsquo;engagent \\u00e0 faire une offre plus avantageuse.<\\\/p>\"}},{\"@type\":\"Question\",\"name\":\"Diamantaire Paris vend-il \\u00e9galement des bijoux anciens, y compris des bracelets des ann\\u00e9es 40 et 50 ?\",\"acceptedAnswer\":{\"@type\":\"Answer\",\"text\":\"<p>Oui, en plus de l&rsquo;achat, Diamantaire Paris dispose d&rsquo;un catalogue de bijoux anciens, y compris des diamants, \\u00e0 vendre. Vous pouvez visiter leur boutique pour d\\u00e9couvrir leur collection.<\\\/p>\"}}]}<\/script>\n\t\t\t\t\t<\/div>\n\t\t\t\t\t\t<\/div>\n\t\t\t\t<\/div>\n\t\t\t\t\t<\/div>\n\t\t<\/div>\n\t\t\t\t\t<\/div>\n\t\t<\/section>\n\t\t\t\t<\/div>\n\t\t","protected":false},"excerpt":{"rendered":"<p>Un bijou vendu par un particulier avec Diamantaires Paris, nous achetons les bijoux d&rsquo;occasion dans nos locaux parisiens. Vous trouverez plus d&rsquo;informations sur les bijoux des ann\u00e9es 40 &#8211; 50 sur cet article. Les bracelets des ann\u00e9es 40 et 50, avec leur charme unique et leur style distinctif, sont des pi\u00e8ces de collection tr\u00e8s recherch\u00e9es. [&hellip;]<\/p>\n","protected":false},"author":1,"featured_media":3318,"parent":4034,"menu_order":0,"comment_status":"closed","ping_status":"closed","template":"","meta":{"content-type":"","footnotes":""},"class_list":["post-933","page","type-page","status-publish","has-post-thumbnail","hentry"],"_links":{"self":[{"href":"https:\/\/diamantaire-paris.com\/hi\/wp-json\/wp\/v2\/pages\/933","targetHints":{"allow":["GET"]}}],"collection":[{"href":"https:\/\/diamantaire-paris.com\/hi\/wp-json\/wp\/v2\/pages"}],"about":[{"href":"https:\/\/diamantaire-paris.com\/hi\/wp-json\/wp\/v2\/types\/page"}],"author":[{"embeddable":true,"href":"https:\/\/diamantaire-paris.com\/hi\/wp-json\/wp\/v2\/users\/1"}],"replies":[{"embeddable":true,"href":"https:\/\/diamantaire-paris.com\/hi\/wp-json\/wp\/v2\/comments?post=933"}],"version-history":[{"count":10,"href":"https:\/\/diamantaire-paris.com\/hi\/wp-json\/wp\/v2\/pages\/933\/revisions"}],"predecessor-version":[{"id":16697,"href":"https:\/\/diamantaire-paris.com\/hi\/wp-json\/wp\/v2\/pages\/933\/revisions\/16697"}],"up":[{"embeddable":true,"href":"https:\/\/diamantaire-paris.com\/hi\/wp-json\/wp\/v2\/pages\/4034"}],"wp:featuredmedia":[{"embeddable":true,"href":"https:\/\/diamantaire-paris.com\/hi\/wp-json\/wp\/v2\/media\/3318"}],"wp:attachment":[{"href":"https:\/\/diamantaire-paris.com\/hi\/wp-json\/wp\/v2\/media?parent=933"}],"curies":[{"name":"wp","href":"https:\/\/api.w.org\/{rel}","templated":true}]}}