{"id":70,"date":"2013-11-12T13:39:31","date_gmt":"2013-11-12T12:39:31","guid":{"rendered":"http:\/\/themes.goodlayers2.com\/flawless\/?post_type=portfolio&#038;p=70"},"modified":"2024-03-27T12:01:17","modified_gmt":"2024-03-27T11:01:17","slug":"rachat-boucle-oreille","status":"publish","type":"page","link":"https:\/\/diamantaire-paris.com\/fi\/vendre-un-bien\/bijoux-anciens\/les-bijoux-art-nouveau\/rachat-boucle-oreille\/","title":{"rendered":"Korvakorujen takaisinosto"},"content":{"rendered":"\t\t<div data-elementor-type=\"wp-page\" data-elementor-id=\"70\" class=\"elementor elementor-70\" data-elementor-post-type=\"page\">\n\t\t\t\t\t\t<section class=\"elementor-section elementor-top-section elementor-element elementor-element-1dfec5d0 elementor-section-boxed elementor-section-height-default elementor-section-height-default\" data-id=\"1dfec5d0\" data-element_type=\"section\" data-e-type=\"section\">\n\t\t\t\t\t\t<div class=\"elementor-container elementor-column-gap-default\">\n\t\t\t\t\t<div class=\"elementor-column elementor-col-100 elementor-top-column elementor-element elementor-element-12f509fe\" data-id=\"12f509fe\" data-element_type=\"column\" data-e-type=\"column\">\n\t\t\t<div class=\"elementor-widget-wrap elementor-element-populated\">\n\t\t\t\t\t\t<div class=\"elementor-element elementor-element-eefa0d5 elementor-widget elementor-widget-shortcode\" data-id=\"eefa0d5\" data-element_type=\"widget\" data-e-type=\"widget\" data-widget_type=\"shortcode.default\">\n\t\t\t\t<div class=\"elementor-widget-container\">\n\t\t\t\t\t\t\t<div class=\"elementor-shortcode\"><nav aria-label=\"breadcrumbs\" class=\"rank-math-breadcrumb\"><p><span class=\"last\">Diamantaires Paris<\/span><\/p><\/nav><\/div>\n\t\t\t\t\t\t<\/div>\n\t\t\t\t<\/div>\n\t\t\t\t<div class=\"elementor-element elementor-element-5ede07b1 elementor-widget elementor-widget-text-editor\" data-id=\"5ede07b1\" data-element_type=\"widget\" data-e-type=\"widget\" data-widget_type=\"text-editor.default\">\n\t\t\t\t<div class=\"elementor-widget-container\">\n\t\t\t\t\t\t\t\t\tLa maison Diamantaires OG du groupe diamantaire Obagem s&rsquo;est sp\u00e9cialis\u00e9e depuis 35 ans dans le rachat de bijoux et pierres pr\u00e9cieuses sur Paris.\r\n\r\nNous vous recommandons de parcourir notre site internet r\u00e9guli\u00e8rement mis \u00e0 jour ainsi que notre blog pour d\u00e9couvrir nos offres d&rsquo;achat de bijoux d&rsquo;occasion et anciens.\r\nVous pouvez aussi nous suivre sur nos r\u00e9seaux sociaux.\r\n\r\n&nbsp;\t\t\t\t\t\t\t\t<\/div>\n\t\t\t\t<\/div>\n\t\t\t\t<div class=\"elementor-element elementor-element-b4ac232 elementor-widget elementor-widget-image\" data-id=\"b4ac232\" data-element_type=\"widget\" data-e-type=\"widget\" data-widget_type=\"image.default\">\n\t\t\t\t<div class=\"elementor-widget-container\">\n\t\t\t\t\t\t\t\t\t\t\t\t\t\t\t<img fetchpriority=\"high\" decoding=\"async\" width=\"800\" height=\"800\" src=\"https:\/\/diamantaire-paris.com\/wp-content\/uploads\/2013\/11\/489407-1024x1024.jpg\" class=\"attachment-large size-large wp-image-3336\" alt=\"bague des ann\u00e9es 40-50\" srcset=\"https:\/\/diamantaire-paris.com\/wp-content\/uploads\/2013\/11\/489407-1024x1024.jpg 1024w, https:\/\/diamantaire-paris.com\/wp-content\/uploads\/2013\/11\/489407-300x300.jpg 300w, https:\/\/diamantaire-paris.com\/wp-content\/uploads\/2013\/11\/489407-150x150.jpg 150w, https:\/\/diamantaire-paris.com\/wp-content\/uploads\/2013\/11\/489407-768x768.jpg 768w, https:\/\/diamantaire-paris.com\/wp-content\/uploads\/2013\/11\/489407-400x400.jpg 400w, https:\/\/diamantaire-paris.com\/wp-content\/uploads\/2013\/11\/489407.jpg 1500w\" sizes=\"(max-width: 800px) 100vw, 800px\" title=\"\">\t\t\t\t\t\t\t\t\t\t\t\t\t\t\t<\/div>\n\t\t\t\t<\/div>\n\t\t\t\t<div class=\"elementor-element elementor-element-2cb0a94 elementor-widget elementor-widget-text-editor\" data-id=\"2cb0a94\" data-element_type=\"widget\" data-e-type=\"widget\" data-widget_type=\"text-editor.default\">\n\t\t\t\t<div class=\"elementor-widget-container\">\n\t\t\t\t\t\t\t\t\t<div class=\"flex-1 overflow-hidden\"><div class=\"react-scroll-to-bottom--css-spwyp-79elbk h-full\"><div class=\"react-scroll-to-bottom--css-spwyp-1n7m0yu\"><div class=\"flex flex-col text-sm pb-9\"><div class=\"w-full text-token-text-primary\" data-testid=\"conversation-turn-67\"><div class=\"px-4 py-2 justify-center text-base md:gap-6 m-auto\"><div class=\"flex flex-1 text-base mx-auto gap-3 md:px-5 lg:px-1 xl:px-5 md:max-w-3xl group final-completion\"><div class=\"relative flex w-full flex-col agent-turn\"><div class=\"flex-col gap-1 md:gap-3\"><div class=\"flex flex-grow flex-col max-w-full\"><div class=\"min-h-[20px] text-message flex flex-col items-start gap-3 whitespace-pre-wrap break-words [.text-message+&amp;]:mt-5 overflow-x-auto\" data-message-author-role=\"assistant\" data-message-id=\"32a4afa6-5fc6-4d88-9a22-8272564c236f\"><div class=\"markdown prose w-full break-words dark:prose-invert dark\"><p>Chez Diamantaires Paris OG, nous sommes fiers de notre expertise dans le rachat de boucles d&rsquo;oreilles Art Nouveau, une p\u00e9riode artistique remarquable qui a r\u00e9volutionn\u00e9 la conception des bijoux. Si vous poss\u00e9dez des boucles d&rsquo;oreilles de cette \u00e9poque et envisagez de les vendre, nous vous offrons une \u00e9valuation professionnelle pour d\u00e9terminer leur valeur. Notre engagement envers l&rsquo;excellence et notre connaissance approfondie des bijoux anciens nous permettent de vous offrir les meilleures offres du march\u00e9.<\/p><p>Pour ceux qui poss\u00e8dent des bijoux de famille et cherchent des conseils sur la meilleure fa\u00e7on de les g\u00e9rer, notre page sur <a href=\"https:\/\/diamantaire-paris.com\/heritage\/que-faire-des-bijoux-de-famille\/\" target=\"_new\">que faire des bijoux h\u00e9rit\u00e9s<\/a> offre des informations pr\u00e9cieuses. De plus, notre expertise en bijoux issus de la Place Vend\u00f4me est d\u00e9taill\u00e9e sur notre page d\u00e9di\u00e9e \u00e0 <a href=\"https:\/\/diamantaire-paris.com\/heritage\/rachat-diamants\/vendome-expertise\/\" target=\"_new\">notre expertise de bijou issue de la place Vend\u00f4me<\/a>, o\u00f9 nous partageons notre savoir-faire unique dans l&rsquo;\u00e9valuation et la vente de bijoux raffin\u00e9s.<\/p><p>Pour ceux qui cherchent \u00e0 vendre des pi\u00e8ces de haute joaillerie, nous offrons des services sp\u00e9cialis\u00e9s pour des marques prestigieuses telles que Van Cleef &amp; Arpels. Nos pages d\u00e9di\u00e9es \u00e0 la <a href=\"https:\/\/diamantaire-paris.com\/vendre-haute-joaillerie\/van-cleef-arpels\/couture\/\" target=\"_new\">collection Couture<\/a>, <a href=\"https:\/\/diamantaire-paris.com\/vendre-haute-joaillerie\/van-cleef-arpels\/lotus\/\" target=\"_new\">Lotus<\/a>, <a href=\"https:\/\/diamantaire-paris.com\/vendre-haute-joaillerie\/van-cleef-arpels\/olympia\/\" target=\"_new\">Olympia<\/a>, et <a href=\"https:\/\/diamantaire-paris.com\/vendre-haute-joaillerie\/van-cleef-arpels\/perlee\/\" target=\"_new\">Perl\u00e9e<\/a> offrent un aper\u00e7u de notre capacit\u00e9 \u00e0 valoriser ces cr\u00e9ations exceptionnelles.<\/p><p>En outre, pour ceux qui recherchent des alternatives aux maisons de vente traditionnelles pour vendre leurs bijoux, nous proposons des options avantageuses. Notre page <a href=\"https:\/\/diamantaire-paris.com\/vendre-un-bien\/alternative-a-sothebys\/\" target=\"_new\">Notre alternative \u00e0 Sothebys pour vendre un bijou<\/a> illustre comment nous pouvons offrir une exp\u00e9rience de vente plus personnalis\u00e9e et efficace.<\/p><p>Chez Diamantaires Paris OG, chaque client est unique, et chaque bijou raconte une histoire. Notre mission est de vous accompagner dans la valorisation de ces pr\u00e9cieux r\u00e9cits, en vous assurant une vente \u00e9quitable et profitable. Visitez notre boutique au c\u0153ur de Paris pour d\u00e9couvrir l&rsquo;\u00e9tendue de nos services et l&rsquo;excellence de notre savoir-faire.<\/p><\/div><\/div><\/div><\/div><\/div><\/div><\/div><\/div><\/div><\/div><\/div><\/div>\t\t\t\t\t\t\t\t<\/div>\n\t\t\t\t<\/div>\n\t\t\t\t<div class=\"elementor-element elementor-element-762cf6b elementor-widget elementor-widget-accordion\" data-id=\"762cf6b\" data-element_type=\"widget\" data-e-type=\"widget\" data-widget_type=\"accordion.default\">\n\t\t\t\t<div class=\"elementor-widget-container\">\n\t\t\t\t\t\t\t<div class=\"elementor-accordion\">\n\t\t\t\t\t\t\t<div class=\"elementor-accordion-item\">\n\t\t\t\t\t<div id=\"elementor-tab-title-1231\" class=\"elementor-tab-title\" data-tab=\"1\" role=\"button\" aria-controls=\"elementor-tab-content-1231\" aria-expanded=\"false\">\n\t\t\t\t\t\t\t\t\t\t\t\t\t<span class=\"elementor-accordion-icon elementor-accordion-icon-right\" aria-hidden=\"true\">\n\t\t\t\t\t\t\t\t\t\t\t\t\t\t\t<span class=\"elementor-accordion-icon-closed\"><i class=\"fas fa-plus\"><\/i><\/span>\n\t\t\t\t\t\t\t\t<span class=\"elementor-accordion-icon-opened\"><i class=\"fas fa-minus\"><\/i><\/span>\n\t\t\t\t\t\t\t\t\t\t\t\t\t\t<\/span>\n\t\t\t\t\t\t\t\t\t\t\t\t<a class=\"elementor-accordion-title\" tabindex=\"0\">Quels services offre Diamantaire Paris pour les boucles d'oreilles Art Nouveau ?<\/a>\n\t\t\t\t\t<\/div>\n\t\t\t\t\t<div id=\"elementor-tab-content-1231\" class=\"elementor-tab-content elementor-clearfix\" data-tab=\"1\" role=\"region\" aria-labelledby=\"elementor-tab-title-1231\"><p>Diamantaire Paris, sp\u00e9cialis\u00e9 dans le rachat de bijoux et pierres pr\u00e9cieuses depuis 35 ans, propose l&rsquo;expertise et le rachat de boucles d&rsquo;oreilles Art Nouveau.<\/p><\/div>\n\t\t\t\t<\/div>\n\t\t\t\t\t\t\t<div class=\"elementor-accordion-item\">\n\t\t\t\t\t<div id=\"elementor-tab-title-1232\" class=\"elementor-tab-title\" data-tab=\"2\" role=\"button\" aria-controls=\"elementor-tab-content-1232\" aria-expanded=\"false\">\n\t\t\t\t\t\t\t\t\t\t\t\t\t<span class=\"elementor-accordion-icon elementor-accordion-icon-right\" aria-hidden=\"true\">\n\t\t\t\t\t\t\t\t\t\t\t\t\t\t\t<span class=\"elementor-accordion-icon-closed\"><i class=\"fas fa-plus\"><\/i><\/span>\n\t\t\t\t\t\t\t\t<span class=\"elementor-accordion-icon-opened\"><i class=\"fas fa-minus\"><\/i><\/span>\n\t\t\t\t\t\t\t\t\t\t\t\t\t\t<\/span>\n\t\t\t\t\t\t\t\t\t\t\t\t<a class=\"elementor-accordion-title\" tabindex=\"0\">Comment puis-je obtenir une estimation gratuite et confidentielle pour mes boucles d'oreilles Art Nouveau ?<\/a>\n\t\t\t\t\t<\/div>\n\t\t\t\t\t<div id=\"elementor-tab-content-1232\" class=\"elementor-tab-content elementor-clearfix\" data-tab=\"2\" role=\"region\" aria-labelledby=\"elementor-tab-title-1232\"><p>Vous pouvez obtenir une estimation gratuite et confidentielle en contactant le service client\u00e8le de Diamantaire Paris au 01 48 87 81 44 ou en envoyant un email \u00e0 <a target=\"_new\">achat@diamantaire-paris.com<\/a>.<\/p><\/div>\n\t\t\t\t<\/div>\n\t\t\t\t\t\t\t<div class=\"elementor-accordion-item\">\n\t\t\t\t\t<div id=\"elementor-tab-title-1233\" class=\"elementor-tab-title\" data-tab=\"3\" role=\"button\" aria-controls=\"elementor-tab-content-1233\" aria-expanded=\"false\">\n\t\t\t\t\t\t\t\t\t\t\t\t\t<span class=\"elementor-accordion-icon elementor-accordion-icon-right\" aria-hidden=\"true\">\n\t\t\t\t\t\t\t\t\t\t\t\t\t\t\t<span class=\"elementor-accordion-icon-closed\"><i class=\"fas fa-plus\"><\/i><\/span>\n\t\t\t\t\t\t\t\t<span class=\"elementor-accordion-icon-opened\"><i class=\"fas fa-minus\"><\/i><\/span>\n\t\t\t\t\t\t\t\t\t\t\t\t\t\t<\/span>\n\t\t\t\t\t\t\t\t\t\t\t\t<a class=\"elementor-accordion-title\" tabindex=\"0\">Est-il possible de se rendre physiquement chez Diamantaire Paris pour vendre mes boucles d'oreilles Art Nouveau ?<\/a>\n\t\t\t\t\t<\/div>\n\t\t\t\t\t<div id=\"elementor-tab-content-1233\" class=\"elementor-tab-content elementor-clearfix\" data-tab=\"3\" role=\"region\" aria-labelledby=\"elementor-tab-title-1233\"><p>Oui, vous pouvez vous rendre sans rendez-vous ou avec rendez-vous au 43 rue Beaubourg, 75003 Paris, pour une expertise en personne.<\/p><\/div>\n\t\t\t\t<\/div>\n\t\t\t\t\t\t\t<div class=\"elementor-accordion-item\">\n\t\t\t\t\t<div id=\"elementor-tab-title-1234\" class=\"elementor-tab-title\" data-tab=\"4\" role=\"button\" aria-controls=\"elementor-tab-content-1234\" aria-expanded=\"false\">\n\t\t\t\t\t\t\t\t\t\t\t\t\t<span class=\"elementor-accordion-icon elementor-accordion-icon-right\" aria-hidden=\"true\">\n\t\t\t\t\t\t\t\t\t\t\t\t\t\t\t<span class=\"elementor-accordion-icon-closed\"><i class=\"fas fa-plus\"><\/i><\/span>\n\t\t\t\t\t\t\t\t<span class=\"elementor-accordion-icon-opened\"><i class=\"fas fa-minus\"><\/i><\/span>\n\t\t\t\t\t\t\t\t\t\t\t\t\t\t<\/span>\n\t\t\t\t\t\t\t\t\t\t\t\t<a class=\"elementor-accordion-title\" tabindex=\"0\">Diamantaire Paris propose-t-il les meilleurs prix du march\u00e9 pour les boucles d'oreilles Art Nouveau ?<\/a>\n\t\t\t\t\t<\/div>\n\t\t\t\t\t<div id=\"elementor-tab-content-1234\" class=\"elementor-tab-content elementor-clearfix\" data-tab=\"4\" role=\"region\" aria-labelledby=\"elementor-tab-title-1234\"><p>Diamantaire Paris s&rsquo;engage \u00e0 offrir les meilleures offres de rachat du march\u00e9. Si vous avez une meilleure offre ailleurs, ils s&rsquo;engagent \u00e0 faire une offre plus avantageuse.<\/p><\/div>\n\t\t\t\t<\/div>\n\t\t\t\t\t\t\t<div class=\"elementor-accordion-item\">\n\t\t\t\t\t<div id=\"elementor-tab-title-1235\" class=\"elementor-tab-title\" data-tab=\"5\" role=\"button\" aria-controls=\"elementor-tab-content-1235\" aria-expanded=\"false\">\n\t\t\t\t\t\t\t\t\t\t\t\t\t<span class=\"elementor-accordion-icon elementor-accordion-icon-right\" aria-hidden=\"true\">\n\t\t\t\t\t\t\t\t\t\t\t\t\t\t\t<span class=\"elementor-accordion-icon-closed\"><i class=\"fas fa-plus\"><\/i><\/span>\n\t\t\t\t\t\t\t\t<span class=\"elementor-accordion-icon-opened\"><i class=\"fas fa-minus\"><\/i><\/span>\n\t\t\t\t\t\t\t\t\t\t\t\t\t\t<\/span>\n\t\t\t\t\t\t\t\t\t\t\t\t<a class=\"elementor-accordion-title\" tabindex=\"0\">Puis-je suivre les actualit\u00e9s et offres de Diamantaire Paris en ligne ?<\/a>\n\t\t\t\t\t<\/div>\n\t\t\t\t\t<div id=\"elementor-tab-content-1235\" class=\"elementor-tab-content elementor-clearfix\" data-tab=\"5\" role=\"region\" aria-labelledby=\"elementor-tab-title-1235\"><p>Oui, vous pouvez suivre Diamantaire Paris sur les r\u00e9seaux sociaux et consulter leur site internet et blog r\u00e9guli\u00e8rement mis \u00e0 jour pour d\u00e9couvrir leurs offres d&rsquo;achat de bijoux d&rsquo;occasion et anciens.<\/p><\/div>\n\t\t\t\t<\/div>\n\t\t\t\t\t\t\t\t\t\t<script type=\"application\/ld+json\">{\"@context\":\"https:\\\/\\\/schema.org\",\"@type\":\"FAQPage\",\"mainEntity\":[{\"@type\":\"Question\",\"name\":\"Quels services offre Diamantaire Paris pour les boucles d'oreilles Art Nouveau ?\",\"acceptedAnswer\":{\"@type\":\"Answer\",\"text\":\"<p>Diamantaire Paris, sp\\u00e9cialis\\u00e9 dans le rachat de bijoux et pierres pr\\u00e9cieuses depuis 35 ans, propose l&rsquo;expertise et le rachat de boucles d&rsquo;oreilles Art Nouveau.<\\\/p>\"}},{\"@type\":\"Question\",\"name\":\"Comment puis-je obtenir une estimation gratuite et confidentielle pour mes boucles d'oreilles Art Nouveau ?\",\"acceptedAnswer\":{\"@type\":\"Answer\",\"text\":\"<p>Vous pouvez obtenir une estimation gratuite et confidentielle en contactant le service client\\u00e8le de Diamantaire Paris au 01 48 87 81 44 ou en envoyant un email \\u00e0 <a target=\\\"_new\\\">achat@diamantaire-paris.com<\\\/a>.<\\\/p>\"}},{\"@type\":\"Question\",\"name\":\"Est-il possible de se rendre physiquement chez Diamantaire Paris pour vendre mes boucles d'oreilles Art Nouveau ?\",\"acceptedAnswer\":{\"@type\":\"Answer\",\"text\":\"<p>Oui, vous pouvez vous rendre sans rendez-vous ou avec rendez-vous au 43 rue Beaubourg, 75003 Paris, pour une expertise en personne.<\\\/p>\"}},{\"@type\":\"Question\",\"name\":\"Diamantaire Paris propose-t-il les meilleurs prix du march\\u00e9 pour les boucles d'oreilles Art Nouveau ?\",\"acceptedAnswer\":{\"@type\":\"Answer\",\"text\":\"<p>Diamantaire Paris s&rsquo;engage \\u00e0 offrir les meilleures offres de rachat du march\\u00e9. Si vous avez une meilleure offre ailleurs, ils s&rsquo;engagent \\u00e0 faire une offre plus avantageuse.<\\\/p>\"}},{\"@type\":\"Question\",\"name\":\"Puis-je suivre les actualit\\u00e9s et offres de Diamantaire Paris en ligne ?\",\"acceptedAnswer\":{\"@type\":\"Answer\",\"text\":\"<p>Oui, vous pouvez suivre Diamantaire Paris sur les r\\u00e9seaux sociaux et consulter leur site internet et blog r\\u00e9guli\\u00e8rement mis \\u00e0 jour pour d\\u00e9couvrir leurs offres d&rsquo;achat de bijoux d&rsquo;occasion et anciens.<\\\/p>\"}}]}<\/script>\n\t\t\t\t\t<\/div>\n\t\t\t\t\t\t<\/div>\n\t\t\t\t<\/div>\n\t\t\t\t<div class=\"elementor-element elementor-element-0222fef elementor-cta--skin-classic elementor-animated-content elementor-bg-transform elementor-bg-transform-zoom-in elementor-widget elementor-widget-call-to-action\" data-id=\"0222fef\" data-element_type=\"widget\" data-e-type=\"widget\" data-widget_type=\"call-to-action.default\">\n\t\t\t\t<div class=\"elementor-widget-container\">\n\t\t\t\t\t\t\t<a class=\"elementor-cta\" href=\"tel:0148878144\">\n\t\t\t\t\t\t\t<div class=\"elementor-cta__content\">\n\t\t\t\t\t\t\t\t\t<div class=\"elementor-content-item elementor-cta__content-item elementor-icon-wrapper elementor-cta__icon elementor-view-default\">\n\t\t\t\t\t\t<div class=\"elementor-icon\">\n\t\t\t\t\t\t\t<i aria-hidden=\"true\" class=\"fas fa-phone-alt\"><\/i>\t\t\t\t\t\t<\/div>\n\t\t\t\t\t<\/div>\n\t\t\t\t\n\t\t\t\t\t\t\t\t\t<div class=\"elementor-cta__title elementor-cta__content-item elementor-content-item\">\n\t\t\t\t\t\t01 48 87 81 44\t\t\t\t\t<\/div>\n\t\t\t\t\n\t\t\t\t\t\t\t\t\t<div class=\"elementor-cta__description elementor-cta__content-item elementor-content-item\">\n\t\t\t\t\t\tNotre service client\u00e8le se tient gratuitement \u00e0 votre disposition pour l'estimation de votre bijou.\t\t\t\t\t<\/div>\n\t\t\t\t\n\t\t\t\t\t\t\t<\/div>\n\t\t\t\t\t\t<\/a>\n\t\t\t\t\t\t<\/div>\n\t\t\t\t<\/div>\n\t\t\t\t\t<\/div>\n\t\t<\/div>\n\t\t\t\t\t<\/div>\n\t\t<\/section>\n\t\t\t\t<\/div>\n\t\t","protected":false},"excerpt":{"rendered":"<p>La maison Diamantaires OG du groupe diamantaire Obagem s&rsquo;est sp\u00e9cialis\u00e9e depuis 35 ans dans le rachat de bijoux et pierres pr\u00e9cieuses sur Paris. Nous vous recommandons de parcourir notre site internet r\u00e9guli\u00e8rement mis \u00e0 jour ainsi que notre blog pour d\u00e9couvrir nos offres d&rsquo;achat de bijoux d&rsquo;occasion et anciens. Vous pouvez aussi nous suivre sur [&hellip;]<\/p>\n","protected":false},"author":1,"featured_media":3336,"parent":4109,"menu_order":0,"comment_status":"open","ping_status":"closed","template":"","meta":{"content-type":"","footnotes":""},"class_list":["post-70","page","type-page","status-publish","has-post-thumbnail","hentry"],"_links":{"self":[{"href":"https:\/\/diamantaire-paris.com\/fi\/wp-json\/wp\/v2\/pages\/70","targetHints":{"allow":["GET"]}}],"collection":[{"href":"https:\/\/diamantaire-paris.com\/fi\/wp-json\/wp\/v2\/pages"}],"about":[{"href":"https:\/\/diamantaire-paris.com\/fi\/wp-json\/wp\/v2\/types\/page"}],"author":[{"embeddable":true,"href":"https:\/\/diamantaire-paris.com\/fi\/wp-json\/wp\/v2\/users\/1"}],"replies":[{"embeddable":true,"href":"https:\/\/diamantaire-paris.com\/fi\/wp-json\/wp\/v2\/comments?post=70"}],"version-history":[{"count":10,"href":"https:\/\/diamantaire-paris.com\/fi\/wp-json\/wp\/v2\/pages\/70\/revisions"}],"predecessor-version":[{"id":16673,"href":"https:\/\/diamantaire-paris.com\/fi\/wp-json\/wp\/v2\/pages\/70\/revisions\/16673"}],"up":[{"embeddable":true,"href":"https:\/\/diamantaire-paris.com\/fi\/wp-json\/wp\/v2\/pages\/4109"}],"wp:featuredmedia":[{"embeddable":true,"href":"https:\/\/diamantaire-paris.com\/fi\/wp-json\/wp\/v2\/media\/3336"}],"wp:attachment":[{"href":"https:\/\/diamantaire-paris.com\/fi\/wp-json\/wp\/v2\/media?parent=70"}],"curies":[{"name":"wp","href":"https:\/\/api.w.org\/{rel}","templated":true}]}}