{"id":9605,"date":"2022-03-31T23:08:41","date_gmt":"2022-03-31T21:08:41","guid":{"rendered":"https:\/\/diamantaire-paris.com\/?page_id=9605"},"modified":"2024-03-26T20:44:00","modified_gmt":"2024-03-26T19:44:00","slug":"achat-de-diamants-ferstenberg","status":"publish","type":"page","link":"https:\/\/diamantaire-paris.com\/es\/vendre-un-bien\/achat-de-diamants-ferstenberg\/","title":{"rendered":"Comprar diamantes Ferstenberg"},"content":{"rendered":"\t\t<div data-elementor-type=\"wp-page\" data-elementor-id=\"9605\" class=\"elementor elementor-9605\" data-elementor-post-type=\"page\">\n\t\t\t\t\t\t<section class=\"elementor-section elementor-top-section elementor-element elementor-element-582e9eb elementor-section-boxed elementor-section-height-default elementor-section-height-default\" data-id=\"582e9eb\" data-element_type=\"section\" data-e-type=\"section\">\n\t\t\t\t\t\t<div class=\"elementor-container elementor-column-gap-default\">\n\t\t\t\t\t<div class=\"elementor-column elementor-col-100 elementor-top-column elementor-element elementor-element-ae7b7f2\" data-id=\"ae7b7f2\" data-element_type=\"column\" data-e-type=\"column\">\n\t\t\t<div class=\"elementor-widget-wrap elementor-element-populated\">\n\t\t\t\t\t\t<div class=\"elementor-element elementor-element-b86a520 elementor-widget elementor-widget-shortcode\" data-id=\"b86a520\" data-element_type=\"widget\" data-e-type=\"widget\" data-widget_type=\"shortcode.default\">\n\t\t\t\t<div class=\"elementor-widget-container\">\n\t\t\t\t\t\t\t<div class=\"elementor-shortcode\"><nav aria-label=\"breadcrumbs\" class=\"rank-math-breadcrumb\"><p><span class=\"last\">Diamantaires Paris<\/span><\/p><\/nav><\/div>\n\t\t\t\t\t\t<\/div>\n\t\t\t\t<\/div>\n\t\t\t\t<div class=\"elementor-element elementor-element-3e7f268 elementor-widget elementor-widget-text-editor\" data-id=\"3e7f268\" data-element_type=\"widget\" data-e-type=\"widget\" data-widget_type=\"text-editor.default\">\n\t\t\t\t<div class=\"elementor-widget-container\">\n\t\t\t\t\t\t\t\t\t<p><em>Chez Diamantaires Paris OG, nous rachetons et <a href=\"https:\/\/diamantaire-paris.com\/heritage\/rachat-diamants\/\">revendons des diamants anciens<\/a> ou diamants plus r\u00e9cents, comme ceux de la fin du XX<sup>\u00e8me<\/sup> si\u00e8cle. Vous poss\u00e9dez chez vous ou recevez en h\u00e9ritage un diamant du XX<sup>\u00e8me<\/sup> si\u00e8cle et vous souhaitez le revendre\u00a0? Contactez-nous ou rendez-vous dans notre boutique dans\u00a0le 3<sup>\u00e8me<\/sup> arrondissement de Paris pour discuter avec nos diamantaires sp\u00e9cialistes. <\/em><\/p>\t\t\t\t\t\t\t\t<\/div>\n\t\t\t\t<\/div>\n\t\t\t\t<div class=\"elementor-element elementor-element-44033de elementor-cta--skin-classic elementor-animated-content elementor-bg-transform elementor-bg-transform-zoom-in elementor-widget elementor-widget-call-to-action\" data-id=\"44033de\" data-element_type=\"widget\" data-e-type=\"widget\" data-widget_type=\"call-to-action.default\">\n\t\t\t\t<div class=\"elementor-widget-container\">\n\t\t\t\t\t\t\t<a class=\"elementor-cta\" href=\"tel:0148878144\">\n\t\t\t\t\t\t\t<div class=\"elementor-cta__content\">\n\t\t\t\t\t\t\t\t\t<div class=\"elementor-content-item elementor-cta__content-item elementor-icon-wrapper elementor-cta__icon elementor-view-default\">\n\t\t\t\t\t\t<div class=\"elementor-icon\">\n\t\t\t\t\t\t\t<i aria-hidden=\"true\" class=\"fas fa-phone-alt\"><\/i>\t\t\t\t\t\t<\/div>\n\t\t\t\t\t<\/div>\n\t\t\t\t\n\t\t\t\t\t\t\t\t\t<div class=\"elementor-cta__title elementor-cta__content-item elementor-content-item\">\n\t\t\t\t\t\t01 48 87 81 44\t\t\t\t\t<\/div>\n\t\t\t\t\n\t\t\t\t\t\t\t\t\t<div class=\"elementor-cta__description elementor-cta__content-item elementor-content-item\">\n\t\t\t\t\t\tNotre service client\u00e8le se tient gratuitement \u00e0 votre disposition pour plus d'information sur notre m\u00e9tier de Diamantaire \u00e0 Paris.\t\t\t\t\t<\/div>\n\t\t\t\t\n\t\t\t\t\t\t\t<\/div>\n\t\t\t\t\t\t<\/a>\n\t\t\t\t\t\t<\/div>\n\t\t\t\t<\/div>\n\t\t\t\t<div class=\"elementor-element elementor-element-ee4c598 elementor-widget elementor-widget-heading\" data-id=\"ee4c598\" data-element_type=\"widget\" data-e-type=\"widget\" data-widget_type=\"heading.default\">\n\t\t\t\t<div class=\"elementor-widget-container\">\n\t\t\t\t\t<h2 class=\"elementor-heading-title elementor-size-default\">Diamantaires Paris OG rach\u00e8te les diamants Ferstenberg<\/h2>\t\t\t\t<\/div>\n\t\t\t\t<\/div>\n\t\t\t\t<div class=\"elementor-element elementor-element-3b1977a elementor-widget elementor-widget-text-editor\" data-id=\"3b1977a\" data-element_type=\"widget\" data-e-type=\"widget\" data-widget_type=\"text-editor.default\">\n\t\t\t\t<div class=\"elementor-widget-container\">\n\t\t\t\t\t\t\t\t\t<p>Diamantaires Paris OG rach\u00e8te les diamants issus du diamantaire belge Ferstenberg. Ces <a href=\"https:\/\/diamantaire-paris.com\/heritage\/diamants-annees-80\/\">diamants issus des ann\u00e9es 1970-1985<\/a> sont particuli\u00e8rement recherch\u00e9s par notre r\u00e9seau d\u2019achat. Non seulement, les diamants des ann\u00e9es 70-80 sont reconnus pour leur qualit\u00e9.\u00a0Mais en plus, c\u2019est \u00e0 cette \u00e9poque que les premiers certificats de diamants ont vu le jour afin d\u2019attester de la valeur des diamants avant la vente. C\u2019est aussi dans les ann\u00e9es 1970 qu\u2019a \u00e9t\u00e9 cr\u00e9\u00e9 l\u2019un des premiers laboratoires de gemmologie, <a href=\"https:\/\/diamantaire-paris.com\/estimer-un-diamant-gia\/hrd\/\">le HRD (Hoge Raad voor Diamant)<\/a>.<\/p><p>Les diamants certifi\u00e9s par le diamantaire Ferstenberg sont particuli\u00e8rement reconnus et nous rencontrons une forte demande dans nos r\u00e9seaux d\u2019achat, que ce soit de la part des collectionneurs ou tout simplement d\u2019amateurs de diamants de la fin du XX<sup>\u00e8me<\/sup> si\u00e8cle.\u00a0<\/p>\t\t\t\t\t\t\t\t<\/div>\n\t\t\t\t<\/div>\n\t\t\t\t<div class=\"elementor-element elementor-element-6ec36e1 elementor-widget elementor-widget-heading\" data-id=\"6ec36e1\" data-element_type=\"widget\" data-e-type=\"widget\" data-widget_type=\"heading.default\">\n\t\t\t\t<div class=\"elementor-widget-container\">\n\t\t\t\t\t<h2 class=\"elementor-heading-title elementor-size-default\">Vendez vos diamants Ferstenberg<\/h2>\t\t\t\t<\/div>\n\t\t\t\t<\/div>\n\t\t\t\t<div class=\"elementor-element elementor-element-f42065a elementor-widget elementor-widget-text-editor\" data-id=\"f42065a\" data-element_type=\"widget\" data-e-type=\"widget\" data-widget_type=\"text-editor.default\">\n\t\t\t\t<div class=\"elementor-widget-container\">\n\t\t\t\t\t\t\t\t\t<p>Si vous poss\u00e9dez un diamant certifi\u00e9 Ferstenberg ou que vous <a href=\"https:\/\/diamantaire-paris.com\/heritage\/\">en recevez un en h\u00e9ritage<\/a>, et que vous souhaitez le vendre, contactez Diamantaires Paris OG ou rendez-vous dans notre boutique du 3<sup>\u00e8me<\/sup> arrondissement de Paris. Vous b\u00e9n\u00e9ficiez d\u2019une estimation confidentielle et gratuite pour les diamants ou bijoux avec diamants que vous souhaitez mettre en vente, r\u00e9alis\u00e9e par nos experts en 48h. A l\u2019issue de l\u2019expertise de votre diamant Ferstenberg, nous \u00e9tablissons une valeur marchande pour votre pierre ou votre bijou. Si cette valeur vous convient, nous vous proposons un rachat imm\u00e9diat du diamant.<\/p><p>Nous garantissons les meilleurs prix pour la vente de votre diamant Ferstenberg\u00a0: si vous d\u00e9tenez une offre de rachat direct de la part d\u2019un concurrent, nous nous alignons dessus et nous nous engageons \u00e0 vous offrir une surench\u00e8re.<\/p>\t\t\t\t\t\t\t\t<\/div>\n\t\t\t\t<\/div>\n\t\t\t\t<div class=\"elementor-element elementor-element-073bbaf elementor-widget elementor-widget-text-editor\" data-id=\"073bbaf\" data-element_type=\"widget\" data-e-type=\"widget\" data-widget_type=\"text-editor.default\">\n\t\t\t\t<div class=\"elementor-widget-container\">\n\t\t\t\t\t\t\t\t\t<p>Diamantaires Paris OG, sp\u00e9cialis\u00e9 dans l&rsquo;achat et la revente de diamants, y compris ceux de renom comme les diamants Ferstenberg, offre une expertise in\u00e9gal\u00e9e pour ceux qui cherchent \u00e0 vendre leurs pr\u00e9cieuses pierres. Que vous ayez h\u00e9rit\u00e9 d&rsquo;un diamant du XXe si\u00e8cle ou que vous souhaitiez simplement le vendre, notre \u00e9quipe d&rsquo;experts est l\u00e0 pour vous guider \u00e0 travers le processus de vente, assurant une transaction transparente et avantageuse.<\/p>\n<p>Si vous poss\u00e9dez des bracelets sertis de diamants et envisagez de les vendre, notre service pour <a href=\"https:\/\/diamantaire-paris.com\/vendre-un-bien\/vendre-un-bracelet\/\" target=\"_new\"><b>vendre un bracelet<\/b><\/a> assure une \u00e9valuation experte et une vente avantageuse. Nous comprenons l&rsquo;importance sentimentale et la valeur de ces bijoux, et nous nous engageons \u00e0 offrir le meilleur retour possible sur votre investissement.<\/p>\n<p>Pour ceux qui cherchent \u00e0 acheter un diamant mais ne sont pas s\u00fbrs de quel type choisir, notre guide sur <a href=\"https:\/\/diamantaire-paris.com\/acheter-diamant\/quel-diamant-choisir\/\" target=\"_new\"><b>quel diamant choisir quand on veut acheter un diaman<\/b>t<\/a> est une ressource pr\u00e9cieuse. Cette connaissance est essentielle pour faire un achat \u00e9clair\u00e9. De plus, notre page sur <b><a href=\"https:\/\/diamantaire-paris.com\/acheter-diamant\/parure-van-cleef-arpels-vintage\/\" target=\"_new\">acheter une parure Van Cleef &amp; Arpels vintage<\/a> <\/b>offre une option \u00e9l\u00e9gante pour ceux qui cherchent \u00e0 ajouter une touche de sophistication \u00e0 leur collection.<\/p>\n<p>Nous comprenons que la vente d&rsquo;un diamant peut soulever des questions et des incertitudes. C&rsquo;est pourquoi nous invitons nos clients \u00e0 <a href=\"https:\/\/diamantaire-paris.com\/contact\/\" target=\"_new\"><b>nous contacter<\/b><\/a> pour toute demande d&rsquo;information ou pour planifier une \u00e9valuation. Notre \u00e9quipe d&rsquo;experts est toujours pr\u00eate \u00e0 fournir des conseils personnalis\u00e9s et \u00e0 r\u00e9pondre \u00e0 toutes vos questions.<\/p>\n<p>Enfin, pour ceux qui recherchent des informations sur la certification des diamants, notre page sur le <b><a href=\"https:\/\/diamantaire-paris.com\/estimer-un-diamant-gia\/gia\/contenu-certificat-gia\/\" target=\"_new\">contenu d&rsquo;un certificat GIA<\/a> <\/b>fournit des informations essentielles pour comprendre l&rsquo;importance de la certification dans l&rsquo;\u00e9valuation des diamants.<\/p>\n<p>Chez Diamantaires Paris OG, chaque client est unique et chaque diamant a sa propre histoire. Que vous cherchiez \u00e0 vendre un diamant Ferstenberg ou \u00e0 investir dans une nouvelle pi\u00e8ce de joaillerie, notre engagement envers l&rsquo;excellence et la satisfaction du client est notre priorit\u00e9. Visitez notre boutique au c\u0153ur de Paris pour une exp\u00e9rience de vente inoubliable, o\u00f9 chaque diamant est trait\u00e9 avec le respect et l&rsquo;expertise qu&rsquo;il m\u00e9rite.<\/p>\t\t\t\t\t\t\t\t<\/div>\n\t\t\t\t<\/div>\n\t\t\t\t<div class=\"elementor-element elementor-element-8f0ebc5 elementor-widget elementor-widget-google_maps\" data-id=\"8f0ebc5\" data-element_type=\"widget\" data-e-type=\"widget\" data-widget_type=\"google_maps.default\">\n\t\t\t\t<div class=\"elementor-widget-container\">\n\t\t\t\t\t\t\t<div class=\"elementor-custom-embed\">\n\t\t\t<iframe loading=\"lazy\"\n\t\t\t\t\tsrc=\"https:\/\/maps.google.com\/maps?q=obagem%20paris%2075003&#038;t=m&#038;z=12&#038;output=embed&#038;iwloc=near\"\n\t\t\t\t\ttitle=\"obagem paris 75003\"\n\t\t\t\t\taria-label=\"obagem paris 75003\"\n\t\t\t><\/iframe>\n\t\t<\/div>\n\t\t\t\t\t\t<\/div>\n\t\t\t\t<\/div>\n\t\t\t\t<div class=\"elementor-element elementor-element-6d500bc elementor-grid-2 elementor-posts--thumbnail-none elementor-grid-tablet-2 elementor-grid-mobile-1 elementor-card-shadow-yes elementor-posts__hover-gradient elementor-widget elementor-widget-posts\" data-id=\"6d500bc\" data-element_type=\"widget\" data-e-type=\"widget\" data-settings=\"{&quot;cards_columns&quot;:&quot;2&quot;,&quot;cards_columns_tablet&quot;:&quot;2&quot;,&quot;cards_columns_mobile&quot;:&quot;1&quot;,&quot;cards_row_gap&quot;:{&quot;unit&quot;:&quot;px&quot;,&quot;size&quot;:35,&quot;sizes&quot;:[]},&quot;cards_row_gap_tablet&quot;:{&quot;unit&quot;:&quot;px&quot;,&quot;size&quot;:&quot;&quot;,&quot;sizes&quot;:[]},&quot;cards_row_gap_mobile&quot;:{&quot;unit&quot;:&quot;px&quot;,&quot;size&quot;:&quot;&quot;,&quot;sizes&quot;:[]}}\" data-widget_type=\"posts.cards\">\n\t\t\t\t<div class=\"elementor-widget-container\">\n\t\t\t\t\t\t\t<div class=\"elementor-posts-container elementor-posts elementor-posts--skin-cards elementor-grid\" role=\"list\">\n\t\t\t\t<article class=\"elementor-post elementor-grid-item post-4659 page type-page status-publish has-post-thumbnail hentry\" role=\"listitem\">\n\t\t\t<div class=\"elementor-post__card\">\n\t\t\t\t<div class=\"elementor-post__text\">\n\t\t\t\t<p class=\"elementor-post__title\">\n\t\t\t<a href=\"https:\/\/diamantaire-paris.com\/es\/estimer-un-diamant-gia\/egl\/\">\n\t\t\t\tEuropean Gemological Laboratory (EGL)\t\t\t<\/a>\n\t\t<\/p>\n\t\t\t\t<div class=\"elementor-post__excerpt\">\n\t\t\t<p>L\u2019European Gemological Laboratory (EGL) est l\u2019un des quelques laboratoires de gemmologie habilit\u00e9s \u00e0 d\u00e9livrer une certification pour attester de la valeur d\u2019un diamant, avec le<\/p>\n\t\t<\/div>\n\t\t\t\t<\/div>\n\t\t\t\t\t<\/div>\n\t\t<\/article>\n\t\t\t\t<article class=\"elementor-post elementor-grid-item post-4180 page type-page status-publish has-post-thumbnail hentry\" role=\"listitem\">\n\t\t\t<div class=\"elementor-post__card\">\n\t\t\t\t<div class=\"elementor-post__text\">\n\t\t\t\t<p class=\"elementor-post__title\">\n\t\t\t<a href=\"https:\/\/diamantaire-paris.com\/es\/estimer-un-diamant-gia\/igi\/\">\n\t\t\t\tIGI DIAMANT\t\t\t<\/a>\n\t\t<\/p>\n\t\t\t\t<div class=\"elementor-post__excerpt\">\n\t\t\t<p>Nous garantissons les meilleurs prix, si vous d\u00e9tenez une offre de rachat direct de la part d\u2019un concurrent, non seulement nous nous alignons dessus et<\/p>\n\t\t<\/div>\n\t\t\t\t<\/div>\n\t\t\t\t\t<\/div>\n\t\t<\/article>\n\t\t\t\t<article class=\"elementor-post elementor-grid-item post-4294 page type-page status-publish has-post-thumbnail hentry\" role=\"listitem\">\n\t\t\t<div class=\"elementor-post__card\">\n\t\t\t\t<div class=\"elementor-post__text\">\n\t\t\t\t<p class=\"elementor-post__title\">\n\t\t\t<a href=\"https:\/\/diamantaire-paris.com\/es\/estimer-un-diamant-gia\/laboratoire-francais-gemmologie\/\">\n\t\t\t\tLe Laboratoire fran\u00e7ais de gemmologie\t\t\t<\/a>\n\t\t<\/p>\n\t\t\t\t<div class=\"elementor-post__excerpt\">\n\t\t\t<p>01 48 87 81 44 Notre service client\u00e8le se tient gratuitement \u00e0 votre disposition pour plus d&rsquo;information sur le Laboratoire Fran\u00e7ais de Gemmologie. Vous pouvez<\/p>\n\t\t<\/div>\n\t\t\t\t<\/div>\n\t\t\t\t\t<\/div>\n\t\t<\/article>\n\t\t\t\t<article class=\"elementor-post elementor-grid-item post-4268 page type-page status-publish hentry\" role=\"listitem\">\n\t\t\t<div class=\"elementor-post__card\">\n\t\t\t\t<div class=\"elementor-post__text\">\n\t\t\t\t<p class=\"elementor-post__title\">\n\t\t\t<a href=\"https:\/\/diamantaire-paris.com\/es\/estimer-un-diamant-gia\/hrd\/\">\n\t\t\t\tVendre un diamant HRD\t\t\t<\/a>\n\t\t<\/p>\n\t\t\t\t<div class=\"elementor-post__excerpt\">\n\t\t\t<p>Pour distinguer un vrai d\u2019un faux diamant ou encore conna\u00eetre la valeur r\u00e9elle d\u2019un diamant, certains laboratoires produisent des rapports d\u2019analyses ou certificats d\u2019authenticit\u00e9. Ces<\/p>\n\t\t<\/div>\n\t\t\t\t<\/div>\n\t\t\t\t\t<\/div>\n\t\t<\/article>\n\t\t\t\t<article class=\"elementor-post elementor-grid-item post-4149 page type-page status-publish has-post-thumbnail hentry\" role=\"listitem\">\n\t\t\t<div class=\"elementor-post__card\">\n\t\t\t\t<div class=\"elementor-post__text\">\n\t\t\t\t<p class=\"elementor-post__title\">\n\t\t\t<a href=\"https:\/\/diamantaire-paris.com\/es\/estimer-un-diamant-gia\/gia\/\">\n\t\t\t\tQu&rsquo;est ce que le GIA ?\t\t\t<\/a>\n\t\t<\/p>\n\t\t\t\t<div class=\"elementor-post__excerpt\">\n\t\t\t<p>Expertisez &amp; Vendez vos diamants GIA 01 48 87 81 44 Vendre Vendre \/ Estimer Gratuitement un diamant GIA L\u2019achat d\u2019un diamant n\u2019est pas toujours<\/p>\n\t\t<\/div>\n\t\t\t\t<\/div>\n\t\t\t\t\t<\/div>\n\t\t<\/article>\n\t\t\t\t<\/div>\n\t\t\n\t\t\t\t\t\t<\/div>\n\t\t\t\t<\/div>\n\t\t\t\t<div class=\"elementor-element elementor-element-2a34d82 elementor-widget elementor-widget-accordion\" data-id=\"2a34d82\" data-element_type=\"widget\" data-e-type=\"widget\" data-widget_type=\"accordion.default\">\n\t\t\t\t<div class=\"elementor-widget-container\">\n\t\t\t\t\t\t\t<div class=\"elementor-accordion\">\n\t\t\t\t\t\t\t<div class=\"elementor-accordion-item\">\n\t\t\t\t\t<div id=\"elementor-tab-title-4421\" class=\"elementor-tab-title\" data-tab=\"1\" role=\"button\" aria-controls=\"elementor-tab-content-4421\" aria-expanded=\"false\">\n\t\t\t\t\t\t\t\t\t\t\t\t\t<span class=\"elementor-accordion-icon elementor-accordion-icon-left\" aria-hidden=\"true\">\n\t\t\t\t\t\t\t\t\t\t\t\t\t\t\t<span class=\"elementor-accordion-icon-closed\"><i class=\"fas fa-plus\"><\/i><\/span>\n\t\t\t\t\t\t\t\t<span class=\"elementor-accordion-icon-opened\"><i class=\"fas fa-minus\"><\/i><\/span>\n\t\t\t\t\t\t\t\t\t\t\t\t\t\t<\/span>\n\t\t\t\t\t\t\t\t\t\t\t\t<a class=\"elementor-accordion-title\" tabindex=\"0\">Qu'est-ce que Diamantaires Paris OG propose pour les diamants Ferstenberg ?<\/a>\n\t\t\t\t\t<\/div>\n\t\t\t\t\t<div id=\"elementor-tab-content-4421\" class=\"elementor-tab-content elementor-clearfix\" data-tab=\"1\" role=\"region\" aria-labelledby=\"elementor-tab-title-4421\"><p>Diamantaires Paris OG rach\u00e8te et revend des diamants anciens ou plus r\u00e9cents, y compris ceux issus du diamantaire belge Ferstenberg, particuli\u00e8rement des ann\u00e9es 1970-1985. Ces diamants sont reconnus pour leur qualit\u00e9 et sont accompagn\u00e9s des premiers certificats attestant leur valeur.<\/p><\/div>\n\t\t\t\t<\/div>\n\t\t\t\t\t\t\t<div class=\"elementor-accordion-item\">\n\t\t\t\t\t<div id=\"elementor-tab-title-4422\" class=\"elementor-tab-title\" data-tab=\"2\" role=\"button\" aria-controls=\"elementor-tab-content-4422\" aria-expanded=\"false\">\n\t\t\t\t\t\t\t\t\t\t\t\t\t<span class=\"elementor-accordion-icon elementor-accordion-icon-left\" aria-hidden=\"true\">\n\t\t\t\t\t\t\t\t\t\t\t\t\t\t\t<span class=\"elementor-accordion-icon-closed\"><i class=\"fas fa-plus\"><\/i><\/span>\n\t\t\t\t\t\t\t\t<span class=\"elementor-accordion-icon-opened\"><i class=\"fas fa-minus\"><\/i><\/span>\n\t\t\t\t\t\t\t\t\t\t\t\t\t\t<\/span>\n\t\t\t\t\t\t\t\t\t\t\t\t<a class=\"elementor-accordion-title\" tabindex=\"0\">Comment puis-je vendre mon diamant Ferstenberg chez Diamantaires Paris OG ?<\/a>\n\t\t\t\t\t<\/div>\n\t\t\t\t\t<div id=\"elementor-tab-content-4422\" class=\"elementor-tab-content elementor-clearfix\" data-tab=\"2\" role=\"region\" aria-labelledby=\"elementor-tab-title-4422\"><p>Si vous poss\u00e9dez un diamant certifi\u00e9 Ferstenberg, vous pouvez contacter Diamantaires Paris OG ou vous rendre dans leur boutique dans le 3\u00e8me arrondissement de Paris. Ils offrent une estimation confidentielle et gratuite, r\u00e9alis\u00e9e par des experts en 48h.<\/p><\/div>\n\t\t\t\t<\/div>\n\t\t\t\t\t\t\t<div class=\"elementor-accordion-item\">\n\t\t\t\t\t<div id=\"elementor-tab-title-4423\" class=\"elementor-tab-title\" data-tab=\"3\" role=\"button\" aria-controls=\"elementor-tab-content-4423\" aria-expanded=\"false\">\n\t\t\t\t\t\t\t\t\t\t\t\t\t<span class=\"elementor-accordion-icon elementor-accordion-icon-left\" aria-hidden=\"true\">\n\t\t\t\t\t\t\t\t\t\t\t\t\t\t\t<span class=\"elementor-accordion-icon-closed\"><i class=\"fas fa-plus\"><\/i><\/span>\n\t\t\t\t\t\t\t\t<span class=\"elementor-accordion-icon-opened\"><i class=\"fas fa-minus\"><\/i><\/span>\n\t\t\t\t\t\t\t\t\t\t\t\t\t\t<\/span>\n\t\t\t\t\t\t\t\t\t\t\t\t<a class=\"elementor-accordion-title\" tabindex=\"0\">Quelle garantie offre Diamantaires Paris OG pour le rachat de diamants Ferstenberg ?<\/a>\n\t\t\t\t\t<\/div>\n\t\t\t\t\t<div id=\"elementor-tab-content-4423\" class=\"elementor-tab-content elementor-clearfix\" data-tab=\"3\" role=\"region\" aria-labelledby=\"elementor-tab-title-4423\"><p>Diamantaires Paris OG garantit les meilleurs prix pour la vente de votre diamant Ferstenberg. Si vous avez une offre de rachat direct d&rsquo;un concurrent, ils s&rsquo;alignent dessus et proposent une surench\u00e8re.<\/p><\/div>\n\t\t\t\t<\/div>\n\t\t\t\t\t\t\t<div class=\"elementor-accordion-item\">\n\t\t\t\t\t<div id=\"elementor-tab-title-4424\" class=\"elementor-tab-title\" data-tab=\"4\" role=\"button\" aria-controls=\"elementor-tab-content-4424\" aria-expanded=\"false\">\n\t\t\t\t\t\t\t\t\t\t\t\t\t<span class=\"elementor-accordion-icon elementor-accordion-icon-left\" aria-hidden=\"true\">\n\t\t\t\t\t\t\t\t\t\t\t\t\t\t\t<span class=\"elementor-accordion-icon-closed\"><i class=\"fas fa-plus\"><\/i><\/span>\n\t\t\t\t\t\t\t\t<span class=\"elementor-accordion-icon-opened\"><i class=\"fas fa-minus\"><\/i><\/span>\n\t\t\t\t\t\t\t\t\t\t\t\t\t\t<\/span>\n\t\t\t\t\t\t\t\t\t\t\t\t<a class=\"elementor-accordion-title\" tabindex=\"0\">O\u00f9 se situe la boutique de Diamantaires Paris OG pour une expertise en personne ?<\/a>\n\t\t\t\t\t<\/div>\n\t\t\t\t\t<div id=\"elementor-tab-content-4424\" class=\"elementor-tab-content elementor-clearfix\" data-tab=\"4\" role=\"region\" aria-labelledby=\"elementor-tab-title-4424\"><p>La boutique de Diamantaires Paris OG se trouve au 43 rue Beaubourg, 75003 Paris, pr\u00e8s du m\u00e9tro R\u00e9aumur &#8211; S\u00e9bastopol. Ils sont disponibles sans rendez-vous et avec rendez-vous.<\/p><\/div>\n\t\t\t\t<\/div>\n\t\t\t\t\t\t\t<div class=\"elementor-accordion-item\">\n\t\t\t\t\t<div id=\"elementor-tab-title-4425\" class=\"elementor-tab-title\" data-tab=\"5\" role=\"button\" aria-controls=\"elementor-tab-content-4425\" aria-expanded=\"false\">\n\t\t\t\t\t\t\t\t\t\t\t\t\t<span class=\"elementor-accordion-icon elementor-accordion-icon-left\" aria-hidden=\"true\">\n\t\t\t\t\t\t\t\t\t\t\t\t\t\t\t<span class=\"elementor-accordion-icon-closed\"><i class=\"fas fa-plus\"><\/i><\/span>\n\t\t\t\t\t\t\t\t<span class=\"elementor-accordion-icon-opened\"><i class=\"fas fa-minus\"><\/i><\/span>\n\t\t\t\t\t\t\t\t\t\t\t\t\t\t<\/span>\n\t\t\t\t\t\t\t\t\t\t\t\t<a class=\"elementor-accordion-title\" tabindex=\"0\">Quels autres services Diamantaires Paris OG offre-t-il en plus de l'achat de diamants Ferstenberg ?<\/a>\n\t\t\t\t\t<\/div>\n\t\t\t\t\t<div id=\"elementor-tab-content-4425\" class=\"elementor-tab-content elementor-clearfix\" data-tab=\"5\" role=\"region\" aria-labelledby=\"elementor-tab-title-4425\"><p>Outre l&rsquo;achat de diamants Ferstenberg, Diamantaires Paris OG propose l&rsquo;expertise et le n\u00e9goce de diamants pour les professionnels, ainsi que l&rsquo;expertise et la vente de pierres pr\u00e9cieuses et de bijoux d&rsquo;occasion aux particuliers. Ils offrent \u00e9galement des services d&rsquo;\u00e9valuation gratuite et confidentielle de bijoux.<\/p><\/div>\n\t\t\t\t<\/div>\n\t\t\t\t\t\t\t\t\t\t<script type=\"application\/ld+json\">{\"@context\":\"https:\\\/\\\/schema.org\",\"@type\":\"FAQPage\",\"mainEntity\":[{\"@type\":\"Question\",\"name\":\"Qu'est-ce que Diamantaires Paris OG propose pour les diamants Ferstenberg ?\",\"acceptedAnswer\":{\"@type\":\"Answer\",\"text\":\"<p>Diamantaires Paris OG rach\\u00e8te et revend des diamants anciens ou plus r\\u00e9cents, y compris ceux issus du diamantaire belge Ferstenberg, particuli\\u00e8rement des ann\\u00e9es 1970-1985. Ces diamants sont reconnus pour leur qualit\\u00e9 et sont accompagn\\u00e9s des premiers certificats attestant leur valeur.<\\\/p>\"}},{\"@type\":\"Question\",\"name\":\"Comment puis-je vendre mon diamant Ferstenberg chez Diamantaires Paris OG ?\",\"acceptedAnswer\":{\"@type\":\"Answer\",\"text\":\"<p>Si vous poss\\u00e9dez un diamant certifi\\u00e9 Ferstenberg, vous pouvez contacter Diamantaires Paris OG ou vous rendre dans leur boutique dans le 3\\u00e8me arrondissement de Paris. Ils offrent une estimation confidentielle et gratuite, r\\u00e9alis\\u00e9e par des experts en 48h.<\\\/p>\"}},{\"@type\":\"Question\",\"name\":\"Quelle garantie offre Diamantaires Paris OG pour le rachat de diamants Ferstenberg ?\",\"acceptedAnswer\":{\"@type\":\"Answer\",\"text\":\"<p>Diamantaires Paris OG garantit les meilleurs prix pour la vente de votre diamant Ferstenberg. Si vous avez une offre de rachat direct d&rsquo;un concurrent, ils s&rsquo;alignent dessus et proposent une surench\\u00e8re.<\\\/p>\"}},{\"@type\":\"Question\",\"name\":\"O\\u00f9 se situe la boutique de Diamantaires Paris OG pour une expertise en personne ?\",\"acceptedAnswer\":{\"@type\":\"Answer\",\"text\":\"<p>La boutique de Diamantaires Paris OG se trouve au 43 rue Beaubourg, 75003 Paris, pr\\u00e8s du m\\u00e9tro R\\u00e9aumur &#8211; S\\u00e9bastopol. Ils sont disponibles sans rendez-vous et avec rendez-vous.<\\\/p>\"}},{\"@type\":\"Question\",\"name\":\"Quels autres services Diamantaires Paris OG offre-t-il en plus de l'achat de diamants Ferstenberg ?\",\"acceptedAnswer\":{\"@type\":\"Answer\",\"text\":\"<p>Outre l&rsquo;achat de diamants Ferstenberg, Diamantaires Paris OG propose l&rsquo;expertise et le n\\u00e9goce de diamants pour les professionnels, ainsi que l&rsquo;expertise et la vente de pierres pr\\u00e9cieuses et de bijoux d&rsquo;occasion aux particuliers. Ils offrent \\u00e9galement des services d&rsquo;\\u00e9valuation gratuite et confidentielle de bijoux.<\\\/p>\"}}]}<\/script>\n\t\t\t\t\t<\/div>\n\t\t\t\t\t\t<\/div>\n\t\t\t\t<\/div>\n\t\t\t\t\t<\/div>\n\t\t<\/div>\n\t\t\t\t\t<\/div>\n\t\t<\/section>\n\t\t\t\t<\/div>\n\t\t","protected":false},"excerpt":{"rendered":"<p>Chez Diamantaires Paris OG, nous rachetons et revendons des diamants anciens ou diamants plus r\u00e9cents, comme ceux de la fin du XX\u00e8me si\u00e8cle. Vous poss\u00e9dez chez vous ou recevez en h\u00e9ritage un diamant du XX\u00e8me si\u00e8cle et vous souhaitez le revendre\u00a0? Contactez-nous ou rendez-vous dans notre boutique dans\u00a0le 3\u00e8me arrondissement de Paris pour discuter avec [&hellip;]<\/p>\n","protected":false},"author":2,"featured_media":0,"parent":1525,"menu_order":0,"comment_status":"closed","ping_status":"closed","template":"elementor_header_footer","meta":{"content-type":"","footnotes":""},"class_list":["post-9605","page","type-page","status-publish","hentry"],"_links":{"self":[{"href":"https:\/\/diamantaire-paris.com\/es\/wp-json\/wp\/v2\/pages\/9605","targetHints":{"allow":["GET"]}}],"collection":[{"href":"https:\/\/diamantaire-paris.com\/es\/wp-json\/wp\/v2\/pages"}],"about":[{"href":"https:\/\/diamantaire-paris.com\/es\/wp-json\/wp\/v2\/types\/page"}],"author":[{"embeddable":true,"href":"https:\/\/diamantaire-paris.com\/es\/wp-json\/wp\/v2\/users\/2"}],"replies":[{"embeddable":true,"href":"https:\/\/diamantaire-paris.com\/es\/wp-json\/wp\/v2\/comments?post=9605"}],"version-history":[{"count":10,"href":"https:\/\/diamantaire-paris.com\/es\/wp-json\/wp\/v2\/pages\/9605\/revisions"}],"predecessor-version":[{"id":16520,"href":"https:\/\/diamantaire-paris.com\/es\/wp-json\/wp\/v2\/pages\/9605\/revisions\/16520"}],"up":[{"embeddable":true,"href":"https:\/\/diamantaire-paris.com\/es\/wp-json\/wp\/v2\/pages\/1525"}],"wp:attachment":[{"href":"https:\/\/diamantaire-paris.com\/es\/wp-json\/wp\/v2\/media?parent=9605"}],"curies":[{"name":"wp","href":"https:\/\/api.w.org\/{rel}","templated":true}]}}