{"id":3807,"date":"2019-03-07T13:12:09","date_gmt":"2019-03-07T12:12:09","guid":{"rendered":"https:\/\/diamantaire-paris.com\/?p=3807"},"modified":"2024-04-03T19:49:26","modified_gmt":"2024-04-03T17:49:26","slug":"vendre-saphir","status":"publish","type":"page","link":"https:\/\/diamantaire-paris.com\/en\/vendre-un-bien\/saphir\/vendre-saphir\/","title":{"rendered":"Selling sapphire"},"content":{"rendered":"\t\t<div data-elementor-type=\"wp-page\" data-elementor-id=\"3807\" class=\"elementor elementor-3807\" data-elementor-post-type=\"page\">\n\t\t\t\t\t\t<section class=\"elementor-section elementor-top-section elementor-element elementor-element-331fc4de elementor-section-boxed elementor-section-height-default elementor-section-height-default\" data-id=\"331fc4de\" data-element_type=\"section\" data-e-type=\"section\">\n\t\t\t\t\t\t<div class=\"elementor-container elementor-column-gap-default\">\n\t\t\t\t\t<div class=\"elementor-column elementor-col-100 elementor-top-column elementor-element elementor-element-1751d765\" data-id=\"1751d765\" data-element_type=\"column\" data-e-type=\"column\">\n\t\t\t<div class=\"elementor-widget-wrap elementor-element-populated\">\n\t\t\t\t\t\t<div class=\"elementor-element elementor-element-b685dde elementor-widget elementor-widget-shortcode\" data-id=\"b685dde\" data-element_type=\"widget\" data-e-type=\"widget\" data-widget_type=\"shortcode.default\">\n\t\t\t\t<div class=\"elementor-widget-container\">\n\t\t\t\t\t\t\t<div class=\"elementor-shortcode\"><nav aria-label=\"breadcrumbs\" class=\"rank-math-breadcrumb\"><p><span class=\"last\">Diamantaires Paris<\/span><\/p><\/nav><\/div>\n\t\t\t\t\t\t<\/div>\n\t\t\t\t<\/div>\n\t\t\t\t<div class=\"elementor-element elementor-element-b8bd83c elementor-cta--skin-classic elementor-animated-content elementor-bg-transform elementor-bg-transform-zoom-in elementor-widget elementor-widget-call-to-action\" data-id=\"b8bd83c\" data-element_type=\"widget\" data-e-type=\"widget\" data-widget_type=\"call-to-action.default\">\n\t\t\t\t<div class=\"elementor-widget-container\">\n\t\t\t\t\t\t\t<a class=\"elementor-cta\" href=\"tel:0148878144%20\">\n\t\t\t\t\t\t\t<div class=\"elementor-cta__content\">\n\t\t\t\t\t\t\t\t\t<div class=\"elementor-content-item elementor-cta__content-item elementor-icon-wrapper elementor-cta__icon elementor-view-default\">\n\t\t\t\t\t\t<div class=\"elementor-icon\">\n\t\t\t\t\t\t\t<i aria-hidden=\"true\" class=\"fas fa-phone-alt\"><\/i>\t\t\t\t\t\t<\/div>\n\t\t\t\t\t<\/div>\n\t\t\t\t\n\t\t\t\t\t\t\t\t\t<span class=\"elementor-cta__title elementor-cta__content-item elementor-content-item\">\n\t\t\t\t\t\tBesoin d'aide pour expertiser votre SAPHIR ? \t\t\t\t\t<\/span>\n\t\t\t\t\n\t\t\t\t\t\t\t\t\t<div class=\"elementor-cta__description elementor-cta__content-item elementor-content-item\">\n\t\t\t\t\t\t01 48 87 81 44 <br>\n<b><u>D\u00e9placez vous<\/u> avec ou sans rendez vous<\/b> <br>\n\ud83d\udccd 43 RUE BEAUBOURG 75003 PARIS \ud83d\udccd <br>\nM\u00e9tro Rambuteau\t\t\t\t\t<\/div>\n\t\t\t\t\n\t\t\t\t\t\t\t<\/div>\n\t\t\t\t\t\t<\/a>\n\t\t\t\t\t\t<\/div>\n\t\t\t\t<\/div>\n\t\t\t\t<div class=\"elementor-element elementor-element-1788e310 elementor-widget elementor-widget-text-editor\" data-id=\"1788e310\" data-element_type=\"widget\" data-e-type=\"widget\" data-widget_type=\"text-editor.default\">\n\t\t\t\t<div class=\"elementor-widget-container\">\n\t\t\t\t\t\t\t\t\t<h2>Nos conseils pour mieux vendre son saphir.<\/h2><p>Vous trouverez dans ce petit article de Diamantaire Paris pour le compte de Diamantaires OG quelques pr\u00e9cieux conseils sur la vente d&rsquo;un saphir.<br \/><img fetchpriority=\"high\" decoding=\"async\" class=\"alignnone size-medium wp-image-3809\" src=\"https:\/\/diamantaire-paris.com\/wp-content\/uploads\/2019\/03\/Petit-Saphir-300x300.jpg\" alt=\"Photo montrant un petit saphir \u00e0 vendre. \" width=\"300\" height=\"300\" title=\"\" srcset=\"https:\/\/diamantaire-paris.com\/wp-content\/uploads\/2019\/03\/Petit-Saphir-300x300.jpg 300w, https:\/\/diamantaire-paris.com\/wp-content\/uploads\/2019\/03\/Petit-Saphir-150x150.jpg 150w, https:\/\/diamantaire-paris.com\/wp-content\/uploads\/2019\/03\/Petit-Saphir-768x768.jpg 768w, https:\/\/diamantaire-paris.com\/wp-content\/uploads\/2019\/03\/Petit-Saphir-1024x1024.jpg 1024w, https:\/\/diamantaire-paris.com\/wp-content\/uploads\/2019\/03\/Petit-Saphir-400x400.jpg 400w, https:\/\/diamantaire-paris.com\/wp-content\/uploads\/2019\/03\/Petit-Saphir.jpg 1500w\" sizes=\"(max-width: 300px) 100vw, 300px\" \/><\/p><h2>Optimiser la vente de son Saphir<\/h2><p>Pour bien <strong>vendre un saphir<\/strong> nous vous conseillons d&rsquo;avoir un certificat de laboratoire.<br \/>En effet le certificat va influer en la faveur du vendeur dans le cas d&rsquo;une vente ou d&rsquo;une expertise.<br \/>N\u00e9anmoins, vous pouvez tout \u00e0 fait vendre un saphir\u00a0sans <a href=\"https:\/\/diamantaire-paris.com\/vendre-un-bien\/vendre-un-diamant-sans-certificat\/\"><strong>aucun certificat de laboratoire<\/strong><\/a>. En effet l&rsquo;expertise de l&rsquo;\u00e9quipe gemmologue Diamantaires OG suffira.<br \/>Le certificat d&rsquo;une pierre pr\u00e9cieuse provient de laboratoires reconnus tel que la <a href=\"https:\/\/diamantaire-paris.com\/estimer-un-diamant-gia\/gia\/\">GIA<\/a>.<br \/>Aussi, la fiche de vente avec les caract\u00e9ristiques de votre saphir provenant du bijoutier \u00e0 qui vous avez achet\u00e9 le saphir n&rsquo;est pas consid\u00e9r\u00e9e comme un certificat de laboratoire valide.<\/p><p>Nous recherchons de pr\u00e9f\u00e9rence des Saphirs de 3 carats minimum. Dans le cas o\u00f9 votre saphir est d&rsquo;une taille inf\u00e9rieur \u00e0 3 carats n&rsquo;h\u00e9sitez pas \u00e0 quand m\u00eame faire une demande de rachat de la pierre.<br \/>Les spahis mont\u00e9s sur bijoux provenant d&rsquo;enseignes de cr\u00e9ateurs peuvent avoir beaucoup de valeur en fonction de la demande, de l&rsquo;ann\u00e9e de cr\u00e9ation, et de la raret\u00e9 du bijou.<br \/>En effet les bijoux de cr\u00e9ateurs peuvent repr\u00e9senter une plus value sur la valeur marchande de la pierre.<\/p><p>Nous vous accueillons avec et sans rendez vous dans nos locaux du 43 rue Beaubourg dans le 3eme arrondissement de Paris pour l&rsquo;expertise de votre saphir.<\/p><p>Ainsi l&rsquo;expertise d&rsquo;un saphir est gratuite et sans engagement pour le propri\u00e9taire.<\/p><p>Depuis 1985 nous expertisons toutes formes de bijoux pour une vente dans les meilleurs conditions du march\u00e9.<\/p><p>Nous sommes \u00e0 votre disposition sur notre assistance t\u00e9l\u00e9phonique au\u00a001 48 87 23 37.<\/p>\t\t\t\t\t\t\t\t<\/div>\n\t\t\t\t<\/div>\n\t\t\t\t<div class=\"elementor-element elementor-element-1027f5f elementor-widget elementor-widget-text-editor\" data-id=\"1027f5f\" data-element_type=\"widget\" data-e-type=\"widget\" data-widget_type=\"text-editor.default\">\n\t\t\t\t<div class=\"elementor-widget-container\">\n\t\t\t\t\t\t\t\t\t<p>&#8212;&gt; <a href=\"https:\/\/diamantaire-paris.com\/contact\/paris\/\">Vendre et Expertiser un bijou \u00e0 Paris<\/a><\/p>\t\t\t\t\t\t\t\t<\/div>\n\t\t\t\t<\/div>\n\t\t\t\t<div class=\"elementor-element elementor-element-f06a64f elementor-widget elementor-widget-text-editor\" data-id=\"f06a64f\" data-element_type=\"widget\" data-e-type=\"widget\" data-widget_type=\"text-editor.default\">\n\t\t\t\t<div class=\"elementor-widget-container\">\n\t\t\t\t\t\t\t\t\t<p>Chez Diamantaires Paris OG, nous sommes sp\u00e9cialis\u00e9s dans l&rsquo;\u00e9valuation et la vente de saphirs, reconnaissant leur beaut\u00e9 et leur raret\u00e9. Les saphirs, avec leurs teintes bleues profondes et leur \u00e9clat remarquable, sont des pierres pr\u00e9cieuses tr\u00e8s pris\u00e9es. Si vous poss\u00e9dez un saphir et envisagez de le vendre, nous vous offrons une expertise professionnelle pour d\u00e9terminer sa valeur en suivant les crit\u00e8res de qualit\u00e9 les plus rigoureux.<\/p><p>Pour ceux qui cherchent \u00e0 vendre d&rsquo;autres types de bijoux pr\u00e9cieux, notre service pour <strong><a href=\"https:\/\/diamantaire-paris.com\/vendre-un-bien\/vendre-alliance-diamant\/\" target=\"_new\">vendre une alliance en diamant<\/a> <\/strong>offre une \u00e9valuation experte et une vente avantageuse. Nous comprenons l&rsquo;importance de chaque pi\u00e8ce et nous nous engageons \u00e0 offrir le meilleur retour possible sur votre investissement.<\/p><p>Si vous poss\u00e9dez des bijoux anciens et souhaitez les vendre ou les faire \u00e9valuer, notre expertise dans <a href=\"https:\/\/diamantaire-paris.com\/vendre-un-bien\/bijoux-anciens\/les-bijoux-napoleon-iii\/\" target=\"_new\"><strong>les bijoux Napol\u00e9on<\/strong> <strong>III<\/strong><\/a><strong> et <\/strong><a href=\"https:\/\/diamantaire-paris.com\/vendre-un-bien\/bijoux-anciens\/les-bijoux-art-nouveau\/\" target=\"_new\"><strong>les bijoux Art Nouveau<\/strong><\/a> vous fournira des conseils sp\u00e9cialis\u00e9s pour valoriser ces tr\u00e9sors.<\/p><p>Pour ceux qui cherchent \u00e0 comprendre la valeur de leurs diamants, notre <strong><a href=\"https:\/\/diamantaire-paris.com\/estimer-un-diamant-gia\/guide-diamant-de-purete-vvs\/\" target=\"_new\">guide de puret\u00e9 des diamants via la r\u00e8gle des 4C<\/a> <\/strong>est une ressource pr\u00e9cieuse. Cette connaissance est essentielle pour \u00e9valuer correctement la valeur de votre bijou. De plus, notre page sur <a href=\"https:\/\/diamantaire-paris.com\/estimer-un-diamant-gia\/obtenir-poids-diamant\/\" target=\"_new\"><strong>comment obtenir le poids d&rsquo;un diamant<\/strong><\/a> offre des informations d\u00e9taill\u00e9es pour ceux qui cherchent \u00e0 comprendre le poids de leurs diamants.<\/p><p>Chez Diamantaires Paris OG, chaque client est unique et chaque pierre pr\u00e9cieuse a sa propre histoire. Que vous cherchiez \u00e0 vendre un saphir ou \u00e0 investir dans une nouvelle pi\u00e8ce de joaillerie, notre engagement envers l&rsquo;excellence et la satisfaction du client est notre priorit\u00e9. Visitez notre boutique au c\u0153ur de Paris pour une exp\u00e9rience de vente inoubliable, o\u00f9 chaque pierre pr\u00e9cieuse est trait\u00e9e avec le respect et l&rsquo;expertise qu&rsquo;elle m\u00e9rite.<\/p>\t\t\t\t\t\t\t\t<\/div>\n\t\t\t\t<\/div>\n\t\t\t\t<div class=\"elementor-element elementor-element-f3134b2 elementor-widget elementor-widget-accordion\" data-id=\"f3134b2\" data-element_type=\"widget\" data-e-type=\"widget\" data-widget_type=\"accordion.default\">\n\t\t\t\t<div class=\"elementor-widget-container\">\n\t\t\t\t\t\t\t<div class=\"elementor-accordion\">\n\t\t\t\t\t\t\t<div class=\"elementor-accordion-item\">\n\t\t\t\t\t<div id=\"elementor-tab-title-2541\" class=\"elementor-tab-title\" data-tab=\"1\" role=\"button\" aria-controls=\"elementor-tab-content-2541\" aria-expanded=\"false\">\n\t\t\t\t\t\t\t\t\t\t\t\t\t<span class=\"elementor-accordion-icon elementor-accordion-icon-left\" aria-hidden=\"true\">\n\t\t\t\t\t\t\t\t\t\t\t\t\t\t\t<span class=\"elementor-accordion-icon-closed\"><i class=\"fas fa-plus\"><\/i><\/span>\n\t\t\t\t\t\t\t\t<span class=\"elementor-accordion-icon-opened\"><i class=\"fas fa-minus\"><\/i><\/span>\n\t\t\t\t\t\t\t\t\t\t\t\t\t\t<\/span>\n\t\t\t\t\t\t\t\t\t\t\t\t<a class=\"elementor-accordion-title\" tabindex=\"0\">Comment puis-je vendre mon saphir chez Diamantaire Paris ?<\/a>\n\t\t\t\t\t<\/div>\n\t\t\t\t\t<div id=\"elementor-tab-content-2541\" class=\"elementor-tab-content elementor-clearfix\" data-tab=\"1\" role=\"region\" aria-labelledby=\"elementor-tab-title-2541\"><p>Pour vendre votre saphir chez Diamantaire Paris, vous pouvez vous rendre directement \u00e0 leur boutique situ\u00e9e au 43 rue Beaubourg, 75003 Paris, avec ou sans rendez-vous. Ils offrent une expertise gratuite et confidentielle de votre bijou.<\/p><\/div>\n\t\t\t\t<\/div>\n\t\t\t\t\t\t\t<div class=\"elementor-accordion-item\">\n\t\t\t\t\t<div id=\"elementor-tab-title-2542\" class=\"elementor-tab-title\" data-tab=\"2\" role=\"button\" aria-controls=\"elementor-tab-content-2542\" aria-expanded=\"false\">\n\t\t\t\t\t\t\t\t\t\t\t\t\t<span class=\"elementor-accordion-icon elementor-accordion-icon-left\" aria-hidden=\"true\">\n\t\t\t\t\t\t\t\t\t\t\t\t\t\t\t<span class=\"elementor-accordion-icon-closed\"><i class=\"fas fa-plus\"><\/i><\/span>\n\t\t\t\t\t\t\t\t<span class=\"elementor-accordion-icon-opened\"><i class=\"fas fa-minus\"><\/i><\/span>\n\t\t\t\t\t\t\t\t\t\t\t\t\t\t<\/span>\n\t\t\t\t\t\t\t\t\t\t\t\t<a class=\"elementor-accordion-title\" tabindex=\"0\">Est-il n\u00e9cessaire d'avoir un certificat de laboratoire pour vendre mon saphir ?<\/a>\n\t\t\t\t\t<\/div>\n\t\t\t\t\t<div id=\"elementor-tab-content-2542\" class=\"elementor-tab-content elementor-clearfix\" data-tab=\"2\" role=\"region\" aria-labelledby=\"elementor-tab-title-2542\"><p>Bien qu&rsquo;un certificat de laboratoire puisse influencer favorablement la vente, il n&rsquo;est pas strictement n\u00e9cessaire. L&rsquo;expertise de l&rsquo;\u00e9quipe gemmologue de Diamantaires OG peut suffire pour \u00e9valuer votre saphir.<\/p><\/div>\n\t\t\t\t<\/div>\n\t\t\t\t\t\t\t<div class=\"elementor-accordion-item\">\n\t\t\t\t\t<div id=\"elementor-tab-title-2543\" class=\"elementor-tab-title\" data-tab=\"3\" role=\"button\" aria-controls=\"elementor-tab-content-2543\" aria-expanded=\"false\">\n\t\t\t\t\t\t\t\t\t\t\t\t\t<span class=\"elementor-accordion-icon elementor-accordion-icon-left\" aria-hidden=\"true\">\n\t\t\t\t\t\t\t\t\t\t\t\t\t\t\t<span class=\"elementor-accordion-icon-closed\"><i class=\"fas fa-plus\"><\/i><\/span>\n\t\t\t\t\t\t\t\t<span class=\"elementor-accordion-icon-opened\"><i class=\"fas fa-minus\"><\/i><\/span>\n\t\t\t\t\t\t\t\t\t\t\t\t\t\t<\/span>\n\t\t\t\t\t\t\t\t\t\t\t\t<a class=\"elementor-accordion-title\" tabindex=\"0\">Quels types de saphirs sont recherch\u00e9s par Diamantaire Paris ?<\/a>\n\t\t\t\t\t<\/div>\n\t\t\t\t\t<div id=\"elementor-tab-content-2543\" class=\"elementor-tab-content elementor-clearfix\" data-tab=\"3\" role=\"region\" aria-labelledby=\"elementor-tab-title-2543\"><p>Diamantaire Paris recherche de pr\u00e9f\u00e9rence des saphirs d&rsquo;au moins 3 carats. Cependant, si votre saphir est de taille inf\u00e9rieure, n&rsquo;h\u00e9sitez pas \u00e0 faire une demande de rachat. Les saphirs mont\u00e9s sur des bijoux de cr\u00e9ateurs peuvent \u00e9galement avoir une valeur significative.<\/p><\/div>\n\t\t\t\t<\/div>\n\t\t\t\t\t\t\t<div class=\"elementor-accordion-item\">\n\t\t\t\t\t<div id=\"elementor-tab-title-2544\" class=\"elementor-tab-title\" data-tab=\"4\" role=\"button\" aria-controls=\"elementor-tab-content-2544\" aria-expanded=\"false\">\n\t\t\t\t\t\t\t\t\t\t\t\t\t<span class=\"elementor-accordion-icon elementor-accordion-icon-left\" aria-hidden=\"true\">\n\t\t\t\t\t\t\t\t\t\t\t\t\t\t\t<span class=\"elementor-accordion-icon-closed\"><i class=\"fas fa-plus\"><\/i><\/span>\n\t\t\t\t\t\t\t\t<span class=\"elementor-accordion-icon-opened\"><i class=\"fas fa-minus\"><\/i><\/span>\n\t\t\t\t\t\t\t\t\t\t\t\t\t\t<\/span>\n\t\t\t\t\t\t\t\t\t\t\t\t<a class=\"elementor-accordion-title\" tabindex=\"0\">Quels services suppl\u00e9mentaires Diamantaire Paris offre-t-il pour la vente de saphirs ?<\/a>\n\t\t\t\t\t<\/div>\n\t\t\t\t\t<div id=\"elementor-tab-content-2544\" class=\"elementor-tab-content elementor-clearfix\" data-tab=\"4\" role=\"region\" aria-labelledby=\"elementor-tab-title-2544\"><p>En plus de l&rsquo;expertise gratuite, Diamantaire Paris propose un service client\u00e8le disponible pour l&rsquo;estimation de votre bijou. Vous pouvez les contacter au 01 48 87 23 37 ou par email \u00e0 <a target=\"_new\">achat@diamantaire-paris.com<\/a>.<\/p><\/div>\n\t\t\t\t<\/div>\n\t\t\t\t\t\t\t<div class=\"elementor-accordion-item\">\n\t\t\t\t\t<div id=\"elementor-tab-title-2545\" class=\"elementor-tab-title\" data-tab=\"5\" role=\"button\" aria-controls=\"elementor-tab-content-2545\" aria-expanded=\"false\">\n\t\t\t\t\t\t\t\t\t\t\t\t\t<span class=\"elementor-accordion-icon elementor-accordion-icon-left\" aria-hidden=\"true\">\n\t\t\t\t\t\t\t\t\t\t\t\t\t\t\t<span class=\"elementor-accordion-icon-closed\"><i class=\"fas fa-plus\"><\/i><\/span>\n\t\t\t\t\t\t\t\t<span class=\"elementor-accordion-icon-opened\"><i class=\"fas fa-minus\"><\/i><\/span>\n\t\t\t\t\t\t\t\t\t\t\t\t\t\t<\/span>\n\t\t\t\t\t\t\t\t\t\t\t\t<a class=\"elementor-accordion-title\" tabindex=\"0\">Pourquoi choisir Diamantaire Paris pour vendre mon saphir ?<\/a>\n\t\t\t\t\t<\/div>\n\t\t\t\t\t<div id=\"elementor-tab-content-2545\" class=\"elementor-tab-content elementor-clearfix\" data-tab=\"5\" role=\"region\" aria-labelledby=\"elementor-tab-title-2545\"><p>Diamantaire Paris offre les meilleures offres de rachat du march\u00e9. Si vous avez une meilleure offre ailleurs, ils s&rsquo;engagent \u00e0 faire une offre sup\u00e9rieure. De plus, leur exp\u00e9rience depuis 1985 dans l&rsquo;expertise et le n\u00e9goce de pierres pr\u00e9cieuses assure un service professionnel et fiable.<\/p><\/div>\n\t\t\t\t<\/div>\n\t\t\t\t\t\t\t\t\t\t<script type=\"application\/ld+json\">{\"@context\":\"https:\\\/\\\/schema.org\",\"@type\":\"FAQPage\",\"mainEntity\":[{\"@type\":\"Question\",\"name\":\"Comment puis-je vendre mon saphir chez Diamantaire Paris ?\",\"acceptedAnswer\":{\"@type\":\"Answer\",\"text\":\"<p>Pour vendre votre saphir chez Diamantaire Paris, vous pouvez vous rendre directement \\u00e0 leur boutique situ\\u00e9e au 43 rue Beaubourg, 75003 Paris, avec ou sans rendez-vous. Ils offrent une expertise gratuite et confidentielle de votre bijou.<\\\/p>\"}},{\"@type\":\"Question\",\"name\":\"Est-il n\\u00e9cessaire d'avoir un certificat de laboratoire pour vendre mon saphir ?\",\"acceptedAnswer\":{\"@type\":\"Answer\",\"text\":\"<p>Bien qu&rsquo;un certificat de laboratoire puisse influencer favorablement la vente, il n&rsquo;est pas strictement n\\u00e9cessaire. L&rsquo;expertise de l&rsquo;\\u00e9quipe gemmologue de Diamantaires OG peut suffire pour \\u00e9valuer votre saphir.<\\\/p>\"}},{\"@type\":\"Question\",\"name\":\"Quels types de saphirs sont recherch\\u00e9s par Diamantaire Paris ?\",\"acceptedAnswer\":{\"@type\":\"Answer\",\"text\":\"<p>Diamantaire Paris recherche de pr\\u00e9f\\u00e9rence des saphirs d&rsquo;au moins 3 carats. Cependant, si votre saphir est de taille inf\\u00e9rieure, n&rsquo;h\\u00e9sitez pas \\u00e0 faire une demande de rachat. Les saphirs mont\\u00e9s sur des bijoux de cr\\u00e9ateurs peuvent \\u00e9galement avoir une valeur significative.<\\\/p>\"}},{\"@type\":\"Question\",\"name\":\"Quels services suppl\\u00e9mentaires Diamantaire Paris offre-t-il pour la vente de saphirs ?\",\"acceptedAnswer\":{\"@type\":\"Answer\",\"text\":\"<p>En plus de l&rsquo;expertise gratuite, Diamantaire Paris propose un service client\\u00e8le disponible pour l&rsquo;estimation de votre bijou. Vous pouvez les contacter au 01 48 87 23 37 ou par email \\u00e0 <a target=\\\"_new\\\">achat@diamantaire-paris.com<\\\/a>.<\\\/p>\"}},{\"@type\":\"Question\",\"name\":\"Pourquoi choisir Diamantaire Paris pour vendre mon saphir ?\",\"acceptedAnswer\":{\"@type\":\"Answer\",\"text\":\"<p>Diamantaire Paris offre les meilleures offres de rachat du march\\u00e9. Si vous avez une meilleure offre ailleurs, ils s&rsquo;engagent \\u00e0 faire une offre sup\\u00e9rieure. De plus, leur exp\\u00e9rience depuis 1985 dans l&rsquo;expertise et le n\\u00e9goce de pierres pr\\u00e9cieuses assure un service professionnel et fiable.<\\\/p>\"}}]}<\/script>\n\t\t\t\t\t<\/div>\n\t\t\t\t\t\t<\/div>\n\t\t\t\t<\/div>\n\t\t\t\t<div class=\"elementor-element elementor-element-2d0c2a0 elementor-cta--skin-classic elementor-animated-content elementor-bg-transform elementor-bg-transform-zoom-in elementor-widget elementor-widget-call-to-action\" data-id=\"2d0c2a0\" data-element_type=\"widget\" data-e-type=\"widget\" data-widget_type=\"call-to-action.default\">\n\t\t\t\t<div class=\"elementor-widget-container\">\n\t\t\t\t\t\t\t<a class=\"elementor-cta\" href=\"tel:0148878144\">\n\t\t\t\t\t\t\t<div class=\"elementor-cta__content\">\n\t\t\t\t\t\t\t\t\t<div class=\"elementor-content-item elementor-cta__content-item elementor-icon-wrapper elementor-cta__icon elementor-view-default\">\n\t\t\t\t\t\t<div class=\"elementor-icon\">\n\t\t\t\t\t\t\t<i aria-hidden=\"true\" class=\"fas fa-phone-alt\"><\/i>\t\t\t\t\t\t<\/div>\n\t\t\t\t\t<\/div>\n\t\t\t\t\n\t\t\t\t\t\t\t\t\t<div class=\"elementor-cta__title elementor-cta__content-item elementor-content-item\">\n\t\t\t\t\t\t01 48 87 81 44\t\t\t\t\t<\/div>\n\t\t\t\t\n\t\t\t\t\t\t\t\t\t<div class=\"elementor-cta__description elementor-cta__content-item elementor-content-item\">\n\t\t\t\t\t\tNotre service client\u00e8le se tient gratuitement \u00e0 votre disposition pour l'estimation de votre bijou.\t\t\t\t\t<\/div>\n\t\t\t\t\n\t\t\t\t\t\t\t<\/div>\n\t\t\t\t\t\t<\/a>\n\t\t\t\t\t\t<\/div>\n\t\t\t\t<\/div>\n\t\t\t\t\t<\/div>\n\t\t<\/div>\n\t\t\t\t\t<\/div>\n\t\t<\/section>\n\t\t\t\t<\/div>\n\t\t","protected":false},"excerpt":{"rendered":"<p>Besoin d&rsquo;aide pour expertiser votre SAPHIR ? 01 48 87 81 44 D\u00e9placez vous avec ou sans rendez vous \ud83d\udccd 43 RUE BEAUBOURG 75003 PARIS \ud83d\udccd M\u00e9tro Rambuteau Nos conseils pour mieux vendre son saphir. Vous trouverez dans ce petit article de Diamantaire Paris pour le compte de Diamantaires OG quelques pr\u00e9cieux conseils sur la [&hellip;]<\/p>\n","protected":false},"author":2,"featured_media":0,"parent":4305,"menu_order":0,"comment_status":"open","ping_status":"open","template":"elementor_header_footer","meta":{"content-type":"","footnotes":""},"class_list":["post-3807","page","type-page","status-publish","hentry"],"_links":{"self":[{"href":"https:\/\/diamantaire-paris.com\/en\/wp-json\/wp\/v2\/pages\/3807","targetHints":{"allow":["GET"]}}],"collection":[{"href":"https:\/\/diamantaire-paris.com\/en\/wp-json\/wp\/v2\/pages"}],"about":[{"href":"https:\/\/diamantaire-paris.com\/en\/wp-json\/wp\/v2\/types\/page"}],"author":[{"embeddable":true,"href":"https:\/\/diamantaire-paris.com\/en\/wp-json\/wp\/v2\/users\/2"}],"replies":[{"embeddable":true,"href":"https:\/\/diamantaire-paris.com\/en\/wp-json\/wp\/v2\/comments?post=3807"}],"version-history":[{"count":10,"href":"https:\/\/diamantaire-paris.com\/en\/wp-json\/wp\/v2\/pages\/3807\/revisions"}],"predecessor-version":[{"id":17430,"href":"https:\/\/diamantaire-paris.com\/en\/wp-json\/wp\/v2\/pages\/3807\/revisions\/17430"}],"up":[{"embeddable":true,"href":"https:\/\/diamantaire-paris.com\/en\/wp-json\/wp\/v2\/pages\/4305"}],"wp:attachment":[{"href":"https:\/\/diamantaire-paris.com\/en\/wp-json\/wp\/v2\/media?parent=3807"}],"curies":[{"name":"wp","href":"https:\/\/api.w.org\/{rel}","templated":true}]}}