{"id":8059,"date":"2021-09-13T17:15:14","date_gmt":"2021-09-13T15:15:14","guid":{"rendered":"https:\/\/diamantaire-paris.com\/?page_id=8059"},"modified":"2024-03-07T10:17:32","modified_gmt":"2024-03-07T09:17:32","slug":"tout-savoir-sur-le-certificat-du-laboratoire-francais-de-gemmologie","status":"publish","type":"page","link":"https:\/\/diamantaire-paris.com\/el\/estimer-un-diamant-gia\/laboratoire-francais-gemmologie\/tout-savoir-sur-le-certificat-du-laboratoire-francais-de-gemmologie\/","title":{"rendered":"\u038c\u03bb\u03b1 \u03cc\u03c3\u03b1 \u03c0\u03c1\u03ad\u03c0\u03b5\u03b9 \u03bd\u03b1 \u03b3\u03bd\u03c9\u03c1\u03af\u03b6\u03b5\u03c4\u03b5 \u03b3\u03b9\u03b1 \u03c4\u03bf \u03c0\u03b9\u03c3\u03c4\u03bf\u03c0\u03bf\u03b9\u03b7\u03c4\u03b9\u03ba\u03cc Laboratoire Fran\u00e7ais de Gemmologie"},"content":{"rendered":"\t\t<div data-elementor-type=\"wp-page\" data-elementor-id=\"8059\" class=\"elementor elementor-8059\" data-elementor-post-type=\"page\">\n\t\t\t\t\t\t<section class=\"elementor-section elementor-top-section elementor-element elementor-element-b88754c elementor-section-boxed elementor-section-height-default elementor-section-height-default\" data-id=\"b88754c\" data-element_type=\"section\" data-e-type=\"section\">\n\t\t\t\t\t\t<div class=\"elementor-container elementor-column-gap-default\">\n\t\t\t\t\t<div class=\"elementor-column elementor-col-100 elementor-top-column elementor-element elementor-element-2cf5c16\" data-id=\"2cf5c16\" data-element_type=\"column\" data-e-type=\"column\">\n\t\t\t<div class=\"elementor-widget-wrap elementor-element-populated\">\n\t\t\t\t\t\t<div class=\"elementor-element elementor-element-f1afd9a elementor-widget elementor-widget-shortcode\" data-id=\"f1afd9a\" data-element_type=\"widget\" data-e-type=\"widget\" data-widget_type=\"shortcode.default\">\n\t\t\t\t<div class=\"elementor-widget-container\">\n\t\t\t\t\t\t\t<div class=\"elementor-shortcode\"><nav aria-label=\"breadcrumbs\" class=\"rank-math-breadcrumb\"><p><span class=\"last\">Diamantaires Paris<\/span><\/p><\/nav><\/div>\n\t\t\t\t\t\t<\/div>\n\t\t\t\t<\/div>\n\t\t\t\t<div class=\"elementor-element elementor-element-41bd8ec elementor-widget elementor-widget-heading\" data-id=\"41bd8ec\" data-element_type=\"widget\" data-e-type=\"widget\" data-widget_type=\"heading.default\">\n\t\t\t\t<div class=\"elementor-widget-container\">\n\t\t\t\t\t<h2 class=\"elementor-heading-title elementor-size-default\">Tout savoir sur le certificat du Laboratoire Fran\u00e7ais de Gemmologie <\/h2>\t\t\t\t<\/div>\n\t\t\t\t<\/div>\n\t\t\t\t<div class=\"elementor-element elementor-element-895138b elementor-widget elementor-widget-image\" data-id=\"895138b\" data-element_type=\"widget\" data-e-type=\"widget\" data-widget_type=\"image.default\">\n\t\t\t\t<div class=\"elementor-widget-container\">\n\t\t\t\t\t\t\t\t\t\t\t\t\t\t\t<img fetchpriority=\"high\" decoding=\"async\" width=\"405\" height=\"210\" src=\"https:\/\/diamantaire-paris.com\/wp-content\/uploads\/2019\/08\/LGF-DIAMANT-PARIS.png\" class=\"attachment-large size-large wp-image-4295\" alt=\"Le laboratoire de gemmologie de Paris\" srcset=\"https:\/\/diamantaire-paris.com\/wp-content\/uploads\/2019\/08\/LGF-DIAMANT-PARIS.png 405w, https:\/\/diamantaire-paris.com\/wp-content\/uploads\/2019\/08\/LGF-DIAMANT-PARIS-300x156.png 300w\" sizes=\"(max-width: 405px) 100vw, 405px\" title=\"\">\t\t\t\t\t\t\t\t\t\t\t\t\t\t\t<\/div>\n\t\t\t\t<\/div>\n\t\t\t\t<div class=\"elementor-element elementor-element-f00a35d elementor-widget elementor-widget-text-editor\" data-id=\"f00a35d\" data-element_type=\"widget\" data-e-type=\"widget\" data-widget_type=\"text-editor.default\">\n\t\t\t\t<div class=\"elementor-widget-container\">\n\t\t\t\t\t\t\t\t\t<p><em><a href=\"https:\/\/diamantaire-paris.com\/estimer-un-diamant-gia\/laboratoire-francais-gemmologie\/tout-savoir-sur-le-certificat-du-laboratoire-francais-de-gemmologie\/\">Le Laboratoire Fran\u00e7ais de Gemmologie (LFG)<\/a> est le plus ancien laboratoire de gemmologie du monde et le seul laboratoire fran\u00e7ais \u00e0 proposer des analyses de gemmes et de diamants fond\u00e9es sur des analyses scientifiques. Cr\u00e9\u00e9 en 1929, le LFG est aujourd\u2019hui reconnu internationalement comme l\u2019un des laboratoires de gemmologie les plus fiables. D\u00e9couvrez les caract\u00e9ristiques des rapports d\u2019analyse \u00e9dit\u00e9s par le LFG. <\/em><\/p>\t\t\t\t\t\t\t\t<\/div>\n\t\t\t\t<\/div>\n\t\t\t\t<div class=\"elementor-element elementor-element-f439ced elementor-widget elementor-widget-heading\" data-id=\"f439ced\" data-element_type=\"widget\" data-e-type=\"widget\" data-widget_type=\"heading.default\">\n\t\t\t\t<div class=\"elementor-widget-container\">\n\t\t\t\t\t<h2 class=\"elementor-heading-title elementor-size-default\">Des certificats fiables et s\u00e9curis\u00e9s<\/h2>\t\t\t\t<\/div>\n\t\t\t\t<\/div>\n\t\t\t\t<div class=\"elementor-element elementor-element-23e1068 elementor-widget elementor-widget-text-editor\" data-id=\"23e1068\" data-element_type=\"widget\" data-e-type=\"widget\" data-widget_type=\"text-editor.default\">\n\t\t\t\t<div class=\"elementor-widget-container\">\n\t\t\t\t\t\t\t\t\t<p>Le Laboratoire Fran\u00e7ais de Gemmologie propose plusieurs services \u00e0 ses clients. Il peut identifier les gemmes et diamants, \u00e9tablir un rapport d\u2019authenticit\u00e9 pour ces pierres, et mettre en \u00e9vidence les fausses pierres et les imitations. Il produit \u00e9galement des rapports d\u2019analyse des diamants, perles, perles de couleur et autres gemmes, avec une gradation sur la base des 4C comme le font les autres laboratoires de gemmologie internationaux (GIA, HRD).<\/p><p>Le LFG produit pr\u00e8s de 5\u00a0000 rapports d\u2019analyse par an. Ces rapports sont consid\u00e9r\u00e9s comme fiables \u00e0 l\u2019\u00e9chelle mondiale pour plusieurs raisons. Pour commencer, l\u2019analyse du diamant ou de la gemme est effectu\u00e9e par plusieurs gemmologues, qui ne connaissent pas le nom du client (un num\u00e9ro est attribu\u00e9 \u00e0 chaque diamant en d\u00e9but d\u2019analyse) et ne connaissent pas l\u2019analyse des autres gemmologues. Cela permet de garantir l\u2019objectivit\u00e9 et l\u2019impartialit\u00e9 de l\u2019analyse. En plus, le LFG, en tant que plus ancien laboratoire de gemmologie de France, dispose d\u2019une exceptionnelle gemmoth\u00e8que et de mat\u00e9riel de pointe\u00a0: cela lui permet de produire des analyses fines, pr\u00e9cises et d\u00e9taill\u00e9es.<\/p><p>Le processus de certification des diamants du LFG a obtenu deux certifications\u00a0: la certification ISO 9001 et la certification \u00e9thique, sociale et environnementale du RJC (Responsible Jewellery Council).<\/p>\t\t\t\t\t\t\t\t<\/div>\n\t\t\t\t<\/div>\n\t\t\t\t<div class=\"elementor-element elementor-element-436706a elementor-widget elementor-widget-heading\" data-id=\"436706a\" data-element_type=\"widget\" data-e-type=\"widget\" data-widget_type=\"heading.default\">\n\t\t\t\t<div class=\"elementor-widget-container\">\n\t\t\t\t\t<h2 class=\"elementor-heading-title elementor-size-default\">Des certificats fiables et s\u00e9curis\u00e9s<\/h2>\t\t\t\t<\/div>\n\t\t\t\t<\/div>\n\t\t\t\t<div class=\"elementor-element elementor-element-53bc35b elementor-widget elementor-widget-text-editor\" data-id=\"53bc35b\" data-element_type=\"widget\" data-e-type=\"widget\" data-widget_type=\"text-editor.default\">\n\t\t\t\t<div class=\"elementor-widget-container\">\n\t\t\t\t\t\t\t\t\t<p>Le LFG propose des rapports d\u2019analyse complets pour vos diamants \u00e0 partir de 1 carat. Ces rapports d\u2019analyse comprennent non seulement les 4C (la taille, la couleur, la puret\u00e9 et le poids du diamant en carats) sur la base de la gradation \u00e9tablie par le <a href=\"https:\/\/diamantaire-paris.com\/estimer-un-diamant-gia\/gia\/\">laboratoire de gemmologie am\u00e9ricain GIA<\/a>, mais pas seulement. Vous trouverez \u00e9galement dans le rapport d\u2019analyse du LFG des informations comme le type de diamant, sa forme, ses dimensions, ou encore sa fluorescence. Un sch\u00e9ma du diamant avec ses inclusions (ploting) et un sch\u00e9ma des proportions sont \u00e9galement inclus pour compl\u00e9ter le rapport d\u2019analyse.<\/p><p>En-dessous de 1 carat, le LFG fournira pour votre diamant un rapport d\u2019identification, avec les m\u00eames informations que ci-dessus, sauf le sch\u00e9ma des inclusions.<\/p>\t\t\t\t\t\t\t\t<\/div>\n\t\t\t\t<\/div>\n\t\t\t\t<div class=\"elementor-element elementor-element-7c9a73d elementor-widget elementor-widget-heading\" data-id=\"7c9a73d\" data-element_type=\"widget\" data-e-type=\"widget\" data-widget_type=\"heading.default\">\n\t\t\t\t<div class=\"elementor-widget-container\">\n\t\t\t\t\t<h2 class=\"elementor-heading-title elementor-size-default\">Comment est \u00e9tabli un rapport d\u2019analyse par le Laboratoire Fran\u00e7ais de Gemmologie ?<\/h2>\t\t\t\t<\/div>\n\t\t\t\t<\/div>\n\t\t\t\t<div class=\"elementor-element elementor-element-5dda95c elementor-widget elementor-widget-text-editor\" data-id=\"5dda95c\" data-element_type=\"widget\" data-e-type=\"widget\" data-widget_type=\"text-editor.default\">\n\t\t\t\t<div class=\"elementor-widget-container\">\n\t\t\t\t\t\t\t\t\t<p>Le processus de certification du LFG suit un protocole bien pr\u00e9cis d\u00e9termin\u00e9 par une charte institutionnelle fond\u00e9e sur la Charte Nationale de l\u2019Expertise. Lorsque le diamant arrive au laboratoire, il va d\u2019abord \u00eatre enregistr\u00e9 dans le d\u00e9partement administratif et pes\u00e9 une premi\u00e8re fois pour \u00eatre identifi\u00e9, avant de se voir attribuer un num\u00e9ro. Le diamant sera ensuite transf\u00e9r\u00e9 au laboratoire, o\u00f9 il sera pes\u00e9 officiellement avant d\u2019\u00eatre soumis \u00e0 divers tests pointus. Il va \u00eatre photographi\u00e9, scann\u00e9 en 3D, observ\u00e9 au microscope et photographi\u00e9 au microscope. Ces divers tests permettront de l\u2019identifier, de d\u00e9terminer s\u2019il est naturel ou synth\u00e9tique, et de fournir une gradation du diamant pour \u00e9tablir le rapport d\u2019analyse. Le diamant va ainsi passer entre les mains de plusieurs experts gemmologues pour garantir la fiabilit\u00e9 de l\u2019analyse.<\/p><p>C\u2019est ainsi qu\u2019est produit le certificat d\u2019analyse qui vous permettra notamment d\u2019assurer ou de revendre votre diamant\u00a0!<br \/>Nous vous invitons \u00e0 consulter <a href=\"https:\/\/diamantaire-paris.com\/estimer-un-diamant-gia\/laboratoire-francais-gemmologie\/laboratoires-gemmologie-france\/\">les autres laboratoire de Gemmologie en France sur cet article.<\/a><br \/><em><strong>Aussi vous pouvez expertiser un diamant gratuitement sans rendez vous au 43 Rue Beaubourg 75003 Paris.\u00a0<\/strong><\/em><\/p>\t\t\t\t\t\t\t\t<\/div>\n\t\t\t\t<\/div>\n\t\t\t\t<div class=\"elementor-element elementor-element-4f5564a elementor-cta--skin-classic elementor-animated-content elementor-bg-transform elementor-bg-transform-zoom-in elementor-widget elementor-widget-call-to-action\" data-id=\"4f5564a\" data-element_type=\"widget\" data-e-type=\"widget\" data-widget_type=\"call-to-action.default\">\n\t\t\t\t<div class=\"elementor-widget-container\">\n\t\t\t\t\t\t\t<div class=\"elementor-cta\">\n\t\t\t\t\t\t\t<div class=\"elementor-cta__content\">\n\t\t\t\t\t\t\t\t\t<div class=\"elementor-content-item elementor-cta__content-item elementor-icon-wrapper elementor-cta__icon elementor-view-default\">\n\t\t\t\t\t\t<div class=\"elementor-icon\">\n\t\t\t\t\t\t\t<i aria-hidden=\"true\" class=\"fas fa-phone-alt\"><\/i>\t\t\t\t\t\t<\/div>\n\t\t\t\t\t<\/div>\n\t\t\t\t\n\t\t\t\t\t\t\t\t\t<div class=\"elementor-cta__title elementor-cta__content-item elementor-content-item\">\n\t\t\t\t\t\t<a href=\"tel:0148878144\">01 48 87 81 44<\/a>\t\t\t\t\t<\/div>\n\t\t\t\t\n\t\t\t\t\t\t\t\t\t<div class=\"elementor-cta__description elementor-cta__content-item elementor-content-item\">\n\t\t\t\t\t\tNotre service client\u00e8le se tient gratuitement \u00e0 votre disposition pour l'estimation de votre bijou.\t\t\t\t\t<\/div>\n\t\t\t\t\n\t\t\t\t\t\t\t<\/div>\n\t\t\t\t\t\t<\/div>\n\t\t\t\t\t\t<\/div>\n\t\t\t\t<\/div>\n\t\t\t\t<div class=\"elementor-element elementor-element-4df93d3 elementor-widget elementor-widget-accordion\" data-id=\"4df93d3\" data-element_type=\"widget\" data-e-type=\"widget\" data-widget_type=\"accordion.default\">\n\t\t\t\t<div class=\"elementor-widget-container\">\n\t\t\t\t\t\t\t<div class=\"elementor-accordion\">\n\t\t\t\t\t\t\t<div class=\"elementor-accordion-item\">\n\t\t\t\t\t<div id=\"elementor-tab-title-8171\" class=\"elementor-tab-title\" data-tab=\"1\" role=\"button\" aria-controls=\"elementor-tab-content-8171\" aria-expanded=\"false\">\n\t\t\t\t\t\t\t\t\t\t\t\t\t<span class=\"elementor-accordion-icon elementor-accordion-icon-left\" aria-hidden=\"true\">\n\t\t\t\t\t\t\t\t\t\t\t\t\t\t\t<span class=\"elementor-accordion-icon-closed\"><i class=\"fas fa-plus\"><\/i><\/span>\n\t\t\t\t\t\t\t\t<span class=\"elementor-accordion-icon-opened\"><i class=\"fas fa-minus\"><\/i><\/span>\n\t\t\t\t\t\t\t\t\t\t\t\t\t\t<\/span>\n\t\t\t\t\t\t\t\t\t\t\t\t<a class=\"elementor-accordion-title\" tabindex=\"0\">Qu'est-ce que le Laboratoire Fran\u00e7ais de Gemmologie (LFG) ?<\/a>\n\t\t\t\t\t<\/div>\n\t\t\t\t\t<div id=\"elementor-tab-content-8171\" class=\"elementor-tab-content elementor-clearfix\" data-tab=\"1\" role=\"region\" aria-labelledby=\"elementor-tab-title-8171\"><p>Le LFG, cr\u00e9\u00e9 en 1929, est le plus ancien laboratoire de gemmologie du monde et le seul laboratoire fran\u00e7ais sp\u00e9cialis\u00e9 dans les analyses scientifiques de gemmes et de diamants. Il est reconnu internationalement pour sa fiabilit\u00e9.<\/p><\/div>\n\t\t\t\t<\/div>\n\t\t\t\t\t\t\t<div class=\"elementor-accordion-item\">\n\t\t\t\t\t<div id=\"elementor-tab-title-8172\" class=\"elementor-tab-title\" data-tab=\"2\" role=\"button\" aria-controls=\"elementor-tab-content-8172\" aria-expanded=\"false\">\n\t\t\t\t\t\t\t\t\t\t\t\t\t<span class=\"elementor-accordion-icon elementor-accordion-icon-left\" aria-hidden=\"true\">\n\t\t\t\t\t\t\t\t\t\t\t\t\t\t\t<span class=\"elementor-accordion-icon-closed\"><i class=\"fas fa-plus\"><\/i><\/span>\n\t\t\t\t\t\t\t\t<span class=\"elementor-accordion-icon-opened\"><i class=\"fas fa-minus\"><\/i><\/span>\n\t\t\t\t\t\t\t\t\t\t\t\t\t\t<\/span>\n\t\t\t\t\t\t\t\t\t\t\t\t<a class=\"elementor-accordion-title\" tabindex=\"0\">Quels services offre le LFG ?<\/a>\n\t\t\t\t\t<\/div>\n\t\t\t\t\t<div id=\"elementor-tab-content-8172\" class=\"elementor-tab-content elementor-clearfix\" data-tab=\"2\" role=\"region\" aria-labelledby=\"elementor-tab-title-8172\"><p>Le LFG propose l&rsquo;identification de gemmes et diamants, l&rsquo;\u00e9tablissement de rapports d&rsquo;authenticit\u00e9, la d\u00e9tection de fausses pierres et imitations, et la production de rapports d\u2019analyse des diamants, perles, et autres gemmes.<\/p><\/div>\n\t\t\t\t<\/div>\n\t\t\t\t\t\t\t<div class=\"elementor-accordion-item\">\n\t\t\t\t\t<div id=\"elementor-tab-title-8173\" class=\"elementor-tab-title\" data-tab=\"3\" role=\"button\" aria-controls=\"elementor-tab-content-8173\" aria-expanded=\"false\">\n\t\t\t\t\t\t\t\t\t\t\t\t\t<span class=\"elementor-accordion-icon elementor-accordion-icon-left\" aria-hidden=\"true\">\n\t\t\t\t\t\t\t\t\t\t\t\t\t\t\t<span class=\"elementor-accordion-icon-closed\"><i class=\"fas fa-plus\"><\/i><\/span>\n\t\t\t\t\t\t\t\t<span class=\"elementor-accordion-icon-opened\"><i class=\"fas fa-minus\"><\/i><\/span>\n\t\t\t\t\t\t\t\t\t\t\t\t\t\t<\/span>\n\t\t\t\t\t\t\t\t\t\t\t\t<a class=\"elementor-accordion-title\" tabindex=\"0\">Comment le LFG garantit-il l'objectivit\u00e9 et l'impartialit\u00e9 de ses analyses ?<\/a>\n\t\t\t\t\t<\/div>\n\t\t\t\t\t<div id=\"elementor-tab-content-8173\" class=\"elementor-tab-content elementor-clearfix\" data-tab=\"3\" role=\"region\" aria-labelledby=\"elementor-tab-title-8173\"><p>Les analyses sont effectu\u00e9es par plusieurs gemmologues qui ne connaissent ni le nom du client ni les analyses des autres experts. Chaque diamant re\u00e7oit un num\u00e9ro unique pour assurer l&rsquo;anonymat et l&rsquo;objectivit\u00e9.<\/p><\/div>\n\t\t\t\t<\/div>\n\t\t\t\t\t\t\t<div class=\"elementor-accordion-item\">\n\t\t\t\t\t<div id=\"elementor-tab-title-8174\" class=\"elementor-tab-title\" data-tab=\"4\" role=\"button\" aria-controls=\"elementor-tab-content-8174\" aria-expanded=\"false\">\n\t\t\t\t\t\t\t\t\t\t\t\t\t<span class=\"elementor-accordion-icon elementor-accordion-icon-left\" aria-hidden=\"true\">\n\t\t\t\t\t\t\t\t\t\t\t\t\t\t\t<span class=\"elementor-accordion-icon-closed\"><i class=\"fas fa-plus\"><\/i><\/span>\n\t\t\t\t\t\t\t\t<span class=\"elementor-accordion-icon-opened\"><i class=\"fas fa-minus\"><\/i><\/span>\n\t\t\t\t\t\t\t\t\t\t\t\t\t\t<\/span>\n\t\t\t\t\t\t\t\t\t\t\t\t<a class=\"elementor-accordion-title\" tabindex=\"0\">Quelles certifications a obtenu le LFG ?<\/a>\n\t\t\t\t\t<\/div>\n\t\t\t\t\t<div id=\"elementor-tab-content-8174\" class=\"elementor-tab-content elementor-clearfix\" data-tab=\"4\" role=\"region\" aria-labelledby=\"elementor-tab-title-8174\"><p>Le LFG a re\u00e7u la certification ISO 9001 et la certification \u00e9thique, sociale et environnementale du Responsible Jewellery Council (RJC).<\/p><\/div>\n\t\t\t\t<\/div>\n\t\t\t\t\t\t\t<div class=\"elementor-accordion-item\">\n\t\t\t\t\t<div id=\"elementor-tab-title-8175\" class=\"elementor-tab-title\" data-tab=\"5\" role=\"button\" aria-controls=\"elementor-tab-content-8175\" aria-expanded=\"false\">\n\t\t\t\t\t\t\t\t\t\t\t\t\t<span class=\"elementor-accordion-icon elementor-accordion-icon-left\" aria-hidden=\"true\">\n\t\t\t\t\t\t\t\t\t\t\t\t\t\t\t<span class=\"elementor-accordion-icon-closed\"><i class=\"fas fa-plus\"><\/i><\/span>\n\t\t\t\t\t\t\t\t<span class=\"elementor-accordion-icon-opened\"><i class=\"fas fa-minus\"><\/i><\/span>\n\t\t\t\t\t\t\t\t\t\t\t\t\t\t<\/span>\n\t\t\t\t\t\t\t\t\t\t\t\t<a class=\"elementor-accordion-title\" tabindex=\"0\">Comment obtenir une expertise gratuite de mon bijou chez Diamantaire Paris ?<\/a>\n\t\t\t\t\t<\/div>\n\t\t\t\t\t<div id=\"elementor-tab-content-8175\" class=\"elementor-tab-content elementor-clearfix\" data-tab=\"5\" role=\"region\" aria-labelledby=\"elementor-tab-title-8175\"><p>Vous pouvez expertiser gratuitement votre bijou sans rendez-vous au 43 Rue Beaubourg, 75003 Paris. Le service client\u00e8le de Diamantaire Paris est disponible pour l&rsquo;estimation de votre bijou.<\/p><\/div>\n\t\t\t\t<\/div>\n\t\t\t\t\t\t\t\t\t\t<script type=\"application\/ld+json\">{\"@context\":\"https:\\\/\\\/schema.org\",\"@type\":\"FAQPage\",\"mainEntity\":[{\"@type\":\"Question\",\"name\":\"Qu'est-ce que le Laboratoire Fran\\u00e7ais de Gemmologie (LFG) ?\",\"acceptedAnswer\":{\"@type\":\"Answer\",\"text\":\"<p>Le LFG, cr\\u00e9\\u00e9 en 1929, est le plus ancien laboratoire de gemmologie du monde et le seul laboratoire fran\\u00e7ais sp\\u00e9cialis\\u00e9 dans les analyses scientifiques de gemmes et de diamants. Il est reconnu internationalement pour sa fiabilit\\u00e9.<\\\/p>\"}},{\"@type\":\"Question\",\"name\":\"Quels services offre le LFG ?\",\"acceptedAnswer\":{\"@type\":\"Answer\",\"text\":\"<p>Le LFG propose l&rsquo;identification de gemmes et diamants, l&rsquo;\\u00e9tablissement de rapports d&rsquo;authenticit\\u00e9, la d\\u00e9tection de fausses pierres et imitations, et la production de rapports d\\u2019analyse des diamants, perles, et autres gemmes.<\\\/p>\"}},{\"@type\":\"Question\",\"name\":\"Comment le LFG garantit-il l'objectivit\\u00e9 et l'impartialit\\u00e9 de ses analyses ?\",\"acceptedAnswer\":{\"@type\":\"Answer\",\"text\":\"<p>Les analyses sont effectu\\u00e9es par plusieurs gemmologues qui ne connaissent ni le nom du client ni les analyses des autres experts. Chaque diamant re\\u00e7oit un num\\u00e9ro unique pour assurer l&rsquo;anonymat et l&rsquo;objectivit\\u00e9.<\\\/p>\"}},{\"@type\":\"Question\",\"name\":\"Quelles certifications a obtenu le LFG ?\",\"acceptedAnswer\":{\"@type\":\"Answer\",\"text\":\"<p>Le LFG a re\\u00e7u la certification ISO 9001 et la certification \\u00e9thique, sociale et environnementale du Responsible Jewellery Council (RJC).<\\\/p>\"}},{\"@type\":\"Question\",\"name\":\"Comment obtenir une expertise gratuite de mon bijou chez Diamantaire Paris ?\",\"acceptedAnswer\":{\"@type\":\"Answer\",\"text\":\"<p>Vous pouvez expertiser gratuitement votre bijou sans rendez-vous au 43 Rue Beaubourg, 75003 Paris. Le service client\\u00e8le de Diamantaire Paris est disponible pour l&rsquo;estimation de votre bijou.<\\\/p>\"}}]}<\/script>\n\t\t\t\t\t<\/div>\n\t\t\t\t\t\t<\/div>\n\t\t\t\t<\/div>\n\t\t\t\t<div class=\"elementor-element elementor-element-4a93983 elementor-widget elementor-widget-text-editor\" data-id=\"4a93983\" data-element_type=\"widget\" data-e-type=\"widget\" data-widget_type=\"text-editor.default\">\n\t\t\t\t<div class=\"elementor-widget-container\">\n\t\t\t\t\t\t\t\t\t<p>Au c\u0153ur de la capitale de la haute joaillerie, Diamantaire Paris se distingue par son expertise in\u00e9gal\u00e9e dans l&rsquo;\u00e9valuation et la vente de diamants certifi\u00e9s, notamment ceux accompagn\u00e9s d&rsquo;un <strong>certificat du Laboratoire Fran\u00e7ais de Gemmologie<\/strong>. Notre r\u00e9putation repose sur une connaissance approfondie du march\u00e9 et une compr\u00e9hension pr\u00e9cise des crit\u00e8res qui d\u00e9finissent la valeur d&rsquo;un diamant, y compris la puret\u00e9, la couleur, le poids et la forme.<\/p><p>Pour ceux qui cherchent \u00e0 <strong><a href=\"https:\/\/diamantaire-paris.com\/vendre-un-bien\/vendre-un-bracelet\/\" target=\"_new\">vendre un bracelet<\/a><\/strong> serti de diamants ou toute autre pi\u00e8ce de haute joaillerie, notre \u00e9quipe offre une \u00e9valuation transparente et pr\u00e9cise, garantissant que chaque bijou est vendu \u00e0 sa juste valeur. Nous comprenons l&rsquo;importance de chaque d\u00e9cision d&rsquo;achat ou de vente, c&rsquo;est pourquoi nous offrons \u00e9galement des conseils pour ceux qui cherchent \u00e0 <strong><a href=\"https:\/\/diamantaire-paris.com\/acheter-diamant\/parure-van-cleef-arpels-vintage\/\" target=\"_new\">acheter une parure Van Cleef &amp; Arpels<\/a><\/strong> ou \u00e0 comprendre <strong><a href=\"https:\/\/diamantaire-paris.com\/acheter-diamant\/quel-diamant-choisir\/\" target=\"_new\">quel diamant choisir<\/a><\/strong> lors de l&rsquo;achat d&rsquo;un diamant.<\/p><p>Notre engagement envers l&rsquo;excellence se refl\u00e8te dans notre service client\u00e8le. Pour toute question ou demande, nous vous invitons \u00e0 <strong><a href=\"https:\/\/diamantaire-paris.com\/contact\/\" target=\"_new\">nous contacter<\/a><\/strong>. Notre \u00e9quipe est d\u00e9di\u00e9e \u00e0 fournir une exp\u00e9rience personnalis\u00e9e et r\u00e9pondra \u00e0 toutes vos interrogations, que ce soit pour une estimation gratuite de bijou ou pour discuter des options de vente.<\/p><p>Diamantaire Paris est plus qu&rsquo;une bijouterie ; c&rsquo;est un partenaire de confiance pour tous vos besoins en mati\u00e8re de diamants et de haute joaillerie. Visitez notre <strong><a href=\"https:\/\/diamantaire-paris.com\/heritage\/bijouterie-paris\/\" target=\"_new\">bijouterie \u00e0 Paris<\/a><\/strong> pour d\u00e9couvrir notre collection exquise ou pour b\u00e9n\u00e9ficier de nos services d&rsquo;expertise. Que vous cherchiez \u00e0 vendre, \u00e0 acheter ou simplement \u00e0 explorer le monde fascinant des diamants, nous sommes l\u00e0 pour vous guider \u00e0 chaque \u00e9tape.<\/p>\t\t\t\t\t\t\t\t<\/div>\n\t\t\t\t<\/div>\n\t\t\t\t\t<\/div>\n\t\t<\/div>\n\t\t\t\t\t<\/div>\n\t\t<\/section>\n\t\t\t\t<\/div>\n\t\t","protected":false},"excerpt":{"rendered":"<p>Tout savoir sur le certificat du Laboratoire Fran\u00e7ais de Gemmologie Le Laboratoire Fran\u00e7ais de Gemmologie (LFG) est le plus ancien laboratoire de gemmologie du monde et le seul laboratoire fran\u00e7ais \u00e0 proposer des analyses de gemmes et de diamants fond\u00e9es sur des analyses scientifiques. Cr\u00e9\u00e9 en 1929, le LFG est aujourd\u2019hui reconnu internationalement comme l\u2019un [&hellip;]<\/p>\n","protected":false},"author":2,"featured_media":0,"parent":4294,"menu_order":0,"comment_status":"closed","ping_status":"closed","template":"elementor_header_footer","meta":{"content-type":"","footnotes":""},"class_list":["post-8059","page","type-page","status-publish","hentry"],"_links":{"self":[{"href":"https:\/\/diamantaire-paris.com\/el\/wp-json\/wp\/v2\/pages\/8059","targetHints":{"allow":["GET"]}}],"collection":[{"href":"https:\/\/diamantaire-paris.com\/el\/wp-json\/wp\/v2\/pages"}],"about":[{"href":"https:\/\/diamantaire-paris.com\/el\/wp-json\/wp\/v2\/types\/page"}],"author":[{"embeddable":true,"href":"https:\/\/diamantaire-paris.com\/el\/wp-json\/wp\/v2\/users\/2"}],"replies":[{"embeddable":true,"href":"https:\/\/diamantaire-paris.com\/el\/wp-json\/wp\/v2\/comments?post=8059"}],"version-history":[{"count":10,"href":"https:\/\/diamantaire-paris.com\/el\/wp-json\/wp\/v2\/pages\/8059\/revisions"}],"predecessor-version":[{"id":15518,"href":"https:\/\/diamantaire-paris.com\/el\/wp-json\/wp\/v2\/pages\/8059\/revisions\/15518"}],"up":[{"embeddable":true,"href":"https:\/\/diamantaire-paris.com\/el\/wp-json\/wp\/v2\/pages\/4294"}],"wp:attachment":[{"href":"https:\/\/diamantaire-paris.com\/el\/wp-json\/wp\/v2\/media?parent=8059"}],"curies":[{"name":"wp","href":"https:\/\/api.w.org\/{rel}","templated":true}]}}