{"id":67,"date":"2018-11-12T13:41:48","date_gmt":"2018-11-12T12:41:48","guid":{"rendered":"http:\/\/themes.goodlayers2.com\/flawless\/?post_type=portfolio&#038;p=67"},"modified":"2024-03-27T12:11:55","modified_gmt":"2024-03-27T11:11:55","slug":"bague-annee-40","status":"publish","type":"page","link":"https:\/\/diamantaire-paris.com\/el\/vendre-un-bien\/bijoux-anciens\/les-bijoux-des-annees-40-et-50\/bague-annee-40\/","title":{"rendered":"\u0394\u03b1\u03c7\u03c4\u03c5\u03bb\u03af\u03b4\u03b9\u03b1 \u03b1\u03c0\u03cc \u03c4\u03b7 \u03b4\u03b5\u03ba\u03b1\u03b5\u03c4\u03af\u03b1 \u03c4\u03bf\u03c5 40"},"content":{"rendered":"\t\t<div data-elementor-type=\"wp-page\" data-elementor-id=\"67\" class=\"elementor elementor-67\" data-elementor-post-type=\"page\">\n\t\t\t\t\t\t<section class=\"elementor-section elementor-top-section elementor-element elementor-element-51a4c962 elementor-section-boxed elementor-section-height-default elementor-section-height-default\" data-id=\"51a4c962\" data-element_type=\"section\" data-e-type=\"section\">\n\t\t\t\t\t\t<div class=\"elementor-container elementor-column-gap-default\">\n\t\t\t\t\t<div class=\"elementor-column elementor-col-100 elementor-top-column elementor-element elementor-element-520271d3\" data-id=\"520271d3\" data-element_type=\"column\" data-e-type=\"column\">\n\t\t\t<div class=\"elementor-widget-wrap elementor-element-populated\">\n\t\t\t\t\t\t<div class=\"elementor-element elementor-element-c4c25ce elementor-widget elementor-widget-shortcode\" data-id=\"c4c25ce\" data-element_type=\"widget\" data-e-type=\"widget\" data-widget_type=\"shortcode.default\">\n\t\t\t\t<div class=\"elementor-widget-container\">\n\t\t\t\t\t\t\t<div class=\"elementor-shortcode\"><nav aria-label=\"breadcrumbs\" class=\"rank-math-breadcrumb\"><p><span class=\"last\">Diamantaires Paris<\/span><\/p><\/nav><\/div>\n\t\t\t\t\t\t<\/div>\n\t\t\t\t<\/div>\n\t\t\t\t<div class=\"elementor-element elementor-element-41019098 elementor-widget elementor-widget-text-editor\" data-id=\"41019098\" data-element_type=\"widget\" data-e-type=\"widget\" data-widget_type=\"text-editor.default\">\n\t\t\t\t<div class=\"elementor-widget-container\">\n\t\t\t\t\t\t\t\t\t<p>Rachat de Bague et <a href=\"https:\/\/diamantaire-paris.com\/vendre-un-bien\/bijou-1950\/\">diamant des ann\u00e9es 40-50<\/a>\u00a0dans les meilleurs conditions :<\/p><p>Demandez une expertise gratuite et une \u00e9valuation experte de vos bagues et pierres pr\u00e9cieuses des ann\u00e9es 40-50 avec Diamantaires Paris OG.<\/p><p>Avec nos 35 ans d&rsquo;exp\u00e9rience nous serons en mesure de vous assister dans<a href=\"https:\/\/diamantaire-paris.com\/vendre-un-bien\/estimation-bijoux\/\"> l&rsquo;estimation de votre bijou.<\/a><\/p><p>Nous estimons votre bague avec ou <a href=\"https:\/\/diamantaire-paris.com\/vendre-un-bien\/vendre-un-diamant-sans-certificat\/\">sans certificat de laboratoire en gemmologie.<\/a><\/p><p>S&rsquo;il s&rsquo;agit d&rsquo;un <a href=\"https:\/\/diamantaire-paris.com\/vendre-un-bien\/bijoux-anciens\/\">bijou ancien<\/a>, nous vous recommandons de lire notre m\u00e9thodologie d&rsquo;\u00e9valuation de vos bijoux anciens.<\/p>\t\t\t\t\t\t\t\t<\/div>\n\t\t\t\t<\/div>\n\t\t\t\t<div class=\"elementor-element elementor-element-f8b877a elementor-widget elementor-widget-google_maps\" data-id=\"f8b877a\" data-element_type=\"widget\" data-e-type=\"widget\" data-widget_type=\"google_maps.default\">\n\t\t\t\t<div class=\"elementor-widget-container\">\n\t\t\t\t\t\t\t<div class=\"elementor-custom-embed\">\n\t\t\t<iframe loading=\"lazy\"\n\t\t\t\t\tsrc=\"https:\/\/maps.google.com\/maps?q=Diamantaire%20paris%20og%2075003&#038;t=m&#038;z=14&#038;output=embed&#038;iwloc=near\"\n\t\t\t\t\ttitle=\"Diamantaire paris og 75003\"\n\t\t\t\t\taria-label=\"Diamantaire paris og 75003\"\n\t\t\t><\/iframe>\n\t\t<\/div>\n\t\t\t\t\t\t<\/div>\n\t\t\t\t<\/div>\n\t\t\t\t<div class=\"elementor-element elementor-element-fe441e1 elementor-widget elementor-widget-image\" data-id=\"fe441e1\" data-element_type=\"widget\" data-e-type=\"widget\" data-widget_type=\"image.default\">\n\t\t\t\t<div class=\"elementor-widget-container\">\n\t\t\t\t\t\t\t\t\t\t\t\t\t\t\t<img fetchpriority=\"high\" decoding=\"async\" width=\"800\" height=\"800\" src=\"https:\/\/diamantaire-paris.com\/wp-content\/uploads\/2013\/11\/489407-1024x1024.jpg\" class=\"attachment-large size-large wp-image-3336\" alt=\"bague des ann\u00e9es 40-50\" srcset=\"https:\/\/diamantaire-paris.com\/wp-content\/uploads\/2013\/11\/489407-1024x1024.jpg 1024w, https:\/\/diamantaire-paris.com\/wp-content\/uploads\/2013\/11\/489407-300x300.jpg 300w, https:\/\/diamantaire-paris.com\/wp-content\/uploads\/2013\/11\/489407-150x150.jpg 150w, https:\/\/diamantaire-paris.com\/wp-content\/uploads\/2013\/11\/489407-768x768.jpg 768w, https:\/\/diamantaire-paris.com\/wp-content\/uploads\/2013\/11\/489407-400x400.jpg 400w, https:\/\/diamantaire-paris.com\/wp-content\/uploads\/2013\/11\/489407.jpg 1500w\" sizes=\"(max-width: 800px) 100vw, 800px\" title=\"\">\t\t\t\t\t\t\t\t\t\t\t\t\t\t\t<\/div>\n\t\t\t\t<\/div>\n\t\t\t\t\t<\/div>\n\t\t<\/div>\n\t\t\t\t\t<\/div>\n\t\t<\/section>\n\t\t\t\t<section class=\"elementor-section elementor-top-section elementor-element elementor-element-443722f elementor-section-boxed elementor-section-height-default elementor-section-height-default\" data-id=\"443722f\" data-element_type=\"section\" data-e-type=\"section\">\n\t\t\t\t\t\t<div class=\"elementor-container elementor-column-gap-default\">\n\t\t\t\t\t<div class=\"elementor-column elementor-col-100 elementor-top-column elementor-element elementor-element-d8aef5c\" data-id=\"d8aef5c\" data-element_type=\"column\" data-e-type=\"column\">\n\t\t\t<div class=\"elementor-widget-wrap elementor-element-populated\">\n\t\t\t\t\t\t<div class=\"elementor-element elementor-element-871774a elementor-widget elementor-widget-text-editor\" data-id=\"871774a\" data-element_type=\"widget\" data-e-type=\"widget\" data-widget_type=\"text-editor.default\">\n\t\t\t\t<div class=\"elementor-widget-container\">\n\t\t\t\t\t\t\t\t\t<p>Les bagues des ann\u00e9es 40 repr\u00e9sentent une p\u00e9riode charni\u00e8re dans l&rsquo;histoire de la joaillerie, marqu\u00e9e par un style distinct et \u00e9l\u00e9gant. Durant cette \u00e9poque, <strong>malgr\u00e9 les d\u00e9fis de la Seconde Guerre mondial<\/strong>e, la cr\u00e9ativit\u00e9 en mati\u00e8re de design de bijoux a connu un essor remarquable. Ces bagues se caract\u00e9risent souvent par des lignes plus audacieuses et des motifs g\u00e9om\u00e9triques, reflet de l&rsquo;<a href=\"https:\/\/diamantaire-paris.com\/vendre-un-bien\/bijoux-anciens\/les-bijoux-art-deco\/\">art d\u00e9co<\/a>, ainsi que par l&rsquo;utilisation de m\u00e9taux et de pierres pr\u00e9cieuses diverses, adapt\u00e9s \u00e0 l&rsquo;\u00e9poque.<\/p>\t\t\t\t\t\t\t\t<\/div>\n\t\t\t\t<\/div>\n\t\t\t\t<div class=\"elementor-element elementor-element-4b82885 elementor-widget elementor-widget-heading\" data-id=\"4b82885\" data-element_type=\"widget\" data-e-type=\"widget\" data-widget_type=\"heading.default\">\n\t\t\t\t<div class=\"elementor-widget-container\">\n\t\t\t\t\t<h2 class=\"elementor-heading-title elementor-size-default\">La Caract\u00e9ristique Unique des Bagues Ann\u00e9es 40\n\n<\/h2>\t\t\t\t<\/div>\n\t\t\t\t<\/div>\n\t\t\t\t<div class=\"elementor-element elementor-element-4fb8615 elementor-widget elementor-widget-text-editor\" data-id=\"4fb8615\" data-element_type=\"widget\" data-e-type=\"widget\" data-widget_type=\"text-editor.default\">\n\t\t\t\t<div class=\"elementor-widget-container\">\n\t\t\t\t\t\t\t\t\t<p>Ce qui distingue les bagues des ann\u00e9es 40, c\u2019est leur capacit\u00e9 \u00e0 incorporer \u00e0 la fois le glamour et la simplicit\u00e9. L&rsquo;utilisation de l&rsquo;or jaune, populaire \u00e0 l&rsquo;\u00e9poque, et de <a href=\"https:\/\/diamantaire-paris.com\/vendre-un-bien\/taille-old-european\/\">diamants de taille ancienne ou de taille europ\u00e9enne<\/a>, donne \u00e0 ces bagues un charme vintage particulier. Les motifs floraux et les incrustations d\u00e9licates \u00e9taient \u00e9galement en vogue, offrant une touche de f\u00e9minit\u00e9 et d&rsquo;\u00e9l\u00e9gance.<\/p>\t\t\t\t\t\t\t\t<\/div>\n\t\t\t\t<\/div>\n\t\t\t\t<div class=\"elementor-element elementor-element-397fedf elementor-widget elementor-widget-text-editor\" data-id=\"397fedf\" data-element_type=\"widget\" data-e-type=\"widget\" data-widget_type=\"text-editor.default\">\n\t\t\t\t<div class=\"elementor-widget-container\">\n\t\t\t\t\t\t\t\t\t<p>La bague des ann\u00e9es 40, avec son design distinctif et son charme r\u00e9tro, est un tr\u00e9sor pour les collectionneurs et les amateurs de bijoux vintage. Chez Diamantaire Paris, nous comprenons la valeur unique de ces pi\u00e8ces historiques et offrons des services sp\u00e9cialis\u00e9s pour ceux qui cherchent \u00e0 vendre ou \u00e0 acqu\u00e9rir de tels bijoux. Notre expertise s&rsquo;\u00e9tend \u00e0 une vari\u00e9t\u00e9 de pi\u00e8ces de cette \u00e9poque, y compris les bagues embl\u00e9matiques, les bracelets \u00e9l\u00e9gants, et les parures exquises.<\/p>\n<p>Si vous poss\u00e9dez une bague des ann\u00e9es 40 et envisagez de la vendre, notre \u00e9quipe d&rsquo;experts est l\u00e0 pour vous aider. Nous offrons une <b><a href=\"https:\/\/diamantaire-paris.com\/vendre-un-bien\/estimation-bijoux\/\" target=\"_new\">estimation gratuite de bijou<\/a>,<\/b> vous permettant de comprendre la valeur de votre pi\u00e8ce dans le march\u00e9 actuel. Notre processus d&rsquo;\u00e9valuation est minutieux, prenant en compte non seulement le style et l&rsquo;\u00e2ge du bijou, mais aussi la qualit\u00e9 et la raret\u00e9 des mat\u00e9riaux utilis\u00e9s.<\/p>\n<p>Pour ceux qui cherchent \u00e0 enrichir leur collection avec des bijoux des ann\u00e9es 40, nous proposons une s\u00e9lection vari\u00e9e de pi\u00e8ces, y compris des <b><a href=\"https:\/\/diamantaire-paris.com\/vendre-un-bien\/vendre-un-bracelet\/\" target=\"_new\">bracelets vintage<\/a> <\/b>et des <a href=\"https:\/\/diamantaire-paris.com\/acheter-diamant\/parure-van-cleef-arpels-vintage\/\" target=\"_new\"><b>parures Van Cleef &amp; Arpels<\/b><\/a>. Chaque pi\u00e8ce est soigneusement s\u00e9lectionn\u00e9e pour sa qualit\u00e9 et son authenticit\u00e9, offrant une opportunit\u00e9 unique de poss\u00e9der un morceau d&rsquo;histoire.<\/p>\n<p>En plus de la vente et de l&rsquo;achat de bijoux, Diamantaire Paris offre \u00e9galement des services pour ceux qui cherchent \u00e0 <a href=\"https:\/\/diamantaire-paris.com\/estimer-un-diamant-gia\/certifier-diamant\/\" target=\"_new\"><b>certifier un diamant<\/b><\/a>. Que vous poss\u00e9diez un diamant h\u00e9rit\u00e9 ou que vous ayez r\u00e9cemment acquis une pierre pr\u00e9cieuse, notre \u00e9quipe peut vous aider \u00e0 obtenir un certificat GIA, assurant ainsi sa qualit\u00e9 et sa valeur.<\/p>\n<p>Pour toute question ou pour planifier une \u00e9valuation, n&rsquo;h\u00e9sitez pas \u00e0 <a href=\"https:\/\/diamantaire-paris.com\/contact\/\" target=\"_new\"><b>nous contacter<\/b><\/a>. Chez Diamantaire Paris, nous sommes d\u00e9di\u00e9s \u00e0 fournir un service exceptionnel \u00e0 tous ceux qui partagent notre passion pour les bijoux exquis et historiques.<\/p>\t\t\t\t\t\t\t\t<\/div>\n\t\t\t\t<\/div>\n\t\t\t\t<div class=\"elementor-element elementor-element-a06f235 elementor-widget elementor-widget-accordion\" data-id=\"a06f235\" data-element_type=\"widget\" data-e-type=\"widget\" data-widget_type=\"accordion.default\">\n\t\t\t\t<div class=\"elementor-widget-container\">\n\t\t\t\t\t\t\t<div class=\"elementor-accordion\">\n\t\t\t\t\t\t\t<div class=\"elementor-accordion-item\">\n\t\t\t\t\t<div id=\"elementor-tab-title-1681\" class=\"elementor-tab-title\" data-tab=\"1\" role=\"button\" aria-controls=\"elementor-tab-content-1681\" aria-expanded=\"false\">\n\t\t\t\t\t\t\t\t\t\t\t\t\t<span class=\"elementor-accordion-icon elementor-accordion-icon-right\" aria-hidden=\"true\">\n\t\t\t\t\t\t\t\t\t\t\t\t\t\t\t<span class=\"elementor-accordion-icon-closed\"><i class=\"fas fa-plus\"><\/i><\/span>\n\t\t\t\t\t\t\t\t<span class=\"elementor-accordion-icon-opened\"><i class=\"fas fa-minus\"><\/i><\/span>\n\t\t\t\t\t\t\t\t\t\t\t\t\t\t<\/span>\n\t\t\t\t\t\t\t\t\t\t\t\t<a class=\"elementor-accordion-title\" tabindex=\"0\">Quels services offre Diamantaire Paris pour les bagues des ann\u00e9es 40 ?<\/a>\n\t\t\t\t\t<\/div>\n\t\t\t\t\t<div id=\"elementor-tab-content-1681\" class=\"elementor-tab-content elementor-clearfix\" data-tab=\"1\" role=\"region\" aria-labelledby=\"elementor-tab-title-1681\"><p>Diamantaire Paris propose une expertise gratuite et une \u00e9valuation experte des bagues et pierres pr\u00e9cieuses des ann\u00e9es 40-50. Avec plus de 35 ans d&rsquo;exp\u00e9rience, ils assistent dans l&rsquo;estimation des bijoux, qu&rsquo;ils soient accompagn\u00e9s ou non d&rsquo;un certificat de laboratoire en gemmologie.<\/p><\/div>\n\t\t\t\t<\/div>\n\t\t\t\t\t\t\t<div class=\"elementor-accordion-item\">\n\t\t\t\t\t<div id=\"elementor-tab-title-1682\" class=\"elementor-tab-title\" data-tab=\"2\" role=\"button\" aria-controls=\"elementor-tab-content-1682\" aria-expanded=\"false\">\n\t\t\t\t\t\t\t\t\t\t\t\t\t<span class=\"elementor-accordion-icon elementor-accordion-icon-right\" aria-hidden=\"true\">\n\t\t\t\t\t\t\t\t\t\t\t\t\t\t\t<span class=\"elementor-accordion-icon-closed\"><i class=\"fas fa-plus\"><\/i><\/span>\n\t\t\t\t\t\t\t\t<span class=\"elementor-accordion-icon-opened\"><i class=\"fas fa-minus\"><\/i><\/span>\n\t\t\t\t\t\t\t\t\t\t\t\t\t\t<\/span>\n\t\t\t\t\t\t\t\t\t\t\t\t<a class=\"elementor-accordion-title\" tabindex=\"0\">Puis-je obtenir une \u00e9valuation pour une bague des ann\u00e9es 40 sans certificat ?<\/a>\n\t\t\t\t\t<\/div>\n\t\t\t\t\t<div id=\"elementor-tab-content-1682\" class=\"elementor-tab-content elementor-clearfix\" data-tab=\"2\" role=\"region\" aria-labelledby=\"elementor-tab-title-1682\"><p>Oui, Diamantaire Paris est capable d&rsquo;estimer votre bague des ann\u00e9es 40 avec ou sans certificat de laboratoire en gemmologie.<\/p><\/div>\n\t\t\t\t<\/div>\n\t\t\t\t\t\t\t<div class=\"elementor-accordion-item\">\n\t\t\t\t\t<div id=\"elementor-tab-title-1683\" class=\"elementor-tab-title\" data-tab=\"3\" role=\"button\" aria-controls=\"elementor-tab-content-1683\" aria-expanded=\"false\">\n\t\t\t\t\t\t\t\t\t\t\t\t\t<span class=\"elementor-accordion-icon elementor-accordion-icon-right\" aria-hidden=\"true\">\n\t\t\t\t\t\t\t\t\t\t\t\t\t\t\t<span class=\"elementor-accordion-icon-closed\"><i class=\"fas fa-plus\"><\/i><\/span>\n\t\t\t\t\t\t\t\t<span class=\"elementor-accordion-icon-opened\"><i class=\"fas fa-minus\"><\/i><\/span>\n\t\t\t\t\t\t\t\t\t\t\t\t\t\t<\/span>\n\t\t\t\t\t\t\t\t\t\t\t\t<a class=\"elementor-accordion-title\" tabindex=\"0\">Comment contacter Diamantaire Paris pour une expertise de bague des ann\u00e9es 40 ?<\/a>\n\t\t\t\t\t<\/div>\n\t\t\t\t\t<div id=\"elementor-tab-content-1683\" class=\"elementor-tab-content elementor-clearfix\" data-tab=\"3\" role=\"region\" aria-labelledby=\"elementor-tab-title-1683\"><p>Vous pouvez contacter Diamantaire Paris au 01 48 87 81 44 ou par email \u00e0 <a target=\"_new\">achat@diamantaire-paris.com<\/a>. Leur service client\u00e8le est disponible pour plus d&rsquo;informations.<\/p><\/div>\n\t\t\t\t<\/div>\n\t\t\t\t\t\t\t<div class=\"elementor-accordion-item\">\n\t\t\t\t\t<div id=\"elementor-tab-title-1684\" class=\"elementor-tab-title\" data-tab=\"4\" role=\"button\" aria-controls=\"elementor-tab-content-1684\" aria-expanded=\"false\">\n\t\t\t\t\t\t\t\t\t\t\t\t\t<span class=\"elementor-accordion-icon elementor-accordion-icon-right\" aria-hidden=\"true\">\n\t\t\t\t\t\t\t\t\t\t\t\t\t\t\t<span class=\"elementor-accordion-icon-closed\"><i class=\"fas fa-plus\"><\/i><\/span>\n\t\t\t\t\t\t\t\t<span class=\"elementor-accordion-icon-opened\"><i class=\"fas fa-minus\"><\/i><\/span>\n\t\t\t\t\t\t\t\t\t\t\t\t\t\t<\/span>\n\t\t\t\t\t\t\t\t\t\t\t\t<a class=\"elementor-accordion-title\" tabindex=\"0\">O\u00f9 se situe Diamantaire Paris pour une expertise en personne ?<\/a>\n\t\t\t\t\t<\/div>\n\t\t\t\t\t<div id=\"elementor-tab-content-1684\" class=\"elementor-tab-content elementor-clearfix\" data-tab=\"4\" role=\"region\" aria-labelledby=\"elementor-tab-title-1684\"><p>Diamantaire Paris se trouve au 43 Rue Beaubourg, 75003 Paris. Il est possible de se rendre \u00e0 cette adresse sans rendez-vous ou avec rendez-vous.<\/p><\/div>\n\t\t\t\t<\/div>\n\t\t\t\t\t\t\t<div class=\"elementor-accordion-item\">\n\t\t\t\t\t<div id=\"elementor-tab-title-1685\" class=\"elementor-tab-title\" data-tab=\"5\" role=\"button\" aria-controls=\"elementor-tab-content-1685\" aria-expanded=\"false\">\n\t\t\t\t\t\t\t\t\t\t\t\t\t<span class=\"elementor-accordion-icon elementor-accordion-icon-right\" aria-hidden=\"true\">\n\t\t\t\t\t\t\t\t\t\t\t\t\t\t\t<span class=\"elementor-accordion-icon-closed\"><i class=\"fas fa-plus\"><\/i><\/span>\n\t\t\t\t\t\t\t\t<span class=\"elementor-accordion-icon-opened\"><i class=\"fas fa-minus\"><\/i><\/span>\n\t\t\t\t\t\t\t\t\t\t\t\t\t\t<\/span>\n\t\t\t\t\t\t\t\t\t\t\t\t<a class=\"elementor-accordion-title\" tabindex=\"0\">Quelle est l'exp\u00e9rience de Diamantaire Paris dans le domaine des bijoux anciens ?<\/a>\n\t\t\t\t\t<\/div>\n\t\t\t\t\t<div id=\"elementor-tab-content-1685\" class=\"elementor-tab-content elementor-clearfix\" data-tab=\"5\" role=\"region\" aria-labelledby=\"elementor-tab-title-1685\"><p>Fond\u00e9e en 1985, Diamantaire Paris a une exp\u00e9rience significative dans l&rsquo;expertise et le n\u00e9goce des diamants pour les professionnels, ainsi que dans l&rsquo;expertise et la vente de pierres pr\u00e9cieuses et bijoux d&rsquo;occasion aux particuliers.<\/p><\/div>\n\t\t\t\t<\/div>\n\t\t\t\t\t\t\t\t\t\t<script type=\"application\/ld+json\">{\"@context\":\"https:\\\/\\\/schema.org\",\"@type\":\"FAQPage\",\"mainEntity\":[{\"@type\":\"Question\",\"name\":\"Quels services offre Diamantaire Paris pour les bagues des ann\\u00e9es 40 ?\",\"acceptedAnswer\":{\"@type\":\"Answer\",\"text\":\"<p>Diamantaire Paris propose une expertise gratuite et une \\u00e9valuation experte des bagues et pierres pr\\u00e9cieuses des ann\\u00e9es 40-50. Avec plus de 35 ans d&rsquo;exp\\u00e9rience, ils assistent dans l&rsquo;estimation des bijoux, qu&rsquo;ils soient accompagn\\u00e9s ou non d&rsquo;un certificat de laboratoire en gemmologie.<\\\/p>\"}},{\"@type\":\"Question\",\"name\":\"Puis-je obtenir une \\u00e9valuation pour une bague des ann\\u00e9es 40 sans certificat ?\",\"acceptedAnswer\":{\"@type\":\"Answer\",\"text\":\"<p>Oui, Diamantaire Paris est capable d&rsquo;estimer votre bague des ann\\u00e9es 40 avec ou sans certificat de laboratoire en gemmologie.<\\\/p>\"}},{\"@type\":\"Question\",\"name\":\"Comment contacter Diamantaire Paris pour une expertise de bague des ann\\u00e9es 40 ?\",\"acceptedAnswer\":{\"@type\":\"Answer\",\"text\":\"<p>Vous pouvez contacter Diamantaire Paris au 01 48 87 81 44 ou par email \\u00e0 <a target=\\\"_new\\\">achat@diamantaire-paris.com<\\\/a>. Leur service client\\u00e8le est disponible pour plus d&rsquo;informations.<\\\/p>\"}},{\"@type\":\"Question\",\"name\":\"O\\u00f9 se situe Diamantaire Paris pour une expertise en personne ?\",\"acceptedAnswer\":{\"@type\":\"Answer\",\"text\":\"<p>Diamantaire Paris se trouve au 43 Rue Beaubourg, 75003 Paris. Il est possible de se rendre \\u00e0 cette adresse sans rendez-vous ou avec rendez-vous.<\\\/p>\"}},{\"@type\":\"Question\",\"name\":\"Quelle est l'exp\\u00e9rience de Diamantaire Paris dans le domaine des bijoux anciens ?\",\"acceptedAnswer\":{\"@type\":\"Answer\",\"text\":\"<p>Fond\\u00e9e en 1985, Diamantaire Paris a une exp\\u00e9rience significative dans l&rsquo;expertise et le n\\u00e9goce des diamants pour les professionnels, ainsi que dans l&rsquo;expertise et la vente de pierres pr\\u00e9cieuses et bijoux d&rsquo;occasion aux particuliers.<\\\/p>\"}}]}<\/script>\n\t\t\t\t\t<\/div>\n\t\t\t\t\t\t<\/div>\n\t\t\t\t<\/div>\n\t\t\t\t<div class=\"elementor-element elementor-element-e7103af elementor-cta--skin-classic elementor-animated-content elementor-bg-transform elementor-bg-transform-zoom-in elementor-widget elementor-widget-global elementor-global-5229 elementor-widget-call-to-action\" data-id=\"e7103af\" data-element_type=\"widget\" data-e-type=\"widget\" data-widget_type=\"call-to-action.default\">\n\t\t\t\t<div class=\"elementor-widget-container\">\n\t\t\t\t\t\t\t<a class=\"elementor-cta\" href=\"tel:0148878144\">\n\t\t\t\t\t\t\t<div class=\"elementor-cta__content\">\n\t\t\t\t\t\t\t\t\t<div class=\"elementor-content-item elementor-cta__content-item elementor-icon-wrapper elementor-cta__icon elementor-view-default\">\n\t\t\t\t\t\t<div class=\"elementor-icon\">\n\t\t\t\t\t\t\t<i aria-hidden=\"true\" class=\"fas fa-phone-alt\"><\/i>\t\t\t\t\t\t<\/div>\n\t\t\t\t\t<\/div>\n\t\t\t\t\n\t\t\t\t\t\t\t\t\t<div class=\"elementor-cta__title elementor-cta__content-item elementor-content-item\">\n\t\t\t\t\t\t01 48 87 81 44\t\t\t\t\t<\/div>\n\t\t\t\t\n\t\t\t\t\t\t\t\t\t<div class=\"elementor-cta__description elementor-cta__content-item elementor-content-item\">\n\t\t\t\t\t\tNotre service client\u00e8le se tient gratuitement \u00e0 votre disposition pour plus d'information sur notre m\u00e9tier de Diamantaire \u00e0 Paris.\t\t\t\t\t<\/div>\n\t\t\t\t\n\t\t\t\t\t\t\t<\/div>\n\t\t\t\t\t\t<\/a>\n\t\t\t\t\t\t<\/div>\n\t\t\t\t<\/div>\n\t\t\t\t\t<\/div>\n\t\t<\/div>\n\t\t\t\t\t<\/div>\n\t\t<\/section>\n\t\t\t\t<\/div>\n\t\t","protected":false},"excerpt":{"rendered":"<p>Rachat de Bague et diamant des ann\u00e9es 40-50\u00a0dans les meilleurs conditions : Demandez une expertise gratuite et une \u00e9valuation experte de vos bagues et pierres pr\u00e9cieuses des ann\u00e9es 40-50 avec Diamantaires Paris OG. Avec nos 35 ans d&rsquo;exp\u00e9rience nous serons en mesure de vous assister dans l&rsquo;estimation de votre bijou. Nous estimons votre bague avec [&hellip;]<\/p>\n","protected":false},"author":1,"featured_media":3315,"parent":4034,"menu_order":0,"comment_status":"open","ping_status":"closed","template":"elementor_header_footer","meta":{"content-type":"","footnotes":""},"class_list":["post-67","page","type-page","status-publish","has-post-thumbnail","hentry"],"_links":{"self":[{"href":"https:\/\/diamantaire-paris.com\/el\/wp-json\/wp\/v2\/pages\/67","targetHints":{"allow":["GET"]}}],"collection":[{"href":"https:\/\/diamantaire-paris.com\/el\/wp-json\/wp\/v2\/pages"}],"about":[{"href":"https:\/\/diamantaire-paris.com\/el\/wp-json\/wp\/v2\/types\/page"}],"author":[{"embeddable":true,"href":"https:\/\/diamantaire-paris.com\/el\/wp-json\/wp\/v2\/users\/1"}],"replies":[{"embeddable":true,"href":"https:\/\/diamantaire-paris.com\/el\/wp-json\/wp\/v2\/comments?post=67"}],"version-history":[{"count":10,"href":"https:\/\/diamantaire-paris.com\/el\/wp-json\/wp\/v2\/pages\/67\/revisions"}],"predecessor-version":[{"id":16694,"href":"https:\/\/diamantaire-paris.com\/el\/wp-json\/wp\/v2\/pages\/67\/revisions\/16694"}],"up":[{"embeddable":true,"href":"https:\/\/diamantaire-paris.com\/el\/wp-json\/wp\/v2\/pages\/4034"}],"wp:featuredmedia":[{"embeddable":true,"href":"https:\/\/diamantaire-paris.com\/el\/wp-json\/wp\/v2\/media\/3315"}],"wp:attachment":[{"href":"https:\/\/diamantaire-paris.com\/el\/wp-json\/wp\/v2\/media?parent=67"}],"curies":[{"name":"wp","href":"https:\/\/api.w.org\/{rel}","templated":true}]}}