{"id":64,"date":"2013-11-12T13:12:06","date_gmt":"2013-11-12T12:12:06","guid":{"rendered":"http:\/\/themes.goodlayers2.com\/flawless\/?post_type=portfolio&#038;p=64"},"modified":"2024-03-27T12:08:22","modified_gmt":"2024-03-27T11:08:22","slug":"boucle-doreilles-chat","status":"publish","type":"page","link":"https:\/\/diamantaire-paris.com\/el\/vendre-un-bien\/bijoux-anciens\/les-bijoux-art-deco\/boucle-doreilles-chat\/","title":{"rendered":"\u03a3\u03ba\u03bf\u03c5\u03bb\u03b1\u03c1\u03af\u03ba\u03b9 \u03b3\u03ac\u03c4\u03b1\u03c2"},"content":{"rendered":"\t\t<div data-elementor-type=\"wp-page\" data-elementor-id=\"64\" class=\"elementor elementor-64\" data-elementor-post-type=\"page\">\n\t\t\t\t\t\t<section class=\"elementor-section elementor-top-section elementor-element elementor-element-2a834a37 elementor-section-boxed elementor-section-height-default elementor-section-height-default\" data-id=\"2a834a37\" data-element_type=\"section\" data-e-type=\"section\">\n\t\t\t\t\t\t<div class=\"elementor-container elementor-column-gap-default\">\n\t\t\t\t\t<div class=\"elementor-column elementor-col-100 elementor-top-column elementor-element elementor-element-5817a8db\" data-id=\"5817a8db\" data-element_type=\"column\" data-e-type=\"column\">\n\t\t\t<div class=\"elementor-widget-wrap elementor-element-populated\">\n\t\t\t\t\t\t<div class=\"elementor-element elementor-element-7190763 elementor-widget elementor-widget-shortcode\" data-id=\"7190763\" data-element_type=\"widget\" data-e-type=\"widget\" data-widget_type=\"shortcode.default\">\n\t\t\t\t<div class=\"elementor-widget-container\">\n\t\t\t\t\t\t\t<div class=\"elementor-shortcode\"><nav aria-label=\"breadcrumbs\" class=\"rank-math-breadcrumb\"><p><span class=\"last\">Diamantaires Paris<\/span><\/p><\/nav><\/div>\n\t\t\t\t\t\t<\/div>\n\t\t\t\t<\/div>\n\t\t\t\t<div class=\"elementor-element elementor-element-4957be0f elementor-widget elementor-widget-text-editor\" data-id=\"4957be0f\" data-element_type=\"widget\" data-e-type=\"widget\" data-widget_type=\"text-editor.default\">\n\t\t\t\t<div class=\"elementor-widget-container\">\n\t\t\t\t\t\t\t\t\t<p>Un exemple d&rsquo;un <a href=\"https:\/\/diamantaire-paris.com\/vendre-un-bien\/bijoux-anciens\/les-bijoux-art-deco\/\">bijou Art D\u00e9co<\/a> vendu par Diamantaires Paris OG.<br \/>Cette pi\u00e8ce a \u00e9t\u00e9 vendu<br \/>Vous pouvez vous aussi demander l&rsquo;expertise de votre bijou sur notre site.<br \/>Ce bijou est une boucle d&rsquo;oreille en forme de chat.\u00a0<\/p><p>Vous pouvez vous aussi <a href=\"https:\/\/diamantaire-paris.com\/vendre-un-bien\/vendre-boucles-doreille-diamant\/\">vendre vos boucles d&rsquo;oreilles sur cette page.\u00a0<\/a><\/p>\t\t\t\t\t\t\t\t<\/div>\n\t\t\t\t<\/div>\n\t\t\t\t<div class=\"elementor-element elementor-element-b111fce elementor-widget elementor-widget-image\" data-id=\"b111fce\" data-element_type=\"widget\" data-e-type=\"widget\" data-widget_type=\"image.default\">\n\t\t\t\t<div class=\"elementor-widget-container\">\n\t\t\t\t\t\t\t\t\t\t\t\t\t\t\t<img fetchpriority=\"high\" decoding=\"async\" width=\"276\" height=\"276\" src=\"https:\/\/diamantaire-paris.com\/wp-content\/uploads\/2013\/11\/500689tn.jpg\" class=\"attachment-large size-large wp-image-3334\" alt=\"bijou boucle d&#039;oreille chat\" srcset=\"https:\/\/diamantaire-paris.com\/wp-content\/uploads\/2013\/11\/500689tn.jpg 276w, https:\/\/diamantaire-paris.com\/wp-content\/uploads\/2013\/11\/500689tn-150x150.jpg 150w, https:\/\/diamantaire-paris.com\/wp-content\/uploads\/2013\/11\/500689tn-100x100.jpg 100w\" sizes=\"(max-width: 276px) 100vw, 276px\" title=\"\">\t\t\t\t\t\t\t\t\t\t\t\t\t\t\t<\/div>\n\t\t\t\t<\/div>\n\t\t\t\t<div class=\"elementor-element elementor-element-0136b14 elementor-widget elementor-widget-text-editor\" data-id=\"0136b14\" data-element_type=\"widget\" data-e-type=\"widget\" data-widget_type=\"text-editor.default\">\n\t\t\t\t<div class=\"elementor-widget-container\">\n\t\t\t\t\t\t\t\t\t<p>Dans le monde fascinant des bijoux anciens, les pi\u00e8ces Art D\u00e9co tiennent une place de choix, symbolisant l&rsquo;\u00e9l\u00e9gance et le raffinement des ann\u00e9es 1920-1930. Chez Diamantaire Paris, nous sommes fiers de pr\u00e9senter une collection exquise de bijoux Art D\u00e9co, y compris des pi\u00e8ces uniques comme la \u00ab\u00a0Boucle d&rsquo;oreille chat\u00a0\u00bb. Cette pi\u00e8ce, vendue par Diamantaires Paris OG, illustre parfaitement la cr\u00e9ativit\u00e9 et l&rsquo;innovation de l&rsquo;\u00e9poque Art D\u00e9co. Si vous poss\u00e9dez des bijoux de cette p\u00e9riode, nous vous invitons \u00e0 d\u00e9couvrir leur valeur et \u00e0 envisager leur vente.<\/p>\n<p>Pour ceux qui cherchent \u00e0 vendre des bijoux anciens, notre expertise ne se limite pas aux pi\u00e8ces Art D\u00e9co. Nous \u00e9valuons et achetons une vari\u00e9t\u00e9 de bijoux anciens, y compris ceux de l&rsquo;\u00e9poque Napol\u00e9on III. Notre \u00e9quipe de gemmologues exp\u00e9riment\u00e9s est sp\u00e9cialis\u00e9e dans l&rsquo;expertise de ces tr\u00e9sors historiques, offrant une \u00e9valuation pr\u00e9cise et professionnelle. Si vous poss\u00e9dez des bijoux de cette p\u00e9riode, n&rsquo;h\u00e9sitez pas \u00e0 consulter notre page sur les <a href=\"https:\/\/diamantaire-paris.com\/vendre-un-bien\/bijoux-anciens\/les-bijoux-napoleon-iii\/\" target=\"_new\"><b>bijoux Napol\u00e9on III<\/b><\/a> pour une expertise d\u00e9taill\u00e9e.<\/p>\n<p>En outre, notre passion pour les bijoux anciens s&rsquo;\u00e9tend aux cr\u00e9ations Art Nouveau. Cette p\u00e9riode artistique, connue pour ses lignes fluides et ses motifs inspir\u00e9s de la nature, a produit certains des bijoux les plus captivants. Si vous poss\u00e9dez des bijoux Art Nouveau, nous vous offrons une \u00e9valuation experte et un service de rachat. Visitez notre page d\u00e9di\u00e9e aux <b><a href=\"https:\/\/diamantaire-paris.com\/vendre-un-bien\/bijoux-anciens\/les-bijoux-art-nouveau\/\" target=\"_new\">bijoux Art Nouveau<\/a> <\/b>pour en savoir plus.<\/p>\n<p>Pour ceux qui cherchent \u00e0 vendre des alliances en diamant, Diamantaire Paris offre \u00e9galement des services d&rsquo;expertise et de rachat. Que votre alliance soit un h\u00e9ritage familial ou une pi\u00e8ce acquise r\u00e9cemment, notre \u00e9quipe peut vous aider \u00e0 en d\u00e9terminer la valeur et \u00e0 la vendre au meilleur prix. Pour plus d&rsquo;informations, visitez notre page sur la <b><a href=\"https:\/\/diamantaire-paris.com\/vendre-un-bien\/vendre-alliance-diamant\/\" target=\"_new\">vente d&rsquo;alliances en diamant<\/a>.<\/b><\/p>\n<p>Enfin, pour ceux qui poss\u00e8dent des diamants des ann\u00e9es 80, notre expertise s&rsquo;\u00e9tend \u00e9galement \u00e0 cette p\u00e9riode unique. Les diamants de cette \u00e9poque ont un charme distinct et peuvent \u00eatre tr\u00e8s recherch\u00e9s par les collectionneurs et les amateurs de bijoux. Pour en savoir plus sur la vente de ces pi\u00e8ces sp\u00e9ciales, consultez notre page sur les <b><a href=\"https:\/\/diamantaire-paris.com\/heritage\/diamants-annees-80\/\" target=\"_new\">diamants des ann\u00e9es 80<\/a>.<\/b><\/p>\n<p>Chez Diamantaire Paris, nous sommes d\u00e9di\u00e9s \u00e0 offrir une exp\u00e9rience exceptionnelle \u00e0 tous ceux qui cherchent \u00e0 vendre ou \u00e0 \u00e9valuer leurs bijoux pr\u00e9cieux. Avec notre expertise et notre passion pour les bijoux de toutes les \u00e9poques, nous sommes le partenaire id\u00e9al pour ceux qui cherchent \u00e0 d\u00e9couvrir la valeur de leurs tr\u00e9sors et \u00e0 les vendre au meilleur prix.<\/p>\t\t\t\t\t\t\t\t<\/div>\n\t\t\t\t<\/div>\n\t\t\t\t<div class=\"elementor-element elementor-element-6267f9f elementor-widget elementor-widget-accordion\" data-id=\"6267f9f\" data-element_type=\"widget\" data-e-type=\"widget\" data-widget_type=\"accordion.default\">\n\t\t\t\t<div class=\"elementor-widget-container\">\n\t\t\t\t\t\t\t<div class=\"elementor-accordion\">\n\t\t\t\t\t\t\t<div class=\"elementor-accordion-item\">\n\t\t\t\t\t<div id=\"elementor-tab-title-1031\" class=\"elementor-tab-title\" data-tab=\"1\" role=\"button\" aria-controls=\"elementor-tab-content-1031\" aria-expanded=\"false\">\n\t\t\t\t\t\t\t\t\t\t\t\t\t<span class=\"elementor-accordion-icon elementor-accordion-icon-left\" aria-hidden=\"true\">\n\t\t\t\t\t\t\t\t\t\t\t\t\t\t\t<span class=\"elementor-accordion-icon-closed\"><i class=\"fas fa-plus\"><\/i><\/span>\n\t\t\t\t\t\t\t\t<span class=\"elementor-accordion-icon-opened\"><i class=\"fas fa-minus\"><\/i><\/span>\n\t\t\t\t\t\t\t\t\t\t\t\t\t\t<\/span>\n\t\t\t\t\t\t\t\t\t\t\t\t<a class=\"elementor-accordion-title\" tabindex=\"0\">Qu'est-ce que la \"Boucle d'oreille chat\" vendue par Diamantaires Paris OG ?<\/a>\n\t\t\t\t\t<\/div>\n\t\t\t\t\t<div id=\"elementor-tab-content-1031\" class=\"elementor-tab-content elementor-clearfix\" data-tab=\"1\" role=\"region\" aria-labelledby=\"elementor-tab-title-1031\"><p>La \u00ab\u00a0Boucle d&rsquo;oreille chat\u00a0\u00bb est un exemple de bijou Art D\u00e9co vendu par Diamantaires Paris OG. C&rsquo;est une pi\u00e8ce unique en forme de chat.<\/p><\/div>\n\t\t\t\t<\/div>\n\t\t\t\t\t\t\t<div class=\"elementor-accordion-item\">\n\t\t\t\t\t<div id=\"elementor-tab-title-1032\" class=\"elementor-tab-title\" data-tab=\"2\" role=\"button\" aria-controls=\"elementor-tab-content-1032\" aria-expanded=\"false\">\n\t\t\t\t\t\t\t\t\t\t\t\t\t<span class=\"elementor-accordion-icon elementor-accordion-icon-left\" aria-hidden=\"true\">\n\t\t\t\t\t\t\t\t\t\t\t\t\t\t\t<span class=\"elementor-accordion-icon-closed\"><i class=\"fas fa-plus\"><\/i><\/span>\n\t\t\t\t\t\t\t\t<span class=\"elementor-accordion-icon-opened\"><i class=\"fas fa-minus\"><\/i><\/span>\n\t\t\t\t\t\t\t\t\t\t\t\t\t\t<\/span>\n\t\t\t\t\t\t\t\t\t\t\t\t<a class=\"elementor-accordion-title\" tabindex=\"0\">Puis-je vendre mes propres boucles d'oreilles Art D\u00e9co chez Diamantaires Paris OG ?<\/a>\n\t\t\t\t\t<\/div>\n\t\t\t\t\t<div id=\"elementor-tab-content-1032\" class=\"elementor-tab-content elementor-clearfix\" data-tab=\"2\" role=\"region\" aria-labelledby=\"elementor-tab-title-1032\"><p>Oui, vous pouvez vendre vos boucles d&rsquo;oreilles Art D\u00e9co sur le site de Diamantaires Paris OG.<\/p><\/div>\n\t\t\t\t<\/div>\n\t\t\t\t\t\t\t<div class=\"elementor-accordion-item\">\n\t\t\t\t\t<div id=\"elementor-tab-title-1033\" class=\"elementor-tab-title\" data-tab=\"3\" role=\"button\" aria-controls=\"elementor-tab-content-1033\" aria-expanded=\"false\">\n\t\t\t\t\t\t\t\t\t\t\t\t\t<span class=\"elementor-accordion-icon elementor-accordion-icon-left\" aria-hidden=\"true\">\n\t\t\t\t\t\t\t\t\t\t\t\t\t\t\t<span class=\"elementor-accordion-icon-closed\"><i class=\"fas fa-plus\"><\/i><\/span>\n\t\t\t\t\t\t\t\t<span class=\"elementor-accordion-icon-opened\"><i class=\"fas fa-minus\"><\/i><\/span>\n\t\t\t\t\t\t\t\t\t\t\t\t\t\t<\/span>\n\t\t\t\t\t\t\t\t\t\t\t\t<a class=\"elementor-accordion-title\" tabindex=\"0\">Comment puis-je obtenir une expertise gratuite et confidentielle de mon bijou chez Diamantaires Paris ?<\/a>\n\t\t\t\t\t<\/div>\n\t\t\t\t\t<div id=\"elementor-tab-content-1033\" class=\"elementor-tab-content elementor-clearfix\" data-tab=\"3\" role=\"region\" aria-labelledby=\"elementor-tab-title-1033\"><p>Vous pouvez obtenir une expertise gratuite et confidentielle en vous d\u00e9pla\u00e7ant directement au 43 rue Beaubourg, 75003 Paris, ou en envoyant une pr\u00e9-expertise par email \u00e0 <a target=\"_new\">achat@diamantaire-paris.com<\/a>.<\/p><\/div>\n\t\t\t\t<\/div>\n\t\t\t\t\t\t\t<div class=\"elementor-accordion-item\">\n\t\t\t\t\t<div id=\"elementor-tab-title-1034\" class=\"elementor-tab-title\" data-tab=\"4\" role=\"button\" aria-controls=\"elementor-tab-content-1034\" aria-expanded=\"false\">\n\t\t\t\t\t\t\t\t\t\t\t\t\t<span class=\"elementor-accordion-icon elementor-accordion-icon-left\" aria-hidden=\"true\">\n\t\t\t\t\t\t\t\t\t\t\t\t\t\t\t<span class=\"elementor-accordion-icon-closed\"><i class=\"fas fa-plus\"><\/i><\/span>\n\t\t\t\t\t\t\t\t<span class=\"elementor-accordion-icon-opened\"><i class=\"fas fa-minus\"><\/i><\/span>\n\t\t\t\t\t\t\t\t\t\t\t\t\t\t<\/span>\n\t\t\t\t\t\t\t\t\t\t\t\t<a class=\"elementor-accordion-title\" tabindex=\"0\">Diamantaires Paris propose-t-il les meilleures offres de rachat sur le march\u00e9 ?<\/a>\n\t\t\t\t\t<\/div>\n\t\t\t\t\t<div id=\"elementor-tab-content-1034\" class=\"elementor-tab-content elementor-clearfix\" data-tab=\"4\" role=\"region\" aria-labelledby=\"elementor-tab-title-1034\"><p>Oui, Diamantaires Paris s&rsquo;engage \u00e0 offrir les meilleures offres de rachat de bijoux sur le march\u00e9. Si vous avez une meilleure offre ailleurs, ils s&rsquo;engagent \u00e0 faire une offre encore meilleure.<\/p><\/div>\n\t\t\t\t<\/div>\n\t\t\t\t\t\t\t<div class=\"elementor-accordion-item\">\n\t\t\t\t\t<div id=\"elementor-tab-title-1035\" class=\"elementor-tab-title\" data-tab=\"5\" role=\"button\" aria-controls=\"elementor-tab-content-1035\" aria-expanded=\"false\">\n\t\t\t\t\t\t\t\t\t\t\t\t\t<span class=\"elementor-accordion-icon elementor-accordion-icon-left\" aria-hidden=\"true\">\n\t\t\t\t\t\t\t\t\t\t\t\t\t\t\t<span class=\"elementor-accordion-icon-closed\"><i class=\"fas fa-plus\"><\/i><\/span>\n\t\t\t\t\t\t\t\t<span class=\"elementor-accordion-icon-opened\"><i class=\"fas fa-minus\"><\/i><\/span>\n\t\t\t\t\t\t\t\t\t\t\t\t\t\t<\/span>\n\t\t\t\t\t\t\t\t\t\t\t\t<a class=\"elementor-accordion-title\" tabindex=\"0\">Est-il n\u00e9cessaire de prendre rendez-vous pour se rendre chez Diamantaires Paris ?<\/a>\n\t\t\t\t\t<\/div>\n\t\t\t\t\t<div id=\"elementor-tab-content-1035\" class=\"elementor-tab-content elementor-clearfix\" data-tab=\"5\" role=\"region\" aria-labelledby=\"elementor-tab-title-1035\"><p>Non, il est possible de se rendre chez Diamantaires Paris au 43 rue Beaubourg, 75003 Paris, sans rendez-vous. Cependant, vous pouvez \u00e9galement prendre rendez-vous si vous le souhaitez.<\/p><\/div>\n\t\t\t\t<\/div>\n\t\t\t\t\t\t\t\t\t\t<script type=\"application\/ld+json\">{\"@context\":\"https:\\\/\\\/schema.org\",\"@type\":\"FAQPage\",\"mainEntity\":[{\"@type\":\"Question\",\"name\":\"Qu'est-ce que la \\\"Boucle d'oreille chat\\\" vendue par Diamantaires Paris OG ?\",\"acceptedAnswer\":{\"@type\":\"Answer\",\"text\":\"<p>La \\u00ab\\u00a0Boucle d&rsquo;oreille chat\\u00a0\\u00bb est un exemple de bijou Art D\\u00e9co vendu par Diamantaires Paris OG. C&rsquo;est une pi\\u00e8ce unique en forme de chat.<\\\/p>\"}},{\"@type\":\"Question\",\"name\":\"Puis-je vendre mes propres boucles d'oreilles Art D\\u00e9co chez Diamantaires Paris OG ?\",\"acceptedAnswer\":{\"@type\":\"Answer\",\"text\":\"<p>Oui, vous pouvez vendre vos boucles d&rsquo;oreilles Art D\\u00e9co sur le site de Diamantaires Paris OG.<\\\/p>\"}},{\"@type\":\"Question\",\"name\":\"Comment puis-je obtenir une expertise gratuite et confidentielle de mon bijou chez Diamantaires Paris ?\",\"acceptedAnswer\":{\"@type\":\"Answer\",\"text\":\"<p>Vous pouvez obtenir une expertise gratuite et confidentielle en vous d\\u00e9pla\\u00e7ant directement au 43 rue Beaubourg, 75003 Paris, ou en envoyant une pr\\u00e9-expertise par email \\u00e0 <a target=\\\"_new\\\">achat@diamantaire-paris.com<\\\/a>.<\\\/p>\"}},{\"@type\":\"Question\",\"name\":\"Diamantaires Paris propose-t-il les meilleures offres de rachat sur le march\\u00e9 ?\",\"acceptedAnswer\":{\"@type\":\"Answer\",\"text\":\"<p>Oui, Diamantaires Paris s&rsquo;engage \\u00e0 offrir les meilleures offres de rachat de bijoux sur le march\\u00e9. Si vous avez une meilleure offre ailleurs, ils s&rsquo;engagent \\u00e0 faire une offre encore meilleure.<\\\/p>\"}},{\"@type\":\"Question\",\"name\":\"Est-il n\\u00e9cessaire de prendre rendez-vous pour se rendre chez Diamantaires Paris ?\",\"acceptedAnswer\":{\"@type\":\"Answer\",\"text\":\"<p>Non, il est possible de se rendre chez Diamantaires Paris au 43 rue Beaubourg, 75003 Paris, sans rendez-vous. Cependant, vous pouvez \\u00e9galement prendre rendez-vous si vous le souhaitez.<\\\/p>\"}}]}<\/script>\n\t\t\t\t\t<\/div>\n\t\t\t\t\t\t<\/div>\n\t\t\t\t<\/div>\n\t\t\t\t<div class=\"elementor-element elementor-element-93967e8 elementor-cta--skin-classic elementor-animated-content elementor-bg-transform elementor-bg-transform-zoom-in elementor-widget elementor-widget-call-to-action\" data-id=\"93967e8\" data-element_type=\"widget\" data-e-type=\"widget\" data-widget_type=\"call-to-action.default\">\n\t\t\t\t<div class=\"elementor-widget-container\">\n\t\t\t\t\t\t\t<a class=\"elementor-cta\" href=\"tel:0148878144\">\n\t\t\t\t\t\t\t<div class=\"elementor-cta__content\">\n\t\t\t\t\t\t\t\t\t<div class=\"elementor-content-item elementor-cta__content-item elementor-icon-wrapper elementor-cta__icon elementor-view-default\">\n\t\t\t\t\t\t<div class=\"elementor-icon\">\n\t\t\t\t\t\t\t<i aria-hidden=\"true\" class=\"fas fa-phone-alt\"><\/i>\t\t\t\t\t\t<\/div>\n\t\t\t\t\t<\/div>\n\t\t\t\t\n\t\t\t\t\t\t\t\t\t<div class=\"elementor-cta__title elementor-cta__content-item elementor-content-item\">\n\t\t\t\t\t\t01 48 87 81 44\t\t\t\t\t<\/div>\n\t\t\t\t\n\t\t\t\t\t\t\t\t\t<div class=\"elementor-cta__description elementor-cta__content-item elementor-content-item\">\n\t\t\t\t\t\tDemander notre catalogue complet de bijou ART D\u00e9co\t\t\t\t\t<\/div>\n\t\t\t\t\n\t\t\t\t\t\t\t<\/div>\n\t\t\t\t\t\t<\/a>\n\t\t\t\t\t\t<\/div>\n\t\t\t\t<\/div>\n\t\t\t\t\t<\/div>\n\t\t<\/div>\n\t\t\t\t\t<\/div>\n\t\t<\/section>\n\t\t\t\t<\/div>\n\t\t","protected":false},"excerpt":{"rendered":"<p>Un exemple d&rsquo;un bijou Art D\u00e9co vendu par Diamantaires Paris OG.Cette pi\u00e8ce a \u00e9t\u00e9 venduVous pouvez vous aussi demander l&rsquo;expertise de votre bijou sur notre site.Ce bijou est une boucle d&rsquo;oreille en forme de chat.\u00a0 Vous pouvez vous aussi vendre vos boucles d&rsquo;oreilles sur cette page.\u00a0 Dans le monde fascinant des bijoux anciens, les pi\u00e8ces [&hellip;]<\/p>\n","protected":false},"author":1,"featured_media":3334,"parent":4057,"menu_order":0,"comment_status":"open","ping_status":"closed","template":"elementor_header_footer","meta":{"content-type":"","footnotes":""},"class_list":["post-64","page","type-page","status-publish","has-post-thumbnail","hentry"],"_links":{"self":[{"href":"https:\/\/diamantaire-paris.com\/el\/wp-json\/wp\/v2\/pages\/64","targetHints":{"allow":["GET"]}}],"collection":[{"href":"https:\/\/diamantaire-paris.com\/el\/wp-json\/wp\/v2\/pages"}],"about":[{"href":"https:\/\/diamantaire-paris.com\/el\/wp-json\/wp\/v2\/types\/page"}],"author":[{"embeddable":true,"href":"https:\/\/diamantaire-paris.com\/el\/wp-json\/wp\/v2\/users\/1"}],"replies":[{"embeddable":true,"href":"https:\/\/diamantaire-paris.com\/el\/wp-json\/wp\/v2\/comments?post=64"}],"version-history":[{"count":10,"href":"https:\/\/diamantaire-paris.com\/el\/wp-json\/wp\/v2\/pages\/64\/revisions"}],"predecessor-version":[{"id":16685,"href":"https:\/\/diamantaire-paris.com\/el\/wp-json\/wp\/v2\/pages\/64\/revisions\/16685"}],"up":[{"embeddable":true,"href":"https:\/\/diamantaire-paris.com\/el\/wp-json\/wp\/v2\/pages\/4057"}],"wp:featuredmedia":[{"embeddable":true,"href":"https:\/\/diamantaire-paris.com\/el\/wp-json\/wp\/v2\/media\/3334"}],"wp:attachment":[{"href":"https:\/\/diamantaire-paris.com\/el\/wp-json\/wp\/v2\/media?parent=64"}],"curies":[{"name":"wp","href":"https:\/\/api.w.org\/{rel}","templated":true}]}}