{"id":11917,"date":"2023-12-28T12:43:50","date_gmt":"2023-12-28T11:43:50","guid":{"rendered":"https:\/\/diamantaire-paris.com\/?page_id=11917"},"modified":"2024-04-02T16:46:08","modified_gmt":"2024-04-02T14:46:08","slug":"guide-pratique-pour-lachat-dun-diamant-gia-avant-un-mariage","status":"publish","type":"page","link":"https:\/\/diamantaire-paris.com\/de\/guide-pratique-pour-lachat-dun-diamant-gia-avant-un-mariage\/","title":{"rendered":"Guide Pratique pour l&rsquo;Achat d&rsquo;un Diamant GIA Avant un Mariage"},"content":{"rendered":"\t\t<div data-elementor-type=\"wp-page\" data-elementor-id=\"11917\" class=\"elementor elementor-11917\" data-elementor-post-type=\"page\">\n\t\t\t\t\t\t<section class=\"elementor-section elementor-top-section elementor-element elementor-element-1f62caa elementor-section-boxed elementor-section-height-default elementor-section-height-default\" data-id=\"1f62caa\" data-element_type=\"section\" data-e-type=\"section\">\n\t\t\t\t\t\t<div class=\"elementor-container elementor-column-gap-default\">\n\t\t\t\t\t<div class=\"elementor-column elementor-col-100 elementor-top-column elementor-element elementor-element-5e0f74fa\" data-id=\"5e0f74fa\" data-element_type=\"column\" data-e-type=\"column\">\n\t\t\t<div class=\"elementor-widget-wrap elementor-element-populated\">\n\t\t\t\t\t\t<div class=\"elementor-element elementor-element-73acc0b elementor-widget elementor-widget-shortcode\" data-id=\"73acc0b\" data-element_type=\"widget\" data-e-type=\"widget\" data-widget_type=\"shortcode.default\">\n\t\t\t\t<div class=\"elementor-widget-container\">\n\t\t\t\t\t\t\t<div class=\"elementor-shortcode\"><nav aria-label=\"breadcrumbs\" class=\"rank-math-breadcrumb\"><p><span class=\"last\">Diamantaires Paris<\/span><\/p><\/nav><\/div>\n\t\t\t\t\t\t<\/div>\n\t\t\t\t<\/div>\n\t\t\t\t<div class=\"elementor-element elementor-element-2347be7 elementor-widget elementor-widget-text-editor\" data-id=\"2347be7\" data-element_type=\"widget\" data-e-type=\"widget\" data-widget_type=\"text-editor.default\">\n\t\t\t\t<div class=\"elementor-widget-container\">\n\t\t\t\t\t\t\t\t\tL&rsquo;achat d&rsquo;un diamant pour une bague de fian\u00e7ailles est un moment cl\u00e9 dans la pr\u00e9paration d&rsquo;un mariage. Un diamant certifi\u00e9 par le <a href=\"https:\/\/diamantaire-paris.com\/estimer-un-diamant-gia\/\">Gemological Institute of America (GIA)<\/a> est souvent consid\u00e9r\u00e9 comme la r\u00e9f\u00e9rence en mati\u00e8re de qualit\u00e9 et d&rsquo;authenticit\u00e9. Mais comment s&rsquo;assurer de faire le bon choix ? Suivez notre guide pour acheter en toute confiance le diamant parfait pour votre grand jour.\r\n\r\n<strong>1. Comprendre les 4C :<\/strong> Les 4C &#8211; Carat, Clarity (puret\u00e9), Color (couleur), et Cut (taille) &#8211; sont les crit\u00e8res essentiels pour \u00e9valuer un diamant.\r\n<ul>\r\n \t<li><strong>Carat<\/strong> : <a href=\"https:\/\/diamantaire-paris.com\/estimer-un-diamant-gia\/obtenir-poids-diamant\/\">Le poids du diamant<\/a> affecte directement sa valeur. Mais un plus gros diamant n&rsquo;est pas toujours synonyme de meilleur choix. \u00c9quilibrez le carat avec les autres C.<\/li>\r\n \t<li><strong>Clarity<\/strong> : Les diamants avec moins d&rsquo;inclusions (imperfections internes) et de blemishes (imperfections externes) sont plus rares et donc plus pr\u00e9cieux.<\/li>\r\n \t<li><strong>Color<\/strong> : <a href=\"https:\/\/diamantaire-paris.com\/estimer-un-diamant-gia\/guide-couleur-diamant\/\">La couleur<\/a> est \u00e9valu\u00e9e sur une \u00e9chelle allant de D (incolore) \u00e0 Z (jaune p\u00e2le). Les diamants incolores sont les plus recherch\u00e9s.<\/li>\r\n \t<li><strong>Cut<\/strong> : La taille influence la fa\u00e7on dont le diamant refl\u00e8te la lumi\u00e8re. Un bon taillage maximise l&rsquo;\u00e9clat du diamant.<\/li>\r\n<\/ul>\r\n<strong>2. Pr\u00e9f\u00e9rer un Diamant Certifi\u00e9 GIA :<\/strong> Le GIA est l&rsquo;autorit\u00e9 mondiale en mati\u00e8re de certification de diamants. Un diamant avec un certificat GIA vous garantit une \u00e9valuation pr\u00e9cise et fiable des 4C. Ce certificat est un gage de qualit\u00e9 et d&rsquo;authenticit\u00e9.\r\n\r\n<strong>3. Fixez un Budget :<\/strong> D\u00e9terminez combien vous \u00eates pr\u00eat \u00e0 investir avant de commencer \u00e0 chercher. Cela vous aidera \u00e0 rester dans les limites de ce que vous pouvez vous permettre tout en recherchant la meilleure qualit\u00e9 possible.\r\n\r\n<strong>4. Choisissez un Joaillier de Confiance :<\/strong> Collaborez avec un joaillier r\u00e9put\u00e9 qui offre des diamants certifi\u00e9s GIA. Un bon joaillier pourra vous guider dans le choix du diamant parfait tout en respectant votre budget.\r\n\r\n<strong>5. Inspectez le Diamant :<\/strong> M\u00eame avec un <a href=\"https:\/\/diamantaire-paris.com\/estimer-un-diamant-gia\/gia\/verifier-certificat-gia\/\">certificat GIA<\/a>, prenez le temps d&rsquo;inspecter le diamant. Si possible, observez-le sous diff\u00e9rents \u00e9clairages et angles.\r\n\r\n<strong>6. Consid\u00e9rez la Monture :<\/strong> La monture doit compl\u00e9ter \u00e0 la fois le diamant et le style de la personne qui le portera. Assurez-vous que la monture met en valeur le diamant et qu&rsquo;elle est de bonne qualit\u00e9.\r\n\r\n<strong>7. Pensez \u00e0 l&rsquo;Avenir :<\/strong> Investir dans un diamant GIA, c&rsquo;est aussi penser \u00e0 long terme. Un diamant de qualit\u00e9 est un h\u00e9ritage qui peut se transmettre de g\u00e9n\u00e9ration en g\u00e9n\u00e9ration.\r\n\r\n<a href=\"https:\/\/diamantaire-paris.com\/acheter-diamant\/\">L&rsquo;achat d&rsquo;un diamant GIA<\/a> avant un mariage est un investissement significatif, tant \u00e9motionnel que financier. Prenez le temps de faire des recherches, de poser des questions, et de choisir avec soin. Le bon diamant ne sera pas seulement un symbole de votre amour, mais aussi un souvenir durable de votre engagement.\r\n\r\nBonus : D\u00e9couvrez notre partenaire pour la <a href=\"https:\/\/www.weddingo.ro\/\" target=\"_blank\" rel=\"noopener\">planification de votre marriage.<\/a>\t\t\t\t\t\t\t\t<\/div>\n\t\t\t\t<\/div>\n\t\t\t\t<div class=\"elementor-element elementor-element-06d9fc2 elementor-widget elementor-widget-accordion\" data-id=\"06d9fc2\" data-element_type=\"widget\" data-e-type=\"widget\" data-widget_type=\"accordion.default\">\n\t\t\t\t<div class=\"elementor-widget-container\">\n\t\t\t\t\t\t\t<div class=\"elementor-accordion\">\n\t\t\t\t\t\t\t<div class=\"elementor-accordion-item\">\n\t\t\t\t\t<div id=\"elementor-tab-title-7181\" class=\"elementor-tab-title\" data-tab=\"1\" role=\"button\" aria-controls=\"elementor-tab-content-7181\" aria-expanded=\"false\">\n\t\t\t\t\t\t\t\t\t\t\t\t\t<span class=\"elementor-accordion-icon elementor-accordion-icon-left\" aria-hidden=\"true\">\n\t\t\t\t\t\t\t\t\t\t\t\t\t\t\t<span class=\"elementor-accordion-icon-closed\"><i class=\"fas fa-plus\"><\/i><\/span>\n\t\t\t\t\t\t\t\t<span class=\"elementor-accordion-icon-opened\"><i class=\"fas fa-minus\"><\/i><\/span>\n\t\t\t\t\t\t\t\t\t\t\t\t\t\t<\/span>\n\t\t\t\t\t\t\t\t\t\t\t\t<a class=\"elementor-accordion-title\" tabindex=\"0\">Comment choisir le diamant parfait pour une bague de fian\u00e7ailles ?<\/a>\n\t\t\t\t\t<\/div>\n\t\t\t\t\t<div id=\"elementor-tab-content-7181\" class=\"elementor-tab-content elementor-clearfix\" data-tab=\"1\" role=\"region\" aria-labelledby=\"elementor-tab-title-7181\"><p>Pour choisir le diamant id\u00e9al, consid\u00e9rez les 4C : Carat (poids), Clarity (puret\u00e9), Color (couleur), et Cut (taille). \u00c9quilibrez ces crit\u00e8res pour trouver un diamant qui correspond \u00e0 vos pr\u00e9f\u00e9rences et \u00e0 votre budget. Il est \u00e9galement recommand\u00e9 de choisir un diamant certifi\u00e9 par le Gemological Institute of America (GIA) pour garantir sa qualit\u00e9 et son authenticit\u00e9.<\/p><\/div>\n\t\t\t\t<\/div>\n\t\t\t\t\t\t\t<div class=\"elementor-accordion-item\">\n\t\t\t\t\t<div id=\"elementor-tab-title-7182\" class=\"elementor-tab-title\" data-tab=\"2\" role=\"button\" aria-controls=\"elementor-tab-content-7182\" aria-expanded=\"false\">\n\t\t\t\t\t\t\t\t\t\t\t\t\t<span class=\"elementor-accordion-icon elementor-accordion-icon-left\" aria-hidden=\"true\">\n\t\t\t\t\t\t\t\t\t\t\t\t\t\t\t<span class=\"elementor-accordion-icon-closed\"><i class=\"fas fa-plus\"><\/i><\/span>\n\t\t\t\t\t\t\t\t<span class=\"elementor-accordion-icon-opened\"><i class=\"fas fa-minus\"><\/i><\/span>\n\t\t\t\t\t\t\t\t\t\t\t\t\t\t<\/span>\n\t\t\t\t\t\t\t\t\t\t\t\t<a class=\"elementor-accordion-title\" tabindex=\"0\">Est-il possible d'obtenir une expertise gratuite et confidentielle de mon bijou chez Diamantaire Paris OG ?<\/a>\n\t\t\t\t\t<\/div>\n\t\t\t\t\t<div id=\"elementor-tab-content-7182\" class=\"elementor-tab-content elementor-clearfix\" data-tab=\"2\" role=\"region\" aria-labelledby=\"elementor-tab-title-7182\"><p>Oui, Diamantaire Paris OG offre une expertise gratuite et confidentielle de vos bijoux. Vous pouvez soit vous rendre directement au 43 rue Beaubourg 75003 Paris, soit envoyer une pr\u00e9-expertise par email \u00e0 <a target=\"_new\">achat@diamantaire-paris.com<\/a>. Cependant, une visite en personne est recommand\u00e9e pour une \u00e9valuation plus pr\u00e9cise.<\/p><\/div>\n\t\t\t\t<\/div>\n\t\t\t\t\t\t\t<div class=\"elementor-accordion-item\">\n\t\t\t\t\t<div id=\"elementor-tab-title-7183\" class=\"elementor-tab-title\" data-tab=\"3\" role=\"button\" aria-controls=\"elementor-tab-content-7183\" aria-expanded=\"false\">\n\t\t\t\t\t\t\t\t\t\t\t\t\t<span class=\"elementor-accordion-icon elementor-accordion-icon-left\" aria-hidden=\"true\">\n\t\t\t\t\t\t\t\t\t\t\t\t\t\t\t<span class=\"elementor-accordion-icon-closed\"><i class=\"fas fa-plus\"><\/i><\/span>\n\t\t\t\t\t\t\t\t<span class=\"elementor-accordion-icon-opened\"><i class=\"fas fa-minus\"><\/i><\/span>\n\t\t\t\t\t\t\t\t\t\t\t\t\t\t<\/span>\n\t\t\t\t\t\t\t\t\t\t\t\t<a class=\"elementor-accordion-title\" tabindex=\"0\">Quelle est la politique de Diamantaire Paris OG concernant les offres de rachat de bijoux ?<\/a>\n\t\t\t\t\t<\/div>\n\t\t\t\t\t<div id=\"elementor-tab-content-7183\" class=\"elementor-tab-content elementor-clearfix\" data-tab=\"3\" role=\"region\" aria-labelledby=\"elementor-tab-title-7183\"><p>Diamantaire Paris OG propose les meilleures offres de rachat du march\u00e9. Si vous avez une offre de rachat concurrente, ils s&rsquo;engagent non seulement \u00e0 s&rsquo;aligner sur cette offre, mais aussi \u00e0 la surpasser, garantissant ainsi la meilleure valeur pour vos bijoux.<\/p><\/div>\n\t\t\t\t<\/div>\n\t\t\t\t\t\t\t<div class=\"elementor-accordion-item\">\n\t\t\t\t\t<div id=\"elementor-tab-title-7184\" class=\"elementor-tab-title\" data-tab=\"4\" role=\"button\" aria-controls=\"elementor-tab-content-7184\" aria-expanded=\"false\">\n\t\t\t\t\t\t\t\t\t\t\t\t\t<span class=\"elementor-accordion-icon elementor-accordion-icon-left\" aria-hidden=\"true\">\n\t\t\t\t\t\t\t\t\t\t\t\t\t\t\t<span class=\"elementor-accordion-icon-closed\"><i class=\"fas fa-plus\"><\/i><\/span>\n\t\t\t\t\t\t\t\t<span class=\"elementor-accordion-icon-opened\"><i class=\"fas fa-minus\"><\/i><\/span>\n\t\t\t\t\t\t\t\t\t\t\t\t\t\t<\/span>\n\t\t\t\t\t\t\t\t\t\t\t\t<a class=\"elementor-accordion-title\" tabindex=\"0\">Diamantaire Paris OG vend-il des bijoux anciens et des diamants ?<\/a>\n\t\t\t\t\t<\/div>\n\t\t\t\t\t<div id=\"elementor-tab-content-7184\" class=\"elementor-tab-content elementor-clearfix\" data-tab=\"4\" role=\"region\" aria-labelledby=\"elementor-tab-title-7184\"><p>Oui, Diamantaire Paris OG dispose d&rsquo;un catalogue de bijoux anciens et de diamants \u00e0 vendre. Leur collection comprend des pi\u00e8ces rares et de haute qualit\u00e9, toutes soigneusement s\u00e9lectionn\u00e9es pour leur excellence et leur \u00e9clat.<\/p><\/div>\n\t\t\t\t<\/div>\n\t\t\t\t\t\t\t<div class=\"elementor-accordion-item\">\n\t\t\t\t\t<div id=\"elementor-tab-title-7185\" class=\"elementor-tab-title\" data-tab=\"5\" role=\"button\" aria-controls=\"elementor-tab-content-7185\" aria-expanded=\"false\">\n\t\t\t\t\t\t\t\t\t\t\t\t\t<span class=\"elementor-accordion-icon elementor-accordion-icon-left\" aria-hidden=\"true\">\n\t\t\t\t\t\t\t\t\t\t\t\t\t\t\t<span class=\"elementor-accordion-icon-closed\"><i class=\"fas fa-plus\"><\/i><\/span>\n\t\t\t\t\t\t\t\t<span class=\"elementor-accordion-icon-opened\"><i class=\"fas fa-minus\"><\/i><\/span>\n\t\t\t\t\t\t\t\t\t\t\t\t\t\t<\/span>\n\t\t\t\t\t\t\t\t\t\t\t\t<a class=\"elementor-accordion-title\" tabindex=\"0\">Quels sont les horaires d'ouverture de Diamantaire Paris OG et comment les contacter ?<\/a>\n\t\t\t\t\t<\/div>\n\t\t\t\t\t<div id=\"elementor-tab-content-7185\" class=\"elementor-tab-content elementor-clearfix\" data-tab=\"5\" role=\"region\" aria-labelledby=\"elementor-tab-title-7185\"><div class=\"flex-1 overflow-hidden\"><div class=\"react-scroll-to-bottom--css-pkyug-79elbk h-full\"><div class=\"react-scroll-to-bottom--css-pkyug-1n7m0yu\"><div class=\"flex flex-col pb-9 text-sm\"><div class=\"w-full text-token-text-primary\" data-testid=\"conversation-turn-6\"><div class=\"px-4 py-2 justify-center text-base md:gap-6 m-auto\"><div class=\"flex flex-1 text-base mx-auto gap-3 md:px-5 lg:px-1 xl:px-5 md:max-w-3xl lg:max-w-[40rem] xl:max-w-[48rem] group final-completion\"><div class=\"relative flex w-full flex-col agent-turn\"><div class=\"flex-col gap-1 md:gap-3\"><div class=\"flex flex-grow flex-col max-w-full\"><div class=\"min-h-[20px] text-message flex flex-col items-start gap-3 whitespace-pre-wrap break-words [.text-message+&amp;]:mt-5 overflow-x-auto\" data-message-author-role=\"assistant\" data-message-id=\"a799dbca-7e7b-466e-a396-2d6136edba5e\"><div class=\"markdown prose w-full break-words dark:prose-invert dark\"><p>Diamantaire Paris OG est ouvert du lundi au vendredi de 10h \u00e0 13h et de 14h \u00e0 19h. Vous pouvez les contacter par t\u00e9l\u00e9phone au 01 48 87 23 37 ou par email \u00e0 <a target=\"_new\">achat@diamantaire-paris.com<\/a>. Leur boutique est situ\u00e9e au 43 Rue Beaubourg, 75003 Paris, \u00e0 proximit\u00e9 du m\u00e9tro R\u00e9aumur &#8211; S\u00e9bastopol.<\/p><\/div><\/div><\/div><\/div><\/div><\/div><\/div><\/div><\/div><\/div><\/div><\/div><\/div>\n\t\t\t\t<\/div>\n\t\t\t\t\t\t\t\t\t\t<script type=\"application\/ld+json\">{\"@context\":\"https:\\\/\\\/schema.org\",\"@type\":\"FAQPage\",\"mainEntity\":[{\"@type\":\"Question\",\"name\":\"Comment choisir le diamant parfait pour une bague de fian\\u00e7ailles ?\",\"acceptedAnswer\":{\"@type\":\"Answer\",\"text\":\"<p>Pour choisir le diamant id\\u00e9al, consid\\u00e9rez les 4C : Carat (poids), Clarity (puret\\u00e9), Color (couleur), et Cut (taille). \\u00c9quilibrez ces crit\\u00e8res pour trouver un diamant qui correspond \\u00e0 vos pr\\u00e9f\\u00e9rences et \\u00e0 votre budget. Il est \\u00e9galement recommand\\u00e9 de choisir un diamant certifi\\u00e9 par le Gemological Institute of America (GIA) pour garantir sa qualit\\u00e9 et son authenticit\\u00e9.<\\\/p>\"}},{\"@type\":\"Question\",\"name\":\"Est-il possible d'obtenir une expertise gratuite et confidentielle de mon bijou chez Diamantaire Paris OG ?\",\"acceptedAnswer\":{\"@type\":\"Answer\",\"text\":\"<p>Oui, Diamantaire Paris OG offre une expertise gratuite et confidentielle de vos bijoux. Vous pouvez soit vous rendre directement au 43 rue Beaubourg 75003 Paris, soit envoyer une pr\\u00e9-expertise par email \\u00e0 <a target=\\\"_new\\\">achat@diamantaire-paris.com<\\\/a>. Cependant, une visite en personne est recommand\\u00e9e pour une \\u00e9valuation plus pr\\u00e9cise.<\\\/p>\"}},{\"@type\":\"Question\",\"name\":\"Quelle est la politique de Diamantaire Paris OG concernant les offres de rachat de bijoux ?\",\"acceptedAnswer\":{\"@type\":\"Answer\",\"text\":\"<p>Diamantaire Paris OG propose les meilleures offres de rachat du march\\u00e9. Si vous avez une offre de rachat concurrente, ils s&rsquo;engagent non seulement \\u00e0 s&rsquo;aligner sur cette offre, mais aussi \\u00e0 la surpasser, garantissant ainsi la meilleure valeur pour vos bijoux.<\\\/p>\"}},{\"@type\":\"Question\",\"name\":\"Diamantaire Paris OG vend-il des bijoux anciens et des diamants ?\",\"acceptedAnswer\":{\"@type\":\"Answer\",\"text\":\"<p>Oui, Diamantaire Paris OG dispose d&rsquo;un catalogue de bijoux anciens et de diamants \\u00e0 vendre. Leur collection comprend des pi\\u00e8ces rares et de haute qualit\\u00e9, toutes soigneusement s\\u00e9lectionn\\u00e9es pour leur excellence et leur \\u00e9clat.<\\\/p>\"}},{\"@type\":\"Question\",\"name\":\"Quels sont les horaires d'ouverture de Diamantaire Paris OG et comment les contacter ?\",\"acceptedAnswer\":{\"@type\":\"Answer\",\"text\":\"<div class=\\\"flex-1 overflow-hidden\\\"><div class=\\\"react-scroll-to-bottom--css-pkyug-79elbk h-full\\\"><div class=\\\"react-scroll-to-bottom--css-pkyug-1n7m0yu\\\"><div class=\\\"flex flex-col pb-9 text-sm\\\"><div class=\\\"w-full text-token-text-primary\\\" data-testid=\\\"conversation-turn-6\\\"><div class=\\\"px-4 py-2 justify-center text-base md:gap-6 m-auto\\\"><div class=\\\"flex flex-1 text-base mx-auto gap-3 md:px-5 lg:px-1 xl:px-5 md:max-w-3xl lg:max-w-[40rem] xl:max-w-[48rem] group final-completion\\\"><div class=\\\"relative flex w-full flex-col agent-turn\\\"><div class=\\\"flex-col gap-1 md:gap-3\\\"><div class=\\\"flex flex-grow flex-col max-w-full\\\"><div class=\\\"min-h-[20px] text-message flex flex-col items-start gap-3 whitespace-pre-wrap break-words [.text-message+&amp;]:mt-5 overflow-x-auto\\\" data-message-author-role=\\\"assistant\\\" data-message-id=\\\"a799dbca-7e7b-466e-a396-2d6136edba5e\\\"><div class=\\\"markdown prose w-full break-words dark:prose-invert dark\\\"><p>Diamantaire Paris OG est ouvert du lundi au vendredi de 10h \\u00e0 13h et de 14h \\u00e0 19h. Vous pouvez les contacter par t\\u00e9l\\u00e9phone au 01 48 87 23 37 ou par email \\u00e0 <a target=\\\"_new\\\">achat@diamantaire-paris.com<\\\/a>. Leur boutique est situ\\u00e9e au 43 Rue Beaubourg, 75003 Paris, \\u00e0 proximit\\u00e9 du m\\u00e9tro R\\u00e9aumur &#8211; S\\u00e9bastopol.<\\\/p><\\\/div><\\\/div><\\\/div><\\\/div><\\\/div><\\\/div><\\\/div><\\\/div><\\\/div><\\\/div><\\\/div><\\\/div>\"}}]}<\/script>\n\t\t\t\t\t<\/div>\n\t\t\t\t\t\t<\/div>\n\t\t\t\t<\/div>\n\t\t\t\t<div class=\"elementor-element elementor-element-15539b8 elementor-widget elementor-widget-text-editor\" data-id=\"15539b8\" data-element_type=\"widget\" data-e-type=\"widget\" data-widget_type=\"text-editor.default\">\n\t\t\t\t<div class=\"elementor-widget-container\">\n\t\t\t\t\t\t\t\t\t<p>L&rsquo;achat d&rsquo;un diamant GIA avant un mariage est une d\u00e9cision importante qui symbolise l&rsquo;amour et l&rsquo;engagement. Chez Diamantaires Paris OG, nous comprenons l&rsquo;importance de ce moment et nous sommes l\u00e0 pour vous guider \u00e0 travers chaque \u00e9tape de ce processus. Notre expertise et notre passion pour les diamants nous permettent de vous offrir une s\u00e9lection de diamants d&rsquo;exception, comme ceux disponibles dans notre collection <strong><a href=\"https:\/\/diamantaire-paris.com\/vendre-haute-joaillerie\/van-cleef-arpels\/perlee\/\" target=\"_new\">Van Cleef &amp; Arpels Perlee<\/a><\/strong>, garantissant que chaque diamant est choisi pour sa qualit\u00e9 sup\u00e9rieure et son \u00e9clat incomparable.<\/p><p>Si vous avez h\u00e9rit\u00e9 de bijoux et que vous vous demandez <strong><a href=\"https:\/\/diamantaire-paris.com\/heritage\/que-faire-des-bijoux-de-famille\/\" target=\"_new\">que faire des bijoux h\u00e9rit\u00e9s<\/a><\/strong>, ou si vous cherchez une <strong><a href=\"https:\/\/diamantaire-paris.com\/vendre-un-bien\/alternative-a-sothebys\/\" target=\"_new\">alternative \u00e0 Sothebys pour vendre un bijou<\/a><\/strong>, notre \u00e9quipe d&rsquo;experts est l\u00e0 pour vous fournir des conseils personnalis\u00e9s et des informations d\u00e9taill\u00e9es. Nous comprenons que l&rsquo;achat ou la vente d&rsquo;un diamant est un investissement important, et c&rsquo;est pourquoi nous offrons des services d&rsquo;\u00e9valuation d\u00e9taill\u00e9s, y compris notre <strong><a href=\"https:\/\/diamantaire-paris.com\/heritage\/rachat-diamants\/vendome-expertise\/\" target=\"_new\">expertise de bijou issue de la place Vendome<\/a><\/strong>, pour vous assurer que vous avez toutes les informations n\u00e9cessaires pour prendre une d\u00e9cision \u00e9clair\u00e9e.<\/p><p>Chez Diamantaires Paris OG, chaque client est trait\u00e9 avec le plus grand respect et chaque diamant est s\u00e9lectionn\u00e9 avec soin pour garantir la satisfaction totale. Si vous souhaitez en savoir plus sur nos services ou si vous avez des questions sp\u00e9cifiques, n&rsquo;h\u00e9sitez pas \u00e0 visiter <strong><a href=\"https:\/\/diamantaire-paris.com\/\" target=\"_new\">notre page d&rsquo;accueil<\/a><\/strong>. Notre \u00e9quipe est d\u00e9di\u00e9e \u00e0 vous offrir une exp\u00e9rience d&rsquo;achat de diamants in\u00e9gal\u00e9e, en vous garantissant qualit\u00e9, transparence et confiance. Visitez notre bijouterie \u00e0 Paris pour d\u00e9couvrir notre collection exceptionnelle de diamants et pour commencer votre voyage dans le monde fascinant de la haute joaillerie avec Diamantaires Paris OG.<\/p>\t\t\t\t\t\t\t\t<\/div>\n\t\t\t\t<\/div>\n\t\t\t\t\t<\/div>\n\t\t<\/div>\n\t\t\t\t\t<\/div>\n\t\t<\/section>\n\t\t\t\t<section class=\"elementor-section elementor-top-section elementor-element elementor-element-c97ffae elementor-section-boxed elementor-section-height-default elementor-section-height-default\" data-id=\"c97ffae\" data-element_type=\"section\" data-e-type=\"section\">\n\t\t\t\t\t\t<div class=\"elementor-container elementor-column-gap-default\">\n\t\t\t\t\t<div class=\"elementor-column elementor-col-100 elementor-top-column elementor-element elementor-element-29ef45d\" data-id=\"29ef45d\" data-element_type=\"column\" data-e-type=\"column\">\n\t\t\t<div class=\"elementor-widget-wrap elementor-element-populated\">\n\t\t\t\t\t\t<div class=\"elementor-element elementor-element-617fca9 elementor-widget elementor-widget-text-editor\" data-id=\"617fca9\" data-element_type=\"widget\" data-e-type=\"widget\" data-widget_type=\"text-editor.default\">\n\t\t\t\t<div class=\"elementor-widget-container\">\n\t\t\t\t\t\t\t\t\t<p>L&rsquo;achat d&rsquo;un diamant GIA (Gemological Institute of America) avant un mariage est une d\u00e9cision importante qui symbolise l&rsquo;amour et l&rsquo;engagement. Chez Diamantaires Paris OG, l&rsquo;accent est mis sur l&rsquo;importance de comprendre les 4C \u2013 Carat, Clarity (puret\u00e9), Color (couleur), et Cut (taille) \u2013 pour \u00e9valuer un diamant de fa\u00e7on ad\u00e9quate. Chaque aspect a une influence significative sur la qualit\u00e9 et la valeur du diamant. Par exemple, le poids du diamant (Carat) affecte directement sa valeur, mais un diamant plus gros n&rsquo;est pas n\u00e9cessairement le meilleur choix. La puret\u00e9 (Clarity) et la couleur (Color) sont aussi cruciales ; les diamants avec moins d\u2019inclusions et de couleur plus proche de l&rsquo;incolore sont plus pr\u00e9cieux. La taille (Cut) d\u00e9termine la brillance et l&rsquo;\u00e9clat du diamant.<\/p><p>Diamantaires Paris OG recommande fortement l&rsquo;achat de diamants certifi\u00e9s par le GIA, gage d&rsquo;une \u00e9valuation pr\u00e9cise et fiable. Un budget doit \u00eatre fix\u00e9 au pr\u00e9alable pour faciliter la recherche tout en garantissant la meilleure qualit\u00e9 possible. Collaborer avec un joaillier de confiance est essentiel, et Diamantaires Paris OG se positionne comme un partenaire expert pour guider dans le choix du diamant id\u00e9al tout en respectant le budget. Il est important d&rsquo;inspecter le diamant en personne, de pr\u00e9f\u00e9rence sous diff\u00e9rents \u00e9clairages et angles, et de consid\u00e9rer la monture qui compl\u00e8te \u00e0 la fois le diamant et le style de la personne qui le portera.<\/p><p>Investir dans un diamant GIA c\u2019est aussi penser \u00e0 long terme, car un diamant de qualit\u00e9 est un h\u00e9ritage pouvant se transmettre de g\u00e9n\u00e9ration en g\u00e9n\u00e9ration. Diamantaires Paris OG s&rsquo;engage \u00e0 offrir une exp\u00e9rience d&rsquo;achat de diamants in\u00e9gal\u00e9e, en garantissant qualit\u00e9, transparence et confiance. Pour ceux qui souhaitent explorer davantage, Diamantaires Paris OG propose une vari\u00e9t\u00e9 d&rsquo;options telles que l&rsquo;<a href=\"https:\/\/diamantaire-paris.com\/acheter-diamant\/alliance-americaine-or-blanc-et-diamants-3cts-390-grs\/\" target=\"_new\">Alliance am\u00e9ricaine en or blanc et diamants 3cts<\/a>, le <a href=\"https:\/\/diamantaire-paris.com\/acheter-diamant\/solitaire-or-gris-et-diamant-0-70cts\/\" target=\"_new\">Solitaire en or gris et diamant de 0,70cts<\/a>, et le <a href=\"https:\/\/diamantaire-paris.com\/acheter-diamant\/solitaire-or-gris-serti-dun-diamant-env-0-75-cts-2-20grs\/\" target=\"_new\">Solitaire en or gris serti d&rsquo;un diamant d&rsquo;environ 0,75cts<\/a>. La boutique est situ\u00e9e au 43 Rue Beaubourg, 75003 Paris, et elle est ouverte du lundi au vendredi pour r\u00e9pondre \u00e0 toutes les questions concernant l&rsquo;achat de diamants.<\/p>\t\t\t\t\t\t\t\t<\/div>\n\t\t\t\t<\/div>\n\t\t\t\t\t<\/div>\n\t\t<\/div>\n\t\t\t\t\t<\/div>\n\t\t<\/section>\n\t\t\t\t<\/div>\n\t\t","protected":false},"excerpt":{"rendered":"<p>L&rsquo;achat d&rsquo;un diamant pour une bague de fian\u00e7ailles est un moment cl\u00e9 dans la pr\u00e9paration d&rsquo;un mariage. Un diamant certifi\u00e9 par le Gemological Institute of America (GIA) est souvent consid\u00e9r\u00e9 comme la r\u00e9f\u00e9rence en mati\u00e8re de qualit\u00e9 et d&rsquo;authenticit\u00e9. Mais comment s&rsquo;assurer de faire le bon choix ? Suivez notre guide pour acheter en toute [&hellip;]<\/p>\n","protected":false},"author":1,"featured_media":0,"parent":0,"menu_order":0,"comment_status":"closed","ping_status":"closed","template":"","meta":{"content-type":"","footnotes":""},"class_list":["post-11917","page","type-page","status-publish","hentry"],"_links":{"self":[{"href":"https:\/\/diamantaire-paris.com\/de\/wp-json\/wp\/v2\/pages\/11917","targetHints":{"allow":["GET"]}}],"collection":[{"href":"https:\/\/diamantaire-paris.com\/de\/wp-json\/wp\/v2\/pages"}],"about":[{"href":"https:\/\/diamantaire-paris.com\/de\/wp-json\/wp\/v2\/types\/page"}],"author":[{"embeddable":true,"href":"https:\/\/diamantaire-paris.com\/de\/wp-json\/wp\/v2\/users\/1"}],"replies":[{"embeddable":true,"href":"https:\/\/diamantaire-paris.com\/de\/wp-json\/wp\/v2\/comments?post=11917"}],"version-history":[{"count":10,"href":"https:\/\/diamantaire-paris.com\/de\/wp-json\/wp\/v2\/pages\/11917\/revisions"}],"predecessor-version":[{"id":17255,"href":"https:\/\/diamantaire-paris.com\/de\/wp-json\/wp\/v2\/pages\/11917\/revisions\/17255"}],"wp:attachment":[{"href":"https:\/\/diamantaire-paris.com\/de\/wp-json\/wp\/v2\/media?parent=11917"}],"curies":[{"name":"wp","href":"https:\/\/api.w.org\/{rel}","templated":true}]}}