{"id":8008,"date":"2021-09-13T16:46:57","date_gmt":"2021-09-13T14:46:57","guid":{"rendered":"https:\/\/diamantaire-paris.com\/?page_id=8008"},"modified":"2024-03-07T10:25:11","modified_gmt":"2024-03-07T09:25:11","slug":"laboratoires-gemmologie-france","status":"publish","type":"page","link":"https:\/\/diamantaire-paris.com\/da\/estimer-un-diamant-gia\/laboratoire-francais-gemmologie\/laboratoires-gemmologie-france\/","title":{"rendered":"Hvilke gemmologiske laboratorier findes der i Frankrig?"},"content":{"rendered":"\t\t<div data-elementor-type=\"wp-page\" data-elementor-id=\"8008\" class=\"elementor elementor-8008\" data-elementor-post-type=\"page\">\n\t\t\t\t\t\t<section class=\"elementor-section elementor-top-section elementor-element elementor-element-e0cc0a3 elementor-section-boxed elementor-section-height-default elementor-section-height-default\" data-id=\"e0cc0a3\" data-element_type=\"section\" data-e-type=\"section\">\n\t\t\t\t\t\t<div class=\"elementor-container elementor-column-gap-default\">\n\t\t\t\t\t<div class=\"elementor-column elementor-col-100 elementor-top-column elementor-element elementor-element-5ec8691\" data-id=\"5ec8691\" data-element_type=\"column\" data-e-type=\"column\">\n\t\t\t<div class=\"elementor-widget-wrap elementor-element-populated\">\n\t\t\t\t\t\t<div class=\"elementor-element elementor-element-ea7ac9f elementor-widget elementor-widget-shortcode\" data-id=\"ea7ac9f\" data-element_type=\"widget\" data-e-type=\"widget\" data-widget_type=\"shortcode.default\">\n\t\t\t\t<div class=\"elementor-widget-container\">\n\t\t\t\t\t\t\t<div class=\"elementor-shortcode\"><nav aria-label=\"breadcrumbs\" class=\"rank-math-breadcrumb\"><p><span class=\"last\">Diamantaires Paris<\/span><\/p><\/nav><\/div>\n\t\t\t\t\t\t<\/div>\n\t\t\t\t<\/div>\n\t\t\t\t<div class=\"elementor-element elementor-element-7101b20 elementor-widget elementor-widget-text-editor\" data-id=\"7101b20\" data-element_type=\"widget\" data-e-type=\"widget\" data-widget_type=\"text-editor.default\">\n\t\t\t\t<div class=\"elementor-widget-container\">\n\t\t\t\t\t\t\t\t\t<p><em>Il existe de nombreux laboratoires de gemmologie dans le monde, notamment le laboratoire am\u00e9ricain GIA, le laboratoire belge HRD ou le laboratoire international IGI. En France, on compte deux laboratoires de gemmologie\u00a0 reconnus, le Laboratoire Fran\u00e7ais de Gemmologie (LFG) et le Carat Gem Lab (CGL). <\/em><\/p>\t\t\t\t\t\t\t\t<\/div>\n\t\t\t\t<\/div>\n\t\t\t\t<div class=\"elementor-element elementor-element-3dbff5f elementor-widget elementor-widget-heading\" data-id=\"3dbff5f\" data-element_type=\"widget\" data-e-type=\"widget\" data-widget_type=\"heading.default\">\n\t\t\t\t<div class=\"elementor-widget-container\">\n\t\t\t\t\t<h2 class=\"elementor-heading-title elementor-size-default\">Le Laboratoire Fran\u00e7ais de Gemmologie (LFG)<\/h2>\t\t\t\t<\/div>\n\t\t\t\t<\/div>\n\t\t\t\t<div class=\"elementor-element elementor-element-903c911 elementor-widget elementor-widget-image\" data-id=\"903c911\" data-element_type=\"widget\" data-e-type=\"widget\" data-widget_type=\"image.default\">\n\t\t\t\t<div class=\"elementor-widget-container\">\n\t\t\t\t\t\t\t\t\t\t\t\t\t\t\t<img fetchpriority=\"high\" decoding=\"async\" width=\"405\" height=\"210\" src=\"https:\/\/diamantaire-paris.com\/wp-content\/uploads\/2019\/08\/LGF-DIAMANT-PARIS.png\" class=\"attachment-large size-large wp-image-4295\" alt=\"Le laboratoire de gemmologie de Paris\" srcset=\"https:\/\/diamantaire-paris.com\/wp-content\/uploads\/2019\/08\/LGF-DIAMANT-PARIS.png 405w, https:\/\/diamantaire-paris.com\/wp-content\/uploads\/2019\/08\/LGF-DIAMANT-PARIS-300x156.png 300w\" sizes=\"(max-width: 405px) 100vw, 405px\" title=\"\">\t\t\t\t\t\t\t\t\t\t\t\t\t\t\t<\/div>\n\t\t\t\t<\/div>\n\t\t\t\t<div class=\"elementor-element elementor-element-fd5d714 elementor-widget elementor-widget-text-editor\" data-id=\"fd5d714\" data-element_type=\"widget\" data-e-type=\"widget\" data-widget_type=\"text-editor.default\">\n\t\t\t\t<div class=\"elementor-widget-container\">\n\t\t\t\t\t\t\t\t\t<p><a href=\"https:\/\/diamantaire-paris.com\/estimer-un-diamant-gia\/laboratoire-francais-gemmologie\/\">Le Laboratoire Fran\u00e7ais de Gemmologie<\/a> est le premier laboratoire de gemmologie en France. C\u2019est le plus ancien laboratoire du monde encore en activit\u00e9. Fond\u00e9 en 1929 par la Chambre syndicale du diamant, il est aujourd\u2019hui rattach\u00e9 depuis 2011 \u00e0 l\u2019Union BJOP (l\u2019Union fran\u00e7aise de la bijouterie, joaillerie, orf\u00e8vrerie, des pierres et des perles).<\/p><p>Le LFG propose des analyses de gemmes, diamants, perles et pierres de couleur. Certifi\u00e9 ISO 9001 et dot\u00e9 de la certification \u00e9thique, sociale et environnementale du RJC (<a href=\"https:\/\/responsiblejewellery.com\/\" target=\"_blank\" rel=\"noopener\">Responsible Jewellery Council<\/a>), il est r\u00e9put\u00e9 pour la qualit\u00e9 de ses analyses. C\u2019est en effet le seul laboratoire en France qui propose des analyses fond\u00e9es scientifiquement. Au cours du processus d\u2019analyse des pierres, de nombreux experts interviennent pour garantir l\u2019objectivit\u00e9 et la fiabilit\u00e9 du rapport d\u2019analyse. L\u2019analyse des gemmes d\u00e9bouche sur l\u2019\u00e9tablissement d\u2019un rapport d\u2019authenticit\u00e9 reconnu dans le monde entier, ainsi qu\u2019un rapport d\u2019identification. Le LFG \u00e9dite d\u2019ailleurs plus de 5\u00a0000 rapports d\u2019analyse par an\u00a0!<\/p><p>Il faut \u00e9galement savoir qu\u2019en tant que laboratoire de gemmologie le plus ancien du monde, le LFG dispose d\u2019une impressionnante gemmoth\u00e8que qui lui permet de renforcer encore la fiabilit\u00e9 de ses analyses, ainsi que d\u2019un mat\u00e9riel et des techniques de pointe.<\/p>\t\t\t\t\t\t\t\t<\/div>\n\t\t\t\t<\/div>\n\t\t\t\t<div class=\"elementor-element elementor-element-ef654ba elementor-widget elementor-widget-button\" data-id=\"ef654ba\" data-element_type=\"widget\" data-e-type=\"widget\" data-widget_type=\"button.default\">\n\t\t\t\t<div class=\"elementor-widget-container\">\n\t\t\t\t\t\t\t\t\t<div class=\"elementor-button-wrapper\">\n\t\t\t\t\t<a class=\"elementor-button elementor-button-link elementor-size-sm\" href=\"http:\/\/www.caratgemlab.com\/fr\/\" target=\"_blank\" rel=\"noopener\">\n\t\t\t\t\t\t<span class=\"elementor-button-content-wrapper\">\n\t\t\t\t\t\t<span class=\"elementor-button-icon\">\n\t\t\t\t<i aria-hidden=\"true\" class=\"fas fa-globe-asia\"><\/i>\t\t\t<\/span>\n\t\t\t\t\t\t\t\t\t<span class=\"elementor-button-text\">Voir le site officiel <\/span>\n\t\t\t\t\t<\/span>\n\t\t\t\t\t<\/a>\n\t\t\t\t<\/div>\n\t\t\t\t\t\t\t\t<\/div>\n\t\t\t\t<\/div>\n\t\t\t\t<div class=\"elementor-element elementor-element-81359a3 elementor-widget elementor-widget-button\" data-id=\"81359a3\" data-element_type=\"widget\" data-e-type=\"widget\" data-widget_type=\"button.default\">\n\t\t\t\t<div class=\"elementor-widget-container\">\n\t\t\t\t\t\t\t\t\t<div class=\"elementor-button-wrapper\">\n\t\t\t\t\t<a class=\"elementor-button elementor-button-link elementor-size-sm\" href=\"https:\/\/diamantaire-paris.com\/vendre-un-bien\/\">\n\t\t\t\t\t\t<span class=\"elementor-button-content-wrapper\">\n\t\t\t\t\t\t<span class=\"elementor-button-icon\">\n\t\t\t\t<i aria-hidden=\"true\" class=\"far fa-check-circle\"><\/i>\t\t\t<\/span>\n\t\t\t\t\t\t\t\t\t<span class=\"elementor-button-text\">Expertiser \/ Vendre un diamant<\/span>\n\t\t\t\t\t<\/span>\n\t\t\t\t\t<\/a>\n\t\t\t\t<\/div>\n\t\t\t\t\t\t\t\t<\/div>\n\t\t\t\t<\/div>\n\t\t\t\t<div class=\"elementor-element elementor-element-1f702eb elementor-widget elementor-widget-heading\" data-id=\"1f702eb\" data-element_type=\"widget\" data-e-type=\"widget\" data-widget_type=\"heading.default\">\n\t\t\t\t<div class=\"elementor-widget-container\">\n\t\t\t\t\t<h2 class=\"elementor-heading-title elementor-size-default\">Le Carat Gem Lab (CGL)<\/h2>\t\t\t\t<\/div>\n\t\t\t\t<\/div>\n\t\t\t\t<div class=\"elementor-element elementor-element-25cc64e elementor-widget elementor-widget-image\" data-id=\"25cc64e\" data-element_type=\"widget\" data-e-type=\"widget\" data-widget_type=\"image.default\">\n\t\t\t\t<div class=\"elementor-widget-container\">\n\t\t\t\t\t\t\t\t\t\t\t\t\t\t\t<img decoding=\"async\" width=\"300\" height=\"26\" src=\"https:\/\/diamantaire-paris.com\/wp-content\/uploads\/2021\/09\/Logo-du-Laboratoire-GEM-LAB.png\" class=\"attachment-large size-large wp-image-8017\" alt=\"Logo du Laboratoire GEM LAB\" title=\"\">\t\t\t\t\t\t\t\t\t\t\t\t\t\t\t<\/div>\n\t\t\t\t<\/div>\n\t\t\t\t<div class=\"elementor-element elementor-element-46a6625 elementor-widget elementor-widget-text-editor\" data-id=\"46a6625\" data-element_type=\"widget\" data-e-type=\"widget\" data-widget_type=\"text-editor.default\">\n\t\t\t\t<div class=\"elementor-widget-container\">\n\t\t\t\t\t\t\t\t\t<p>Le Carat Gem Lab est un laboratoire ind\u00e9pendant qui a \u00e9t\u00e9 fond\u00e9 en 2009 par le Dr. Eric Erel, qui a travaill\u00e9 au sein du <a href=\"https:\/\/diamantaire-paris.com\/estimer-un-diamant-gia\/egl\/\">laboratoire de gemmologie EGL<\/a> \u00e0 Vancouver et au sein du laboratoire Gubelin \u00e0 Lucerne en Suisse. <a href=\"https:\/\/diamantaire-paris.com\/estimer-un-diamant-gia\/laboratoire-francais-gemmologie\/\">Comme le LFG<\/a>, le CGL propose l\u2019expertise de diamants et de gemmes, qu\u2019ils soient d\u2019origine naturelle ou synth\u00e9tique. A l\u2019issue de chaque analyse est \u00e9dit\u00e9 un rapport qui peut \u00eatre utile au propri\u00e9taire de la gemme pour l\u2019assurance ou la revente de sa pierre. Les rapports d\u2019analyse \u00e9dit\u00e9s par le CGL sont r\u00e9put\u00e9s pour leur pr\u00e9cision, leurs d\u00e9tails et leur clart\u00e9.<\/p><p>Le Carat Gem Lab exerce \u00e9galement une activit\u00e9 de recherche pour se maintenir \u00e0 la pointe des nouveaut\u00e9s en mati\u00e8re d\u2019expertise gemmologique. Il collabore avec des groupes de recherche internationaux et publie les r\u00e9sultats de ses recherches dans des revues sp\u00e9cialis\u00e9es disponibles en Europe mais aussi aux Etats-Unis et en Asie. Il propose \u00e9galement des formations gemmologiques aux joailliers et \u00e0 leurs employ\u00e9s.<\/p>\t\t\t\t\t\t\t\t<\/div>\n\t\t\t\t<\/div>\n\t\t\t\t<div class=\"elementor-element elementor-element-c696eb4 elementor-widget elementor-widget-button\" data-id=\"c696eb4\" data-element_type=\"widget\" data-e-type=\"widget\" data-widget_type=\"button.default\">\n\t\t\t\t<div class=\"elementor-widget-container\">\n\t\t\t\t\t\t\t\t\t<div class=\"elementor-button-wrapper\">\n\t\t\t\t\t<a class=\"elementor-button elementor-button-link elementor-size-sm\" href=\"http:\/\/www.caratgemlab.com\/fr\/\" target=\"_blank\" rel=\"noopener\">\n\t\t\t\t\t\t<span class=\"elementor-button-content-wrapper\">\n\t\t\t\t\t\t<span class=\"elementor-button-icon\">\n\t\t\t\t<i aria-hidden=\"true\" class=\"fas fa-globe-asia\"><\/i>\t\t\t<\/span>\n\t\t\t\t\t\t\t\t\t<span class=\"elementor-button-text\">Voir le site officiel <\/span>\n\t\t\t\t\t<\/span>\n\t\t\t\t\t<\/a>\n\t\t\t\t<\/div>\n\t\t\t\t\t\t\t\t<\/div>\n\t\t\t\t<\/div>\n\t\t\t\t<div class=\"elementor-element elementor-element-ca5e74d elementor-widget elementor-widget-button\" data-id=\"ca5e74d\" data-element_type=\"widget\" data-e-type=\"widget\" data-widget_type=\"button.default\">\n\t\t\t\t<div class=\"elementor-widget-container\">\n\t\t\t\t\t\t\t\t\t<div class=\"elementor-button-wrapper\">\n\t\t\t\t\t<a class=\"elementor-button elementor-button-link elementor-size-sm\" href=\"https:\/\/diamantaire-paris.com\/vendre-un-bien\/\">\n\t\t\t\t\t\t<span class=\"elementor-button-content-wrapper\">\n\t\t\t\t\t\t<span class=\"elementor-button-icon\">\n\t\t\t\t<i aria-hidden=\"true\" class=\"far fa-check-circle\"><\/i>\t\t\t<\/span>\n\t\t\t\t\t\t\t\t\t<span class=\"elementor-button-text\">Expertiser \/ Vendre un diamant<\/span>\n\t\t\t\t\t<\/span>\n\t\t\t\t\t<\/a>\n\t\t\t\t<\/div>\n\t\t\t\t\t\t\t\t<\/div>\n\t\t\t\t<\/div>\n\t\t\t\t<div class=\"elementor-element elementor-element-9ba7fc4 elementor-cta--skin-classic elementor-animated-content elementor-bg-transform elementor-bg-transform-zoom-in elementor-widget elementor-widget-call-to-action\" data-id=\"9ba7fc4\" data-element_type=\"widget\" data-e-type=\"widget\" data-widget_type=\"call-to-action.default\">\n\t\t\t\t<div class=\"elementor-widget-container\">\n\t\t\t\t\t\t\t<a class=\"elementor-cta\" href=\"tel:0148878144\">\n\t\t\t\t\t\t\t<div class=\"elementor-cta__content\">\n\t\t\t\t\t\t\t\t\t<div class=\"elementor-content-item elementor-cta__content-item elementor-icon-wrapper elementor-cta__icon elementor-view-default\">\n\t\t\t\t\t\t<div class=\"elementor-icon\">\n\t\t\t\t\t\t\t<i aria-hidden=\"true\" class=\"fas fa-phone-alt\"><\/i>\t\t\t\t\t\t<\/div>\n\t\t\t\t\t<\/div>\n\t\t\t\t\n\t\t\t\t\t\t\t\t\t<div class=\"elementor-cta__title elementor-cta__content-item elementor-content-item\">\n\t\t\t\t\t\t01 48 87 81 44\t\t\t\t\t<\/div>\n\t\t\t\t\n\t\t\t\t\t\t\t\t\t<div class=\"elementor-cta__description elementor-cta__content-item elementor-content-item\">\n\t\t\t\t\t\tNotre service client\u00e8le se tient gratuitement \u00e0 votre disposition pour plus d'information sur l'expertise d'un diamant.\t\t\t\t\t<\/div>\n\t\t\t\t\n\t\t\t\t\t\t\t<\/div>\n\t\t\t\t\t\t<\/a>\n\t\t\t\t\t\t<\/div>\n\t\t\t\t<\/div>\n\t\t\t\t<div class=\"elementor-element elementor-element-697b09b elementor-widget elementor-widget-accordion\" data-id=\"697b09b\" data-element_type=\"widget\" data-e-type=\"widget\" data-widget_type=\"accordion.default\">\n\t\t\t\t<div class=\"elementor-widget-container\">\n\t\t\t\t\t\t\t<div class=\"elementor-accordion\">\n\t\t\t\t\t\t\t<div class=\"elementor-accordion-item\">\n\t\t\t\t\t<div id=\"elementor-tab-title-1101\" class=\"elementor-tab-title\" data-tab=\"1\" role=\"button\" aria-controls=\"elementor-tab-content-1101\" aria-expanded=\"false\">\n\t\t\t\t\t\t\t\t\t\t\t\t\t<span class=\"elementor-accordion-icon elementor-accordion-icon-left\" aria-hidden=\"true\">\n\t\t\t\t\t\t\t\t\t\t\t\t\t\t\t<span class=\"elementor-accordion-icon-closed\"><i class=\"fas fa-plus\"><\/i><\/span>\n\t\t\t\t\t\t\t\t<span class=\"elementor-accordion-icon-opened\"><i class=\"fas fa-minus\"><\/i><\/span>\n\t\t\t\t\t\t\t\t\t\t\t\t\t\t<\/span>\n\t\t\t\t\t\t\t\t\t\t\t\t<a class=\"elementor-accordion-title\" tabindex=\"0\">Quels sont les principaux laboratoires de gemmologie en France ?<\/a>\n\t\t\t\t\t<\/div>\n\t\t\t\t\t<div id=\"elementor-tab-content-1101\" class=\"elementor-tab-content elementor-clearfix\" data-tab=\"1\" role=\"region\" aria-labelledby=\"elementor-tab-title-1101\"><p>En France, les deux laboratoires de gemmologie reconnus sont le Laboratoire Fran\u00e7ais de Gemmologie (LFG) et le Carat Gem Lab (CGL).<\/p><\/div>\n\t\t\t\t<\/div>\n\t\t\t\t\t\t\t<div class=\"elementor-accordion-item\">\n\t\t\t\t\t<div id=\"elementor-tab-title-1102\" class=\"elementor-tab-title\" data-tab=\"2\" role=\"button\" aria-controls=\"elementor-tab-content-1102\" aria-expanded=\"false\">\n\t\t\t\t\t\t\t\t\t\t\t\t\t<span class=\"elementor-accordion-icon elementor-accordion-icon-left\" aria-hidden=\"true\">\n\t\t\t\t\t\t\t\t\t\t\t\t\t\t\t<span class=\"elementor-accordion-icon-closed\"><i class=\"fas fa-plus\"><\/i><\/span>\n\t\t\t\t\t\t\t\t<span class=\"elementor-accordion-icon-opened\"><i class=\"fas fa-minus\"><\/i><\/span>\n\t\t\t\t\t\t\t\t\t\t\t\t\t\t<\/span>\n\t\t\t\t\t\t\t\t\t\t\t\t<a class=\"elementor-accordion-title\" tabindex=\"0\">Quelles sont les sp\u00e9cificit\u00e9s du Laboratoire Fran\u00e7ais de Gemmologie (LFG) ?<\/a>\n\t\t\t\t\t<\/div>\n\t\t\t\t\t<div id=\"elementor-tab-content-1102\" class=\"elementor-tab-content elementor-clearfix\" data-tab=\"2\" role=\"region\" aria-labelledby=\"elementor-tab-title-1102\"><p>Fond\u00e9 en 1929, le LFG est le premier et le plus ancien laboratoire de gemmologie en France, offrant des analyses de gemmes, diamants, perles et pierres de couleur. Il est certifi\u00e9 ISO 9001 et RJC, et produit plus de 5 000 rapports d&rsquo;analyse par an.<\/p><\/div>\n\t\t\t\t<\/div>\n\t\t\t\t\t\t\t<div class=\"elementor-accordion-item\">\n\t\t\t\t\t<div id=\"elementor-tab-title-1103\" class=\"elementor-tab-title\" data-tab=\"3\" role=\"button\" aria-controls=\"elementor-tab-content-1103\" aria-expanded=\"false\">\n\t\t\t\t\t\t\t\t\t\t\t\t\t<span class=\"elementor-accordion-icon elementor-accordion-icon-left\" aria-hidden=\"true\">\n\t\t\t\t\t\t\t\t\t\t\t\t\t\t\t<span class=\"elementor-accordion-icon-closed\"><i class=\"fas fa-plus\"><\/i><\/span>\n\t\t\t\t\t\t\t\t<span class=\"elementor-accordion-icon-opened\"><i class=\"fas fa-minus\"><\/i><\/span>\n\t\t\t\t\t\t\t\t\t\t\t\t\t\t<\/span>\n\t\t\t\t\t\t\t\t\t\t\t\t<a class=\"elementor-accordion-title\" tabindex=\"0\">Quels services offre le Carat Gem Lab (CGL) ?<\/a>\n\t\t\t\t\t<\/div>\n\t\t\t\t\t<div id=\"elementor-tab-content-1103\" class=\"elementor-tab-content elementor-clearfix\" data-tab=\"3\" role=\"region\" aria-labelledby=\"elementor-tab-title-1103\"><p>Fond\u00e9 en 2009 par le Dr. Eric Erel, le CGL est un laboratoire ind\u00e9pendant sp\u00e9cialis\u00e9 dans l&rsquo;expertise de diamants et de gemmes, naturels ou synth\u00e9tiques. Il est \u00e9galement impliqu\u00e9 dans la recherche et la formation gemmologique.<\/p><\/div>\n\t\t\t\t<\/div>\n\t\t\t\t\t\t\t<div class=\"elementor-accordion-item\">\n\t\t\t\t\t<div id=\"elementor-tab-title-1104\" class=\"elementor-tab-title\" data-tab=\"4\" role=\"button\" aria-controls=\"elementor-tab-content-1104\" aria-expanded=\"false\">\n\t\t\t\t\t\t\t\t\t\t\t\t\t<span class=\"elementor-accordion-icon elementor-accordion-icon-left\" aria-hidden=\"true\">\n\t\t\t\t\t\t\t\t\t\t\t\t\t\t\t<span class=\"elementor-accordion-icon-closed\"><i class=\"fas fa-plus\"><\/i><\/span>\n\t\t\t\t\t\t\t\t<span class=\"elementor-accordion-icon-opened\"><i class=\"fas fa-minus\"><\/i><\/span>\n\t\t\t\t\t\t\t\t\t\t\t\t\t\t<\/span>\n\t\t\t\t\t\t\t\t\t\t\t\t<a class=\"elementor-accordion-title\" tabindex=\"0\">Comment Diamantaire Paris utilise-t-il ces laboratoires pour ses services ?<\/a>\n\t\t\t\t\t<\/div>\n\t\t\t\t\t<div id=\"elementor-tab-content-1104\" class=\"elementor-tab-content elementor-clearfix\" data-tab=\"4\" role=\"region\" aria-labelledby=\"elementor-tab-title-1104\"><p>Diamantaire Paris s&rsquo;appuie sur l&rsquo;expertise de ces laboratoires pour fournir des \u00e9valuations pr\u00e9cises et transparentes des bijoux, assurant ainsi la meilleure offre de rachat sur le march\u00e9.<\/p><\/div>\n\t\t\t\t<\/div>\n\t\t\t\t\t\t\t<div class=\"elementor-accordion-item\">\n\t\t\t\t\t<div id=\"elementor-tab-title-1105\" class=\"elementor-tab-title\" data-tab=\"5\" role=\"button\" aria-controls=\"elementor-tab-content-1105\" aria-expanded=\"false\">\n\t\t\t\t\t\t\t\t\t\t\t\t\t<span class=\"elementor-accordion-icon elementor-accordion-icon-left\" aria-hidden=\"true\">\n\t\t\t\t\t\t\t\t\t\t\t\t\t\t\t<span class=\"elementor-accordion-icon-closed\"><i class=\"fas fa-plus\"><\/i><\/span>\n\t\t\t\t\t\t\t\t<span class=\"elementor-accordion-icon-opened\"><i class=\"fas fa-minus\"><\/i><\/span>\n\t\t\t\t\t\t\t\t\t\t\t\t\t\t<\/span>\n\t\t\t\t\t\t\t\t\t\t\t\t<a class=\"elementor-accordion-title\" tabindex=\"0\">Est-il possible de se d\u00e9placer pour une expertise chez Diamantaire Paris ?<\/a>\n\t\t\t\t\t<\/div>\n\t\t\t\t\t<div id=\"elementor-tab-content-1105\" class=\"elementor-tab-content elementor-clearfix\" data-tab=\"5\" role=\"region\" aria-labelledby=\"elementor-tab-title-1105\"><p>Oui, il est possible de se rendre au 43 rue Beaubourg 75003 Paris, avec ou sans rendez-vous, pour obtenir une expertise gratuite et confidentielle d&rsquo;un bijou. Une pr\u00e9-expertise peut \u00e9galement \u00eatre envoy\u00e9e par email \u00e0 <a target=\"_new\">achat@diamantaire-paris.com<\/a>.<\/p><\/div>\n\t\t\t\t<\/div>\n\t\t\t\t\t\t\t\t\t\t<script type=\"application\/ld+json\">{\"@context\":\"https:\\\/\\\/schema.org\",\"@type\":\"FAQPage\",\"mainEntity\":[{\"@type\":\"Question\",\"name\":\"Quels sont les principaux laboratoires de gemmologie en France ?\",\"acceptedAnswer\":{\"@type\":\"Answer\",\"text\":\"<p>En France, les deux laboratoires de gemmologie reconnus sont le Laboratoire Fran\\u00e7ais de Gemmologie (LFG) et le Carat Gem Lab (CGL).<\\\/p>\"}},{\"@type\":\"Question\",\"name\":\"Quelles sont les sp\\u00e9cificit\\u00e9s du Laboratoire Fran\\u00e7ais de Gemmologie (LFG) ?\",\"acceptedAnswer\":{\"@type\":\"Answer\",\"text\":\"<p>Fond\\u00e9 en 1929, le LFG est le premier et le plus ancien laboratoire de gemmologie en France, offrant des analyses de gemmes, diamants, perles et pierres de couleur. Il est certifi\\u00e9 ISO 9001 et RJC, et produit plus de 5 000 rapports d&rsquo;analyse par an.<\\\/p>\"}},{\"@type\":\"Question\",\"name\":\"Quels services offre le Carat Gem Lab (CGL) ?\",\"acceptedAnswer\":{\"@type\":\"Answer\",\"text\":\"<p>Fond\\u00e9 en 2009 par le Dr. Eric Erel, le CGL est un laboratoire ind\\u00e9pendant sp\\u00e9cialis\\u00e9 dans l&rsquo;expertise de diamants et de gemmes, naturels ou synth\\u00e9tiques. Il est \\u00e9galement impliqu\\u00e9 dans la recherche et la formation gemmologique.<\\\/p>\"}},{\"@type\":\"Question\",\"name\":\"Comment Diamantaire Paris utilise-t-il ces laboratoires pour ses services ?\",\"acceptedAnswer\":{\"@type\":\"Answer\",\"text\":\"<p>Diamantaire Paris s&rsquo;appuie sur l&rsquo;expertise de ces laboratoires pour fournir des \\u00e9valuations pr\\u00e9cises et transparentes des bijoux, assurant ainsi la meilleure offre de rachat sur le march\\u00e9.<\\\/p>\"}},{\"@type\":\"Question\",\"name\":\"Est-il possible de se d\\u00e9placer pour une expertise chez Diamantaire Paris ?\",\"acceptedAnswer\":{\"@type\":\"Answer\",\"text\":\"<p>Oui, il est possible de se rendre au 43 rue Beaubourg 75003 Paris, avec ou sans rendez-vous, pour obtenir une expertise gratuite et confidentielle d&rsquo;un bijou. Une pr\\u00e9-expertise peut \\u00e9galement \\u00eatre envoy\\u00e9e par email \\u00e0 <a target=\\\"_new\\\">achat@diamantaire-paris.com<\\\/a>.<\\\/p>\"}}]}<\/script>\n\t\t\t\t\t<\/div>\n\t\t\t\t\t\t<\/div>\n\t\t\t\t<\/div>\n\t\t\t\t<div class=\"elementor-element elementor-element-8b9a10e elementor-widget elementor-widget-text-editor\" data-id=\"8b9a10e\" data-element_type=\"widget\" data-e-type=\"widget\" data-widget_type=\"text-editor.default\">\n\t\t\t\t<div class=\"elementor-widget-container\">\n\t\t\t\t\t\t\t\t\t<p>Au c\u0153ur de la capitale de la haute joaillerie, Diamantaire Paris se distingue par son expertise in\u00e9gal\u00e9e dans l&rsquo;\u00e9valuation et la vente de diamants certifi\u00e9s, notamment ceux accompagn\u00e9s d&rsquo;un certificat du <strong>Laboratoire Fran\u00e7ais de Gemmologie<\/strong>. Notre r\u00e9putation repose sur une connaissance approfondie du march\u00e9 et une compr\u00e9hension pr\u00e9cise des crit\u00e8res qui d\u00e9finissent la valeur d&rsquo;un diamant, y compris la puret\u00e9, la couleur, le poids et la forme.<\/p><p>Pour ceux qui cherchent \u00e0 <strong><a href=\"https:\/\/diamantaire-paris.com\/vendre-un-bien\/vendre-alliance-diamant\/\" target=\"_new\">vendre une alliance en diamant<\/a><\/strong> ou toute autre pi\u00e8ce de haute joaillerie, notre \u00e9quipe offre une \u00e9valuation transparente et pr\u00e9cise, garantissant que chaque bijou est vendu \u00e0 sa juste valeur. Nous comprenons l&rsquo;importance de chaque d\u00e9cision d&rsquo;achat ou de vente, c&rsquo;est pourquoi nous offrons \u00e9galement des conseils pour ceux qui cherchent \u00e0 <strong><a href=\"https:\/\/diamantaire-paris.com\/acheter-diamant\/parure-van-cleef-arpels-vintage\/\" target=\"_new\">acheter une parure Van Cleef &amp; Arpels<\/a><\/strong> ou \u00e0 comprendre <strong><a href=\"https:\/\/diamantaire-paris.com\/estimer-un-diamant-gia\/obtenir-poids-diamant\/\" target=\"_new\">comment obtenir le poids d&rsquo;un diamant<\/a><\/strong> lors de l&rsquo;achat d&rsquo;un diamant.<\/p><p>Notre engagement envers l&rsquo;excellence se refl\u00e8te dans notre service client\u00e8le. Pour toute question ou demande, nous vous invitons \u00e0 <strong><a href=\"https:\/\/diamantaire-paris.com\/contact\/\" target=\"_new\">nous contacter<\/a><\/strong>. Notre \u00e9quipe est d\u00e9di\u00e9e \u00e0 fournir une exp\u00e9rience personnalis\u00e9e et r\u00e9pondra \u00e0 toutes vos interrogations, que ce soit pour une estimation gratuite de bijou ou pour discuter des options de vente.<\/p><p>Diamantaire Paris est plus qu&rsquo;une bijouterie ; c&rsquo;est un partenaire de confiance pour tous vos besoins en mati\u00e8re de diamants et de haute joaillerie. Visitez notre <strong><a href=\"https:\/\/diamantaire-paris.com\/heritage\/bijouterie-paris\/\" target=\"_new\">bijouterie \u00e0 Paris<\/a><\/strong> pour d\u00e9couvrir notre collection exquise ou pour b\u00e9n\u00e9ficier de nos services d&rsquo;expertise. Que vous cherchiez \u00e0 vendre, \u00e0 acheter ou simplement \u00e0 explorer le monde fascinant des diamants, nous sommes l\u00e0 pour vous guider \u00e0 chaque \u00e9tape.<\/p>\t\t\t\t\t\t\t\t<\/div>\n\t\t\t\t<\/div>\n\t\t\t\t\t<\/div>\n\t\t<\/div>\n\t\t\t\t\t<\/div>\n\t\t<\/section>\n\t\t\t\t<\/div>\n\t\t","protected":false},"excerpt":{"rendered":"<p>Il existe de nombreux laboratoires de gemmologie dans le monde, notamment le laboratoire am\u00e9ricain GIA, le laboratoire belge HRD ou le laboratoire international IGI. En France, on compte deux laboratoires de gemmologie\u00a0 reconnus, le Laboratoire Fran\u00e7ais de Gemmologie (LFG) et le Carat Gem Lab (CGL). Le Laboratoire Fran\u00e7ais de Gemmologie (LFG) Le Laboratoire Fran\u00e7ais de [&hellip;]<\/p>\n","protected":false},"author":2,"featured_media":8032,"parent":4294,"menu_order":0,"comment_status":"closed","ping_status":"closed","template":"elementor_header_footer","meta":{"content-type":"","footnotes":""},"class_list":["post-8008","page","type-page","status-publish","has-post-thumbnail","hentry"],"_links":{"self":[{"href":"https:\/\/diamantaire-paris.com\/da\/wp-json\/wp\/v2\/pages\/8008","targetHints":{"allow":["GET"]}}],"collection":[{"href":"https:\/\/diamantaire-paris.com\/da\/wp-json\/wp\/v2\/pages"}],"about":[{"href":"https:\/\/diamantaire-paris.com\/da\/wp-json\/wp\/v2\/types\/page"}],"author":[{"embeddable":true,"href":"https:\/\/diamantaire-paris.com\/da\/wp-json\/wp\/v2\/users\/2"}],"replies":[{"embeddable":true,"href":"https:\/\/diamantaire-paris.com\/da\/wp-json\/wp\/v2\/comments?post=8008"}],"version-history":[{"count":10,"href":"https:\/\/diamantaire-paris.com\/da\/wp-json\/wp\/v2\/pages\/8008\/revisions"}],"predecessor-version":[{"id":15522,"href":"https:\/\/diamantaire-paris.com\/da\/wp-json\/wp\/v2\/pages\/8008\/revisions\/15522"}],"up":[{"embeddable":true,"href":"https:\/\/diamantaire-paris.com\/da\/wp-json\/wp\/v2\/pages\/4294"}],"wp:featuredmedia":[{"embeddable":true,"href":"https:\/\/diamantaire-paris.com\/da\/wp-json\/wp\/v2\/media\/8032"}],"wp:attachment":[{"href":"https:\/\/diamantaire-paris.com\/da\/wp-json\/wp\/v2\/media?parent=8008"}],"curies":[{"name":"wp","href":"https:\/\/api.w.org\/{rel}","templated":true}]}}